{"id":15329,"date":"2024-06-27T16:05:52","date_gmt":"2024-06-27T14:05:52","guid":{"rendered":"https:\/\/www.helpery.sk\/konzultacie\/uncategorized\/mudr-radovan-barilla-phd\/"},"modified":"2026-02-09T11:26:51","modified_gmt":"2026-02-09T10:26:51","slug":"mudr-radovan-barilla-phd","status":"publish","type":"product","link":"https:\/\/www.helpery.sk\/en\/konzultacie\/biological-treatment\/mudr-radovan-barilla-phd\/","title":{"rendered":"MUDr. Radovan Barilla, PhD"},"content":{"rendered":"<h5>Professional profile<\/h5>\n<p>MUDr. Radovan Barilla PhD, completed his studies at the Faculty of Medicine in the field of General Medicine in 1992 at P.J. \u0160af\u00e1rik University in Ko\u0161ice. He worked at the \u0160tefana Kukura Hospital in Michalovce since 1992. For more than 10 years, he also worked as the head of the regional Oncology Center in Michalovce and at the same time as the Chief Physician of the World Health Hospital network for the field of Oncology.<\/p>\n<p>In 1995, he obtained a basic certification in the field of Internal Medicine and in 1998 a certification in the specialty field of Clinical (Internal) Oncology. In 2000, in Hamburg, Germany, he successfully completed the European Certificate for administration of antitumor treatment, equivalent to certification in the field of Medical Oncology in Western Europe. Since 2002, he held the position of national representative for the Slovak Republic in the European Oncology Society for the Young Medical Oncolgists category. Since 2004, he has been working as a member of the Working Group for Education of the European Society of Medical Oncology (ESMO), based in Switzerland, and annually participates in the preparation of tests for the European Certificate in the field of Medical Oncology. He has been a member of the American Society of Clinical Oncology (ASCO) since 2002.<\/p>\n<p>He completed short-term professional internships at several important world oncology workplaces connected with teaching (University of Texas-M.D. Anderson Cancer Center, University of Nottingham, Unit of Breast Medical Oncology, Universite Libre, Medical Oncology in Brussels and others). In 2007, at the Faculty of Medicine of the Comenius University in Bratislava, he received a PhD degree in Clinical Oncology in the field of metastatic lung cancer. Since 2011, he has been a member of the Editorial Board of the specialist journal Oncology, which serves as the main source of scientific information for oncologists in Slovakia. During his practice, he published several professional articles in journals (Oncology, Acta Chemotherapeutica, Internal Medicine and others). He regularly actively participates with lectures at national professional events. He was the main clinical investigator of several international Phase III randomized clinical trials. In 2014, he was elected to the Committee of the Slovak Oncology Society. In 2007, he chaired a symposium on advanced kidney cancer for young European oncologists in Lugano, Switzerland. In 2015, he professionally participated at the University of Oxford, UK, in the preparation of European doctors for the Certificate in Medical Oncology. In 2022, he led the section on Lung Cancer, which serves as a preparation for the Certificate in Medical Oncology for European doctors at the ESMO Academy at Trinity College, Dublin. Since 2022, he has been the Scientific Secretary of the Slovak Oncology Society.<\/p>\n<p>He currently works as a consultant for Clinical Oncology at the Ko\u0161ice-\u0160aca Hospital. He deals with the treatment of solid tumors and malignant lymphomas (especially breast, colon, lung, urogenital, gynecological and other cancers). He is not a specialist and does not provide consultations in the field of radiotherapy (irradiation of malignant tumors).<\/p>\n\n<h5>Work experience<\/h5>\n<p class=\"s7\"><span class=\"s5\">Oncology Center, \u0160tefana Kukuru Hospital<\/span> <span class=\"s5\">Michalovce, World of Health<\/span><\/p>\n<p class=\"s7\"><span class=\"s5\">Hospital Ko\u0161ice \u0160aca, Agel<\/span><\/p>\n\n<h5>Education<\/h5>\n<p class=\"s9\"><span class=\"s5\">1995<\/span> <span class=\"s8\"> \u2013 Specialization \u2013 <\/span> <span class=\"s8\">Internal medicine<\/span><\/p>\n<p class=\"s9\"><span class=\"s8\">1998<\/span> <span class=\"s8\"> \u2013 Specialization \u2013 <\/span> <span class=\"s8\">Clinical oncology<\/span><\/p>\n<p><span class=\"s8\">200<\/span><span class=\"s8\">0 \u2013 <\/span> <span class=\"s5\">Certificate in Medical Oncology, European Society of Medical Oncology (ESMO)<\/span><\/p>\n<p class=\"s9\"><span class=\"s8\">1968 \u2013 Pavle Jozef \u0160af\u00e1rik High School, Ro\u017e\u0148ava<\/span><\/p>\n<p class=\"s9\"><span class=\"s8\">1992 \u2013 General Medicine &#8220;<\/span><span class=\"s10\">MUDr<\/span><span class=\"s8\">&#8220;,<\/span> <span class=\"s5\">Faculty of Medicine, University of Pavel Jozef \u0160af\u00e1rik, Ko\u0161ice<\/span><\/p>\n<p class=\"s9\"><span class=\"s8\">200<\/span><span class=\"s8\">7<\/span><span class=\"s8\">\u2013 Scientific title &#8220;<\/span><span class=\"s10\">PhD<\/span><span class=\"s8\">&#8221; \u2013 Topic: <\/span> <span class=\"s11\">Comparison II. generation and III generation chemotherapy regimens in the treatment of metastatic non-small cell lung cancer<\/span><\/p>\n\n<h5>Internship stays<\/h5>\n<p>2022 &#8211; Biomedicum Helsinki &#8211; Center for the Management and Treatment of Obesity, Helsinki, Finland<\/p>\n<p class=\"s12\"><span class=\"s5\">2006 \u2013<\/span>\u200b<span class=\"s5\">Princess Margareth Hospital, Toronto, Canada<\/span><\/p>\n<p class=\"s12\"><span class=\"s5\">2012<\/span><span class=\"s5\"> \u2013 <\/span><span class=\"s5\">Department of Medical Oncology, Universite Libre, Brussel<\/span><span class=\"s5\">, Belgium<\/span><\/p>\n<p class=\"s7\"><span class=\"s5\">20<\/span><span class=\"s5\">14<\/span><span class=\"s5\"> \u2013 <\/span><span class=\"s5\">Clinical Oncology Dept., University Nottingham<\/span><span class=\"s5\">, United Kingdom<\/span><\/p>\n<p class=\"s12\"><span class=\"s5\">20<\/span><span class=\"s5\">17<\/span><span class=\"s5\"> \u2013<\/span> <span class=\"s5\">University of Texas, MD Anderson Cancer Center, Houston<\/span><span class=\"s5\">, USA<\/span><\/p>\n\n<h5>Membership in professional societies and councils<\/h5>\n<p class=\"s7\"><span class=\"s13\">Slovak Medical Society (SLS)<\/span><\/p>\n<p class=\"s7\"><span class=\"s5\">Slovak Medical Chamber (SLK)<\/span><\/p>\n<p class=\"s7\"><span class=\"s13\">S<\/span><span class=\"s13\">lova<\/span><span class=\"s13\">k<\/span> <span class=\"s13\">Oncolog<\/span><span class=\"s13\">y<\/span> <span class=\"s13\">Societ<\/span><span class=\"s13\">y<\/span> <span class=\"s13\">(SOS)<\/span><span class=\"s13\">\u2013<\/span><span class=\"s13\">Scientific Secretary <\/span><\/p>\n<p class=\"s7\"><span class=\"s5\">European Society of Medical Oncology (ESMO, Member of Examination Committee) <\/span><\/p>\n<p class=\"s12\"><span class=\"s5\">American Society of Clinical Oncology (ASCO)<\/span><\/p>\n\n<h5>Membership in editorial boards of magazines<\/h5>\n<p>Member of the editorial board: Oncology<\/p>\n\n<h5>Scientific research activity<\/h5>\n<p class=\"s15\"><span class=\"s8\">Hirsh-Index: <\/span><span class=\"s8\">0<\/span><\/p>\n<p class=\"s15\"><span class=\"s8\">International publications:<\/span> <span class=\"s8\">1<\/span><\/p>\n<p class=\"s15\"><span class=\"s8\"><br \/>\n<\/span><span class=\"s8\">(Pubmed Library, USA; <\/span><span class=\"s8\"><a href=\"https:\/\/pubmed.ncbi.nlm.nih.gov\/34300352\/\" target=\"_blank\" rel=\"noopener\">https:\/\/pubmed.ncbi.nlm.nih.gov\/34300352\/<\/a><\/span><span class=\"s8\">)<\/span><\/p>\n<p class=\"s15\"><span class=\"s8\">Number of citations: <\/span><span class=\"s8\">3<\/span><span class=\"s8\"><br \/>\n<\/span><span class=\"s8\">(Scopus database: <\/span><span class=\"s8\"><a href=\"https:\/\/www.scopus.com\/results\/citedbyresults.uri?sort=plf-f&amp;cite=2-s2.0-85114074035&amp;src=s&amp;imp=t&amp;sid=ecb63ebcc9139abe168eadb0dcacf0ba&amp;sot=cite&amp;sdt=a&amp;sl=0&amp;origin=resultslist&amp;editSaveSearch=&amp;txGid=422f75159ca36763579e07bbaad246de\" target=\"_blank\" rel=\"noopener\">https:\/\/www.scopus.com\/results\/citedbyresults.uri?sort=plf-f&amp;cite=2-s2.0-85114074035&amp;src=s&amp;imp=t&amp;sid=ecb63ebcc9139abe168eadb0dcacf0ba&amp;sot=cite&amp;sdt=a&amp;sl=0&amp;origin=resultslist&amp;editSaveSearch=&amp;txGid=422f75159ca36763579e07bbaad246de<\/a><\/span><span class=\"s8\">)<\/span><\/p>\n\n<h5>Pedagogical activity<\/h5>\n<p>2010-2012 \u2013 Faculty of Nursing and Social Work of the University of Trnava<\/p>\n\n<h5>Language<\/h5>\n<p><span class=\"s5\">Akt\u00edvne: <\/span><span class=\"s5\">Slovak, <\/span><span class=\"s5\">English<\/span><\/p>\n\n<h5>Web Links<\/h5>\n\n","protected":false},"excerpt":{"rendered":"<p><img decoding=\"async\" class=\"\" src=\"https:\/\/www.helpery.sk\/wp-content\/uploads\/2023\/02\/Slovakia_Flag.png\" width=\"32\" height=\"32\" \/> <img decoding=\"async\" class=\"\" src=\"https:\/\/www.helpery.sk\/wp-content\/uploads\/2023\/02\/UK_Flag.png\" width=\"32\" height=\"32\" \/><\/p>\n<p><b> Senior consultant (Ko\u0161ice, Slovakia)<\/b><\/p>\n<p>34 years of experience<\/p>\n<p>&nbsp;<\/p>\n<p>Dr. Radovan Barilla is a renowned clinical oncologist with more than 30 years of experience. His main expert focus is the treatment of oncological diseases. He deals with the treatment of solid tumors (especially breast, colon, lung, urogenital, gynecological) and malignant lymphomas. He is not a specialist and does not provide consultations in the field of radiotherapy (irradiation of malignant tumors).<\/p>\n<p> \t<strong style=\"color:#56698F;\">First consultation: 150 \u0404 <\/strong><br \/>\n \t<strong style=\"color:#56698F;\">Follow up: 130 \u0404<\/strong><\/p>\n","protected":false},"featured_media":14979,"comment_status":"closed","ping_status":"closed","template":"","meta":{"_acf_changed":false,"ep_exclude_from_search":false},"product_brand":[],"product_cat":[648,649,650,663],"product_tag":[744,742,741,740,748,739,747,745,746,749,735,751,750,743,752],"class_list":{"0":"post-15329","1":"product","2":"type-product","3":"status-publish","4":"has-post-thumbnail","6":"product_cat-biological-treatment","7":"product_cat-chemotherapy","8":"product_cat-immunotherapy","9":"product_cat-oncology","10":"product_tag-biological-treatment","11":"product_tag-bladder-cancer","12":"product_tag-breast-cancer","13":"product_tag-carcinoma-of-the-neck-and-body-of-the-uterus","14":"product_tag-carcinoma-of-the-ureters","15":"product_tag-chemotherapy","16":"product_tag-colon-cancer","17":"product_tag-gynecological-malignancies","18":"product_tag-immunotherapy","19":"product_tag-kidney-cancer","20":"product_tag-lung-cancer","21":"product_tag-oncology","22":"product_tag-ovarian-and-fallopian-tube-cancer","23":"product_tag-prostate-cancer","24":"product_tag-urological-malignancies","26":"first","27":"instock","28":"virtual","29":"taxable","30":"purchasable","31":"product-type-appointment"},"exclude_global_add_ons":false,"addons":[{"name":"Service","type":"multiple_choice","position":0,"required":true,"title_format":"label","default":"","description_enable":false,"description":"","placeholder_enable":false,"placeholder":"","display":"select","restrictions_type":"any_text","adjust_price":false,"price":"","price_type":"flat_fee","restrictions":false,"min":"0","max":"0","options":[{"label":"Telephone consultation","price":"","price_type":"flat_fee","image":0,"visibility":true},{"label":"Elaboration of a written assessment","price":"","price_type":"flat_fee","image":0,"visibility":true}],"id":1723059926}],"acf":[],"yoast_head":"<!-- This site is optimized with the Yoast SEO plugin v25.1 - https:\/\/yoast.com\/wordpress\/plugins\/seo\/ -->\n<title>MUDr. Radovan Barilla, PhD - Helpery<\/title>\n<meta name=\"robots\" content=\"index, follow, max-snippet:-1, max-image-preview:large, max-video-preview:-1\" \/>\n<link rel=\"canonical\" href=\"https:\/\/www.helpery.sk\/en\/konzultacie\/biological-treatment\/mudr-radovan-barilla-phd\/\" \/>\n<meta property=\"og:locale\" content=\"en_US\" \/>\n<meta property=\"og:type\" content=\"article\" \/>\n<meta property=\"og:title\" content=\"MUDr. Radovan Barilla, PhD - Helpery\" \/>\n<meta property=\"og:description\" content=\"Senior consultant (Ko\u0161ice, Slovakia)  34 years of experience  &nbsp;  Dr. Radovan Barilla is a renowned clinical oncologist with more than 30 years of experience. His main expert focus is the treatment of oncological diseases. He deals with the treatment of solid tumors (especially breast, colon, lung, urogenital, gynecological) and malignant lymphomas. He is not a specialist and does not provide consultations in the field of radiotherapy (irradiation of malignant tumors).   First consultation: 150 \u0404   Follow up: 130 \u0404\" \/>\n<meta property=\"og:url\" content=\"https:\/\/www.helpery.sk\/en\/konzultacie\/biological-treatment\/mudr-radovan-barilla-phd\/\" \/>\n<meta property=\"og:site_name\" content=\"Helpery\" \/>\n<meta property=\"article:modified_time\" content=\"2026-02-09T10:26:51+00:00\" \/>\n<meta property=\"og:image\" content=\"https:\/\/www.helpery.sk\/wp-content\/uploads\/2024\/06\/Radovan-Barilla_r-1.jpg\" \/>\n\t<meta property=\"og:image:width\" content=\"400\" \/>\n\t<meta property=\"og:image:height\" content=\"600\" \/>\n\t<meta property=\"og:image:type\" content=\"image\/jpeg\" \/>\n<meta name=\"twitter:card\" content=\"summary_large_image\" \/>\n<meta name=\"twitter:label1\" content=\"Est. reading time\" \/>\n\t<meta name=\"twitter:data1\" content=\"1 minute\" \/>\n<script type=\"application\/ld+json\" class=\"yoast-schema-graph\">{\"@context\":\"https:\/\/schema.org\",\"@graph\":[{\"@type\":\"WebPage\",\"@id\":\"https:\/\/www.helpery.sk\/en\/konzultacie\/biological-treatment\/mudr-radovan-barilla-phd\/\",\"url\":\"https:\/\/www.helpery.sk\/en\/konzultacie\/biological-treatment\/mudr-radovan-barilla-phd\/\",\"name\":\"MUDr. Radovan Barilla, PhD - Helpery\",\"isPartOf\":{\"@id\":\"https:\/\/www.helpery.sk\/en\/#website\"},\"primaryImageOfPage\":{\"@id\":\"https:\/\/www.helpery.sk\/en\/konzultacie\/biological-treatment\/mudr-radovan-barilla-phd\/#primaryimage\"},\"image\":{\"@id\":\"https:\/\/www.helpery.sk\/en\/konzultacie\/biological-treatment\/mudr-radovan-barilla-phd\/#primaryimage\"},\"thumbnailUrl\":\"https:\/\/www.helpery.sk\/wp-content\/uploads\/2024\/06\/Radovan-Barilla_r-1.jpg\",\"datePublished\":\"2024-06-27T14:05:52+00:00\",\"dateModified\":\"2026-02-09T10:26:51+00:00\",\"breadcrumb\":{\"@id\":\"https:\/\/www.helpery.sk\/en\/konzultacie\/biological-treatment\/mudr-radovan-barilla-phd\/#breadcrumb\"},\"inLanguage\":\"en-US\",\"potentialAction\":[{\"@type\":\"ReadAction\",\"target\":[\"https:\/\/www.helpery.sk\/en\/konzultacie\/biological-treatment\/mudr-radovan-barilla-phd\/\"]}]},{\"@type\":\"ImageObject\",\"inLanguage\":\"en-US\",\"@id\":\"https:\/\/www.helpery.sk\/en\/konzultacie\/biological-treatment\/mudr-radovan-barilla-phd\/#primaryimage\",\"url\":\"https:\/\/www.helpery.sk\/wp-content\/uploads\/2024\/06\/Radovan-Barilla_r-1.jpg\",\"contentUrl\":\"https:\/\/www.helpery.sk\/wp-content\/uploads\/2024\/06\/Radovan-Barilla_r-1.jpg\",\"width\":400,\"height\":600},{\"@type\":\"BreadcrumbList\",\"@id\":\"https:\/\/www.helpery.sk\/en\/konzultacie\/biological-treatment\/mudr-radovan-barilla-phd\/#breadcrumb\",\"itemListElement\":[{\"@type\":\"ListItem\",\"position\":1,\"name\":\"Domovsk\u00e1 str\u00e1nka\",\"item\":\"https:\/\/www.helpery.sk\/en\/\"},{\"@type\":\"ListItem\",\"position\":2,\"name\":\"Consultations\",\"item\":\"https:\/\/www.helpery.sk\/konzultacie\/\"},{\"@type\":\"ListItem\",\"position\":3,\"name\":\"MUDr. Radovan Barilla, PhD\"}]},{\"@type\":\"WebSite\",\"@id\":\"https:\/\/www.helpery.sk\/en\/#website\",\"url\":\"https:\/\/www.helpery.sk\/en\/\",\"name\":\"Helpery\",\"description\":\"\",\"potentialAction\":[{\"@type\":\"SearchAction\",\"target\":{\"@type\":\"EntryPoint\",\"urlTemplate\":\"https:\/\/www.helpery.sk\/en\/?s={search_term_string}\"},\"query-input\":{\"@type\":\"PropertyValueSpecification\",\"valueRequired\":true,\"valueName\":\"search_term_string\"}}],\"inLanguage\":\"en-US\"}]}<\/script>\n<!-- \/ Yoast SEO plugin. -->","yoast_head_json":{"title":"MUDr. Radovan Barilla, PhD - Helpery","robots":{"index":"index","follow":"follow","max-snippet":"max-snippet:-1","max-image-preview":"max-image-preview:large","max-video-preview":"max-video-preview:-1"},"canonical":"https:\/\/www.helpery.sk\/en\/konzultacie\/biological-treatment\/mudr-radovan-barilla-phd\/","og_locale":"en_US","og_type":"article","og_title":"MUDr. Radovan Barilla, PhD - Helpery","og_description":"Senior consultant (Ko\u0161ice, Slovakia)  34 years of experience  &nbsp;  Dr. Radovan Barilla is a renowned clinical oncologist with more than 30 years of experience. His main expert focus is the treatment of oncological diseases. He deals with the treatment of solid tumors (especially breast, colon, lung, urogenital, gynecological) and malignant lymphomas. He is not a specialist and does not provide consultations in the field of radiotherapy (irradiation of malignant tumors).   First consultation: 150 \u0404   Follow up: 130 \u0404","og_url":"https:\/\/www.helpery.sk\/en\/konzultacie\/biological-treatment\/mudr-radovan-barilla-phd\/","og_site_name":"Helpery","article_modified_time":"2026-02-09T10:26:51+00:00","og_image":[{"width":400,"height":600,"url":"https:\/\/www.helpery.sk\/wp-content\/uploads\/2024\/06\/Radovan-Barilla_r-1.jpg","type":"image\/jpeg"}],"twitter_card":"summary_large_image","twitter_misc":{"Est. reading time":"1 minute"},"schema":{"@context":"https:\/\/schema.org","@graph":[{"@type":"WebPage","@id":"https:\/\/www.helpery.sk\/en\/konzultacie\/biological-treatment\/mudr-radovan-barilla-phd\/","url":"https:\/\/www.helpery.sk\/en\/konzultacie\/biological-treatment\/mudr-radovan-barilla-phd\/","name":"MUDr. Radovan Barilla, PhD - Helpery","isPartOf":{"@id":"https:\/\/www.helpery.sk\/en\/#website"},"primaryImageOfPage":{"@id":"https:\/\/www.helpery.sk\/en\/konzultacie\/biological-treatment\/mudr-radovan-barilla-phd\/#primaryimage"},"image":{"@id":"https:\/\/www.helpery.sk\/en\/konzultacie\/biological-treatment\/mudr-radovan-barilla-phd\/#primaryimage"},"thumbnailUrl":"https:\/\/www.helpery.sk\/wp-content\/uploads\/2024\/06\/Radovan-Barilla_r-1.jpg","datePublished":"2024-06-27T14:05:52+00:00","dateModified":"2026-02-09T10:26:51+00:00","breadcrumb":{"@id":"https:\/\/www.helpery.sk\/en\/konzultacie\/biological-treatment\/mudr-radovan-barilla-phd\/#breadcrumb"},"inLanguage":"en-US","potentialAction":[{"@type":"ReadAction","target":["https:\/\/www.helpery.sk\/en\/konzultacie\/biological-treatment\/mudr-radovan-barilla-phd\/"]}]},{"@type":"ImageObject","inLanguage":"en-US","@id":"https:\/\/www.helpery.sk\/en\/konzultacie\/biological-treatment\/mudr-radovan-barilla-phd\/#primaryimage","url":"https:\/\/www.helpery.sk\/wp-content\/uploads\/2024\/06\/Radovan-Barilla_r-1.jpg","contentUrl":"https:\/\/www.helpery.sk\/wp-content\/uploads\/2024\/06\/Radovan-Barilla_r-1.jpg","width":400,"height":600},{"@type":"BreadcrumbList","@id":"https:\/\/www.helpery.sk\/en\/konzultacie\/biological-treatment\/mudr-radovan-barilla-phd\/#breadcrumb","itemListElement":[{"@type":"ListItem","position":1,"name":"Domovsk\u00e1 str\u00e1nka","item":"https:\/\/www.helpery.sk\/en\/"},{"@type":"ListItem","position":2,"name":"Consultations","item":"https:\/\/www.helpery.sk\/konzultacie\/"},{"@type":"ListItem","position":3,"name":"MUDr. Radovan Barilla, PhD"}]},{"@type":"WebSite","@id":"https:\/\/www.helpery.sk\/en\/#website","url":"https:\/\/www.helpery.sk\/en\/","name":"Helpery","description":"","potentialAction":[{"@type":"SearchAction","target":{"@type":"EntryPoint","urlTemplate":"https:\/\/www.helpery.sk\/en\/?s={search_term_string}"},"query-input":{"@type":"PropertyValueSpecification","valueRequired":true,"valueName":"search_term_string"}}],"inLanguage":"en-US"}]}},"_links":{"self":[{"href":"https:\/\/www.helpery.sk\/en\/wp-json\/wp\/v2\/product\/15329","targetHints":{"allow":["GET"]}}],"collection":[{"href":"https:\/\/www.helpery.sk\/en\/wp-json\/wp\/v2\/product"}],"about":[{"href":"https:\/\/www.helpery.sk\/en\/wp-json\/wp\/v2\/types\/product"}],"replies":[{"embeddable":true,"href":"https:\/\/www.helpery.sk\/en\/wp-json\/wp\/v2\/comments?post=15329"}],"version-history":[{"count":5,"href":"https:\/\/www.helpery.sk\/en\/wp-json\/wp\/v2\/product\/15329\/revisions"}],"predecessor-version":[{"id":17482,"href":"https:\/\/www.helpery.sk\/en\/wp-json\/wp\/v2\/product\/15329\/revisions\/17482"}],"wp:featuredmedia":[{"embeddable":true,"href":"https:\/\/www.helpery.sk\/en\/wp-json\/wp\/v2\/media\/14979"}],"wp:attachment":[{"href":"https:\/\/www.helpery.sk\/en\/wp-json\/wp\/v2\/media?parent=15329"}],"wp:term":[{"taxonomy":"product_brand","embeddable":true,"href":"https:\/\/www.helpery.sk\/en\/wp-json\/wp\/v2\/product_brand?post=15329"},{"taxonomy":"product_cat","embeddable":true,"href":"https:\/\/www.helpery.sk\/en\/wp-json\/wp\/v2\/product_cat?post=15329"},{"taxonomy":"product_tag","embeddable":true,"href":"https:\/\/www.helpery.sk\/en\/wp-json\/wp\/v2\/product_tag?post=15329"}],"curies":[{"name":"wp","href":"https:\/\/api.w.org\/{rel}","templated":true}]}}