{"id":15333,"date":"2024-06-27T16:05:51","date_gmt":"2024-06-27T14:05:51","guid":{"rendered":"https:\/\/www.helpery.sk\/konzultacie\/uncategorized\/mudr-katarina-lunden\/"},"modified":"2025-05-24T16:17:40","modified_gmt":"2025-05-24T14:17:40","slug":"mudr-katarina-lunden","status":"publish","type":"product","link":"https:\/\/www.helpery.sk\/en\/konzultacie\/pediatrics\/mudr-katarina-lunden\/","title":{"rendered":"MUDr. Katar\u00edna Lund\u00e9n"},"content":{"rendered":"<h5>Professional profile<\/h5>\n<p>Dr. Katar\u00edna Lund\u00e9n is a pediatrician with almost 10 years of experience. Pediatrics is her passion. She herself is a mother of two small children. Degree MUDr. obtained at the Faculty of Medicine of Palack\u00fd University in Olomouc. She completed her professional beginnings at the internal department of the B\u0159eclav District Hospital. Later, she took up the post of secondary doctor in the children&#8217;s department at the hospital in Topo\u013e\u010dany, where she mainly dealt with the treatment of acute childhood diseases and the care of physiological newborns. In 2013, she moved to Germany, where she worked at two children&#8217;s clinics, specifically at the children&#8217;s department of the Cuxhaven hospital, and then left for a larger workplace at the children&#8217;s clinic at the G\u00f6ppingen hospital. Here she continued to treat acute childhood illnesses and care for physiological and pathological newborns. Specialization in pediatrics at the medical chamber in Stuttgart.<\/p>\n<p>In 2020, she moved to Finland, where she is now preparing to practice medicine again after maternity and parental leave. Despite the fact that her life takes place in Finland, she still has intensive contact with Slovakia and the Slovak healthcare system. She is the founder of the Instagram profile doktorka_z_finska, where she helps parents get the latest and, above all, practical information from pediatrics. Instagram account: @doktorkazfinska.sk<\/p>\n<p>The medical care that the doctor provides most often is in the area of \u200b\u200bchildren&#8217;s patients from 0 to 18 years of age during their hospitalization in the hospital (most often diagnosis and treatment of infectious diseases of the respiratory tract, gastrointestinal tract, urogenital tract, children&#8217;s infectious diseases, collapse states, assistance with children&#8217;s gastroscopies , treatment of light and moderate burns). The scope of work also includes ambulatory emergency services, services in the pediatric intensive care unit, services in the department of newborns and pathological newborns (from the 29th week of pregnancy).<\/p>\n\n<h5>Work experience<\/h5>\n<p>Children&#8217;s Department (Klinik f\u00fcr Kinder- und Jugendmedizin), Hospital G\u00f6ppingen (Klinik am Eichert G\u00f6ppingen), Germany<\/p>\n<p>Children&#8217;s Department (Klinik f\u00fcr Kinder und Jugendmedzin), Cuxhaven Hospital (Helios Klinik Cuxhaven GmbH), Germany<\/p>\n<p>Children&#8217;s Department, Topo\u013e\u010dany Hospital, Slovakia<\/p>\n<p>Internal Department, Hospital B\u0159eclav, Czech Republic<\/p>\n\n<h5>Education<\/h5>\n<p>2019 \u2013 Specialization \u2013 Pediatrics<\/p>\n<p>2002 &#8211; Gymnasium of Saint Vincent de Paul, Topo\u013e\u010dany<\/p>\n<p>2009 \u2013 General Medicine &#8220;<em>MUDr<\/em>&#8220;, Faculty of Medicine, Palack\u00fd University, Olomouc<\/p>\n\n<h5>Internship stays<\/h5>\n<p>2014 \u2013 P\u00e4diatrischer Grundkurs Ultraschallgiagnostik in der Universit\u00e4tskinderklinik, Magdeburg, Germany<\/p>\n<p>2008 &#8211; Department of Surgery, Hospital S\u00e3o Jo\u00e3o&#8217;s, Porto, Portugal<\/p>\n\n<h5>Membership in professional societies and councils<\/h5>\n<p>Deutsche Gesellschaft f\u00fcr Kinder- und Jugendmedizin e.V. (DGKJ)<\/p>\n\n<h5>Membership in editorial boards of magazines<\/h5>\n<p>No<\/p>\n\n<h5>Scientific research activity<\/h5>\n<p>No<\/p>\n\n<h5>Pedagogical activity<\/h5>\n<p>No<\/p>\n\n<h5>Language<\/h5>\n<p>Active: Slovak, German, English, Czech<\/p>\n<p>Passive: Swedish, Finnish<\/p>\n\n<h5>Web Links<\/h5>\n<p><a href=\"https:\/\/www.doktorkazfinska.sk\">www.doktorkazfinska.sk<\/a><\/p>\n<p><a href=\"https:\/\/www.instagram.com\/doktorka_z_finska\/\">Instagram: @doktorka_z_finska<\/a><\/p>\n\n","protected":false},"excerpt":{"rendered":"<p><img decoding=\"async\" class=\"\" src=\"https:\/\/www.helpery.sk\/wp-content\/uploads\/2023\/02\/Slovakia_Flag.png\" width=\"32\" height=\"32\" \/> <img decoding=\"async\" class=\"\" src=\"https:\/\/www.helpery.sk\/wp-content\/uploads\/2023\/02\/Czech_Flag.png\" width=\"33\" height=\"33\" \/> <img decoding=\"async\" class=\"\" src=\"https:\/\/www.helpery.sk\/wp-content\/uploads\/2023\/02\/Germany_Flag.png\" width=\"32\" height=\"32\" \/> <img loading=\"lazy\" decoding=\"async\" class=\"\" src=\"https:\/\/www.helpery.sk\/wp-content\/uploads\/2023\/02\/UK_Flag.png\" width=\"32\" height=\"32\" \/><\/p>\n<p><b> Senior consultant (Kauniainen, Finland)<\/b><\/p>\n<p>13 years of experience<\/p>\n<p>&nbsp;<\/p>\n<p>Dr. Katar\u00edna Lund\u00e9n is an experienced pediatrician with almost 10 years of experience. He has been interested in pediatric and adolescent medicine for a long time. Her main clinical interest is general pediatrics and prevention, that is, child development from infancy to adolescence, diagnosis and treatment of infectious diseases of the respiratory tract, gastrointestinal tract, urogenital tract, childhood infectious diseases, but also the specifics of the newborn period.<\/p>\n<ul>\n \t<strong style=\"color:#56698F;\">First consultation: 130 \u0404 <\/strong><br \/>\n \t<strong style=\"color:#56698F;\">Follow up: 110 \u0404 <\/strong>\n<\/ul>\n","protected":false},"featured_media":14978,"comment_status":"closed","ping_status":"closed","template":"","meta":{"_acf_changed":false,"ep_exclude_from_search":false},"product_brand":[],"product_cat":[666],"product_tag":[754,759,757,755,756,758,753],"class_list":{"0":"post-15333","1":"product","2":"type-product","3":"status-publish","4":"has-post-thumbnail","6":"product_cat-pediatrics","7":"product_tag-common-childhood-diseases-treatment-and-diagnosis","8":"product_tag-general-pediatrics","9":"product_tag-growth-physiological-growth-and-development-in-infancy-childhood-and-adolescence","10":"product_tag-infectious-childhood-diseases-treatment-and-diagnosis","11":"product_tag-prevention-in-childhood","12":"product_tag-specifics-of-the-newborn-period","13":"product_tag-vaccination","15":"first","16":"instock","17":"virtual","18":"taxable","19":"purchasable","20":"product-type-appointment"},"exclude_global_add_ons":false,"addons":[{"name":"Service","type":"multiple_choice","position":0,"required":true,"title_format":"label","default":"","description_enable":false,"description":"","placeholder_enable":false,"placeholder":"","display":"select","restrictions_type":"any_text","adjust_price":false,"price":"","price_type":"flat_fee","restrictions":false,"min":"0","max":"0","options":[{"label":"Telephone consultation","price":"","price_type":"flat_fee","image":0,"visibility":true},{"label":"Elaboration of a written assessment","price":"","price_type":"flat_fee","image":0,"visibility":true}],"id":1723060053}],"acf":[],"yoast_head":"<!-- This site is optimized with the Yoast SEO plugin v25.1 - https:\/\/yoast.com\/wordpress\/plugins\/seo\/ -->\n<title>MUDr. Katar\u00edna Lund\u00e9n - Helpery<\/title>\n<meta name=\"robots\" content=\"index, follow, max-snippet:-1, max-image-preview:large, max-video-preview:-1\" \/>\n<link rel=\"canonical\" href=\"https:\/\/www.helpery.sk\/en\/konzultacie\/pediatrics\/mudr-katarina-lunden\/\" \/>\n<meta property=\"og:locale\" content=\"en_US\" \/>\n<meta property=\"og:type\" content=\"article\" \/>\n<meta property=\"og:title\" content=\"MUDr. Katar\u00edna Lund\u00e9n - Helpery\" \/>\n<meta property=\"og:description\" content=\"Senior consultant (Kauniainen, Finland)  13 years of experience  &nbsp;  Dr. Katar\u00edna Lund\u00e9n is an experienced pediatrician with almost 10 years of experience. He has been interested in pediatric and adolescent medicine for a long time. Her main clinical interest is general pediatrics and prevention, that is, child development from infancy to adolescence, diagnosis and treatment of infectious diseases of the respiratory tract, gastrointestinal tract, urogenital tract, childhood infectious diseases, but also the specifics of the newborn period.   First consultation: 130 \u0404   Follow up: 110 \u0404\" \/>\n<meta property=\"og:url\" content=\"https:\/\/www.helpery.sk\/en\/konzultacie\/pediatrics\/mudr-katarina-lunden\/\" \/>\n<meta property=\"og:site_name\" content=\"Helpery\" \/>\n<meta property=\"article:modified_time\" content=\"2025-05-24T14:17:40+00:00\" \/>\n<meta property=\"og:image\" content=\"https:\/\/www.helpery.sk\/wp-content\/uploads\/2024\/06\/Katarina_Lunden_r-1.jpg\" \/>\n\t<meta property=\"og:image:width\" content=\"400\" \/>\n\t<meta property=\"og:image:height\" content=\"600\" \/>\n\t<meta property=\"og:image:type\" content=\"image\/jpeg\" \/>\n<meta name=\"twitter:card\" content=\"summary_large_image\" \/>\n<meta name=\"twitter:label1\" content=\"Est. reading time\" \/>\n\t<meta name=\"twitter:data1\" content=\"1 minute\" \/>\n<script type=\"application\/ld+json\" class=\"yoast-schema-graph\">{\"@context\":\"https:\/\/schema.org\",\"@graph\":[{\"@type\":\"WebPage\",\"@id\":\"https:\/\/www.helpery.sk\/en\/konzultacie\/pediatrics\/mudr-katarina-lunden\/\",\"url\":\"https:\/\/www.helpery.sk\/en\/konzultacie\/pediatrics\/mudr-katarina-lunden\/\",\"name\":\"MUDr. Katar\u00edna Lund\u00e9n - Helpery\",\"isPartOf\":{\"@id\":\"https:\/\/www.helpery.sk\/en\/#website\"},\"primaryImageOfPage\":{\"@id\":\"https:\/\/www.helpery.sk\/en\/konzultacie\/pediatrics\/mudr-katarina-lunden\/#primaryimage\"},\"image\":{\"@id\":\"https:\/\/www.helpery.sk\/en\/konzultacie\/pediatrics\/mudr-katarina-lunden\/#primaryimage\"},\"thumbnailUrl\":\"https:\/\/www.helpery.sk\/wp-content\/uploads\/2024\/06\/Katarina_Lunden_r-1.jpg\",\"datePublished\":\"2024-06-27T14:05:51+00:00\",\"dateModified\":\"2025-05-24T14:17:40+00:00\",\"breadcrumb\":{\"@id\":\"https:\/\/www.helpery.sk\/en\/konzultacie\/pediatrics\/mudr-katarina-lunden\/#breadcrumb\"},\"inLanguage\":\"en-US\",\"potentialAction\":[{\"@type\":\"ReadAction\",\"target\":[\"https:\/\/www.helpery.sk\/en\/konzultacie\/pediatrics\/mudr-katarina-lunden\/\"]}]},{\"@type\":\"ImageObject\",\"inLanguage\":\"en-US\",\"@id\":\"https:\/\/www.helpery.sk\/en\/konzultacie\/pediatrics\/mudr-katarina-lunden\/#primaryimage\",\"url\":\"https:\/\/www.helpery.sk\/wp-content\/uploads\/2024\/06\/Katarina_Lunden_r-1.jpg\",\"contentUrl\":\"https:\/\/www.helpery.sk\/wp-content\/uploads\/2024\/06\/Katarina_Lunden_r-1.jpg\",\"width\":400,\"height\":600},{\"@type\":\"BreadcrumbList\",\"@id\":\"https:\/\/www.helpery.sk\/en\/konzultacie\/pediatrics\/mudr-katarina-lunden\/#breadcrumb\",\"itemListElement\":[{\"@type\":\"ListItem\",\"position\":1,\"name\":\"Domovsk\u00e1 str\u00e1nka\",\"item\":\"https:\/\/www.helpery.sk\/en\/\"},{\"@type\":\"ListItem\",\"position\":2,\"name\":\"Consultations\",\"item\":\"https:\/\/www.helpery.sk\/konzultacie\/\"},{\"@type\":\"ListItem\",\"position\":3,\"name\":\"MUDr. Katar\u00edna Lund\u00e9n\"}]},{\"@type\":\"WebSite\",\"@id\":\"https:\/\/www.helpery.sk\/en\/#website\",\"url\":\"https:\/\/www.helpery.sk\/en\/\",\"name\":\"Helpery\",\"description\":\"\",\"potentialAction\":[{\"@type\":\"SearchAction\",\"target\":{\"@type\":\"EntryPoint\",\"urlTemplate\":\"https:\/\/www.helpery.sk\/en\/?s={search_term_string}\"},\"query-input\":{\"@type\":\"PropertyValueSpecification\",\"valueRequired\":true,\"valueName\":\"search_term_string\"}}],\"inLanguage\":\"en-US\"}]}<\/script>\n<!-- \/ Yoast SEO plugin. -->","yoast_head_json":{"title":"MUDr. Katar\u00edna Lund\u00e9n - Helpery","robots":{"index":"index","follow":"follow","max-snippet":"max-snippet:-1","max-image-preview":"max-image-preview:large","max-video-preview":"max-video-preview:-1"},"canonical":"https:\/\/www.helpery.sk\/en\/konzultacie\/pediatrics\/mudr-katarina-lunden\/","og_locale":"en_US","og_type":"article","og_title":"MUDr. Katar\u00edna Lund\u00e9n - Helpery","og_description":"Senior consultant (Kauniainen, Finland)  13 years of experience  &nbsp;  Dr. Katar\u00edna Lund\u00e9n is an experienced pediatrician with almost 10 years of experience. He has been interested in pediatric and adolescent medicine for a long time. Her main clinical interest is general pediatrics and prevention, that is, child development from infancy to adolescence, diagnosis and treatment of infectious diseases of the respiratory tract, gastrointestinal tract, urogenital tract, childhood infectious diseases, but also the specifics of the newborn period.   First consultation: 130 \u0404   Follow up: 110 \u0404","og_url":"https:\/\/www.helpery.sk\/en\/konzultacie\/pediatrics\/mudr-katarina-lunden\/","og_site_name":"Helpery","article_modified_time":"2025-05-24T14:17:40+00:00","og_image":[{"width":400,"height":600,"url":"https:\/\/www.helpery.sk\/wp-content\/uploads\/2024\/06\/Katarina_Lunden_r-1.jpg","type":"image\/jpeg"}],"twitter_card":"summary_large_image","twitter_misc":{"Est. reading time":"1 minute"},"schema":{"@context":"https:\/\/schema.org","@graph":[{"@type":"WebPage","@id":"https:\/\/www.helpery.sk\/en\/konzultacie\/pediatrics\/mudr-katarina-lunden\/","url":"https:\/\/www.helpery.sk\/en\/konzultacie\/pediatrics\/mudr-katarina-lunden\/","name":"MUDr. Katar\u00edna Lund\u00e9n - Helpery","isPartOf":{"@id":"https:\/\/www.helpery.sk\/en\/#website"},"primaryImageOfPage":{"@id":"https:\/\/www.helpery.sk\/en\/konzultacie\/pediatrics\/mudr-katarina-lunden\/#primaryimage"},"image":{"@id":"https:\/\/www.helpery.sk\/en\/konzultacie\/pediatrics\/mudr-katarina-lunden\/#primaryimage"},"thumbnailUrl":"https:\/\/www.helpery.sk\/wp-content\/uploads\/2024\/06\/Katarina_Lunden_r-1.jpg","datePublished":"2024-06-27T14:05:51+00:00","dateModified":"2025-05-24T14:17:40+00:00","breadcrumb":{"@id":"https:\/\/www.helpery.sk\/en\/konzultacie\/pediatrics\/mudr-katarina-lunden\/#breadcrumb"},"inLanguage":"en-US","potentialAction":[{"@type":"ReadAction","target":["https:\/\/www.helpery.sk\/en\/konzultacie\/pediatrics\/mudr-katarina-lunden\/"]}]},{"@type":"ImageObject","inLanguage":"en-US","@id":"https:\/\/www.helpery.sk\/en\/konzultacie\/pediatrics\/mudr-katarina-lunden\/#primaryimage","url":"https:\/\/www.helpery.sk\/wp-content\/uploads\/2024\/06\/Katarina_Lunden_r-1.jpg","contentUrl":"https:\/\/www.helpery.sk\/wp-content\/uploads\/2024\/06\/Katarina_Lunden_r-1.jpg","width":400,"height":600},{"@type":"BreadcrumbList","@id":"https:\/\/www.helpery.sk\/en\/konzultacie\/pediatrics\/mudr-katarina-lunden\/#breadcrumb","itemListElement":[{"@type":"ListItem","position":1,"name":"Domovsk\u00e1 str\u00e1nka","item":"https:\/\/www.helpery.sk\/en\/"},{"@type":"ListItem","position":2,"name":"Consultations","item":"https:\/\/www.helpery.sk\/konzultacie\/"},{"@type":"ListItem","position":3,"name":"MUDr. Katar\u00edna Lund\u00e9n"}]},{"@type":"WebSite","@id":"https:\/\/www.helpery.sk\/en\/#website","url":"https:\/\/www.helpery.sk\/en\/","name":"Helpery","description":"","potentialAction":[{"@type":"SearchAction","target":{"@type":"EntryPoint","urlTemplate":"https:\/\/www.helpery.sk\/en\/?s={search_term_string}"},"query-input":{"@type":"PropertyValueSpecification","valueRequired":true,"valueName":"search_term_string"}}],"inLanguage":"en-US"}]}},"_links":{"self":[{"href":"https:\/\/www.helpery.sk\/en\/wp-json\/wp\/v2\/product\/15333","targetHints":{"allow":["GET"]}}],"collection":[{"href":"https:\/\/www.helpery.sk\/en\/wp-json\/wp\/v2\/product"}],"about":[{"href":"https:\/\/www.helpery.sk\/en\/wp-json\/wp\/v2\/types\/product"}],"replies":[{"embeddable":true,"href":"https:\/\/www.helpery.sk\/en\/wp-json\/wp\/v2\/comments?post=15333"}],"version-history":[{"count":4,"href":"https:\/\/www.helpery.sk\/en\/wp-json\/wp\/v2\/product\/15333\/revisions"}],"predecessor-version":[{"id":16582,"href":"https:\/\/www.helpery.sk\/en\/wp-json\/wp\/v2\/product\/15333\/revisions\/16582"}],"wp:featuredmedia":[{"embeddable":true,"href":"https:\/\/www.helpery.sk\/en\/wp-json\/wp\/v2\/media\/14978"}],"wp:attachment":[{"href":"https:\/\/www.helpery.sk\/en\/wp-json\/wp\/v2\/media?parent=15333"}],"wp:term":[{"taxonomy":"product_brand","embeddable":true,"href":"https:\/\/www.helpery.sk\/en\/wp-json\/wp\/v2\/product_brand?post=15333"},{"taxonomy":"product_cat","embeddable":true,"href":"https:\/\/www.helpery.sk\/en\/wp-json\/wp\/v2\/product_cat?post=15333"},{"taxonomy":"product_tag","embeddable":true,"href":"https:\/\/www.helpery.sk\/en\/wp-json\/wp\/v2\/product_tag?post=15333"}],"curies":[{"name":"wp","href":"https:\/\/api.w.org\/{rel}","templated":true}]}}