{"id":15336,"date":"2024-06-27T16:05:50","date_gmt":"2024-06-27T14:05:50","guid":{"rendered":"https:\/\/www.helpery.sk\/konzultacie\/uncategorized\/mgr-petra-kuratkova\/"},"modified":"2025-05-24T16:19:09","modified_gmt":"2025-05-24T14:19:09","slug":"mgr-petra-kuratkova","status":"publish","type":"product","link":"https:\/\/www.helpery.sk\/en\/konzultacie\/nutritional-counseling\/mgr-petra-kuratkova\/","title":{"rendered":"Mgr. Petra Ku\u0159\u00e1tkov\u00e1"},"content":{"rendered":"<h5>Professional profile<\/h5>\n<p>Petra Ku\u0159\u00e1tkov\u00e1 is a qualified nutritional therapist. It specializes in the nutrition of children and women in the reproductive period. She is the mother of a 2.5-year-old &#8220;eater&#8221;, so her specialization also extends to personal experiences.<br \/>\nShe recevied a Mgr. degree in the Master&#8217;s program nutrition specialist at the Faculty of Medicine of Masaryk University in Brno. Already during her studies, she was interested in the nutritional literacy of the population, so she started a blog where she tried to promote proper nutrition and disprove nutrition myths that are rooted in society. For several years, she alternated between staying at the school and the editorial office. She worked for many web portals and contributed her articles to several magazines, where she was also part of their expert council. She was at the birth of the &#8220;Student Association of Nutritional Therapists&#8221; and as its full member collaborated on many important projects for the lay public, e.g. Brno Health Days or World Diabetes Day. She spoke at several conferences, e.g. Nutricaf\u00e9 or Nutrigeeks. Her achievements at school were recognized twice with the Dean&#8217;s Award for exceptional academic results.<\/p>\n<p>After completing her university studies, she settled in Brno and her steps led to a nutrition consultancy, where she provided comprehensive nutritional advice, created nutrition plans, recipes for pre-packaged meals and helped with online marketing. The experience of creating recipes and menus led her to several interesting projects &#8211; she compiled, for example, monthly snack-plans for the Prague nativity scene. During the Covid-19 pandemic, she decided to establish an online nutritional counseling center aimed at children and women of reproductive age. She is known for her high professionalism and expertise, as well as her empathy and individualization of solutions for the client.<br \/>\nIn this context, the master developed the Baby Diary &amp; Tracker mobile application for recording breastfeeding, feeding, excretion and other activities of the baby, which facilitates communication between the parent and the pediatrician. He currently works with several companies, where he educates about proper nutrition, creates recipes, takes photos and writes articles. A book about side dishes, which she wrote together with other nutritionists, is to be published this year.<\/p>\n<p>In addition to consulting, she is still engaged in writing &#8211; she is currently working on the creation of eBooks about complementary foods, introducing allergens into a baby&#8217;s diet or picky eating for children, and runs the Instagram profile &#8220;@nutrimamma.cz&#8221;, where she writes a guide to healthy eating not only for children and dispels myths about nutrition.<\/p>\n\n<h5>Work experience<\/h5>\n<p>Healthy eating, Brno &#8211; Nutrition specialist position<\/p>\n<p>Online counseling Nutrimamma.cz &#8211; nutrition of children and mothers<\/p>\n<p>Home for seniors Koci\u00e1nka, Brno &#8211; Position of clinical nutrition therapist, monitoring of nutritionally at-risk clients, creation of individualized nutritional<br \/>\nplans<\/p>\n<p>Shean s.r.o. &#8211; Copywriter position in the marketing department<\/p>\n\n<h5>Education<\/h5>\n<p>2012 \u2013 V. B. Nedo\u017eersk\u00fd High School, Prievidza<\/p>\n<p>2016 \u2013 Bachelor&#8217;s degree, Masaryk University, Faculty of Medicine, specialization Nutritional Therapist<\/p>\n<p>2018 \u2013 Master&#8217;s degree &#8220;<em>Mgr<\/em>&#8220;, Masaryk University, Faculty of Medicine, Nutrition specialist<\/p>\n\n<h5>Internship stays<\/h5>\n<p>2017 \u2013 IKEM \u2013 Institute of Clinical and Experimental Medicine, Czech Republic<\/p>\n<p>Internship in the inpatient department and in the outpatient clinic<br \/>\nMonitoring of nutritionally risky patients, nutritional calculations, creation of meal plans for patients from psychiatry, diabetology, cardiology, nephrology<\/p>\n<p>2015, 2016 \u2013 Faculty Hospital Brno, Czech Republic<\/p>\n<p>Department of medical nutrition, food service, inpatient wards (ICU, ARO, KARIM, IHOK, IGEK, K\u00daCH), nutrition clinic<br \/>\nIndividual preparation of nutritional plans in direct cooperation with hospitalized patients, nutritional diagnosis and monitoring of risk patients, measurement<br \/>\nof body composition of patients<\/p>\n<p>2016 \u2013 St. Anna Faculty Hospital, Brno, Czech Republic<\/p>\n<p>Department of diabetology, obesity clinic<br \/>\npatient education, monitoring of at-risk patients, interviews with patients, evaluation of the menu<\/p>\n<p>2017 \u2013 DS Zast\u00e1vka near Brno<\/p>\n<p>catering operation, individual wards<br \/>\ncreation of menus, individual diets, monitoring of high-risk clients, education<\/p>\n\n<h5>Membership in professional societies and councils<\/h5>\n<p>Co-founder of the Student Association of Nutritional Therapists, z.s.<\/p>\n\n<h5>Membership in editorial boards of magazines<\/h5>\n<p>Diastyl<\/p>\n<p>Diabetic<\/p>\n<p>Slovak patient, o.z.<\/p>\n<p>The position of editor and expert consultant, writing articles about nutrition and diet of diabetics, myths in nutrition, first aid and answering questions from readers<\/p>\n\n<h5>Scientific research activity<\/h5>\n<p>No<\/p>\n\n<h5>Pedagogical activity<\/h5>\n<p>Lecture activity at domestic and foreign nutritional events<\/p>\n<p>Publishing activity in domestic professional magazines, livestreams, online consulting<\/p>\n\n<h5>Language<\/h5>\n<p>Active: Czech, Slovak, English<\/p>\n<p>Passive: German<\/p>\n\n<h5>Web Links<\/h5>\n<p><a href=\"https:\/\/www.nutrimamma.cz\">www.nutrimamma.cz<\/a><\/p>\n\n","protected":false},"excerpt":{"rendered":"<p><img decoding=\"async\" class=\"\" src=\"https:\/\/www.helpery.sk\/wp-content\/uploads\/2023\/02\/Czech_Flag.png\" width=\"32\" height=\"32\" \/> <img decoding=\"async\" class=\"\" src=\"https:\/\/www.helpery.sk\/wp-content\/uploads\/2023\/02\/Slovakia_Flag.png\" width=\"32\" height=\"32\" \/><\/p>\n<p><b> Senior consultant (Brno, Czech republic)<\/b><\/p>\n<p>9 years of experience<\/p>\n<p>Master Petra Ku\u0159\u00e1tkov\u00e1 is an experienced nutrition specialist with more than 6 years of experience. She has been working as a nutritional therapist in a private practice focused on preventive and curative nutrition for a long time and specializes in the nutrition of children from newborns to adolescents. She is also a specialist in maternal nutrition during pregnancy as well as in the postpartum and subsequent periods. Her main expert focus is nutritional disorders due to illness or behavior and subsequent dietary measures. He works as a non-medical health worker, i.e. based on medical examinations, evaluation of the food diary\/diet record and subjective difficulties of the client, he performs nutritional diagnosis, individually plans nutritional interventions with the aim of improving the health of the client, educates about dietary options and alternatives and compiles dietary plans tailored.<\/p>\n<ul>\n \t<strong style=\"color:#56698F;\">First consultation: 100 \u0404 <\/strong><br \/>\n \t<strong style=\"color:#56698F;\">Follow up: 85 \u0404 <\/strong>\n<\/ul>\n","protected":false},"featured_media":14975,"comment_status":"closed","ping_status":"closed","template":"","meta":{"_acf_changed":false,"ep_exclude_from_search":false},"product_brand":[],"product_cat":[661],"product_tag":[796,706,769,799,800,798,760,767,795,761,803,797,763,801,802,764,765,766,768,762],"class_list":{"0":"post-15336","1":"product","2":"type-product","3":"status-publish","4":"has-post-thumbnail","6":"product_cat-nutritional-counseling","7":"product_tag-box-diet","8":"product_tag-celiac-disease","9":"product_tag-creation-of-individualized-meal-plans","10":"product_tag-developmental-disorders-obesity","11":"product_tag-diet-during-breastfeeding","12":"product_tag-eating-disorders-in-children-rejecting-and-picky-eating","13":"product_tag-evaluation-and-nutritional-calculations-of-the-menu","14":"product_tag-food-allergies-and-intolerances","15":"product_tag-foodstyling-en","16":"product_tag-inbody-body-composition-measurement-and-interpretation-of-results","17":"product_tag-introduction-of-complementary-foods","18":"product_tag-monitoring-of-nutritionally-risky-clients","19":"product_tag-non-specific-intestinal-inflammatory-diseases","20":"product_tag-nutrition-of-mothers-during-pregnancy-and-in-the-postpartum-period","21":"product_tag-nutrition-of-newborns-and-older-children","22":"product_tag-nutritional-diagnosis-and-individual-creation-of-intervention-to-achieve-the-goal","23":"product_tag-nutritional-education-of-the-client","24":"product_tag-nutritional-therapist","25":"product_tag-preventive-nutrition","26":"product_tag-therapeutic-nutrition-for-various-diseases","28":"first","29":"instock","30":"virtual","31":"taxable","32":"purchasable","33":"product-type-appointment"},"exclude_global_add_ons":false,"addons":[{"name":"Service","type":"multiple_choice","position":0,"required":true,"title_format":"label","default":"","description_enable":false,"description":"","placeholder_enable":false,"placeholder":"","display":"select","restrictions_type":"any_text","adjust_price":false,"price":"","price_type":"flat_fee","restrictions":false,"min":"0","max":"0","options":[{"label":"Telephone consultation","price":"","price_type":"flat_fee","image":0,"visibility":true},{"label":"Elaboration of a written assessment","price":"","price_type":"flat_fee","image":0,"visibility":true}],"id":1723061768}],"acf":[],"yoast_head":"<!-- This site is optimized with the Yoast SEO plugin v25.1 - https:\/\/yoast.com\/wordpress\/plugins\/seo\/ -->\n<title>Mgr. Petra Ku\u0159\u00e1tkov\u00e1 - Helpery<\/title>\n<meta name=\"robots\" content=\"index, follow, max-snippet:-1, max-image-preview:large, max-video-preview:-1\" \/>\n<link rel=\"canonical\" href=\"https:\/\/www.helpery.sk\/konzultacie\/nutricne-poradenstvo\/mgr-petra-kuratkova\/\" \/>\n<meta property=\"og:locale\" content=\"en_US\" \/>\n<meta property=\"og:type\" content=\"article\" \/>\n<meta property=\"og:title\" content=\"Mgr. Petra Ku\u0159\u00e1tkov\u00e1 - Helpery\" \/>\n<meta property=\"og:description\" content=\"Senior consultant (Brno, Czech republic)  9 years of experience  Master Petra Ku\u0159\u00e1tkov\u00e1 is an experienced nutrition specialist with more than 6 years of experience. She has been working as a nutritional therapist in a private practice focused on preventive and curative nutrition for a long time and specializes in the nutrition of children from newborns to adolescents. She is also a specialist in maternal nutrition during pregnancy as well as in the postpartum and subsequent periods. Her main expert focus is nutritional disorders due to illness or behavior and subsequent dietary measures. He works as a non-medical health worker, i.e. based on medical examinations, evaluation of the food diary\/diet record and subjective difficulties of the client, he performs nutritional diagnosis, individually plans nutritional interventions with the aim of improving the health of the client, educates about dietary options and alternatives and compiles dietary plans tailored.   First consultation: 100 \u0404   Follow up: 85 \u0404\" \/>\n<meta property=\"og:url\" content=\"https:\/\/www.helpery.sk\/konzultacie\/nutricne-poradenstvo\/mgr-petra-kuratkova\/\" \/>\n<meta property=\"og:site_name\" content=\"Helpery\" \/>\n<meta property=\"article:modified_time\" content=\"2025-05-24T14:19:09+00:00\" \/>\n<meta property=\"og:image\" content=\"https:\/\/www.helpery.sk\/wp-content\/uploads\/2024\/06\/Foto-Kuratkova-1.jpeg\" \/>\n\t<meta property=\"og:image:width\" content=\"481\" \/>\n\t<meta property=\"og:image:height\" content=\"548\" \/>\n\t<meta property=\"og:image:type\" content=\"image\/jpeg\" \/>\n<meta name=\"twitter:card\" content=\"summary_large_image\" \/>\n<meta name=\"twitter:label1\" content=\"Est. reading time\" \/>\n\t<meta name=\"twitter:data1\" content=\"1 minute\" \/>\n<script type=\"application\/ld+json\" class=\"yoast-schema-graph\">{\"@context\":\"https:\/\/schema.org\",\"@graph\":[{\"@type\":\"WebPage\",\"@id\":\"https:\/\/www.helpery.sk\/konzultacie\/nutricne-poradenstvo\/mgr-petra-kuratkova\/\",\"url\":\"https:\/\/www.helpery.sk\/konzultacie\/nutricne-poradenstvo\/mgr-petra-kuratkova\/\",\"name\":\"Mgr. Petra Ku\u0159\u00e1tkov\u00e1 - Helpery\",\"isPartOf\":{\"@id\":\"https:\/\/www.helpery.sk\/en\/#website\"},\"primaryImageOfPage\":{\"@id\":\"https:\/\/www.helpery.sk\/konzultacie\/nutricne-poradenstvo\/mgr-petra-kuratkova\/#primaryimage\"},\"image\":{\"@id\":\"https:\/\/www.helpery.sk\/konzultacie\/nutricne-poradenstvo\/mgr-petra-kuratkova\/#primaryimage\"},\"thumbnailUrl\":\"https:\/\/www.helpery.sk\/wp-content\/uploads\/2024\/06\/Foto-Kuratkova-1.jpeg\",\"datePublished\":\"2024-06-27T14:05:50+00:00\",\"dateModified\":\"2025-05-24T14:19:09+00:00\",\"breadcrumb\":{\"@id\":\"https:\/\/www.helpery.sk\/konzultacie\/nutricne-poradenstvo\/mgr-petra-kuratkova\/#breadcrumb\"},\"inLanguage\":\"en-US\",\"potentialAction\":[{\"@type\":\"ReadAction\",\"target\":[\"https:\/\/www.helpery.sk\/konzultacie\/nutricne-poradenstvo\/mgr-petra-kuratkova\/\"]}]},{\"@type\":\"ImageObject\",\"inLanguage\":\"en-US\",\"@id\":\"https:\/\/www.helpery.sk\/konzultacie\/nutricne-poradenstvo\/mgr-petra-kuratkova\/#primaryimage\",\"url\":\"https:\/\/www.helpery.sk\/wp-content\/uploads\/2024\/06\/Foto-Kuratkova-1.jpeg\",\"contentUrl\":\"https:\/\/www.helpery.sk\/wp-content\/uploads\/2024\/06\/Foto-Kuratkova-1.jpeg\",\"width\":481,\"height\":548},{\"@type\":\"BreadcrumbList\",\"@id\":\"https:\/\/www.helpery.sk\/konzultacie\/nutricne-poradenstvo\/mgr-petra-kuratkova\/#breadcrumb\",\"itemListElement\":[{\"@type\":\"ListItem\",\"position\":1,\"name\":\"Domovsk\u00e1 str\u00e1nka\",\"item\":\"https:\/\/www.helpery.sk\/en\/\"},{\"@type\":\"ListItem\",\"position\":2,\"name\":\"Consultations\",\"item\":\"https:\/\/www.helpery.sk\/konzultacie\/\"},{\"@type\":\"ListItem\",\"position\":3,\"name\":\"Mgr. Petra Ku\u0159\u00e1tkov\u00e1\"}]},{\"@type\":\"WebSite\",\"@id\":\"https:\/\/www.helpery.sk\/en\/#website\",\"url\":\"https:\/\/www.helpery.sk\/en\/\",\"name\":\"Helpery\",\"description\":\"\",\"potentialAction\":[{\"@type\":\"SearchAction\",\"target\":{\"@type\":\"EntryPoint\",\"urlTemplate\":\"https:\/\/www.helpery.sk\/en\/?s={search_term_string}\"},\"query-input\":{\"@type\":\"PropertyValueSpecification\",\"valueRequired\":true,\"valueName\":\"search_term_string\"}}],\"inLanguage\":\"en-US\"}]}<\/script>\n<!-- \/ Yoast SEO plugin. -->","yoast_head_json":{"title":"Mgr. Petra Ku\u0159\u00e1tkov\u00e1 - Helpery","robots":{"index":"index","follow":"follow","max-snippet":"max-snippet:-1","max-image-preview":"max-image-preview:large","max-video-preview":"max-video-preview:-1"},"canonical":"https:\/\/www.helpery.sk\/konzultacie\/nutricne-poradenstvo\/mgr-petra-kuratkova\/","og_locale":"en_US","og_type":"article","og_title":"Mgr. Petra Ku\u0159\u00e1tkov\u00e1 - Helpery","og_description":"Senior consultant (Brno, Czech republic)  9 years of experience  Master Petra Ku\u0159\u00e1tkov\u00e1 is an experienced nutrition specialist with more than 6 years of experience. She has been working as a nutritional therapist in a private practice focused on preventive and curative nutrition for a long time and specializes in the nutrition of children from newborns to adolescents. She is also a specialist in maternal nutrition during pregnancy as well as in the postpartum and subsequent periods. Her main expert focus is nutritional disorders due to illness or behavior and subsequent dietary measures. He works as a non-medical health worker, i.e. based on medical examinations, evaluation of the food diary\/diet record and subjective difficulties of the client, he performs nutritional diagnosis, individually plans nutritional interventions with the aim of improving the health of the client, educates about dietary options and alternatives and compiles dietary plans tailored.   First consultation: 100 \u0404   Follow up: 85 \u0404","og_url":"https:\/\/www.helpery.sk\/konzultacie\/nutricne-poradenstvo\/mgr-petra-kuratkova\/","og_site_name":"Helpery","article_modified_time":"2025-05-24T14:19:09+00:00","og_image":[{"width":481,"height":548,"url":"https:\/\/www.helpery.sk\/wp-content\/uploads\/2024\/06\/Foto-Kuratkova-1.jpeg","type":"image\/jpeg"}],"twitter_card":"summary_large_image","twitter_misc":{"Est. reading time":"1 minute"},"schema":{"@context":"https:\/\/schema.org","@graph":[{"@type":"WebPage","@id":"https:\/\/www.helpery.sk\/konzultacie\/nutricne-poradenstvo\/mgr-petra-kuratkova\/","url":"https:\/\/www.helpery.sk\/konzultacie\/nutricne-poradenstvo\/mgr-petra-kuratkova\/","name":"Mgr. Petra Ku\u0159\u00e1tkov\u00e1 - Helpery","isPartOf":{"@id":"https:\/\/www.helpery.sk\/en\/#website"},"primaryImageOfPage":{"@id":"https:\/\/www.helpery.sk\/konzultacie\/nutricne-poradenstvo\/mgr-petra-kuratkova\/#primaryimage"},"image":{"@id":"https:\/\/www.helpery.sk\/konzultacie\/nutricne-poradenstvo\/mgr-petra-kuratkova\/#primaryimage"},"thumbnailUrl":"https:\/\/www.helpery.sk\/wp-content\/uploads\/2024\/06\/Foto-Kuratkova-1.jpeg","datePublished":"2024-06-27T14:05:50+00:00","dateModified":"2025-05-24T14:19:09+00:00","breadcrumb":{"@id":"https:\/\/www.helpery.sk\/konzultacie\/nutricne-poradenstvo\/mgr-petra-kuratkova\/#breadcrumb"},"inLanguage":"en-US","potentialAction":[{"@type":"ReadAction","target":["https:\/\/www.helpery.sk\/konzultacie\/nutricne-poradenstvo\/mgr-petra-kuratkova\/"]}]},{"@type":"ImageObject","inLanguage":"en-US","@id":"https:\/\/www.helpery.sk\/konzultacie\/nutricne-poradenstvo\/mgr-petra-kuratkova\/#primaryimage","url":"https:\/\/www.helpery.sk\/wp-content\/uploads\/2024\/06\/Foto-Kuratkova-1.jpeg","contentUrl":"https:\/\/www.helpery.sk\/wp-content\/uploads\/2024\/06\/Foto-Kuratkova-1.jpeg","width":481,"height":548},{"@type":"BreadcrumbList","@id":"https:\/\/www.helpery.sk\/konzultacie\/nutricne-poradenstvo\/mgr-petra-kuratkova\/#breadcrumb","itemListElement":[{"@type":"ListItem","position":1,"name":"Domovsk\u00e1 str\u00e1nka","item":"https:\/\/www.helpery.sk\/en\/"},{"@type":"ListItem","position":2,"name":"Consultations","item":"https:\/\/www.helpery.sk\/konzultacie\/"},{"@type":"ListItem","position":3,"name":"Mgr. Petra Ku\u0159\u00e1tkov\u00e1"}]},{"@type":"WebSite","@id":"https:\/\/www.helpery.sk\/en\/#website","url":"https:\/\/www.helpery.sk\/en\/","name":"Helpery","description":"","potentialAction":[{"@type":"SearchAction","target":{"@type":"EntryPoint","urlTemplate":"https:\/\/www.helpery.sk\/en\/?s={search_term_string}"},"query-input":{"@type":"PropertyValueSpecification","valueRequired":true,"valueName":"search_term_string"}}],"inLanguage":"en-US"}]}},"_links":{"self":[{"href":"https:\/\/www.helpery.sk\/en\/wp-json\/wp\/v2\/product\/15336","targetHints":{"allow":["GET"]}}],"collection":[{"href":"https:\/\/www.helpery.sk\/en\/wp-json\/wp\/v2\/product"}],"about":[{"href":"https:\/\/www.helpery.sk\/en\/wp-json\/wp\/v2\/types\/product"}],"replies":[{"embeddable":true,"href":"https:\/\/www.helpery.sk\/en\/wp-json\/wp\/v2\/comments?post=15336"}],"version-history":[{"count":4,"href":"https:\/\/www.helpery.sk\/en\/wp-json\/wp\/v2\/product\/15336\/revisions"}],"predecessor-version":[{"id":16584,"href":"https:\/\/www.helpery.sk\/en\/wp-json\/wp\/v2\/product\/15336\/revisions\/16584"}],"wp:featuredmedia":[{"embeddable":true,"href":"https:\/\/www.helpery.sk\/en\/wp-json\/wp\/v2\/media\/14975"}],"wp:attachment":[{"href":"https:\/\/www.helpery.sk\/en\/wp-json\/wp\/v2\/media?parent=15336"}],"wp:term":[{"taxonomy":"product_brand","embeddable":true,"href":"https:\/\/www.helpery.sk\/en\/wp-json\/wp\/v2\/product_brand?post=15336"},{"taxonomy":"product_cat","embeddable":true,"href":"https:\/\/www.helpery.sk\/en\/wp-json\/wp\/v2\/product_cat?post=15336"},{"taxonomy":"product_tag","embeddable":true,"href":"https:\/\/www.helpery.sk\/en\/wp-json\/wp\/v2\/product_tag?post=15336"}],"curies":[{"name":"wp","href":"https:\/\/api.w.org\/{rel}","templated":true}]}}