{"id":15338,"date":"2024-06-27T15:51:19","date_gmt":"2024-06-27T13:51:19","guid":{"rendered":"https:\/\/www.helpery.sk\/konzultacie\/uncategorized\/prof-mudr-robert-dankovcik-phd-mph\/"},"modified":"2026-02-09T15:45:05","modified_gmt":"2026-02-09T14:45:05","slug":"prof-mudr-robert-dankovcik-phd-mph","status":"publish","type":"product","link":"https:\/\/www.helpery.sk\/en\/konzultacie\/gynecology\/prof-mudr-robert-dankovcik-phd-mph\/","title":{"rendered":"Prof. MUDr. R\u00f3bert Dankov\u010d\u00edk, PhD, MPH"},"content":{"rendered":"<h5>Professional profile<\/h5>\n<p>Professor Dankov\u010d\u00edk is an experienced expert doctor in the medical field of Gynecology and Obstetrics, prenatal and expert gynecological ultrasonographic diagnostics, fetomaternal medicine and minimally invasive surgical laparoscopic treatment.<br \/>\nAfter completing his studies in general medicine at the Faculty of Medicine of the University of Pavel Jozef \u0160af\u00e1rik, he joined in 1992 as an assistant at the II. Gynecology and Obstetrics Clinic of the Faculty of Medicine UPJ\u0160 and UN L. Pasteur in Ko\u0161ice, later as an assistant professor, since 2010 as a docent and since 2017 as a university professor in the field of Gynecology and Obstetrics. From 2004 until now, he has been working in the position of deputy head of the Gynecology and Obstetrics Clinic.<br \/>\nProfessor Dankov\u010d\u00edk is a recognized expert in the field of ultrasound prenatal diagnosis of congenital developmental defects of the fetus. He is a pioneer in prenatal diagnosis in the first trimester and was the first in Slovakia to receive a certificate for diagnosis at the Fetal Medicine Foundation in London in 2001. Since 2008, he has been organizing multi-day intensive courses in gynecological-obstetrical sonography together with the Vienna International School of Ultrasound. He is the author of over 200 professional publications and 170 lectures in the field of prenatal sonography and fetomaternal medicine. In addition to professional clinical practice and teaching practice, he works in the private prenatal diagnosis center SonoClinic s.r.o. He is the scientific secretary of the Slovak Society for Ultrasound in Medicine, a member of the Slovak Gynecological Society SLS committee and a consultant of the \u00daDZS in the field of Gynecology and Obstetrics.<\/p>\n\n<h5>Work experience<\/h5>\n<p>Obstetrics and Gynecology Clinic, UPJ\u0160 University Hospital and L. Pasteur University Hospital, Ko\u0161ice<\/p>\n<p>Centrum prenatal diagnostics s.r.o., Ko\u0161ice<\/p>\n<p>SonoClinic s.r.o, Ko\u0161ice<\/p>\n\n<h5>Education<\/h5>\n<p>1995 \u2013 Specialization \u2013 Gynecology and Obstetrics, 1st degree<\/p>\n<p>2000 \u2013 Specialization \u2013 Gynecology and Obstetrics, II. degree<\/p>\n<p>2006 &#8211; Specialization &#8211; Ultrasound in gynecology and obstetrics<\/p>\n<p>2007 \u2013 Specialization \u2013 Maternal and fetal medicine<\/p>\n<p>2018 \u2013 Specialization \u2013 Healthcare Management and Financing<\/p>\n<p>1986 \u2013 Gymn\u00e1zium Gymn\u00e1zium Kov\u00e1\u010dska, Ko\u0161ice<\/p>\n<p>1992 \u2013 General Medicine &#8220;<em>MUDr<\/em>&#8220;, Faculty of Medicine, University of Pavel Jozef \u0160af\u00e1rik, Ko\u0161ice<\/p>\n<p>2004 &#8211; Scientific title &#8220;PhD&#8221; &#8211; Topic: <em>Integrating new markers into antenatal screening of chromosomal abnormalities <\/em><\/p>\n<p>2010 \u2013 Scientific and pedagogical title &#8220;<em>Docent<\/em>&#8221; in the field of Gynecology and Obstetrics<\/p>\n<p>2017 \u2013 Scientific and pedagogical title &#8220;<em>Professor<\/em>&#8221; in the field of Gynecology and Obstetrics<\/p>\n<p>2018 \u2013 Management degree &#8220;<em>MPH<\/em>&#8221; in the field of Public Health<\/p>\n\n<h5>Internship stays<\/h5>\n<p>2013 \u2013 Department of Fetal Ultrasound Diagnostics of the Heart, Department of Gynecology and Obstetrics, Jagiellonian University, Krakow, Poland<\/p>\n<p>2008 \u2013 \u00daPMD, Prague, Podol\u00ed, Czech Republic<\/p>\n<p>2007 \u2013 \u00daPMD, Praha, Podol\u00ed<\/p>\n<p>2006 \u2013 \u00daPMD, Praha, Podol\u00ed<\/p>\n<p>2005 \u2013 \u00daPMD, Praha, Podol\u00ed<\/p>\n<p>2005 \u2013 Gynecology and Obstetrics Department, Vy\u0161kov Hospital, Prague, Czech Republic<\/p>\n<p>2004 \u2013 Department of Gynecology and Obstetrics, FN Motol, Prague, Czech Republic<\/p>\n<p>1995 \u2013 Department of Gynecology and Obstetrics, Clinique de Saint Charles, La Roche sur Yon, France<\/p>\n\n<h5>Membership in professional societies and councils<\/h5>\n<p>Slovak Medical Society (SLS)<\/p>\n<p>Slovak Medical Chamber (SLK)<\/p>\n<p>Slovak Gynecological and Obstetrical Society (SGPS) \u2013 committee member<\/p>\n<p>Slovak Society for Ultrasound in Medicine (SSUM) \u2013 scientific secretary<\/p>\n<p>International Society of Ultrasound in Obstetrics and Gynecology (ISUOG)<\/p>\n\n<h5>Membership in editorial boards of magazines<\/h5>\n<p>No<\/p>\n\n<h5>Scientific research activity<\/h5>\n<p>Hirsh-Index: 5<br \/>\nInternational publications: 21<\/p>\n<p>(Pubmed Library, USA; <a href=\"https:\/\/pubmed.ncbi.nlm.nih.gov\/?term=dankovcik+r\" target=\"_blank\" rel=\"noopener\">https:\/\/pubmed.ncbi.nlm.nih.gov\/?term=dankovcik+r<\/a>)<\/p>\n<p>Number of citations: 108<br \/>\n(Scopus database: <a href=\"https:\/\/www.scopus.com\/authid\/detail.uri?authorId=23037817400\" target=\"_blank\" rel=\"noopener\">https:\/\/www.scopus.com\/authid\/detail.uri?authorId=23037817400<\/a>)<\/p>\n\n<h5>Pedagogical activity<\/h5>\n<p>1992 \u2013 ongoing<br \/>\nObstetrics and Gynecology Clinic, Faculty of Medicine UPJ\u0160 and L. Pasteur University Hospital, Ko\u0161ice (assistant, assistant professor, docent, professor)<\/p>\n\n<h5>Language<\/h5>\n<p>Active: Slovak, English, Russian<\/p>\n<p>Passive: French<\/p>\n\n<h5>Web Links<\/h5>\n<p><a href=\"https:\/\/www.kosice.sonoclinic.sk\">www.kosice.sonoclinic.sk<\/a><\/p>\n\n","protected":false},"excerpt":{"rendered":"<p><img decoding=\"async\" class=\"\" src=\"https:\/\/www.helpery.sk\/wp-content\/uploads\/2023\/02\/Slovakia_Flag.png\" width=\"32\" height=\"32\" \/> <img decoding=\"async\" class=\"\" src=\"https:\/\/www.helpery.sk\/wp-content\/uploads\/2023\/02\/UK_Flag.png\" width=\"32\" height=\"32\" \/> <img decoding=\"async\" class=\"\" src=\"https:\/\/www.helpery.sk\/wp-content\/uploads\/2023\/02\/Russia_Flag.png\" width=\"32\" height=\"32\" \/><\/p>\n<p><b> Senior consultant (Kosice, Slovakia)<\/b><\/p>\n<p>33 years of experience<\/p>\n<p>Professor Dankov\u010d\u00edk is a renowned gynecologist, obstetrician and sonographer with more than 30 years of experience. His main expert focus is prenatal ultrasound diagnostics (focused mainly on VVCH of the heart and brain), expert gynecological ultrasonographic diagnostics, fetomaternal medicine and minimally invasive surgical laparoscopic treatment.<\/p>\n<p> \t<strong style=\"color:#56698F;\">First consultation: 150 \u0404 <\/strong><br \/>\n \t<strong style=\"color:#56698F;\">Follow up: 130 \u0404 <\/strong><\/p>\n","protected":false},"featured_media":14973,"comment_status":"closed","ping_status":"closed","template":"","meta":{"_acf_changed":false,"ep_exclude_from_search":false},"product_brand":[],"product_cat":[643,669],"product_tag":[841,842,843,844,851,845,846,839,847,840,810,811,848,849,850,852],"class_list":{"0":"post-15338","1":"product","2":"type-product","3":"status-publish","4":"has-post-thumbnail","6":"product_cat-gynecology","7":"product_cat-obstetrics","8":"product_tag-3d-4d-ultrasound","9":"product_tag-amniocentesis","10":"product_tag-biopsy-of-the-placenta","11":"product_tag-chromosomal-disorders-of-the-fetus","12":"product_tag-congenital-developmental-defects-of-the-fetus","13":"product_tag-expert-ultrasonographic-diagnostics","14":"product_tag-feto-maternal-medicine","15":"product_tag-general-gynecology","16":"product_tag-gynecological-ultrasound","17":"product_tag-gynecology","18":"product_tag-hysteroscopy","19":"product_tag-laparoscopy","20":"product_tag-minimally-invasive-surgical-treatment","21":"product_tag-nipt-diagnostics","22":"product_tag-prenatal-ultrasound","23":"product_tag-vvch-of-the-fetal-heart-and-brain","25":"first","26":"instock","27":"virtual","28":"taxable","29":"purchasable","30":"product-type-appointment"},"exclude_global_add_ons":false,"addons":[{"name":"Service","type":"multiple_choice","position":0,"required":true,"title_format":"label","default":"","description_enable":false,"description":"","placeholder_enable":false,"placeholder":"","display":"select","restrictions_type":"any_text","adjust_price":false,"price":"","price_type":"flat_fee","restrictions":false,"min":"0","max":"0","options":[{"label":"Telephone consultation","price":"","price_type":"flat_fee","image":0,"visibility":true},{"label":"Elaboration of a written assessment","price":"","price_type":"flat_fee","image":0,"visibility":true}],"id":1723061878}],"acf":[],"yoast_head":"<!-- This site is optimized with the Yoast SEO plugin v25.1 - https:\/\/yoast.com\/wordpress\/plugins\/seo\/ -->\n<title>Prof. MUDr. R\u00f3bert Dankov\u010d\u00edk, PhD, MPH - Helpery<\/title>\n<meta name=\"robots\" content=\"index, follow, max-snippet:-1, max-image-preview:large, max-video-preview:-1\" \/>\n<link rel=\"canonical\" href=\"https:\/\/www.helpery.sk\/en\/konzultacie\/gynecology\/prof-mudr-robert-dankovcik-phd-mph\/\" \/>\n<meta property=\"og:locale\" content=\"en_US\" \/>\n<meta property=\"og:type\" content=\"article\" \/>\n<meta property=\"og:title\" content=\"Prof. MUDr. R\u00f3bert Dankov\u010d\u00edk, PhD, MPH - Helpery\" \/>\n<meta property=\"og:description\" content=\"Senior consultant (Kosice, Slovakia)  33 years of experience  Professor Dankov\u010d\u00edk is a renowned gynecologist, obstetrician and sonographer with more than 30 years of experience. His main expert focus is prenatal ultrasound diagnostics (focused mainly on VVCH of the heart and brain), expert gynecological ultrasonographic diagnostics, fetomaternal medicine and minimally invasive surgical laparoscopic treatment.   First consultation: 150 \u0404   Follow up: 130 \u0404\" \/>\n<meta property=\"og:url\" content=\"https:\/\/www.helpery.sk\/en\/konzultacie\/gynecology\/prof-mudr-robert-dankovcik-phd-mph\/\" \/>\n<meta property=\"og:site_name\" content=\"Helpery\" \/>\n<meta property=\"article:modified_time\" content=\"2026-02-09T14:45:05+00:00\" \/>\n<meta property=\"og:image\" content=\"https:\/\/www.helpery.sk\/wp-content\/uploads\/2024\/06\/Robert-Dankovcik-1.jpg\" \/>\n\t<meta property=\"og:image:width\" content=\"518\" \/>\n\t<meta property=\"og:image:height\" content=\"631\" \/>\n\t<meta property=\"og:image:type\" content=\"image\/jpeg\" \/>\n<meta name=\"twitter:card\" content=\"summary_large_image\" \/>\n<meta name=\"twitter:label1\" content=\"Est. reading time\" \/>\n\t<meta name=\"twitter:data1\" content=\"1 minute\" \/>\n<script type=\"application\/ld+json\" class=\"yoast-schema-graph\">{\"@context\":\"https:\/\/schema.org\",\"@graph\":[{\"@type\":\"WebPage\",\"@id\":\"https:\/\/www.helpery.sk\/en\/konzultacie\/gynecology\/prof-mudr-robert-dankovcik-phd-mph\/\",\"url\":\"https:\/\/www.helpery.sk\/en\/konzultacie\/gynecology\/prof-mudr-robert-dankovcik-phd-mph\/\",\"name\":\"Prof. MUDr. R\u00f3bert Dankov\u010d\u00edk, PhD, MPH - Helpery\",\"isPartOf\":{\"@id\":\"https:\/\/www.helpery.sk\/en\/#website\"},\"primaryImageOfPage\":{\"@id\":\"https:\/\/www.helpery.sk\/en\/konzultacie\/gynecology\/prof-mudr-robert-dankovcik-phd-mph\/#primaryimage\"},\"image\":{\"@id\":\"https:\/\/www.helpery.sk\/en\/konzultacie\/gynecology\/prof-mudr-robert-dankovcik-phd-mph\/#primaryimage\"},\"thumbnailUrl\":\"https:\/\/www.helpery.sk\/wp-content\/uploads\/2024\/06\/Robert-Dankovcik-1.jpg\",\"datePublished\":\"2024-06-27T13:51:19+00:00\",\"dateModified\":\"2026-02-09T14:45:05+00:00\",\"breadcrumb\":{\"@id\":\"https:\/\/www.helpery.sk\/en\/konzultacie\/gynecology\/prof-mudr-robert-dankovcik-phd-mph\/#breadcrumb\"},\"inLanguage\":\"en-US\",\"potentialAction\":[{\"@type\":\"ReadAction\",\"target\":[\"https:\/\/www.helpery.sk\/en\/konzultacie\/gynecology\/prof-mudr-robert-dankovcik-phd-mph\/\"]}]},{\"@type\":\"ImageObject\",\"inLanguage\":\"en-US\",\"@id\":\"https:\/\/www.helpery.sk\/en\/konzultacie\/gynecology\/prof-mudr-robert-dankovcik-phd-mph\/#primaryimage\",\"url\":\"https:\/\/www.helpery.sk\/wp-content\/uploads\/2024\/06\/Robert-Dankovcik-1.jpg\",\"contentUrl\":\"https:\/\/www.helpery.sk\/wp-content\/uploads\/2024\/06\/Robert-Dankovcik-1.jpg\",\"width\":518,\"height\":631},{\"@type\":\"BreadcrumbList\",\"@id\":\"https:\/\/www.helpery.sk\/en\/konzultacie\/gynecology\/prof-mudr-robert-dankovcik-phd-mph\/#breadcrumb\",\"itemListElement\":[{\"@type\":\"ListItem\",\"position\":1,\"name\":\"Domovsk\u00e1 str\u00e1nka\",\"item\":\"https:\/\/www.helpery.sk\/en\/\"},{\"@type\":\"ListItem\",\"position\":2,\"name\":\"Consultations\",\"item\":\"https:\/\/www.helpery.sk\/konzultacie\/\"},{\"@type\":\"ListItem\",\"position\":3,\"name\":\"Prof. MUDr. R\u00f3bert Dankov\u010d\u00edk, PhD, MPH\"}]},{\"@type\":\"WebSite\",\"@id\":\"https:\/\/www.helpery.sk\/en\/#website\",\"url\":\"https:\/\/www.helpery.sk\/en\/\",\"name\":\"Helpery\",\"description\":\"\",\"potentialAction\":[{\"@type\":\"SearchAction\",\"target\":{\"@type\":\"EntryPoint\",\"urlTemplate\":\"https:\/\/www.helpery.sk\/en\/?s={search_term_string}\"},\"query-input\":{\"@type\":\"PropertyValueSpecification\",\"valueRequired\":true,\"valueName\":\"search_term_string\"}}],\"inLanguage\":\"en-US\"}]}<\/script>\n<!-- \/ Yoast SEO plugin. -->","yoast_head_json":{"title":"Prof. MUDr. R\u00f3bert Dankov\u010d\u00edk, PhD, MPH - Helpery","robots":{"index":"index","follow":"follow","max-snippet":"max-snippet:-1","max-image-preview":"max-image-preview:large","max-video-preview":"max-video-preview:-1"},"canonical":"https:\/\/www.helpery.sk\/en\/konzultacie\/gynecology\/prof-mudr-robert-dankovcik-phd-mph\/","og_locale":"en_US","og_type":"article","og_title":"Prof. MUDr. R\u00f3bert Dankov\u010d\u00edk, PhD, MPH - Helpery","og_description":"Senior consultant (Kosice, Slovakia)  33 years of experience  Professor Dankov\u010d\u00edk is a renowned gynecologist, obstetrician and sonographer with more than 30 years of experience. His main expert focus is prenatal ultrasound diagnostics (focused mainly on VVCH of the heart and brain), expert gynecological ultrasonographic diagnostics, fetomaternal medicine and minimally invasive surgical laparoscopic treatment.   First consultation: 150 \u0404   Follow up: 130 \u0404","og_url":"https:\/\/www.helpery.sk\/en\/konzultacie\/gynecology\/prof-mudr-robert-dankovcik-phd-mph\/","og_site_name":"Helpery","article_modified_time":"2026-02-09T14:45:05+00:00","og_image":[{"width":518,"height":631,"url":"https:\/\/www.helpery.sk\/wp-content\/uploads\/2024\/06\/Robert-Dankovcik-1.jpg","type":"image\/jpeg"}],"twitter_card":"summary_large_image","twitter_misc":{"Est. reading time":"1 minute"},"schema":{"@context":"https:\/\/schema.org","@graph":[{"@type":"WebPage","@id":"https:\/\/www.helpery.sk\/en\/konzultacie\/gynecology\/prof-mudr-robert-dankovcik-phd-mph\/","url":"https:\/\/www.helpery.sk\/en\/konzultacie\/gynecology\/prof-mudr-robert-dankovcik-phd-mph\/","name":"Prof. MUDr. R\u00f3bert Dankov\u010d\u00edk, PhD, MPH - Helpery","isPartOf":{"@id":"https:\/\/www.helpery.sk\/en\/#website"},"primaryImageOfPage":{"@id":"https:\/\/www.helpery.sk\/en\/konzultacie\/gynecology\/prof-mudr-robert-dankovcik-phd-mph\/#primaryimage"},"image":{"@id":"https:\/\/www.helpery.sk\/en\/konzultacie\/gynecology\/prof-mudr-robert-dankovcik-phd-mph\/#primaryimage"},"thumbnailUrl":"https:\/\/www.helpery.sk\/wp-content\/uploads\/2024\/06\/Robert-Dankovcik-1.jpg","datePublished":"2024-06-27T13:51:19+00:00","dateModified":"2026-02-09T14:45:05+00:00","breadcrumb":{"@id":"https:\/\/www.helpery.sk\/en\/konzultacie\/gynecology\/prof-mudr-robert-dankovcik-phd-mph\/#breadcrumb"},"inLanguage":"en-US","potentialAction":[{"@type":"ReadAction","target":["https:\/\/www.helpery.sk\/en\/konzultacie\/gynecology\/prof-mudr-robert-dankovcik-phd-mph\/"]}]},{"@type":"ImageObject","inLanguage":"en-US","@id":"https:\/\/www.helpery.sk\/en\/konzultacie\/gynecology\/prof-mudr-robert-dankovcik-phd-mph\/#primaryimage","url":"https:\/\/www.helpery.sk\/wp-content\/uploads\/2024\/06\/Robert-Dankovcik-1.jpg","contentUrl":"https:\/\/www.helpery.sk\/wp-content\/uploads\/2024\/06\/Robert-Dankovcik-1.jpg","width":518,"height":631},{"@type":"BreadcrumbList","@id":"https:\/\/www.helpery.sk\/en\/konzultacie\/gynecology\/prof-mudr-robert-dankovcik-phd-mph\/#breadcrumb","itemListElement":[{"@type":"ListItem","position":1,"name":"Domovsk\u00e1 str\u00e1nka","item":"https:\/\/www.helpery.sk\/en\/"},{"@type":"ListItem","position":2,"name":"Consultations","item":"https:\/\/www.helpery.sk\/konzultacie\/"},{"@type":"ListItem","position":3,"name":"Prof. MUDr. R\u00f3bert Dankov\u010d\u00edk, PhD, MPH"}]},{"@type":"WebSite","@id":"https:\/\/www.helpery.sk\/en\/#website","url":"https:\/\/www.helpery.sk\/en\/","name":"Helpery","description":"","potentialAction":[{"@type":"SearchAction","target":{"@type":"EntryPoint","urlTemplate":"https:\/\/www.helpery.sk\/en\/?s={search_term_string}"},"query-input":{"@type":"PropertyValueSpecification","valueRequired":true,"valueName":"search_term_string"}}],"inLanguage":"en-US"}]}},"_links":{"self":[{"href":"https:\/\/www.helpery.sk\/en\/wp-json\/wp\/v2\/product\/15338","targetHints":{"allow":["GET"]}}],"collection":[{"href":"https:\/\/www.helpery.sk\/en\/wp-json\/wp\/v2\/product"}],"about":[{"href":"https:\/\/www.helpery.sk\/en\/wp-json\/wp\/v2\/types\/product"}],"replies":[{"embeddable":true,"href":"https:\/\/www.helpery.sk\/en\/wp-json\/wp\/v2\/comments?post=15338"}],"version-history":[{"count":6,"href":"https:\/\/www.helpery.sk\/en\/wp-json\/wp\/v2\/product\/15338\/revisions"}],"predecessor-version":[{"id":17492,"href":"https:\/\/www.helpery.sk\/en\/wp-json\/wp\/v2\/product\/15338\/revisions\/17492"}],"wp:featuredmedia":[{"embeddable":true,"href":"https:\/\/www.helpery.sk\/en\/wp-json\/wp\/v2\/media\/14973"}],"wp:attachment":[{"href":"https:\/\/www.helpery.sk\/en\/wp-json\/wp\/v2\/media?parent=15338"}],"wp:term":[{"taxonomy":"product_brand","embeddable":true,"href":"https:\/\/www.helpery.sk\/en\/wp-json\/wp\/v2\/product_brand?post=15338"},{"taxonomy":"product_cat","embeddable":true,"href":"https:\/\/www.helpery.sk\/en\/wp-json\/wp\/v2\/product_cat?post=15338"},{"taxonomy":"product_tag","embeddable":true,"href":"https:\/\/www.helpery.sk\/en\/wp-json\/wp\/v2\/product_tag?post=15338"}],"curies":[{"name":"wp","href":"https:\/\/api.w.org\/{rel}","templated":true}]}}