{"id":15341,"date":"2024-06-27T15:51:19","date_gmt":"2024-06-27T13:51:19","guid":{"rendered":"https:\/\/www.helpery.sk\/konzultacie\/uncategorized\/mudr-anna-vachulova-phd\/"},"modified":"2025-05-24T16:25:54","modified_gmt":"2025-05-24T14:25:54","slug":"mudr-anna-vachulova-phd","status":"publish","type":"product","link":"https:\/\/www.helpery.sk\/en\/konzultacie\/cardiology\/mudr-anna-vachulova-phd\/","title":{"rendered":"MUDr. Anna Vachulov\u00e1, PhD"},"content":{"rendered":"<h5>Professional profile<\/h5>\n<p>Dr. Anna Vachulov\u00e1 is a renowned cardiologist, heart failure specialist, arrhythmologist, internist and president of the Slovak Society of Hypertension. The doctor completed her undergraduate and doctoral studies at the Faculty of Medicine of the Comenius University in Bratislava. She completed her professional beginnings at the Department of Anesthesiology and Intensive Care Medicine at N\u00daSCH a.s. Bratislava, later on II. Internal Clinic of LF\u00daK and UNB Bratislava, Department of Arrhythmias and Cardiostimulation N\u00daSCH a.s.<br \/>\nHe currently works at the Department of Heart Failure and Transplantation at N\u00daSCH a.s. She specialized in internal medicine and cardiology at the Slovak Medical University in Bratislava. In the years 2014-2015, she completed a specialization course, which culminated in the Certificate of Advanced Studies at the University of Zurich in Heart Failure, in cooperation with the European Society of Cardiology and the Heart Failure Association.<br \/>\nIn his field, he focuses primarily on the issue of heart failure, not only pharmacological treatment, but also electroimpulse therapy, arrhythmias, especially atrial fibrillation, anticoagulant treatment, intensive care medicine and arterial hypertension. The doctor is a member of several European cardiology societies.<\/p>\n\n<h5>Work experience<\/h5>\n<p>Department of Arrhythmias and Cardiostimulation, N\u00daSCH a.s., Bratislava<\/p>\n<p>Department of Heart Failure and Transplantation, N\u00daSCH a.s., Bratislava,<\/p>\n<p>Department of Anesthesiology and Intensive Medicine, N\u00daSCH a.s., Bratislava<\/p>\n<p>Cardiology Clinic LFUK and UNB, Bratislava<\/p>\n<p>II. Internal clinic of LFUK and UNB, Bratislava<\/p>\n\n<h5>Education<\/h5>\n<p>2002 \u2013 Specialization \u2013 Internal medicine<\/p>\n<p>2010 \u2013 Specialization \u2013 Cardiology<\/p>\n<p>2015 &#8211; Certification &#8211; Heart Failure<\/p>\n<p>2005 \u2013 Certification \u2013 Clinical testing of medicines<\/p>\n<p>1997 \u2013 &#8220;<em>MUDr<\/em>&#8221; General Medicine, Faculty of Medicine, Comenius University, Bratislava<\/p>\n<p>1991 \u2013 Jura Hronac High School, Bratislava<\/p>\n<p>2006 &#8211; Scientific title &#8220;<em>PhD<\/em>&#8221; &#8211; Topic: <em>24-hour blood pressure monitoring, blood pressure variability and antihypertensive treatment<\/em><\/p>\n\n<h5>Internship stays<\/h5>\n<p>1995 \u2013 Universita degli studi di Napoli, School of Medicine, Naples, Italy<\/p>\n<p>1996 \u2013 Dpt. of Gynecology and Obstetrics, Chulalongkorn University, Bangkok, Thailand<\/p>\n<p>2006 \u2013 European Society of Hypertension Summer School<\/p>\n<p>2007 \u2013 Salzburg Columbia Seminar in Internal Medicine<\/p>\n\n<h5>Membership in professional societies and councils<\/h5>\n<p>Slovak Cardiology Society (SKS), (2018-2021, 2021-2023 &#8211; committee member, 2015-2018 member of the control committee)<\/p>\n<p>Slovak Association of Cardiac Arrhythmias (SASA), (2019-2023 &#8211; member of the review committee)<\/p>\n<p>Slovak Hypertensive Society (SHS), (2020-2024 committee president, 2016-2020 committee member, 2015-<br \/>\n2016 member of the Supervisory Board)<\/p>\n<p>Slovak Medical Society (SLS)<\/p>\n<p>European Society of Cardiology (ESC)<\/p>\n<p>Heart failure association (HFA)<\/p>\n<p>European Heart Rate Association (EHRA)<\/p>\n\n<h5>Membership in editorial boards of magazines<\/h5>\n<p>No<\/p>\n\n<h5>Scientific research activity<\/h5>\n<p>Hirsh index: 5<br \/>\nInternational publications:<br \/>\n(Pubmed Library USA: <a href=\"https:\/\/pubmed.ncbi.nlm.nih.gov\/?term=vachulova+a\" target=\"_blank\" rel=\"noopener\">https:\/\/pubmed.ncbi.nlm.nih.gov\/?term=vachulova+a<\/a>)<\/p>\n<p>Number of citations: 51<br \/>\n(Scopus database: <a href=\"https:\/\/www.scopus.com\/authid\/detail.uri?authorId=8360432600\" target=\"_blank\" rel=\"noopener\">https:\/\/www.scopus.com\/authid\/detail.uri?authorId=8360432600<\/a>)<\/p>\n\n<h5>Pedagogical activity<\/h5>\n<p>2020 \u2013 ongoing Department of Cardiology, Faculty of Medicine, UK and UNB, Bratislava (professional assistant)<\/p>\n\n<h5>Language<\/h5>\n<p>Active: Slovak, English, Italian<\/p>\n<p>Passive: German, Russian<\/p>\n\n<h5>Web Links<\/h5>\n\n","protected":false},"excerpt":{"rendered":"<p><img decoding=\"async\" class=\"\" src=\"https:\/\/www.helpery.sk\/wp-content\/uploads\/2023\/02\/Slovakia_Flag.png\" width=\"32\" height=\"32\" \/><\/p>\n<p><b>Senior consultant (Bratislava, Slovakia)<\/b><\/p>\n<p>28 years of experience<\/p>\n<p>Dr. Anna Vachulov\u00e1 is a renowned cardiologist with more than 25 years of experience. He deals with cardiology in its entirety. Her main expert focus is the diagnosis and management of heart failure, arterial hypertension and cardiac arrhythmias.<\/p>\n<ul>\n \t<strong style=\"color:#56698F;\">First consultation: 130 \u0404 <\/strong><br \/>\n \t<strong style=\"color:#56698F;\">Follow up: 110 \u0404 <\/strong>\n<\/ul>\n","protected":false},"featured_media":14970,"comment_status":"closed","ping_status":"closed","template":"","meta":{"_acf_changed":false,"ep_exclude_from_search":false},"product_brand":[],"product_cat":[653,679],"product_tag":[877,876,878,879,882,880,881],"class_list":{"0":"post-15341","1":"product","2":"type-product","3":"status-publish","4":"has-post-thumbnail","6":"product_cat-cardiology","7":"product_cat-internal-medicine","8":"product_tag-arrhythmias","9":"product_tag-arterial-hypertension","10":"product_tag-diagnosis-and-management-of-arrhythmias","11":"product_tag-electroimpulse-therapy-of-heart-failure","12":"product_tag-heart-failure","13":"product_tag-management-of-anticoagulation-therapy","14":"product_tag-preventive-cardiology","16":"first","17":"instock","18":"virtual","19":"taxable","20":"purchasable","21":"product-type-appointment"},"exclude_global_add_ons":false,"addons":[{"name":"Service","type":"multiple_choice","position":0,"required":true,"title_format":"label","default":"","description_enable":false,"description":"","placeholder_enable":false,"placeholder":"","display":"select","restrictions_type":"any_text","adjust_price":false,"price":"","price_type":"flat_fee","restrictions":false,"min":"0","max":"0","options":[{"label":"Telephone consultation","price":"","price_type":"flat_fee","image":0,"visibility":true},{"label":"Elaboration of a written assessment","price":"","price_type":"flat_fee","image":0,"visibility":true}],"id":1723062456}],"acf":[],"yoast_head":"<!-- This site is optimized with the Yoast SEO plugin v25.1 - https:\/\/yoast.com\/wordpress\/plugins\/seo\/ -->\n<title>MUDr. Anna Vachulov\u00e1, PhD - Helpery<\/title>\n<meta name=\"robots\" content=\"index, follow, max-snippet:-1, max-image-preview:large, max-video-preview:-1\" \/>\n<link rel=\"canonical\" href=\"https:\/\/www.helpery.sk\/konzultacie\/vnutorne-lekarstvo\/mudr-anna-vachulova-phd\/\" \/>\n<meta property=\"og:locale\" content=\"en_US\" \/>\n<meta property=\"og:type\" content=\"article\" \/>\n<meta property=\"og:title\" content=\"MUDr. Anna Vachulov\u00e1, PhD - Helpery\" \/>\n<meta property=\"og:description\" content=\"Senior consultant (Bratislava, Slovakia)  28 years of experience  Dr. Anna Vachulov\u00e1 is a renowned cardiologist with more than 25 years of experience. He deals with cardiology in its entirety. Her main expert focus is the diagnosis and management of heart failure, arterial hypertension and cardiac arrhythmias.   First consultation: 130 \u0404   Follow up: 110 \u0404\" \/>\n<meta property=\"og:url\" content=\"https:\/\/www.helpery.sk\/konzultacie\/vnutorne-lekarstvo\/mudr-anna-vachulova-phd\/\" \/>\n<meta property=\"og:site_name\" content=\"Helpery\" \/>\n<meta property=\"article:modified_time\" content=\"2025-05-24T14:25:54+00:00\" \/>\n<meta property=\"og:image\" content=\"https:\/\/www.helpery.sk\/wp-content\/uploads\/2024\/06\/Anna_Vachulova_r-1.jpg\" \/>\n\t<meta property=\"og:image:width\" content=\"400\" \/>\n\t<meta property=\"og:image:height\" content=\"600\" \/>\n\t<meta property=\"og:image:type\" content=\"image\/jpeg\" \/>\n<meta name=\"twitter:card\" content=\"summary_large_image\" \/>\n<meta name=\"twitter:label1\" content=\"Est. reading time\" \/>\n\t<meta name=\"twitter:data1\" content=\"1 minute\" \/>\n<script type=\"application\/ld+json\" class=\"yoast-schema-graph\">{\"@context\":\"https:\/\/schema.org\",\"@graph\":[{\"@type\":\"WebPage\",\"@id\":\"https:\/\/www.helpery.sk\/konzultacie\/vnutorne-lekarstvo\/mudr-anna-vachulova-phd\/\",\"url\":\"https:\/\/www.helpery.sk\/konzultacie\/vnutorne-lekarstvo\/mudr-anna-vachulova-phd\/\",\"name\":\"MUDr. Anna Vachulov\u00e1, PhD - Helpery\",\"isPartOf\":{\"@id\":\"https:\/\/www.helpery.sk\/en\/#website\"},\"primaryImageOfPage\":{\"@id\":\"https:\/\/www.helpery.sk\/konzultacie\/vnutorne-lekarstvo\/mudr-anna-vachulova-phd\/#primaryimage\"},\"image\":{\"@id\":\"https:\/\/www.helpery.sk\/konzultacie\/vnutorne-lekarstvo\/mudr-anna-vachulova-phd\/#primaryimage\"},\"thumbnailUrl\":\"https:\/\/www.helpery.sk\/wp-content\/uploads\/2024\/06\/Anna_Vachulova_r-1.jpg\",\"datePublished\":\"2024-06-27T13:51:19+00:00\",\"dateModified\":\"2025-05-24T14:25:54+00:00\",\"breadcrumb\":{\"@id\":\"https:\/\/www.helpery.sk\/konzultacie\/vnutorne-lekarstvo\/mudr-anna-vachulova-phd\/#breadcrumb\"},\"inLanguage\":\"en-US\",\"potentialAction\":[{\"@type\":\"ReadAction\",\"target\":[\"https:\/\/www.helpery.sk\/konzultacie\/vnutorne-lekarstvo\/mudr-anna-vachulova-phd\/\"]}]},{\"@type\":\"ImageObject\",\"inLanguage\":\"en-US\",\"@id\":\"https:\/\/www.helpery.sk\/konzultacie\/vnutorne-lekarstvo\/mudr-anna-vachulova-phd\/#primaryimage\",\"url\":\"https:\/\/www.helpery.sk\/wp-content\/uploads\/2024\/06\/Anna_Vachulova_r-1.jpg\",\"contentUrl\":\"https:\/\/www.helpery.sk\/wp-content\/uploads\/2024\/06\/Anna_Vachulova_r-1.jpg\",\"width\":400,\"height\":600},{\"@type\":\"BreadcrumbList\",\"@id\":\"https:\/\/www.helpery.sk\/konzultacie\/vnutorne-lekarstvo\/mudr-anna-vachulova-phd\/#breadcrumb\",\"itemListElement\":[{\"@type\":\"ListItem\",\"position\":1,\"name\":\"Domovsk\u00e1 str\u00e1nka\",\"item\":\"https:\/\/www.helpery.sk\/en\/\"},{\"@type\":\"ListItem\",\"position\":2,\"name\":\"Consultations\",\"item\":\"https:\/\/www.helpery.sk\/konzultacie\/\"},{\"@type\":\"ListItem\",\"position\":3,\"name\":\"MUDr. Anna Vachulov\u00e1, PhD\"}]},{\"@type\":\"WebSite\",\"@id\":\"https:\/\/www.helpery.sk\/en\/#website\",\"url\":\"https:\/\/www.helpery.sk\/en\/\",\"name\":\"Helpery\",\"description\":\"\",\"potentialAction\":[{\"@type\":\"SearchAction\",\"target\":{\"@type\":\"EntryPoint\",\"urlTemplate\":\"https:\/\/www.helpery.sk\/en\/?s={search_term_string}\"},\"query-input\":{\"@type\":\"PropertyValueSpecification\",\"valueRequired\":true,\"valueName\":\"search_term_string\"}}],\"inLanguage\":\"en-US\"}]}<\/script>\n<!-- \/ Yoast SEO plugin. -->","yoast_head_json":{"title":"MUDr. Anna Vachulov\u00e1, PhD - Helpery","robots":{"index":"index","follow":"follow","max-snippet":"max-snippet:-1","max-image-preview":"max-image-preview:large","max-video-preview":"max-video-preview:-1"},"canonical":"https:\/\/www.helpery.sk\/konzultacie\/vnutorne-lekarstvo\/mudr-anna-vachulova-phd\/","og_locale":"en_US","og_type":"article","og_title":"MUDr. Anna Vachulov\u00e1, PhD - Helpery","og_description":"Senior consultant (Bratislava, Slovakia)  28 years of experience  Dr. Anna Vachulov\u00e1 is a renowned cardiologist with more than 25 years of experience. He deals with cardiology in its entirety. Her main expert focus is the diagnosis and management of heart failure, arterial hypertension and cardiac arrhythmias.   First consultation: 130 \u0404   Follow up: 110 \u0404","og_url":"https:\/\/www.helpery.sk\/konzultacie\/vnutorne-lekarstvo\/mudr-anna-vachulova-phd\/","og_site_name":"Helpery","article_modified_time":"2025-05-24T14:25:54+00:00","og_image":[{"width":400,"height":600,"url":"https:\/\/www.helpery.sk\/wp-content\/uploads\/2024\/06\/Anna_Vachulova_r-1.jpg","type":"image\/jpeg"}],"twitter_card":"summary_large_image","twitter_misc":{"Est. reading time":"1 minute"},"schema":{"@context":"https:\/\/schema.org","@graph":[{"@type":"WebPage","@id":"https:\/\/www.helpery.sk\/konzultacie\/vnutorne-lekarstvo\/mudr-anna-vachulova-phd\/","url":"https:\/\/www.helpery.sk\/konzultacie\/vnutorne-lekarstvo\/mudr-anna-vachulova-phd\/","name":"MUDr. Anna Vachulov\u00e1, PhD - Helpery","isPartOf":{"@id":"https:\/\/www.helpery.sk\/en\/#website"},"primaryImageOfPage":{"@id":"https:\/\/www.helpery.sk\/konzultacie\/vnutorne-lekarstvo\/mudr-anna-vachulova-phd\/#primaryimage"},"image":{"@id":"https:\/\/www.helpery.sk\/konzultacie\/vnutorne-lekarstvo\/mudr-anna-vachulova-phd\/#primaryimage"},"thumbnailUrl":"https:\/\/www.helpery.sk\/wp-content\/uploads\/2024\/06\/Anna_Vachulova_r-1.jpg","datePublished":"2024-06-27T13:51:19+00:00","dateModified":"2025-05-24T14:25:54+00:00","breadcrumb":{"@id":"https:\/\/www.helpery.sk\/konzultacie\/vnutorne-lekarstvo\/mudr-anna-vachulova-phd\/#breadcrumb"},"inLanguage":"en-US","potentialAction":[{"@type":"ReadAction","target":["https:\/\/www.helpery.sk\/konzultacie\/vnutorne-lekarstvo\/mudr-anna-vachulova-phd\/"]}]},{"@type":"ImageObject","inLanguage":"en-US","@id":"https:\/\/www.helpery.sk\/konzultacie\/vnutorne-lekarstvo\/mudr-anna-vachulova-phd\/#primaryimage","url":"https:\/\/www.helpery.sk\/wp-content\/uploads\/2024\/06\/Anna_Vachulova_r-1.jpg","contentUrl":"https:\/\/www.helpery.sk\/wp-content\/uploads\/2024\/06\/Anna_Vachulova_r-1.jpg","width":400,"height":600},{"@type":"BreadcrumbList","@id":"https:\/\/www.helpery.sk\/konzultacie\/vnutorne-lekarstvo\/mudr-anna-vachulova-phd\/#breadcrumb","itemListElement":[{"@type":"ListItem","position":1,"name":"Domovsk\u00e1 str\u00e1nka","item":"https:\/\/www.helpery.sk\/en\/"},{"@type":"ListItem","position":2,"name":"Consultations","item":"https:\/\/www.helpery.sk\/konzultacie\/"},{"@type":"ListItem","position":3,"name":"MUDr. Anna Vachulov\u00e1, PhD"}]},{"@type":"WebSite","@id":"https:\/\/www.helpery.sk\/en\/#website","url":"https:\/\/www.helpery.sk\/en\/","name":"Helpery","description":"","potentialAction":[{"@type":"SearchAction","target":{"@type":"EntryPoint","urlTemplate":"https:\/\/www.helpery.sk\/en\/?s={search_term_string}"},"query-input":{"@type":"PropertyValueSpecification","valueRequired":true,"valueName":"search_term_string"}}],"inLanguage":"en-US"}]}},"_links":{"self":[{"href":"https:\/\/www.helpery.sk\/en\/wp-json\/wp\/v2\/product\/15341","targetHints":{"allow":["GET"]}}],"collection":[{"href":"https:\/\/www.helpery.sk\/en\/wp-json\/wp\/v2\/product"}],"about":[{"href":"https:\/\/www.helpery.sk\/en\/wp-json\/wp\/v2\/types\/product"}],"replies":[{"embeddable":true,"href":"https:\/\/www.helpery.sk\/en\/wp-json\/wp\/v2\/comments?post=15341"}],"version-history":[{"count":4,"href":"https:\/\/www.helpery.sk\/en\/wp-json\/wp\/v2\/product\/15341\/revisions"}],"predecessor-version":[{"id":16589,"href":"https:\/\/www.helpery.sk\/en\/wp-json\/wp\/v2\/product\/15341\/revisions\/16589"}],"wp:featuredmedia":[{"embeddable":true,"href":"https:\/\/www.helpery.sk\/en\/wp-json\/wp\/v2\/media\/14970"}],"wp:attachment":[{"href":"https:\/\/www.helpery.sk\/en\/wp-json\/wp\/v2\/media?parent=15341"}],"wp:term":[{"taxonomy":"product_brand","embeddable":true,"href":"https:\/\/www.helpery.sk\/en\/wp-json\/wp\/v2\/product_brand?post=15341"},{"taxonomy":"product_cat","embeddable":true,"href":"https:\/\/www.helpery.sk\/en\/wp-json\/wp\/v2\/product_cat?post=15341"},{"taxonomy":"product_tag","embeddable":true,"href":"https:\/\/www.helpery.sk\/en\/wp-json\/wp\/v2\/product_tag?post=15341"}],"curies":[{"name":"wp","href":"https:\/\/api.w.org\/{rel}","templated":true}]}}