{"id":15343,"date":"2024-06-27T15:51:18","date_gmt":"2024-06-27T13:51:18","guid":{"rendered":"https:\/\/www.helpery.sk\/konzultacie\/uncategorized\/mudr-silvester-galo-phd\/"},"modified":"2026-02-09T11:30:07","modified_gmt":"2026-02-09T10:30:07","slug":"mudr-silvester-galo-phd","status":"publish","type":"product","link":"https:\/\/www.helpery.sk\/en\/konzultacie\/gynecology\/mudr-silvester-galo-phd\/","title":{"rendered":"MUDr. Silvester Galo, PhD"},"content":{"rendered":"<h5>Professional profile<\/h5>\n<p>Dr. Silvester Galo is a specialist in the field of gynecology and reproductive medicine with many years of clinical experience in this field. He studied general medicine at the Jessenius Faculty of Medicine in Martin. After completing his studies, he worked as a secondary physician at the gynecology and obstetrics clinic of the University Hospital in Martin. While working at this workplace, he passed the specialization exam I. and II. degree in gynecology and obstetrics. At the same time, he defended his PhD in the field of diagnosis and treatment of endometriosis. At this workplace, he focused on gynecological endoscopy, which is closely related to infertility, endometriosis, menstrual cycle disorders and chronic pain. Today, he successfully uses this clinical experience in reproductive medicine. For a short period he worked at the assisted reproduction clinic Snat\u00f3rium Helios SK and then for more than 5 years he led the private reproduction center Iscare in Martin. He is currently the leading physician and expert guarantor at Gyn-Fiv \u017dilina, a prestigious assisted reproduction center.<br \/>\nDoctor Galo is a member of the Assisted Reproduction Section of the Slovak Gynecological and Obstetrical Society and the European Society for Reproductive Medicine. He actively participates in scientific professional conferences, where he is often an invited speaker.<\/p>\n\n<h5>Work experience<\/h5>\n<p>Gynekologicko- p\u00f4rodn\u00edcka klinika JLF UK a UNM, Martin,<\/p>\n<p>Helios Sanatorium &#8211; Center for Reproductive Medicine s.r.o., Martin<\/p>\n<p>Iscare a.s. &#8211; Center for Assisted Reproduction, Martin<\/p>\n<p>Gyn-Fiv \u017dilina s.r.o., Center for Assisted Reproduction, \u017dilina<\/p>\n\n<h5>Education<\/h5>\n<p>2000 &#8211; First degree specialization &#8211; Gynecology and Obstetrics<br \/>\n2002 \u2013 Specialization II. degree &#8211; Gynecology and Obstetrics<br \/>\n2002 &#8211; Specialization &#8211; Ultrasound in gynecology<br \/>\n2015 \u2013 Specialization exam \u2013 Reproductive medicine<\/p>\n<p>1991 \u2013 Torna\u013e High School<br \/>\n1997 \u2013 General medicine &#8220;<em>MUDr<\/em>&#8220;, Jesenius Faculty of Medicine, Charles University, Martin<br \/>\n2010 &#8211; Scientific title &#8220;<em>PhD<\/em>&#8221; &#8211; Topic: <em>New possibilities of endometriosis diagnostics.<\/em><\/p>\n\n<h5>Internship stays<\/h5>\n<p>2000 \u2013 Department of Gynecology and Obstetrics, P\u00e9csi Orvostudom\u00e1nyi University, P\u00e9cs, Hungary<\/p>\n<p>2001 \u2013 Gynecology and Obstetrics Clinic 1. Faculty of Medicine, Karel University, Prague, Czech Republic<\/p>\n<p>2003 \u2013 Institute for Mother and Child Care, Prague, Czech Republic<\/p>\n<p>2007 \u2013 Hospital del Mar, Clinica Planas, Barcelona, \u200b\u200bSpain<\/p>\n\n<h5>Membership in professional societies and councils<\/h5>\n<p>Slovak Gynecological and Obstetrical Society (SGPS)<\/p>\n<p>SGPS Assisted Reproduction Section<\/p>\n<p>European Society for Reproductive Medicine (ESHRE)<\/p>\n<p>Slovak Medical Society (SLS)<\/p>\n\n<h5>Membership in editorial boards of magazines<\/h5>\n<p>No<\/p>\n\n<h5>Scientific research activity<\/h5>\n<p>Hirsh-Index: 7<br \/>\nInternational publications: 15<\/p>\n<p>(Pubmed Library, USA; <a href=\"https:\/\/pubmed.ncbi.nlm.nih.gov\/?term=Galo%20S&amp;cauthor_id=20553220\" target=\"_blank\" rel=\"noopener\">https:\/\/pubmed.ncbi.nlm.nih.gov\/?term=Galo%20S&amp;cauthor_id=20553220<\/a>)<br \/>\nNumber of citations: 146<br \/>\n(Scopus database: <a href=\"https:\/\/www.scopus.com\/authid\/detail.uri?authorId=56618869200\" target=\"_blank\" rel=\"noopener\">https:\/\/www.scopus.com\/authid\/detail.uri?authorId=56618869200<\/a>)<\/p>\n\n<h5>Pedagogical activity<\/h5>\n<p>Postgraduate teaching within the specialization examination Ultrasound in gynecology<\/p>\n<p>Member of the examination committee of JLF UK Martin in the field of Gynecology and Obstetrics<\/p>\n\n<h5>Language<\/h5>\n<p>Active: Slovak, Hungarian, English<\/p>\n\n<h5>Web Links<\/h5>\n<blockquote class=\"wp-embedded-content\" data-secret=\"O56dDMm5AF\"><p><a href=\"https:\/\/www.gyn-fiv.sk\/o-nas\/nas-tim-zilina\/\">N\u00e1\u0161 t\u00edm \u017dilina<\/a><\/p><\/blockquote>\n<p><\/p>\n\n","protected":false},"excerpt":{"rendered":"<p><img decoding=\"async\" class=\"\" src=\"https:\/\/www.helpery.sk\/wp-content\/uploads\/2023\/02\/Slovakia_Flag.png\" width=\"32\" height=\"32\" \/> <img decoding=\"async\" class=\"\" src=\"https:\/\/www.helpery.sk\/wp-content\/uploads\/2023\/02\/Hungary_Flag.png\" width=\"32\" height=\"32\" \/><\/p>\n<p><b> Senior consultant (Martin, Slovakia) <\/b><\/p>\n<p>28 years of experience<\/p>\n<p>Dr. Silvester Galo is a renowned gynecologist and reproductive medicine specialist with more than 25 years of experience. His main expert focus is the diagnosis and treatment of female and male infertility, IVF-ET, endometriosis, fibroids, chronic pain, menstrual cycle disorders, endocrinological disorders in gynecology and care for physiological and high-risk pregnancies.<\/p>\n<p> \t<strong style=\"color:#56698F;\">First consultation: 130 \u0404 <\/strong><br \/>\n \t<strong style=\"color:#56698F;\">Follow up: 110 \u0404 <\/strong><\/p>\n","protected":false},"featured_media":14968,"comment_status":"closed","ping_status":"closed","template":"","meta":{"_acf_changed":false,"ep_exclude_from_search":false},"product_brand":[],"product_cat":[643,669,670,674],"product_tag":[684,924,939,698,926,699,809,927,921,919,928,930,931,922,923,932,693,808,925,935,936,937,934,929,933,938,920],"class_list":{"0":"post-15343","1":"product","2":"type-product","3":"status-publish","4":"has-post-thumbnail","6":"product_cat-gynecology","7":"product_cat-obstetrics","8":"product_cat-reproductive-medicine","9":"product_cat-ultrasound-in-gynecology-and-obstetrics","10":"product_tag-adnexal-pathology","11":"product_tag-comprehensive-diagnosis-and-treatment-of-infertility-ivf-et-icsi-cos-according-to-eshre-guidelines","12":"product_tag-congenital-anomalies-of-the-vagina-and-uterus","13":"product_tag-diagnosis-and-management-of-amenorrhoea","14":"product_tag-diagnosis-and-management-of-pregnancy-related-conditions","15":"product_tag-diagnosis-and-management-of-premature-ovarian-insufficiency","16":"product_tag-early-pregnancy-assessment","17":"product_tag-endometriosis-and-adenomyosis","18":"product_tag-et-and-ket-embryo-and-cryoembryo-transfer","19":"product_tag-fibroids","20":"product_tag-gynecological-endocrinology","21":"product_tag-hysterosalpingo-contrast-sonography-hycosy-and-hyfosy","22":"product_tag-hysterosalpingography-hsg","23":"product_tag-hysteroscopic-surgery","24":"product_tag-iui-intrauterine-insemination","25":"product_tag-ivf-in-vitro-fertilization","26":"product_tag-ovarian-cysts","27":"product_tag-ovarian-hyperstimulation-syndrome-ohss","28":"product_tag-ovarian-pathology","29":"product_tag-pcos-en","30":"product_tag-prenatal-genetic-diagnosis","31":"product_tag-preparation-for-embryo-transfer","32":"product_tag-repeated-habitual-abortion","33":"product_tag-threatened-miscarriage","34":"product_tag-treatment-of-menopause","35":"product_tag-ultrasound-examination-for-folliculometry-and-endometrial-growth","36":"product_tag-ultrasound-in-gynecology-and-obstetrics","38":"first","39":"instock","40":"virtual","41":"taxable","42":"purchasable","43":"product-type-appointment"},"exclude_global_add_ons":false,"addons":[{"name":"Service","type":"multiple_choice","position":0,"required":true,"title_format":"label","default":"","description_enable":false,"description":"","placeholder_enable":false,"placeholder":"","display":"select","restrictions_type":"any_text","adjust_price":false,"price":"","price_type":"flat_fee","restrictions":false,"min":"0","max":"0","options":[{"label":"Telephone consultation","price":"","price_type":"flat_fee","image":0,"visibility":true},{"label":"Elaboration of a written assessment","price":"","price_type":"flat_fee","image":0,"visibility":true}],"id":1723062708}],"acf":[],"yoast_head":"<!-- This site is optimized with the Yoast SEO plugin v25.1 - https:\/\/yoast.com\/wordpress\/plugins\/seo\/ -->\n<title>MUDr. Silvester Galo, PhD - Helpery<\/title>\n<meta name=\"robots\" content=\"index, follow, max-snippet:-1, max-image-preview:large, max-video-preview:-1\" \/>\n<link rel=\"canonical\" href=\"https:\/\/www.helpery.sk\/en\/konzultacie\/gynecology\/mudr-silvester-galo-phd\/\" \/>\n<meta property=\"og:locale\" content=\"en_US\" \/>\n<meta property=\"og:type\" content=\"article\" \/>\n<meta property=\"og:title\" content=\"MUDr. Silvester Galo, PhD - Helpery\" \/>\n<meta property=\"og:description\" content=\"Senior consultant (Martin, Slovakia)   28 years of experience  Dr. Silvester Galo is a renowned gynecologist and reproductive medicine specialist with more than 25 years of experience. His main expert focus is the diagnosis and treatment of female and male infertility, IVF-ET, endometriosis, fibroids, chronic pain, menstrual cycle disorders, endocrinological disorders in gynecology and care for physiological and high-risk pregnancies.   First consultation: 130 \u0404   Follow up: 110 \u0404\" \/>\n<meta property=\"og:url\" content=\"https:\/\/www.helpery.sk\/en\/konzultacie\/gynecology\/mudr-silvester-galo-phd\/\" \/>\n<meta property=\"og:site_name\" content=\"Helpery\" \/>\n<meta property=\"article:modified_time\" content=\"2026-02-09T10:30:07+00:00\" \/>\n<meta property=\"og:image\" content=\"https:\/\/www.helpery.sk\/wp-content\/uploads\/2024\/06\/MUDr-Galo-1.jpg\" \/>\n\t<meta property=\"og:image:width\" content=\"400\" \/>\n\t<meta property=\"og:image:height\" content=\"600\" \/>\n\t<meta property=\"og:image:type\" content=\"image\/jpeg\" \/>\n<meta name=\"twitter:card\" content=\"summary_large_image\" \/>\n<meta name=\"twitter:label1\" content=\"Est. reading time\" \/>\n\t<meta name=\"twitter:data1\" content=\"1 minute\" \/>\n<script type=\"application\/ld+json\" class=\"yoast-schema-graph\">{\"@context\":\"https:\/\/schema.org\",\"@graph\":[{\"@type\":\"WebPage\",\"@id\":\"https:\/\/www.helpery.sk\/en\/konzultacie\/gynecology\/mudr-silvester-galo-phd\/\",\"url\":\"https:\/\/www.helpery.sk\/en\/konzultacie\/gynecology\/mudr-silvester-galo-phd\/\",\"name\":\"MUDr. Silvester Galo, PhD - Helpery\",\"isPartOf\":{\"@id\":\"https:\/\/www.helpery.sk\/en\/#website\"},\"primaryImageOfPage\":{\"@id\":\"https:\/\/www.helpery.sk\/en\/konzultacie\/gynecology\/mudr-silvester-galo-phd\/#primaryimage\"},\"image\":{\"@id\":\"https:\/\/www.helpery.sk\/en\/konzultacie\/gynecology\/mudr-silvester-galo-phd\/#primaryimage\"},\"thumbnailUrl\":\"https:\/\/www.helpery.sk\/wp-content\/uploads\/2024\/06\/MUDr-Galo-1.jpg\",\"datePublished\":\"2024-06-27T13:51:18+00:00\",\"dateModified\":\"2026-02-09T10:30:07+00:00\",\"breadcrumb\":{\"@id\":\"https:\/\/www.helpery.sk\/en\/konzultacie\/gynecology\/mudr-silvester-galo-phd\/#breadcrumb\"},\"inLanguage\":\"en-US\",\"potentialAction\":[{\"@type\":\"ReadAction\",\"target\":[\"https:\/\/www.helpery.sk\/en\/konzultacie\/gynecology\/mudr-silvester-galo-phd\/\"]}]},{\"@type\":\"ImageObject\",\"inLanguage\":\"en-US\",\"@id\":\"https:\/\/www.helpery.sk\/en\/konzultacie\/gynecology\/mudr-silvester-galo-phd\/#primaryimage\",\"url\":\"https:\/\/www.helpery.sk\/wp-content\/uploads\/2024\/06\/MUDr-Galo-1.jpg\",\"contentUrl\":\"https:\/\/www.helpery.sk\/wp-content\/uploads\/2024\/06\/MUDr-Galo-1.jpg\",\"width\":400,\"height\":600},{\"@type\":\"BreadcrumbList\",\"@id\":\"https:\/\/www.helpery.sk\/en\/konzultacie\/gynecology\/mudr-silvester-galo-phd\/#breadcrumb\",\"itemListElement\":[{\"@type\":\"ListItem\",\"position\":1,\"name\":\"Domovsk\u00e1 str\u00e1nka\",\"item\":\"https:\/\/www.helpery.sk\/en\/\"},{\"@type\":\"ListItem\",\"position\":2,\"name\":\"Consultations\",\"item\":\"https:\/\/www.helpery.sk\/konzultacie\/\"},{\"@type\":\"ListItem\",\"position\":3,\"name\":\"MUDr. Silvester Galo, PhD\"}]},{\"@type\":\"WebSite\",\"@id\":\"https:\/\/www.helpery.sk\/en\/#website\",\"url\":\"https:\/\/www.helpery.sk\/en\/\",\"name\":\"Helpery\",\"description\":\"\",\"potentialAction\":[{\"@type\":\"SearchAction\",\"target\":{\"@type\":\"EntryPoint\",\"urlTemplate\":\"https:\/\/www.helpery.sk\/en\/?s={search_term_string}\"},\"query-input\":{\"@type\":\"PropertyValueSpecification\",\"valueRequired\":true,\"valueName\":\"search_term_string\"}}],\"inLanguage\":\"en-US\"}]}<\/script>\n<!-- \/ Yoast SEO plugin. -->","yoast_head_json":{"title":"MUDr. Silvester Galo, PhD - Helpery","robots":{"index":"index","follow":"follow","max-snippet":"max-snippet:-1","max-image-preview":"max-image-preview:large","max-video-preview":"max-video-preview:-1"},"canonical":"https:\/\/www.helpery.sk\/en\/konzultacie\/gynecology\/mudr-silvester-galo-phd\/","og_locale":"en_US","og_type":"article","og_title":"MUDr. Silvester Galo, PhD - Helpery","og_description":"Senior consultant (Martin, Slovakia)   28 years of experience  Dr. Silvester Galo is a renowned gynecologist and reproductive medicine specialist with more than 25 years of experience. His main expert focus is the diagnosis and treatment of female and male infertility, IVF-ET, endometriosis, fibroids, chronic pain, menstrual cycle disorders, endocrinological disorders in gynecology and care for physiological and high-risk pregnancies.   First consultation: 130 \u0404   Follow up: 110 \u0404","og_url":"https:\/\/www.helpery.sk\/en\/konzultacie\/gynecology\/mudr-silvester-galo-phd\/","og_site_name":"Helpery","article_modified_time":"2026-02-09T10:30:07+00:00","og_image":[{"width":400,"height":600,"url":"https:\/\/www.helpery.sk\/wp-content\/uploads\/2024\/06\/MUDr-Galo-1.jpg","type":"image\/jpeg"}],"twitter_card":"summary_large_image","twitter_misc":{"Est. reading time":"1 minute"},"schema":{"@context":"https:\/\/schema.org","@graph":[{"@type":"WebPage","@id":"https:\/\/www.helpery.sk\/en\/konzultacie\/gynecology\/mudr-silvester-galo-phd\/","url":"https:\/\/www.helpery.sk\/en\/konzultacie\/gynecology\/mudr-silvester-galo-phd\/","name":"MUDr. Silvester Galo, PhD - Helpery","isPartOf":{"@id":"https:\/\/www.helpery.sk\/en\/#website"},"primaryImageOfPage":{"@id":"https:\/\/www.helpery.sk\/en\/konzultacie\/gynecology\/mudr-silvester-galo-phd\/#primaryimage"},"image":{"@id":"https:\/\/www.helpery.sk\/en\/konzultacie\/gynecology\/mudr-silvester-galo-phd\/#primaryimage"},"thumbnailUrl":"https:\/\/www.helpery.sk\/wp-content\/uploads\/2024\/06\/MUDr-Galo-1.jpg","datePublished":"2024-06-27T13:51:18+00:00","dateModified":"2026-02-09T10:30:07+00:00","breadcrumb":{"@id":"https:\/\/www.helpery.sk\/en\/konzultacie\/gynecology\/mudr-silvester-galo-phd\/#breadcrumb"},"inLanguage":"en-US","potentialAction":[{"@type":"ReadAction","target":["https:\/\/www.helpery.sk\/en\/konzultacie\/gynecology\/mudr-silvester-galo-phd\/"]}]},{"@type":"ImageObject","inLanguage":"en-US","@id":"https:\/\/www.helpery.sk\/en\/konzultacie\/gynecology\/mudr-silvester-galo-phd\/#primaryimage","url":"https:\/\/www.helpery.sk\/wp-content\/uploads\/2024\/06\/MUDr-Galo-1.jpg","contentUrl":"https:\/\/www.helpery.sk\/wp-content\/uploads\/2024\/06\/MUDr-Galo-1.jpg","width":400,"height":600},{"@type":"BreadcrumbList","@id":"https:\/\/www.helpery.sk\/en\/konzultacie\/gynecology\/mudr-silvester-galo-phd\/#breadcrumb","itemListElement":[{"@type":"ListItem","position":1,"name":"Domovsk\u00e1 str\u00e1nka","item":"https:\/\/www.helpery.sk\/en\/"},{"@type":"ListItem","position":2,"name":"Consultations","item":"https:\/\/www.helpery.sk\/konzultacie\/"},{"@type":"ListItem","position":3,"name":"MUDr. Silvester Galo, PhD"}]},{"@type":"WebSite","@id":"https:\/\/www.helpery.sk\/en\/#website","url":"https:\/\/www.helpery.sk\/en\/","name":"Helpery","description":"","potentialAction":[{"@type":"SearchAction","target":{"@type":"EntryPoint","urlTemplate":"https:\/\/www.helpery.sk\/en\/?s={search_term_string}"},"query-input":{"@type":"PropertyValueSpecification","valueRequired":true,"valueName":"search_term_string"}}],"inLanguage":"en-US"}]}},"_links":{"self":[{"href":"https:\/\/www.helpery.sk\/en\/wp-json\/wp\/v2\/product\/15343","targetHints":{"allow":["GET"]}}],"collection":[{"href":"https:\/\/www.helpery.sk\/en\/wp-json\/wp\/v2\/product"}],"about":[{"href":"https:\/\/www.helpery.sk\/en\/wp-json\/wp\/v2\/types\/product"}],"replies":[{"embeddable":true,"href":"https:\/\/www.helpery.sk\/en\/wp-json\/wp\/v2\/comments?post=15343"}],"version-history":[{"count":5,"href":"https:\/\/www.helpery.sk\/en\/wp-json\/wp\/v2\/product\/15343\/revisions"}],"predecessor-version":[{"id":17484,"href":"https:\/\/www.helpery.sk\/en\/wp-json\/wp\/v2\/product\/15343\/revisions\/17484"}],"wp:featuredmedia":[{"embeddable":true,"href":"https:\/\/www.helpery.sk\/en\/wp-json\/wp\/v2\/media\/14968"}],"wp:attachment":[{"href":"https:\/\/www.helpery.sk\/en\/wp-json\/wp\/v2\/media?parent=15343"}],"wp:term":[{"taxonomy":"product_brand","embeddable":true,"href":"https:\/\/www.helpery.sk\/en\/wp-json\/wp\/v2\/product_brand?post=15343"},{"taxonomy":"product_cat","embeddable":true,"href":"https:\/\/www.helpery.sk\/en\/wp-json\/wp\/v2\/product_cat?post=15343"},{"taxonomy":"product_tag","embeddable":true,"href":"https:\/\/www.helpery.sk\/en\/wp-json\/wp\/v2\/product_tag?post=15343"}],"curies":[{"name":"wp","href":"https:\/\/api.w.org\/{rel}","templated":true}]}}