{"id":15353,"date":"2024-06-27T15:51:18","date_gmt":"2024-06-27T13:51:18","guid":{"rendered":"https:\/\/www.helpery.sk\/konzultacie\/uncategorized\/mudr-boris-vidinsky-desa\/"},"modified":"2026-02-09T10:40:21","modified_gmt":"2026-02-09T09:40:21","slug":"mudr-boris-vidinsky-desa","status":"publish","type":"product","link":"https:\/\/www.helpery.sk\/en\/konzultacie\/anesthesiology\/mudr-boris-vidinsky-desa\/","title":{"rendered":"MUDr. Boris Vidinsk\u00fd, DESA"},"content":{"rendered":"<h5>Professional profile<\/h5>\n<p>Doctor Boris Vidinsk\u00fd is an experienced anesthesiologist with many years of experience in the field of anesthesiology, cardioanesthesiology, transesophageal echoradiography, intensive and emergency medicine and antibiotic therapy. He studied medicine at the Faculty of Medicine in Ko\u0161ice, graduating with honors from the rector. After finishing his studies, he started working at the respiratory diseases clinic of the university hospital in Ko\u0161ice, from where he later went to the Federal Republic of Germany, where he worked at several workplaces as an anesthesiologist. Here he gradually gained experience and professional specializations in the field of anesthesiology, intensive care medicine and activities within anesthesiological cardiology.<br \/>\nDoctor Vidinsk\u00fd is an expert in a wide range of perioperative patient care. He perceives anesthesiology as the so-called perioperative management, where the emphasis is on adequate preparation of the patient before the operation, optimization of the physical and psychological state before the operation, risk stratification in complex operations, deployment of regional anesthesia within the &#8220;fast track&#8221; concept. As part of his experience at one of the largest cardiovascular clinics in Germany, he developed into a leading specialist in deciding on an individual and optimal method of cardiovascular intervention for patients, that is, evaluating the benefits and risks of open cardiac surgery compared to the options of minimally invasive methods. The range of expertise in the perioperative management of cardiac surgery patients ranges from cardiac bypass operations, through complex reconstructions of heart valves, aorta, and up to the evaluation of perioperative management for the implantation of an artificial heart (LVAD). Based on his expertise in the antibiotic therapy of inflammation of heart valves and infectious complications in the framework of cardiosurgical intensive care and complex orthopedic operations, Dr. Vidinsk\u00fd has extensive experience in the management of complicated postoperative infectious conditions and the setting of optimal antibiotic therapy for patients.<br \/>\nDoctor Vidinsk\u00fd completed many foreign internships and study stays at prestigious workplaces. He is a member of several professional societies and actively presents his clinical experience at scientific events, where he is an invited speaker and at the same time publishes this knowledge in prestigious foreign journals.<\/p>\n\n<h5>Work experience<\/h5>\n<p>Department of Anesthesiology and Intensive Care Medicine, Klinik Diakonissen Schladming-Dachstein, Austria<\/p>\n<p>Department of Cardiac Surgery and Orthopedics, Rh\u00f6n Klinikum Bad Neustadt, Bavaria, Germany<\/p>\n<p>Department of Anesthesiology and Intensive Care Medicine, Helios Klinikum Aue, Germany<\/p>\n<p>Department of Respiratory Medicine, University of P.J. \u0160af\u00e1rik Ko\u0161ice<\/p>\n<p>Geometric Health Solutions s.r.o., Slovakia<\/p>\n\n<h5>Education<\/h5>\n<p>2013 \u2013 Specialization \u2013 Anesthesiology and intensive care medicine<\/p>\n<p>2015 \u2013 Specialization \u2013 Emergency Medicine<\/p>\n<p>2019 \u2013 Specialization \u2013 Special Intensive Medicine<\/p>\n<p>2017 \u2013 Certificate \u2013 Transesophageal Echocardiography<\/p>\n<p>2001 \u2013 Gymnasium, Rimavsk\u00e1 Sobota<\/p>\n<p>2006 \u2013 General Medicine &#8220;<em>MUDr<\/em>&#8220;, Faculty of Medicine of the University of P.J. \u0160af\u00e1rik, Ko\u0161ice<\/p>\n<p>2014 \u2013 Diplomate of European Society of Anaesthesiology &#8220;<em>DESA<\/em>&#8220;, Erlangen, Germany<\/p>\n\n<h5>Internship stays<\/h5>\n<p>2004 &#8211; Department of Cardiosurgery and Traumatology, University of Assiut, Egypt<\/p>\n<p>2005 &#8211; Department of Anesthesiology and Intensive Care Medicine, Uniklinikum M\u00fcnster, Germany<\/p>\n<p>2005 &#8211; Nuffield Division of Clinical Laboratory Sciences, University of Oxford, Great Britain<\/p>\n<p>2007 &#8211; Department of Nutritional Medicine, University of Southampton, Great Britain<\/p>\n<p>2018 &#8211; Antibiotic Stewardship &#8211; Universit\u00e4t, Regensburg Bavaria, Germany<\/p>\n<p>2019 &#8211; Antibiotic Stewardship &#8211; Universit\u00e4t Freiburg, Baden-W\u00fcttenberg, Germany<\/p>\n<p>2019 &#8211; Spring School of Global Health, University of Geneva, Switzerland<\/p>\n\n<h5>Membership in professional societies and councils<\/h5>\n<p>Austrian Medical Society (\u00d6\u00c4K)<\/p>\n<p>Association of Healthcare Workers Abroad (AZPZ \u2013 Vice President)<\/p>\n\n<h5>Membership in editorial boards of magazines<\/h5>\n<p>No<\/p>\n\n<h5>Scientific research activity<\/h5>\n<p>Hirsh-Index: 9<\/p>\n<p>International publications: 10<br \/>\n(Pubmed Library, USA: <a href=\"https:\/\/pubmed.ncbi.nlm.nih.gov\/?term=vidinsky+b\" target=\"_blank\" rel=\"noopener\">https:\/\/pubmed.ncbi.nlm.nih.gov\/?term=vidinsky+b<\/a>)<\/p>\n<p>Citation response: 380<br \/>\n(Scopus database: <a href=\"https:\/\/www.scopus.com\/authid\/detail.uri?authorId=56617025000\" target=\"_blank\" rel=\"noopener\">https:\/\/www.scopus.com\/authid\/detail.uri?authorId=56617025000<\/a>)<\/p>\n\n<h5>Pedagogical activity<\/h5>\n<p>No<\/p>\n\n<h5>Language<\/h5>\n<p>German, English, Slovak<\/p>\n\n<h5>Web Links<\/h5>\n<p><a href=\"https:\/\/www.schladming.diakonissen.at\/medizin-aerzte\/anaesthesie\/\">https:\/\/www.schladming.diakonissen.at\/medizin-aerzte\/anaesthesie\/<\/a><\/p>\n<p><a href=\"https:\/\/www.schladming.diakonissen.at\/medizin-aerzte\/anaesthesie\/\">https:\/\/www.linkedin.com\/in\/boris-vidinsky-47213970\/<\/a><\/p>\n<p><a href=\"https:\/\/www.schladming.diakonissen.at\/medizin-aerzte\/anaesthesie\/\">https:\/\/www.azpz.eu\/o-nas\/<\/a><\/p>\n\n","protected":false},"excerpt":{"rendered":"<p><img decoding=\"async\" class=\"\" src=\"https:\/\/www.helpery.sk\/wp-content\/uploads\/2023\/02\/Germany_Flag.png\" width=\"32\" height=\"32\" \/> <img decoding=\"async\" class=\"\" src=\"https:\/\/www.helpery.sk\/wp-content\/uploads\/2023\/02\/Austria_Flag.png\" width=\"32\" height=\"32\" \/> <img decoding=\"async\" class=\"\" src=\"https:\/\/www.helpery.sk\/wp-content\/uploads\/2023\/02\/UK_Flag.png\" width=\"32\" height=\"32\" \/> <img loading=\"lazy\" decoding=\"async\" class=\"\" src=\"https:\/\/www.helpery.sk\/wp-content\/uploads\/2023\/02\/Slovakia_Flag.png\" width=\"32\" height=\"32\" \/><\/p>\n<p><b> Senior consultant (Schladming-Dachstein, Austria)<\/b><\/p>\n<p>17 years of experience<\/p>\n<p>Dr. Boris Vidinsk\u00fd is an experienced anesthesiologist and intensive care physician with more than 15 years of experience in a wide range of perioperative care. His main focus in anesthesiology is rigorous perioperative management of the patient with an emphasis on adequate preparation of the patient before the operation, optimization of his physical and psychological state before the procedure, risk stratification in complex operations, deployment of regional anesthesia within the &#8220;fast track&#8221; concept and decision making for individual and the optimal method of cardiovascular intervention (i.e. evaluation of the benefits and risks for open cardiac surgery compared to the options of minimally invasive methods).<\/p>\n<p> \t<strong style=\"color:#56698F;\">First consultation: 150 \u0404 <\/strong><br \/>\n \t<strong style=\"color:#56698F;\">Follow up: 130 \u0404 <\/strong><\/p>\n","protected":false},"featured_media":14963,"comment_status":"closed","ping_status":"closed","template":"","meta":{"_acf_changed":false,"ep_exclude_from_search":false},"product_brand":[],"product_cat":[641,652,653,651],"product_tag":[976,977,979,975,978,980],"class_list":{"0":"post-15353","1":"product","2":"type-product","3":"status-publish","4":"has-post-thumbnail","6":"product_cat-anesthesiology","7":"product_cat-cardiac-surgery","8":"product_cat-cardiology","9":"product_cat-intensive-care-medicine","10":"product_tag-anesthesiology-and-regional-anesthesia","11":"product_tag-antibiotic-therapy","12":"product_tag-cardiac-surgery-and-cardiovascular-medicine","13":"product_tag-emergency-medicine","14":"product_tag-intensive-care-medicine","15":"product_tag-perioperative-medicine-and-risk-stratification","17":"first","18":"instock","19":"virtual","20":"taxable","21":"purchasable","22":"product-type-appointment"},"exclude_global_add_ons":false,"addons":[{"name":"Service","type":"multiple_choice","position":0,"required":true,"title_format":"label","default":"","description_enable":false,"description":"","placeholder_enable":false,"placeholder":"","display":"select","restrictions_type":"any_text","adjust_price":false,"price":"","price_type":"flat_fee","restrictions":false,"min":"0","max":"0","options":[{"label":"Telephone consultation","price":"","price_type":"flat_fee","image":0,"visibility":true},{"label":"Elaboration of a written assessment","price":"","price_type":"flat_fee","image":0,"visibility":true}],"id":1723063981}],"acf":[],"yoast_head":"<!-- This site is optimized with the Yoast SEO plugin v25.1 - https:\/\/yoast.com\/wordpress\/plugins\/seo\/ -->\n<title>MUDr. Boris Vidinsk\u00fd, DESA - Helpery<\/title>\n<meta name=\"robots\" content=\"index, follow, max-snippet:-1, max-image-preview:large, max-video-preview:-1\" \/>\n<link rel=\"canonical\" href=\"https:\/\/www.helpery.sk\/en\/konzultacie\/anesthesiology\/mudr-boris-vidinsky-desa\/\" \/>\n<meta property=\"og:locale\" content=\"en_US\" \/>\n<meta property=\"og:type\" content=\"article\" \/>\n<meta property=\"og:title\" content=\"MUDr. Boris Vidinsk\u00fd, DESA - Helpery\" \/>\n<meta property=\"og:description\" content=\"Senior consultant (Schladming-Dachstein, Austria)  17 years of experience  Dr. Boris Vidinsk\u00fd is an experienced anesthesiologist and intensive care physician with more than 15 years of experience in a wide range of perioperative care. His main focus in anesthesiology is rigorous perioperative management of the patient with an emphasis on adequate preparation of the patient before the operation, optimization of his physical and psychological state before the procedure, risk stratification in complex operations, deployment of regional anesthesia within the &quot;fast track&quot; concept and decision making for individual and the optimal method of cardiovascular intervention (i.e. evaluation of the benefits and risks for open cardiac surgery compared to the options of minimally invasive methods).   First consultation: 150 \u0404   Follow up: 130 \u0404\" \/>\n<meta property=\"og:url\" content=\"https:\/\/www.helpery.sk\/en\/konzultacie\/anesthesiology\/mudr-boris-vidinsky-desa\/\" \/>\n<meta property=\"og:site_name\" content=\"Helpery\" \/>\n<meta property=\"article:modified_time\" content=\"2026-02-09T09:40:21+00:00\" \/>\n<meta property=\"og:image\" content=\"https:\/\/www.helpery.sk\/wp-content\/uploads\/2024\/06\/Foto-Boris-Vidinsky-1.jpeg\" \/>\n\t<meta property=\"og:image:width\" content=\"457\" \/>\n\t<meta property=\"og:image:height\" content=\"640\" \/>\n\t<meta property=\"og:image:type\" content=\"image\/jpeg\" \/>\n<meta name=\"twitter:card\" content=\"summary_large_image\" \/>\n<meta name=\"twitter:label1\" content=\"Est. reading time\" \/>\n\t<meta name=\"twitter:data1\" content=\"1 minute\" \/>\n<script type=\"application\/ld+json\" class=\"yoast-schema-graph\">{\"@context\":\"https:\/\/schema.org\",\"@graph\":[{\"@type\":\"WebPage\",\"@id\":\"https:\/\/www.helpery.sk\/en\/konzultacie\/anesthesiology\/mudr-boris-vidinsky-desa\/\",\"url\":\"https:\/\/www.helpery.sk\/en\/konzultacie\/anesthesiology\/mudr-boris-vidinsky-desa\/\",\"name\":\"MUDr. Boris Vidinsk\u00fd, DESA - Helpery\",\"isPartOf\":{\"@id\":\"https:\/\/www.helpery.sk\/en\/#website\"},\"primaryImageOfPage\":{\"@id\":\"https:\/\/www.helpery.sk\/en\/konzultacie\/anesthesiology\/mudr-boris-vidinsky-desa\/#primaryimage\"},\"image\":{\"@id\":\"https:\/\/www.helpery.sk\/en\/konzultacie\/anesthesiology\/mudr-boris-vidinsky-desa\/#primaryimage\"},\"thumbnailUrl\":\"https:\/\/www.helpery.sk\/wp-content\/uploads\/2024\/06\/Foto-Boris-Vidinsky-1.jpeg\",\"datePublished\":\"2024-06-27T13:51:18+00:00\",\"dateModified\":\"2026-02-09T09:40:21+00:00\",\"breadcrumb\":{\"@id\":\"https:\/\/www.helpery.sk\/en\/konzultacie\/anesthesiology\/mudr-boris-vidinsky-desa\/#breadcrumb\"},\"inLanguage\":\"en-US\",\"potentialAction\":[{\"@type\":\"ReadAction\",\"target\":[\"https:\/\/www.helpery.sk\/en\/konzultacie\/anesthesiology\/mudr-boris-vidinsky-desa\/\"]}]},{\"@type\":\"ImageObject\",\"inLanguage\":\"en-US\",\"@id\":\"https:\/\/www.helpery.sk\/en\/konzultacie\/anesthesiology\/mudr-boris-vidinsky-desa\/#primaryimage\",\"url\":\"https:\/\/www.helpery.sk\/wp-content\/uploads\/2024\/06\/Foto-Boris-Vidinsky-1.jpeg\",\"contentUrl\":\"https:\/\/www.helpery.sk\/wp-content\/uploads\/2024\/06\/Foto-Boris-Vidinsky-1.jpeg\",\"width\":457,\"height\":640},{\"@type\":\"BreadcrumbList\",\"@id\":\"https:\/\/www.helpery.sk\/en\/konzultacie\/anesthesiology\/mudr-boris-vidinsky-desa\/#breadcrumb\",\"itemListElement\":[{\"@type\":\"ListItem\",\"position\":1,\"name\":\"Domovsk\u00e1 str\u00e1nka\",\"item\":\"https:\/\/www.helpery.sk\/en\/\"},{\"@type\":\"ListItem\",\"position\":2,\"name\":\"Consultations\",\"item\":\"https:\/\/www.helpery.sk\/konzultacie\/\"},{\"@type\":\"ListItem\",\"position\":3,\"name\":\"MUDr. Boris Vidinsk\u00fd, DESA\"}]},{\"@type\":\"WebSite\",\"@id\":\"https:\/\/www.helpery.sk\/en\/#website\",\"url\":\"https:\/\/www.helpery.sk\/en\/\",\"name\":\"Helpery\",\"description\":\"\",\"potentialAction\":[{\"@type\":\"SearchAction\",\"target\":{\"@type\":\"EntryPoint\",\"urlTemplate\":\"https:\/\/www.helpery.sk\/en\/?s={search_term_string}\"},\"query-input\":{\"@type\":\"PropertyValueSpecification\",\"valueRequired\":true,\"valueName\":\"search_term_string\"}}],\"inLanguage\":\"en-US\"}]}<\/script>\n<!-- \/ Yoast SEO plugin. -->","yoast_head_json":{"title":"MUDr. Boris Vidinsk\u00fd, DESA - Helpery","robots":{"index":"index","follow":"follow","max-snippet":"max-snippet:-1","max-image-preview":"max-image-preview:large","max-video-preview":"max-video-preview:-1"},"canonical":"https:\/\/www.helpery.sk\/en\/konzultacie\/anesthesiology\/mudr-boris-vidinsky-desa\/","og_locale":"en_US","og_type":"article","og_title":"MUDr. Boris Vidinsk\u00fd, DESA - Helpery","og_description":"Senior consultant (Schladming-Dachstein, Austria)  17 years of experience  Dr. Boris Vidinsk\u00fd is an experienced anesthesiologist and intensive care physician with more than 15 years of experience in a wide range of perioperative care. His main focus in anesthesiology is rigorous perioperative management of the patient with an emphasis on adequate preparation of the patient before the operation, optimization of his physical and psychological state before the procedure, risk stratification in complex operations, deployment of regional anesthesia within the \"fast track\" concept and decision making for individual and the optimal method of cardiovascular intervention (i.e. evaluation of the benefits and risks for open cardiac surgery compared to the options of minimally invasive methods).   First consultation: 150 \u0404   Follow up: 130 \u0404","og_url":"https:\/\/www.helpery.sk\/en\/konzultacie\/anesthesiology\/mudr-boris-vidinsky-desa\/","og_site_name":"Helpery","article_modified_time":"2026-02-09T09:40:21+00:00","og_image":[{"width":457,"height":640,"url":"https:\/\/www.helpery.sk\/wp-content\/uploads\/2024\/06\/Foto-Boris-Vidinsky-1.jpeg","type":"image\/jpeg"}],"twitter_card":"summary_large_image","twitter_misc":{"Est. reading time":"1 minute"},"schema":{"@context":"https:\/\/schema.org","@graph":[{"@type":"WebPage","@id":"https:\/\/www.helpery.sk\/en\/konzultacie\/anesthesiology\/mudr-boris-vidinsky-desa\/","url":"https:\/\/www.helpery.sk\/en\/konzultacie\/anesthesiology\/mudr-boris-vidinsky-desa\/","name":"MUDr. Boris Vidinsk\u00fd, DESA - Helpery","isPartOf":{"@id":"https:\/\/www.helpery.sk\/en\/#website"},"primaryImageOfPage":{"@id":"https:\/\/www.helpery.sk\/en\/konzultacie\/anesthesiology\/mudr-boris-vidinsky-desa\/#primaryimage"},"image":{"@id":"https:\/\/www.helpery.sk\/en\/konzultacie\/anesthesiology\/mudr-boris-vidinsky-desa\/#primaryimage"},"thumbnailUrl":"https:\/\/www.helpery.sk\/wp-content\/uploads\/2024\/06\/Foto-Boris-Vidinsky-1.jpeg","datePublished":"2024-06-27T13:51:18+00:00","dateModified":"2026-02-09T09:40:21+00:00","breadcrumb":{"@id":"https:\/\/www.helpery.sk\/en\/konzultacie\/anesthesiology\/mudr-boris-vidinsky-desa\/#breadcrumb"},"inLanguage":"en-US","potentialAction":[{"@type":"ReadAction","target":["https:\/\/www.helpery.sk\/en\/konzultacie\/anesthesiology\/mudr-boris-vidinsky-desa\/"]}]},{"@type":"ImageObject","inLanguage":"en-US","@id":"https:\/\/www.helpery.sk\/en\/konzultacie\/anesthesiology\/mudr-boris-vidinsky-desa\/#primaryimage","url":"https:\/\/www.helpery.sk\/wp-content\/uploads\/2024\/06\/Foto-Boris-Vidinsky-1.jpeg","contentUrl":"https:\/\/www.helpery.sk\/wp-content\/uploads\/2024\/06\/Foto-Boris-Vidinsky-1.jpeg","width":457,"height":640},{"@type":"BreadcrumbList","@id":"https:\/\/www.helpery.sk\/en\/konzultacie\/anesthesiology\/mudr-boris-vidinsky-desa\/#breadcrumb","itemListElement":[{"@type":"ListItem","position":1,"name":"Domovsk\u00e1 str\u00e1nka","item":"https:\/\/www.helpery.sk\/en\/"},{"@type":"ListItem","position":2,"name":"Consultations","item":"https:\/\/www.helpery.sk\/konzultacie\/"},{"@type":"ListItem","position":3,"name":"MUDr. Boris Vidinsk\u00fd, DESA"}]},{"@type":"WebSite","@id":"https:\/\/www.helpery.sk\/en\/#website","url":"https:\/\/www.helpery.sk\/en\/","name":"Helpery","description":"","potentialAction":[{"@type":"SearchAction","target":{"@type":"EntryPoint","urlTemplate":"https:\/\/www.helpery.sk\/en\/?s={search_term_string}"},"query-input":{"@type":"PropertyValueSpecification","valueRequired":true,"valueName":"search_term_string"}}],"inLanguage":"en-US"}]}},"_links":{"self":[{"href":"https:\/\/www.helpery.sk\/en\/wp-json\/wp\/v2\/product\/15353","targetHints":{"allow":["GET"]}}],"collection":[{"href":"https:\/\/www.helpery.sk\/en\/wp-json\/wp\/v2\/product"}],"about":[{"href":"https:\/\/www.helpery.sk\/en\/wp-json\/wp\/v2\/types\/product"}],"replies":[{"embeddable":true,"href":"https:\/\/www.helpery.sk\/en\/wp-json\/wp\/v2\/comments?post=15353"}],"version-history":[{"count":5,"href":"https:\/\/www.helpery.sk\/en\/wp-json\/wp\/v2\/product\/15353\/revisions"}],"predecessor-version":[{"id":17468,"href":"https:\/\/www.helpery.sk\/en\/wp-json\/wp\/v2\/product\/15353\/revisions\/17468"}],"wp:featuredmedia":[{"embeddable":true,"href":"https:\/\/www.helpery.sk\/en\/wp-json\/wp\/v2\/media\/14963"}],"wp:attachment":[{"href":"https:\/\/www.helpery.sk\/en\/wp-json\/wp\/v2\/media?parent=15353"}],"wp:term":[{"taxonomy":"product_brand","embeddable":true,"href":"https:\/\/www.helpery.sk\/en\/wp-json\/wp\/v2\/product_brand?post=15353"},{"taxonomy":"product_cat","embeddable":true,"href":"https:\/\/www.helpery.sk\/en\/wp-json\/wp\/v2\/product_cat?post=15353"},{"taxonomy":"product_tag","embeddable":true,"href":"https:\/\/www.helpery.sk\/en\/wp-json\/wp\/v2\/product_tag?post=15353"}],"curies":[{"name":"wp","href":"https:\/\/api.w.org\/{rel}","templated":true}]}}