{"id":15354,"date":"2024-06-27T15:51:17","date_gmt":"2024-06-27T13:51:17","guid":{"rendered":"https:\/\/www.helpery.sk\/konzultacie\/uncategorized\/prof-mudr-peter-urdzik-phd-mph\/"},"modified":"2026-02-09T15:44:18","modified_gmt":"2026-02-09T14:44:18","slug":"prof-mudr-peter-urdzik-phd-mph","status":"publish","type":"product","link":"https:\/\/www.helpery.sk\/en\/konzultacie\/gynecology\/prof-mudr-peter-urdzik-phd-mph\/","title":{"rendered":"Prof. MUDr. Peter Urdz\u00edk, PhD, MPH"},"content":{"rendered":"<h5>Professional profile<\/h5>\n<p>Professor Peter Urdz\u00edk is an experienced doctor, a specialist in the medical field of gynecology and obstetrics, urogynecology and minimally invasive surgical treatment with several years of experience and several certifications. After completing his studies in general medicine at the Faculty of Medicine of the Comenius University in Bratislava, in 1997 he joined the gynecology-obstetrics department of the National Hospital in Ve\u013eky Krt\u00ed\u0161 as a secondary physician. From 2002 until now, he has been working at the Gynecology and Obstetrics Clinic of the LF UPJ\u0160 and UN L. Pasteur in Ko\u0161ice, first as an assistant professor, from 2011 as an associate professor and from 2022 as a professor in the Department of Gynecology and Obstetrics. From 2011 until now, he has been working as the head of the Gynecology and Obstetrics clinic.<\/p>\n<p>Professor Urdz\u00edk is an important expert in the diagnosis and treatment of urinary incontinence and pelvic floor defects in women and in the field of minimally invasive surgical treatment (hysteroscopy, laparoscopy, uterine fibroids and endometriosis). He is the author of many scientific articles and professional lectures in the field of urogynecology, ultrasound diagnostics, oncological diseases and pelvic floor rehabilitation. In addition to professional clinical practice, he is also a regional expert of Ko\u0161ice V\u00daC in the field of Gynecology and Obstetrics, vice-president of the Slovak Gynecology and Obstetrics Society SLS, vice-president of the Academic Senate of the LF UPJ\u0160 in Ko\u0161ice, vice-president of the Urogynecology Section of the SLS SGPS and consultant of the \u00daDZS in the field of Gynecology and Obstetrics.<\/p>\n\n<h5>Work experience<\/h5>\n<p>Obstetrics and Gynecology Clinic, UPJ\u0160 University Hospital and L. Pasteur University Hospital, Ko\u0161ice<\/p>\n<p>Obstetrics and Gynecology Department, Hospital with Polyclinic, Ve\u013ek\u00fd Krt\u00ed\u0161<\/p>\n<p>Poliklinika centrum s.r.o., Urogynecology clinic, Ko\u0161ice<\/p>\n<p>One-day care center, Polyclinic Terasa, s.r.o., Ko\u0161ice<\/p>\n\n<h5>Education<\/h5>\n<p>2004 \u2013 Specialization \u2013 Gynecology and Obstetrics<\/p>\n<p>2007 \u2013 Specialization \u2013 Gynecological urology<\/p>\n<p>1991 \u2013 Gymnasium Po\u0161tov\u00e1 9, Ko\u0161ice<\/p>\n<p>1997 \u2013 &#8220;<em>MUDr<\/em>&#8221; General Medicine, Faculty of Medicine, Comenius University, Bratislava<\/p>\n<p>2007 &#8211; Scientific title &#8220;<em>PhD<\/em>&#8221; &#8211; Topic: <em>Prediction of intrauterine fetal growth retardation and preeclampsia using biochemical and ultrasound markers<\/em><\/p>\n<p>2011 \u2013 Management degree &#8220;<em>MPH<\/em>&#8221; in the field of public health<\/p>\n<p>2011 \u2013 Scientific and pedagogical title &#8220;<em>Docent<\/em>&#8221; in the field of Gynecology and Obstetrics<\/p>\n<p>2022 \u2013 Scientific and pedagogical title &#8220;<em>Professor<\/em>&#8221; in the field of Gynecology and Obstetrics<\/p>\n\n<h5>Internship stays<\/h5>\n<p>2019 \u2013 Surgery Clinic, Liege, Belgium<\/p>\n<p>2018 \u2013 Graz, Oncogynecological Center, Austria<\/p>\n<p>2013 \u2013 Department of Gynecology and Obstetrics, Semmelweis University, Budapest, Hungary<\/p>\n<p>2013 \u2013 Children and Adolescent Clinic, Moscow, Russia<\/p>\n<p>2012 \u2013 Department of Surgery and Internal Medicine, Linz, Austria<\/p>\n<p>2012 \u2013 \u00dast\u00ed nad Labem, Gynecology and Obstetrics Clinic, Czech Republic<\/p>\n<p>2011 \u2013 Toronto, Workshop \u2013 Advanced Urogynecology, Kanada<\/p>\n<p>2010 \u2013 Prague, UVZ UK, Czech Republic<\/p>\n<p>2008 \u2013 Prague, \u016ePMD, Czech Republic<\/p>\n<p>2008 \u2013 Zl\u00edn, Gynecology and Obstetrics Clinic, Czech Republic,<\/p>\n<p>2007 \u2013 Olomouc, Gynecology and Obstetrics Clinic, Czech Republic<\/p>\n<p>2006 \u2013 Prague, \u016ePMD, Czech Republic<\/p>\n\n<h5>Membership in professional societies and councils<\/h5>\n<p>Slovak Medical Society (SLS)<\/p>\n<p>Slovak Medical Chamber (SLK)<\/p>\n<p>Slovak Gynecological and Obstetrical Society (SGPS, vice president)<\/p>\n<p>International Urogynecological Assotiation (IUGA)<\/p>\n<p>European Society of Gynaecological Oncology (ESGO)<\/p>\n<p>Member of the commission of the Ministry of Health of the Slovak Republic for the creation of Standard diagnostic and therapeutic procedures in the field of gynecology and obstetrics<\/p>\n\n<h5>Membership in editorial boards of magazines<\/h5>\n<p>Member of the editorial board: Slovak Gynecology and Obstetrics<\/p>\n\n<h5>Scientific research activity<\/h5>\n<p>Hirsh-Index: 7<\/p>\n<p>International publications: 30<br \/>\n(Pubmed Library, USA; <a href=\"https:\/\/pubmed.ncbi.nlm.nih.gov\/?term=urdzik+p\" target=\"_blank\" rel=\"noopener\">https:\/\/pubmed.ncbi.nlm.nih.gov\/?term=urdzik+p<\/a>)<\/p>\n<p>Number of citations: 175<br \/>\n(Scopus atabase: <a href=\"https:\/\/www.scopus.com\/authid\/detail.uri?authorId=23395440700\" target=\"_blank\" rel=\"noopener\">https:\/\/www.scopus.com\/authid\/detail.uri?authorId=23395440700<\/a>)<\/p>\n\n<h5>Pedagogical activity<\/h5>\n<p>2002 \u2013 ongoing, Gynecology and Obstetrics Clinic, UPJ\u0160 Faculty of Medicine, Ko\u0161ice (assistant, docent, professor)<\/p>\n<p>Number of completed doctoral students: 3 (in active study: 5)<\/p>\n\n<h5>Language<\/h5>\n<p>Active: Slovak, English<\/p>\n<p>Passive: Russian<\/p>\n\n<h5>Web Links<\/h5>\n<p><a href=\"https:\/\/www.unlp.sk\/oddelenie\/i-gynekologicko-porodnicka-klinika\/personal\/\">https:\/\/www.unlp.sk\/oddelenie\/i-gynekologicko-porodnicka-klinika\/personal\/<\/a><\/p>\n<p><a href=\"http:\/\/www.poliklinikaterasa.sk\/urogynekologicka-ambulancia\">http:\/\/www.poliklinikaterasa.sk\/urogynekologicka-ambulancia<\/a><\/p>\n<p><a href=\"http:\/\/www.mck-ke.sk\/gynekologicka-urologia\">http:\/\/www.mck-ke.sk\/gynekologicka-urologia<\/a><\/p>\n<p><a href=\"https:\/\/www.researchgate.net\/profile\/Peter-Urdzik\">https:\/\/www.researchgate.net\/profile\/Peter-Urdzik<\/a><\/p>\n\n","protected":false},"excerpt":{"rendered":"<p><img decoding=\"async\" class=\"\" src=\"https:\/\/www.helpery.sk\/wp-content\/uploads\/2023\/02\/Slovakia_Flag.png\" width=\"32\" height=\"32\" \/> <img decoding=\"async\" class=\"\" src=\"https:\/\/www.helpery.sk\/wp-content\/uploads\/2023\/02\/UK_Flag.png\" width=\"32\" height=\"32\" \/><\/p>\n<p><b> Head of department (Kosice, Slovakia)<\/b><\/p>\n<p>28 years of experience<\/p>\n<p>Professor Peter Urdzik is a renowned gynecologist, urogynecologist and obstetrician with more than 25 years of experience. His main expert focus is the diagnosis and surgical treatment of urinary incontinence and pelvic floor disorders.<\/p>\n<p> \t<strong style=\"color:#56698F;\">First consultation: 150 \u0404 <\/strong><br \/>\n \t<strong style=\"color:#56698F;\">Follow up: 130 \u0404 <\/strong><\/p>\n","protected":false},"featured_media":14962,"comment_status":"closed","ping_status":"closed","template":"","meta":{"_acf_changed":false,"ep_exclude_from_search":false},"product_brand":[],"product_cat":[643,669,676],"product_tag":[981,810,811,983,984,985,986,982,804],"class_list":{"0":"post-15354","1":"product","2":"type-product","3":"status-publish","4":"has-post-thumbnail","6":"product_cat-gynecology","7":"product_cat-obstetrics","8":"product_cat-urogynecology","9":"product_tag-gynecological-oncology","10":"product_tag-hysteroscopy","11":"product_tag-laparoscopy","12":"product_tag-rehabilitation-of-the-pelvic-floor","13":"product_tag-tvt-en","14":"product_tag-tvt-o-en","15":"product_tag-ultrasound-diagnostics","16":"product_tag-urinary-incontinence-en-2","17":"product_tag-urogynecology","19":"first","20":"instock","21":"virtual","22":"taxable","23":"purchasable","24":"product-type-appointment"},"exclude_global_add_ons":false,"addons":[{"name":"Service","type":"multiple_choice","position":0,"required":true,"title_format":"label","default":"","description_enable":false,"description":"","placeholder_enable":false,"placeholder":"","display":"select","restrictions_type":"any_text","adjust_price":false,"price":"","price_type":"flat_fee","restrictions":false,"min":"0","max":"0","options":[{"label":"Telephone consultation","price":"","price_type":"flat_fee","image":0,"visibility":true},{"label":"Elaboration of a written assessment","price":"","price_type":"flat_fee","image":0,"visibility":true}],"id":1723064259}],"acf":[],"yoast_head":"<!-- This site is optimized with the Yoast SEO plugin v25.1 - https:\/\/yoast.com\/wordpress\/plugins\/seo\/ -->\n<title>Prof. MUDr. Peter Urdz\u00edk, PhD, MPH - Helpery<\/title>\n<meta name=\"robots\" content=\"index, follow, max-snippet:-1, max-image-preview:large, max-video-preview:-1\" \/>\n<link rel=\"canonical\" href=\"https:\/\/www.helpery.sk\/en\/konzultacie\/gynecology\/prof-mudr-peter-urdzik-phd-mph\/\" \/>\n<meta property=\"og:locale\" content=\"en_US\" \/>\n<meta property=\"og:type\" content=\"article\" \/>\n<meta property=\"og:title\" content=\"Prof. MUDr. Peter Urdz\u00edk, PhD, MPH - Helpery\" \/>\n<meta property=\"og:description\" content=\"Head of department (Kosice, Slovakia)  28 years of experience  Professor Peter Urdzik is a renowned gynecologist, urogynecologist and obstetrician with more than 25 years of experience. His main expert focus is the diagnosis and surgical treatment of urinary incontinence and pelvic floor disorders.   First consultation: 150 \u0404   Follow up: 130 \u0404\" \/>\n<meta property=\"og:url\" content=\"https:\/\/www.helpery.sk\/en\/konzultacie\/gynecology\/prof-mudr-peter-urdzik-phd-mph\/\" \/>\n<meta property=\"og:site_name\" content=\"Helpery\" \/>\n<meta property=\"article:modified_time\" content=\"2026-02-09T14:44:18+00:00\" \/>\n<meta property=\"og:image\" content=\"https:\/\/www.helpery.sk\/wp-content\/uploads\/2024\/06\/Peter-Urdzik_r-1.jpg\" \/>\n\t<meta property=\"og:image:width\" content=\"421\" \/>\n\t<meta property=\"og:image:height\" content=\"640\" \/>\n\t<meta property=\"og:image:type\" content=\"image\/jpeg\" \/>\n<meta name=\"twitter:card\" content=\"summary_large_image\" \/>\n<meta name=\"twitter:label1\" content=\"Est. reading time\" \/>\n\t<meta name=\"twitter:data1\" content=\"1 minute\" \/>\n<script type=\"application\/ld+json\" class=\"yoast-schema-graph\">{\"@context\":\"https:\/\/schema.org\",\"@graph\":[{\"@type\":\"WebPage\",\"@id\":\"https:\/\/www.helpery.sk\/en\/konzultacie\/gynecology\/prof-mudr-peter-urdzik-phd-mph\/\",\"url\":\"https:\/\/www.helpery.sk\/en\/konzultacie\/gynecology\/prof-mudr-peter-urdzik-phd-mph\/\",\"name\":\"Prof. MUDr. Peter Urdz\u00edk, PhD, MPH - Helpery\",\"isPartOf\":{\"@id\":\"https:\/\/www.helpery.sk\/en\/#website\"},\"primaryImageOfPage\":{\"@id\":\"https:\/\/www.helpery.sk\/en\/konzultacie\/gynecology\/prof-mudr-peter-urdzik-phd-mph\/#primaryimage\"},\"image\":{\"@id\":\"https:\/\/www.helpery.sk\/en\/konzultacie\/gynecology\/prof-mudr-peter-urdzik-phd-mph\/#primaryimage\"},\"thumbnailUrl\":\"https:\/\/www.helpery.sk\/wp-content\/uploads\/2024\/06\/Peter-Urdzik_r-1.jpg\",\"datePublished\":\"2024-06-27T13:51:17+00:00\",\"dateModified\":\"2026-02-09T14:44:18+00:00\",\"breadcrumb\":{\"@id\":\"https:\/\/www.helpery.sk\/en\/konzultacie\/gynecology\/prof-mudr-peter-urdzik-phd-mph\/#breadcrumb\"},\"inLanguage\":\"en-US\",\"potentialAction\":[{\"@type\":\"ReadAction\",\"target\":[\"https:\/\/www.helpery.sk\/en\/konzultacie\/gynecology\/prof-mudr-peter-urdzik-phd-mph\/\"]}]},{\"@type\":\"ImageObject\",\"inLanguage\":\"en-US\",\"@id\":\"https:\/\/www.helpery.sk\/en\/konzultacie\/gynecology\/prof-mudr-peter-urdzik-phd-mph\/#primaryimage\",\"url\":\"https:\/\/www.helpery.sk\/wp-content\/uploads\/2024\/06\/Peter-Urdzik_r-1.jpg\",\"contentUrl\":\"https:\/\/www.helpery.sk\/wp-content\/uploads\/2024\/06\/Peter-Urdzik_r-1.jpg\",\"width\":421,\"height\":640},{\"@type\":\"BreadcrumbList\",\"@id\":\"https:\/\/www.helpery.sk\/en\/konzultacie\/gynecology\/prof-mudr-peter-urdzik-phd-mph\/#breadcrumb\",\"itemListElement\":[{\"@type\":\"ListItem\",\"position\":1,\"name\":\"Domovsk\u00e1 str\u00e1nka\",\"item\":\"https:\/\/www.helpery.sk\/en\/\"},{\"@type\":\"ListItem\",\"position\":2,\"name\":\"Consultations\",\"item\":\"https:\/\/www.helpery.sk\/konzultacie\/\"},{\"@type\":\"ListItem\",\"position\":3,\"name\":\"Prof. MUDr. Peter Urdz\u00edk, PhD, MPH\"}]},{\"@type\":\"WebSite\",\"@id\":\"https:\/\/www.helpery.sk\/en\/#website\",\"url\":\"https:\/\/www.helpery.sk\/en\/\",\"name\":\"Helpery\",\"description\":\"\",\"potentialAction\":[{\"@type\":\"SearchAction\",\"target\":{\"@type\":\"EntryPoint\",\"urlTemplate\":\"https:\/\/www.helpery.sk\/en\/?s={search_term_string}\"},\"query-input\":{\"@type\":\"PropertyValueSpecification\",\"valueRequired\":true,\"valueName\":\"search_term_string\"}}],\"inLanguage\":\"en-US\"}]}<\/script>\n<!-- \/ Yoast SEO plugin. -->","yoast_head_json":{"title":"Prof. MUDr. Peter Urdz\u00edk, PhD, MPH - Helpery","robots":{"index":"index","follow":"follow","max-snippet":"max-snippet:-1","max-image-preview":"max-image-preview:large","max-video-preview":"max-video-preview:-1"},"canonical":"https:\/\/www.helpery.sk\/en\/konzultacie\/gynecology\/prof-mudr-peter-urdzik-phd-mph\/","og_locale":"en_US","og_type":"article","og_title":"Prof. MUDr. Peter Urdz\u00edk, PhD, MPH - Helpery","og_description":"Head of department (Kosice, Slovakia)  28 years of experience  Professor Peter Urdzik is a renowned gynecologist, urogynecologist and obstetrician with more than 25 years of experience. His main expert focus is the diagnosis and surgical treatment of urinary incontinence and pelvic floor disorders.   First consultation: 150 \u0404   Follow up: 130 \u0404","og_url":"https:\/\/www.helpery.sk\/en\/konzultacie\/gynecology\/prof-mudr-peter-urdzik-phd-mph\/","og_site_name":"Helpery","article_modified_time":"2026-02-09T14:44:18+00:00","og_image":[{"width":421,"height":640,"url":"https:\/\/www.helpery.sk\/wp-content\/uploads\/2024\/06\/Peter-Urdzik_r-1.jpg","type":"image\/jpeg"}],"twitter_card":"summary_large_image","twitter_misc":{"Est. reading time":"1 minute"},"schema":{"@context":"https:\/\/schema.org","@graph":[{"@type":"WebPage","@id":"https:\/\/www.helpery.sk\/en\/konzultacie\/gynecology\/prof-mudr-peter-urdzik-phd-mph\/","url":"https:\/\/www.helpery.sk\/en\/konzultacie\/gynecology\/prof-mudr-peter-urdzik-phd-mph\/","name":"Prof. MUDr. Peter Urdz\u00edk, PhD, MPH - Helpery","isPartOf":{"@id":"https:\/\/www.helpery.sk\/en\/#website"},"primaryImageOfPage":{"@id":"https:\/\/www.helpery.sk\/en\/konzultacie\/gynecology\/prof-mudr-peter-urdzik-phd-mph\/#primaryimage"},"image":{"@id":"https:\/\/www.helpery.sk\/en\/konzultacie\/gynecology\/prof-mudr-peter-urdzik-phd-mph\/#primaryimage"},"thumbnailUrl":"https:\/\/www.helpery.sk\/wp-content\/uploads\/2024\/06\/Peter-Urdzik_r-1.jpg","datePublished":"2024-06-27T13:51:17+00:00","dateModified":"2026-02-09T14:44:18+00:00","breadcrumb":{"@id":"https:\/\/www.helpery.sk\/en\/konzultacie\/gynecology\/prof-mudr-peter-urdzik-phd-mph\/#breadcrumb"},"inLanguage":"en-US","potentialAction":[{"@type":"ReadAction","target":["https:\/\/www.helpery.sk\/en\/konzultacie\/gynecology\/prof-mudr-peter-urdzik-phd-mph\/"]}]},{"@type":"ImageObject","inLanguage":"en-US","@id":"https:\/\/www.helpery.sk\/en\/konzultacie\/gynecology\/prof-mudr-peter-urdzik-phd-mph\/#primaryimage","url":"https:\/\/www.helpery.sk\/wp-content\/uploads\/2024\/06\/Peter-Urdzik_r-1.jpg","contentUrl":"https:\/\/www.helpery.sk\/wp-content\/uploads\/2024\/06\/Peter-Urdzik_r-1.jpg","width":421,"height":640},{"@type":"BreadcrumbList","@id":"https:\/\/www.helpery.sk\/en\/konzultacie\/gynecology\/prof-mudr-peter-urdzik-phd-mph\/#breadcrumb","itemListElement":[{"@type":"ListItem","position":1,"name":"Domovsk\u00e1 str\u00e1nka","item":"https:\/\/www.helpery.sk\/en\/"},{"@type":"ListItem","position":2,"name":"Consultations","item":"https:\/\/www.helpery.sk\/konzultacie\/"},{"@type":"ListItem","position":3,"name":"Prof. MUDr. Peter Urdz\u00edk, PhD, MPH"}]},{"@type":"WebSite","@id":"https:\/\/www.helpery.sk\/en\/#website","url":"https:\/\/www.helpery.sk\/en\/","name":"Helpery","description":"","potentialAction":[{"@type":"SearchAction","target":{"@type":"EntryPoint","urlTemplate":"https:\/\/www.helpery.sk\/en\/?s={search_term_string}"},"query-input":{"@type":"PropertyValueSpecification","valueRequired":true,"valueName":"search_term_string"}}],"inLanguage":"en-US"}]}},"_links":{"self":[{"href":"https:\/\/www.helpery.sk\/en\/wp-json\/wp\/v2\/product\/15354","targetHints":{"allow":["GET"]}}],"collection":[{"href":"https:\/\/www.helpery.sk\/en\/wp-json\/wp\/v2\/product"}],"about":[{"href":"https:\/\/www.helpery.sk\/en\/wp-json\/wp\/v2\/types\/product"}],"replies":[{"embeddable":true,"href":"https:\/\/www.helpery.sk\/en\/wp-json\/wp\/v2\/comments?post=15354"}],"version-history":[{"count":5,"href":"https:\/\/www.helpery.sk\/en\/wp-json\/wp\/v2\/product\/15354\/revisions"}],"predecessor-version":[{"id":17491,"href":"https:\/\/www.helpery.sk\/en\/wp-json\/wp\/v2\/product\/15354\/revisions\/17491"}],"wp:featuredmedia":[{"embeddable":true,"href":"https:\/\/www.helpery.sk\/en\/wp-json\/wp\/v2\/media\/14962"}],"wp:attachment":[{"href":"https:\/\/www.helpery.sk\/en\/wp-json\/wp\/v2\/media?parent=15354"}],"wp:term":[{"taxonomy":"product_brand","embeddable":true,"href":"https:\/\/www.helpery.sk\/en\/wp-json\/wp\/v2\/product_brand?post=15354"},{"taxonomy":"product_cat","embeddable":true,"href":"https:\/\/www.helpery.sk\/en\/wp-json\/wp\/v2\/product_cat?post=15354"},{"taxonomy":"product_tag","embeddable":true,"href":"https:\/\/www.helpery.sk\/en\/wp-json\/wp\/v2\/product_tag?post=15354"}],"curies":[{"name":"wp","href":"https:\/\/api.w.org\/{rel}","templated":true}]}}