{"id":15355,"date":"2024-06-27T15:51:17","date_gmt":"2024-06-27T13:51:17","guid":{"rendered":"https:\/\/www.helpery.sk\/konzultacie\/uncategorized\/mudr-katarina-starovecka\/"},"modified":"2026-02-09T10:41:24","modified_gmt":"2026-02-09T09:41:24","slug":"mudr-katarina-starovecka","status":"publish","type":"product","link":"https:\/\/www.helpery.sk\/en\/konzultacie\/gynecology\/mudr-katarina-starovecka\/","title":{"rendered":"MUDr. Katar\u00edna Staroveck\u00e1"},"content":{"rendered":"<h5>Professional profile<\/h5>\n<p>Dr. Katar\u00edna Staroveck\u00e1 is an erudite doctor in the field of reproductive medicine with many years of clinical experience. She studied general medicine at the Jessenius Faculty of Medicine in Martin. After successfully completing her studies, she worked as a secondary doctor at the gynecology-obstetrics department of the L.N.J\u00e9ge Hospital in Dolnoorava. After obtaining a specialization in the field of gynecology and obstetrics, she started working at the IVF clinic Snat\u00f3rium Helios SK, where she has been engaged in reproductive medicine and infertility treatment for more than 10 years.<\/p>\n<p>Dr. Staroveck\u00e1 also has many years of work experience in gynecological outpatient practice with a focus on gynecological endocrinology. In 2022, she obtained a specialization in Ultrasound in Gynecology and Obstetrics and performs specialized ultrasound examinations in her practice<\/p>\n\n<h5>Work experience<\/h5>\n<p>Helios Sanatorium &#8211; Center for Reproductive Medicine s.r.o., Martin<\/p>\n<p>Obstetrics and Gynecology Department &#8211; Dolnooravsk\u00e1 hospital MUDr. L.N.J\u00e9g\u00e9<\/p>\n<p>Center for reproductive medicine s.r.o., Bansk\u00e1 Bystrica<\/p>\n<p>Cancer prevention center s.r.o., Martin<\/p>\n<p>Gynecological center Gynmart s.r.o., Martin<\/p>\n\n<h5>Education<\/h5>\n<p>2009 \u2013 Specialization \u2013 Gynecology and Obstetrics<\/p>\n<p>2022 &#8211; Specialization &#8211; Ultrasound in gynecology and obstetrics<\/p>\n<p>1996 \u2013 Gymnasium, Martin<\/p>\n<p>2003 \u2013 &#8220;<em>MUDr<\/em>&#8221; General Medicine, Jesseni&#8217;s Faculty of Medicine, Charles University, Martin<\/p>\n\n<h5>Internship stays<\/h5>\n<p>2008 \u2013 Gynecology and Obstetrics Clinic JLF UK and UNM, Martin<\/p>\n<p>2018 \u2013 Center for reproductive medicine s.r.o., Bansk\u00e1 Bystrica<\/p>\n\n<h5>Membership in professional societies and councils<\/h5>\n<p>Slovak Gynecological and Obstetrical Society (SGPS)<\/p>\n<p>SGPS Assisted Reproduction Section<\/p>\n<p>Section of SGPS ultrasound diagnostics<\/p>\n\n<h5>Membership in editorial boards of magazines<\/h5>\n<p>No<\/p>\n\n<h5>Scientific research activity<\/h5>\n<p>No<\/p>\n\n<h5>Pedagogical activity<\/h5>\n<p>No<\/p>\n\n<h5>Language<\/h5>\n<p>Active: Slovak, English, Czech<\/p>\n\n<h5>Web Links<\/h5>\n<p><a href=\"https:\/\/www.sanatoriumhelios.sk\/mudr-katarina-starovecka\/\">https:\/\/www.sanatoriumhelios.sk\/mudr-katarina-starovecka\/<\/a><\/p>\n\n","protected":false},"excerpt":{"rendered":"<p><img decoding=\"async\" class=\"\" src=\"https:\/\/www.helpery.sk\/wp-content\/uploads\/2023\/02\/Slovakia_Flag.png\" width=\"32\" height=\"32\" \/> <img decoding=\"async\" class=\"\" src=\"https:\/\/www.helpery.sk\/wp-content\/uploads\/2023\/02\/UK_Flag.png\" width=\"32\" height=\"32\" \/><\/p>\n<p><b>Senior consultant (Martin, Slovakia)<\/b><\/p>\n<p>16 years of experience<\/p>\n<p>Dr. Katar\u00edna Staroveck\u00e1 is an experienced gynecologist and reproductive medicine specialist with more than 13 years of experience. Her main expert focus is the diagnosis and treatment of female and male infertility, the care of physiological and high-risk pregnancies, and the treatment of endocrinological disorders in gynecology.<\/p>\n<p> \t<strong style=\"color:#56698F;\">First consultation: 120 \u0404 <\/strong><br \/>\n \t<strong style=\"color:#56698F;\">Follow up: 100 \u0404 <\/strong><\/p>\n","protected":false},"featured_media":14961,"comment_status":"closed","ping_status":"closed","template":"","meta":{"_acf_changed":false,"ep_exclude_from_search":false},"product_brand":[],"product_cat":[643,669,670,674],"product_tag":[682,683,684,924,995,807,697,700,806,987,809,921,919,988,989,922,991,923,808,925,992,990,993,994],"class_list":{"0":"post-15355","1":"product","2":"type-product","3":"status-publish","4":"has-post-thumbnail","6":"product_cat-gynecology","7":"product_cat-obstetrics","8":"product_cat-reproductive-medicine","9":"product_cat-ultrasound-in-gynecology-and-obstetrics","10":"product_tag-abnormalities-of-the-uterine-cavity","11":"product_tag-adenomyosis","12":"product_tag-adnexal-pathology","13":"product_tag-comprehensive-diagnosis-and-treatment-of-infertility-ivf-et-icsi-cos-according-to-eshre-guidelines","14":"product_tag-congenital-anomalies-of-the-uterus","15":"product_tag-diagnosis-and-management-of-conditions-related-to-early-and-advanced-pregnancy","16":"product_tag-diagnosis-and-management-of-pcos","17":"product_tag-diagnosis-and-management-of-premature-ovarian-insufficiency-and-menopause","18":"product_tag-diagnosis-and-management-of-primary-and-secondary-amenorrhea","19":"product_tag-diagnostics-evaluation-and-treatment-of-gynecological-endocrinological-disorders","20":"product_tag-early-pregnancy-assessment","21":"product_tag-et-and-ket-embryo-and-cryoembryo-transfer","22":"product_tag-fibroids","23":"product_tag-hysterosalpingo-contrast-sonography-hycosy","24":"product_tag-hysterosalpingography","25":"product_tag-hysteroscopic-surgery","26":"product_tag-infertility","27":"product_tag-iui-intrauterine-insemination","28":"product_tag-ovarian-hyperstimulation-syndrome-ohss","29":"product_tag-ovarian-pathology","30":"product_tag-reproductive-medicine","31":"product_tag-treatment-of-endometriosis","32":"product_tag-ultrasound-examination-2d-and-3d-folliculometry","33":"product_tag-ultrasound-examination-of-the-endometrium-ivf","35":"first","36":"instock","37":"virtual","38":"taxable","39":"purchasable","40":"product-type-appointment"},"exclude_global_add_ons":false,"addons":[{"name":"Service","type":"multiple_choice","position":0,"required":true,"title_format":"label","default":"","description_enable":false,"description":"","placeholder_enable":false,"placeholder":"","display":"select","restrictions_type":"any_text","adjust_price":false,"price":"","price_type":"flat_fee","restrictions":false,"min":"0","max":"0","options":[{"label":"Telephone consultation","price":"","price_type":"flat_fee","image":0,"visibility":true},{"label":"Elaboration of a written assessment","price":"","price_type":"flat_fee","image":0,"visibility":true}],"id":1723065829}],"acf":[],"yoast_head":"<!-- This site is optimized with the Yoast SEO plugin v25.1 - https:\/\/yoast.com\/wordpress\/plugins\/seo\/ -->\n<title>MUDr. Katar\u00edna Staroveck\u00e1 - Helpery<\/title>\n<meta name=\"robots\" content=\"index, follow, max-snippet:-1, max-image-preview:large, max-video-preview:-1\" \/>\n<link rel=\"canonical\" href=\"https:\/\/www.helpery.sk\/en\/konzultacie\/gynecology\/mudr-katarina-starovecka\/\" \/>\n<meta property=\"og:locale\" content=\"en_US\" \/>\n<meta property=\"og:type\" content=\"article\" \/>\n<meta property=\"og:title\" content=\"MUDr. Katar\u00edna Staroveck\u00e1 - Helpery\" \/>\n<meta property=\"og:description\" content=\"Senior consultant (Martin, Slovakia)  16 years of experience  Dr. Katar\u00edna Staroveck\u00e1 is an experienced gynecologist and reproductive medicine specialist with more than 13 years of experience. Her main expert focus is the diagnosis and treatment of female and male infertility, the care of physiological and high-risk pregnancies, and the treatment of endocrinological disorders in gynecology.   First consultation: 120 \u0404   Follow up: 100 \u0404\" \/>\n<meta property=\"og:url\" content=\"https:\/\/www.helpery.sk\/en\/konzultacie\/gynecology\/mudr-katarina-starovecka\/\" \/>\n<meta property=\"og:site_name\" content=\"Helpery\" \/>\n<meta property=\"article:modified_time\" content=\"2026-02-09T09:41:24+00:00\" \/>\n<meta property=\"og:image\" content=\"https:\/\/www.helpery.sk\/wp-content\/uploads\/2024\/06\/Dr-Starovecka_r-1.jpg\" \/>\n\t<meta property=\"og:image:width\" content=\"400\" \/>\n\t<meta property=\"og:image:height\" content=\"600\" \/>\n\t<meta property=\"og:image:type\" content=\"image\/jpeg\" \/>\n<meta name=\"twitter:card\" content=\"summary_large_image\" \/>\n<meta name=\"twitter:label1\" content=\"Est. reading time\" \/>\n\t<meta name=\"twitter:data1\" content=\"1 minute\" \/>\n<script type=\"application\/ld+json\" class=\"yoast-schema-graph\">{\"@context\":\"https:\/\/schema.org\",\"@graph\":[{\"@type\":\"WebPage\",\"@id\":\"https:\/\/www.helpery.sk\/en\/konzultacie\/gynecology\/mudr-katarina-starovecka\/\",\"url\":\"https:\/\/www.helpery.sk\/en\/konzultacie\/gynecology\/mudr-katarina-starovecka\/\",\"name\":\"MUDr. Katar\u00edna Staroveck\u00e1 - Helpery\",\"isPartOf\":{\"@id\":\"https:\/\/www.helpery.sk\/en\/#website\"},\"primaryImageOfPage\":{\"@id\":\"https:\/\/www.helpery.sk\/en\/konzultacie\/gynecology\/mudr-katarina-starovecka\/#primaryimage\"},\"image\":{\"@id\":\"https:\/\/www.helpery.sk\/en\/konzultacie\/gynecology\/mudr-katarina-starovecka\/#primaryimage\"},\"thumbnailUrl\":\"https:\/\/www.helpery.sk\/wp-content\/uploads\/2024\/06\/Dr-Starovecka_r-1.jpg\",\"datePublished\":\"2024-06-27T13:51:17+00:00\",\"dateModified\":\"2026-02-09T09:41:24+00:00\",\"breadcrumb\":{\"@id\":\"https:\/\/www.helpery.sk\/en\/konzultacie\/gynecology\/mudr-katarina-starovecka\/#breadcrumb\"},\"inLanguage\":\"en-US\",\"potentialAction\":[{\"@type\":\"ReadAction\",\"target\":[\"https:\/\/www.helpery.sk\/en\/konzultacie\/gynecology\/mudr-katarina-starovecka\/\"]}]},{\"@type\":\"ImageObject\",\"inLanguage\":\"en-US\",\"@id\":\"https:\/\/www.helpery.sk\/en\/konzultacie\/gynecology\/mudr-katarina-starovecka\/#primaryimage\",\"url\":\"https:\/\/www.helpery.sk\/wp-content\/uploads\/2024\/06\/Dr-Starovecka_r-1.jpg\",\"contentUrl\":\"https:\/\/www.helpery.sk\/wp-content\/uploads\/2024\/06\/Dr-Starovecka_r-1.jpg\",\"width\":400,\"height\":600},{\"@type\":\"BreadcrumbList\",\"@id\":\"https:\/\/www.helpery.sk\/en\/konzultacie\/gynecology\/mudr-katarina-starovecka\/#breadcrumb\",\"itemListElement\":[{\"@type\":\"ListItem\",\"position\":1,\"name\":\"Domovsk\u00e1 str\u00e1nka\",\"item\":\"https:\/\/www.helpery.sk\/en\/\"},{\"@type\":\"ListItem\",\"position\":2,\"name\":\"Consultations\",\"item\":\"https:\/\/www.helpery.sk\/konzultacie\/\"},{\"@type\":\"ListItem\",\"position\":3,\"name\":\"MUDr. Katar\u00edna Staroveck\u00e1\"}]},{\"@type\":\"WebSite\",\"@id\":\"https:\/\/www.helpery.sk\/en\/#website\",\"url\":\"https:\/\/www.helpery.sk\/en\/\",\"name\":\"Helpery\",\"description\":\"\",\"potentialAction\":[{\"@type\":\"SearchAction\",\"target\":{\"@type\":\"EntryPoint\",\"urlTemplate\":\"https:\/\/www.helpery.sk\/en\/?s={search_term_string}\"},\"query-input\":{\"@type\":\"PropertyValueSpecification\",\"valueRequired\":true,\"valueName\":\"search_term_string\"}}],\"inLanguage\":\"en-US\"}]}<\/script>\n<!-- \/ Yoast SEO plugin. -->","yoast_head_json":{"title":"MUDr. Katar\u00edna Staroveck\u00e1 - Helpery","robots":{"index":"index","follow":"follow","max-snippet":"max-snippet:-1","max-image-preview":"max-image-preview:large","max-video-preview":"max-video-preview:-1"},"canonical":"https:\/\/www.helpery.sk\/en\/konzultacie\/gynecology\/mudr-katarina-starovecka\/","og_locale":"en_US","og_type":"article","og_title":"MUDr. Katar\u00edna Staroveck\u00e1 - Helpery","og_description":"Senior consultant (Martin, Slovakia)  16 years of experience  Dr. Katar\u00edna Staroveck\u00e1 is an experienced gynecologist and reproductive medicine specialist with more than 13 years of experience. Her main expert focus is the diagnosis and treatment of female and male infertility, the care of physiological and high-risk pregnancies, and the treatment of endocrinological disorders in gynecology.   First consultation: 120 \u0404   Follow up: 100 \u0404","og_url":"https:\/\/www.helpery.sk\/en\/konzultacie\/gynecology\/mudr-katarina-starovecka\/","og_site_name":"Helpery","article_modified_time":"2026-02-09T09:41:24+00:00","og_image":[{"width":400,"height":600,"url":"https:\/\/www.helpery.sk\/wp-content\/uploads\/2024\/06\/Dr-Starovecka_r-1.jpg","type":"image\/jpeg"}],"twitter_card":"summary_large_image","twitter_misc":{"Est. reading time":"1 minute"},"schema":{"@context":"https:\/\/schema.org","@graph":[{"@type":"WebPage","@id":"https:\/\/www.helpery.sk\/en\/konzultacie\/gynecology\/mudr-katarina-starovecka\/","url":"https:\/\/www.helpery.sk\/en\/konzultacie\/gynecology\/mudr-katarina-starovecka\/","name":"MUDr. Katar\u00edna Staroveck\u00e1 - Helpery","isPartOf":{"@id":"https:\/\/www.helpery.sk\/en\/#website"},"primaryImageOfPage":{"@id":"https:\/\/www.helpery.sk\/en\/konzultacie\/gynecology\/mudr-katarina-starovecka\/#primaryimage"},"image":{"@id":"https:\/\/www.helpery.sk\/en\/konzultacie\/gynecology\/mudr-katarina-starovecka\/#primaryimage"},"thumbnailUrl":"https:\/\/www.helpery.sk\/wp-content\/uploads\/2024\/06\/Dr-Starovecka_r-1.jpg","datePublished":"2024-06-27T13:51:17+00:00","dateModified":"2026-02-09T09:41:24+00:00","breadcrumb":{"@id":"https:\/\/www.helpery.sk\/en\/konzultacie\/gynecology\/mudr-katarina-starovecka\/#breadcrumb"},"inLanguage":"en-US","potentialAction":[{"@type":"ReadAction","target":["https:\/\/www.helpery.sk\/en\/konzultacie\/gynecology\/mudr-katarina-starovecka\/"]}]},{"@type":"ImageObject","inLanguage":"en-US","@id":"https:\/\/www.helpery.sk\/en\/konzultacie\/gynecology\/mudr-katarina-starovecka\/#primaryimage","url":"https:\/\/www.helpery.sk\/wp-content\/uploads\/2024\/06\/Dr-Starovecka_r-1.jpg","contentUrl":"https:\/\/www.helpery.sk\/wp-content\/uploads\/2024\/06\/Dr-Starovecka_r-1.jpg","width":400,"height":600},{"@type":"BreadcrumbList","@id":"https:\/\/www.helpery.sk\/en\/konzultacie\/gynecology\/mudr-katarina-starovecka\/#breadcrumb","itemListElement":[{"@type":"ListItem","position":1,"name":"Domovsk\u00e1 str\u00e1nka","item":"https:\/\/www.helpery.sk\/en\/"},{"@type":"ListItem","position":2,"name":"Consultations","item":"https:\/\/www.helpery.sk\/konzultacie\/"},{"@type":"ListItem","position":3,"name":"MUDr. Katar\u00edna Staroveck\u00e1"}]},{"@type":"WebSite","@id":"https:\/\/www.helpery.sk\/en\/#website","url":"https:\/\/www.helpery.sk\/en\/","name":"Helpery","description":"","potentialAction":[{"@type":"SearchAction","target":{"@type":"EntryPoint","urlTemplate":"https:\/\/www.helpery.sk\/en\/?s={search_term_string}"},"query-input":{"@type":"PropertyValueSpecification","valueRequired":true,"valueName":"search_term_string"}}],"inLanguage":"en-US"}]}},"_links":{"self":[{"href":"https:\/\/www.helpery.sk\/en\/wp-json\/wp\/v2\/product\/15355","targetHints":{"allow":["GET"]}}],"collection":[{"href":"https:\/\/www.helpery.sk\/en\/wp-json\/wp\/v2\/product"}],"about":[{"href":"https:\/\/www.helpery.sk\/en\/wp-json\/wp\/v2\/types\/product"}],"replies":[{"embeddable":true,"href":"https:\/\/www.helpery.sk\/en\/wp-json\/wp\/v2\/comments?post=15355"}],"version-history":[{"count":5,"href":"https:\/\/www.helpery.sk\/en\/wp-json\/wp\/v2\/product\/15355\/revisions"}],"predecessor-version":[{"id":17469,"href":"https:\/\/www.helpery.sk\/en\/wp-json\/wp\/v2\/product\/15355\/revisions\/17469"}],"wp:featuredmedia":[{"embeddable":true,"href":"https:\/\/www.helpery.sk\/en\/wp-json\/wp\/v2\/media\/14961"}],"wp:attachment":[{"href":"https:\/\/www.helpery.sk\/en\/wp-json\/wp\/v2\/media?parent=15355"}],"wp:term":[{"taxonomy":"product_brand","embeddable":true,"href":"https:\/\/www.helpery.sk\/en\/wp-json\/wp\/v2\/product_brand?post=15355"},{"taxonomy":"product_cat","embeddable":true,"href":"https:\/\/www.helpery.sk\/en\/wp-json\/wp\/v2\/product_cat?post=15355"},{"taxonomy":"product_tag","embeddable":true,"href":"https:\/\/www.helpery.sk\/en\/wp-json\/wp\/v2\/product_tag?post=15355"}],"curies":[{"name":"wp","href":"https:\/\/api.w.org\/{rel}","templated":true}]}}