{"id":15360,"date":"2024-06-27T15:51:16","date_gmt":"2024-06-27T13:51:16","guid":{"rendered":"https:\/\/www.helpery.sk\/konzultacie\/uncategorized\/prof-mudr-branislav-kolarovszki-phd-mba\/"},"modified":"2026-02-09T15:41:17","modified_gmt":"2026-02-09T14:41:17","slug":"prof-mudr-branislav-kolarovszki-phd-mba","status":"publish","type":"product","link":"https:\/\/www.helpery.sk\/en\/konzultacie\/neurosurgery\/prof-mudr-branislav-kolarovszki-phd-mba\/","title":{"rendered":"Prof. MUDr. Branislav Kolarovszki, PhD, MBA"},"content":{"rendered":"<p>Surgical treatment of degenerated cervical and lumbar spine; Individualized cervical intervertebral disc replacements; Personalized Spinal Neurosurgery; Reconstructive operations of complex skull defects; Children&#8217;s hydrocephalus; Neonatal neurosurgery; Craniosynostosis; Hydrocephalus of adults; Brain tumor operations; Brain injuries<\/p>\n<h5>Professional profile<\/h5>\n<p>Professor Branislav Kolarovszki is a renowned consultant in the field of neurosurgery. He is an internationally recognized specialist in the field of surgical treatment of the degenerated spine, hydrocephalus in both children and adults, and craniosynostosis. As part of the surgical treatment of brain tumors, he uses modern methods of intraoperative navigation, neuromonitoring and also performs brain tumor operations while the patient is conscious (so-called awake operations). He is an expert in complex reconstructive procedures for skull defects after severe brain injuries using individualized cranial implants. He is a pioneer of personalized surgical treatment of the degenerated cervical spine, in which he uses individualized cervical intervertebral disc replacements made to measure with 3D printing, for which he was awarded as the winner in the Top Innovations in Healthcare in Slovakia survey in 2018. In 2021, he was awarded the Top doctor in neurosurgery in Slovakia in the prestigious survey of Zdravotn\u00edcky noviny.<\/p>\n<p>Professor Branislav Kolarovszki completed his medical education at the Jessenius Faculty of Medicine in Martin, Comenius University in Bratislava. During his clinical practice, he completed several study stays and courses at prestigious clinics and universities abroad (e.g. Zurich &#8211; Switzerland; Strasbourg &#8211; France; Krakow &#8211; Poland; Berlin &#8211; Germany; Vienna &#8211; Austria; Kathmandu &#8211; Nepal; Prague, Ostrava, Pilsen, Brno \u2013 Czech Republic; P\u00e9cs \u2013 Hungary; Tolochenaz \u2013 Switzerland). In 2019, Professor Kolarovszki participated in the important global exhibition of medical technology and technology Ve\u013etrh Medica, Dusseldorf, Germany, where he presented the use of individualized cranial implants and individualized cervical intervertebral disc replacements made to measure by 3D printing in neurosurgery. Participation in the exhibition was supported by the SARIO agency (Slovak Agency for the Development of Investments and Trade) of the Ministry of Economy of the Slovak Republic.<\/p>\n<p>In the period from 2018 to 2021, he participated as a co-investigator in the multicenter anonymized study GNOS (Global Neurotrauma Outcome Study), the main investigator &#8211; prof. P.J. Hutchinson, Department of Neurosurgery, Adenbrooke&#8217;s Hospital, Cambridge, UK. The results of the given study were successfully published in the top foreign journal Lancet Neurology.<\/p>\n<p>Since 2014, Professor Kolarovszki has been the head of the Neurosurgery Clinic of the Martin University Hospital and the Jessenius Faculty of Medicine in Martin, Comenius University in Bratislava. He is an active member of several domestic and foreign professional estate and scientific societies. He works as an assessor of applications for grant projects of VEGA (Scientific Agency of the Ministry of Education of the Slovak Republic). In 2022, he was appointed by President Zuzana \u010caputov\u00e1 as a professor in the field of surgery.<br \/>\nProfessor Kolarovszki has extensive national and international experience in the field of scientific research. He was an invited speaker at several domestic and foreign scientific conferences.<\/p>\n<p>As part of the promotion of neurosurgery among the lay public, he appeared on television and radio channels such as RTVS, TA3, Mark\u00edza and R\u00e1dio Regina. He is an editor and reviewer in many foreign scientific journals. He educated a total of 4 PhDs. students and published in renowned, important foreign magazines.<\/p>\n\n<h5>Work experience<\/h5>\n<p>JLF Neurosurgery Clinic, Martin University Hospital, (from 1.1.2014 head of the clinic)<\/p>\n<p>Comenius University in Bratislava, Jessenius Faculty of Medicine in Martin, Department of Neurosurgery, university teacher &#8211; professor in the field of surgery, from 19.2.2019 to 18.3.2022 first vice-dean of JLF UK, vice-dean for faculty development and contact with the hospital<\/p>\n<p>Falck Z\u00e1chrann\u00e1 a.s., doctor of the crew of RLP station Vr\u00fatky<\/p>\n<p>Office for Health Care Supervision, expert consultant<\/p>\n\n<h5>Education<\/h5>\n<p>2010 \u2013 Specialization \u2013 Neurosurgery<\/p>\n<p>1995 \u2013 Gymnasium \u013d. J. \u0160uleka, Kom\u00e1rno<\/p>\n<p>2001 \u2013 General Medicine &#8220;<em>MUDr<\/em>&#8220;, Jessenius Faculty of Medicine in Martin, Comenius University in Bratislava<\/p>\n<p>2007 &#8211; Scientific title &#8220;<em>PhD<\/em>&#8221; &#8211; Topic: <em>Assessment of cerebral circulation in newborns and infants with hydrocephalus using transcranial Doppler sonography<\/em><\/p>\n<p>2013 \u2013 Scientific and pedagogical title &#8220;<em>Docent<\/em>&#8221; in the field of Surgery<\/p>\n<p>2014 \u2013 Healthcare management and financing, Jessenius Faculty of Medicine in Martin, Comenius University in Bratislava<\/p>\n<p>2022 \u2013 Scientific and pedagogical title &#8220;<em>Professor<\/em>&#8221; in the field of Surgery<\/p>\n<p>2022 \u2013 Management degree &#8220;<em>MBA<\/em>&#8220;<\/p>\n\n<h5>Internship stays<\/h5>\n<p>1998 &#8211; Department of Neurosurgery, Tribhuvan University, Kathmandu, Nepal<\/p>\n<p>1998 \u2013 Department of Neurosurgery, Erasmus University Rotterdam, The Netherlands<\/p>\n<p>2000 \u2013 Women&#8217;s Clinic, Universit\u00e4t Spital, Zurich, Switzerland<\/p>\n<p>2006 &#8211; AO Central European Comprehensive Spine Course &#8211; international spinal surgery course, 6-8 September 2006, Krakow, Poland<\/p>\n<p>2007 \u2013 Radiodiagnostic Clinic (Angiography Department), Central Military Hospital, Prague-St\u0159e\u0161ovice, foreign study stay with a focus on vascular<br \/>\nneurointerventional procedures, 5.11.-14.12.2007, Prague<\/p>\n<p>2008 \u2013 WFNS (World federation of neurological surgeons) Course, Bratislava, 21.-23.11.2008<\/p>\n<p>2008 \u2013 22nd EFORT Instructional Course: Spine degenerative, trauma, deformities, 10.-11.10. 2008, Prague<\/p>\n<p>2013 \u2013 1st Hands-on Course in Navigated 3D-ultrasound, 27.-29. November 2013, Bratislava<\/p>\n<p>2014 \u2013 Mobidays-Strasbourg, spondylosurgery course, 10-12.12. 2014, Strasbourg, France<\/p>\n<p>2015 \u2013 AO Neuro Course Skull Base, skull base surgery course, 28.-30.10.2015, Medical University Vienna, AKH, Vienna, Austria<\/p>\n<p>2015 \u2013 Endoscopic Pituitary Surgery, 8th International Hands-On Workshop, 9.-10. November 2015, Medical University of Vienna (General Hospital \u2013 AKH), Department of Neurosurgery, Univ. Prof. dr. Engelbert Knosp, Vienna, Austria<\/p>\n<p>2015 \u2013 Neurocritical Care Meets Experts Group, 16.-17.4.2015, P\u00e9cs, Republic of Hungary<\/p>\n<p>2016 \u2013 EuroSpine congress, 5-7 October 2016, Berlin, Germany<\/p>\n<p>2017 \u2013 NIM Eclipse SD Neuromonitoring in Spine surgeries, 30. November 2017, Tolochenaz, Switzerland<\/p>\n\n<h5>Membership in professional societies and councils<\/h5>\n<p>Slovak Neurosurgical Society (SNCHS) \u2013 committee member (2016 \u2013 2020)<\/p>\n<p>Slovak Spondylosurgery Society<\/p>\n<p>Slovak Medical Chamber (SLK)<\/p>\n<p>Slovak Medical Association (SLK)<\/p>\n\n<h5>Membership in editorial boards of magazines<\/h5>\n<p><em>Expert reviewer for foreign scientific journals<\/em><\/p>\n<p>Journal of Neurology and Neurosurgery; British Medical Journal Case Reports; Neurosurgery and Spine; Neonatology; American Journal of Perinatology Reports; Oncology Reports; Oncology Letters; Ear, Nose &amp; Throat Journal; Journal of Neurology, Neurological Science and Disorders; Surgical Neurology International; Cell and Tissue Banking; European Journal of Trauma and Emergency Surgery; Clinics in Surgery; Acta Martiniana Medica; Experimental and Therapeutic Medicine; Czech and Slovak Neurology and Neurosurgery; Pediatria pre prax; Journal of International Medical Research<\/p>\n\n<h5>Scientific research activity<\/h5>\n<p>Hirsh-Index: 7<br \/>\nInternational publications: 34<br \/>\n(Pubmed Library, USA; <a href=\"https:\/\/pubmed.ncbi.nlm.nih.gov\/?term=kolarovszki+b\" target=\"_blank\" rel=\"noopener\">https:\/\/pubmed.ncbi.nlm.nih.gov\/?term=kolarovszki+b<\/a>)<\/p>\n<p>Number of citations: 180<br \/>\n(Scopus database: <a href=\"https:\/\/www.scopus.com\/authid\/detail.uri?authorId=15073320400\" target=\"_blank\" rel=\"noopener\">https:\/\/www.scopus.com\/authid\/detail.uri?authorId=15073320400<\/a>)<\/p>\n<p>Management of scientific projects: VEGA 9 projects, APVV 3 projects, KEGA 1 project, MZ SR 2 projects<\/p>\n\n<h5>Pedagogical activity<\/h5>\n<p>2001-last, Jessenius Faculty of Medicine in Martin, Comenius University in Bratislava (assistant, assistant professor, docent, professor)<\/p>\n<p>Number of trained doctoral students: 4<\/p>\n\n<h5>Language<\/h5>\n<p>Active: Slovak, English<\/p>\n\n<h5>Web Links<\/h5>\n<p><a href=\"https:\/\/www.unm.sk\/neurochirurgicka-klinika\">https:\/\/www.unm.sk\/neurochirurgicka-klinika<\/a><\/p>\n<p><a href=\"https:\/\/www.researchgate.net\/profile\/Branislav-Kolarovszki\">https:\/\/www.researchgate.net\/profile\/Branislav-Kolarovszki<\/a><\/p>\n\n","protected":false},"excerpt":{"rendered":"<p><img decoding=\"async\" class=\"\" src=\"https:\/\/www.helpery.sk\/wp-content\/uploads\/2023\/02\/Slovakia_Flag.png\" width=\"32\" height=\"32\" \/> <img decoding=\"async\" class=\"\" src=\"https:\/\/www.helpery.sk\/wp-content\/uploads\/2023\/02\/UK_Flag.png\" width=\"32\" height=\"32\" \/><\/p>\n<p><b>Head of department (Martin, Slovakia) <\/b><\/p>\n<p>24 years of experience<\/p>\n<p>Professor Branislav Kolarovszki is a renowned neurosurgeon with more than 20 years of experience. His main expert focus is surgical treatment of degenerated cervical and lumbar spine, treatment of benign and malignant brain diseases, reconstruction of skull defects, treatment of hydrocephalus in adults, hydrocephalus and craniosynostosis in children.<\/p>\n<p> \t<strong style=\"color:#56698F;\">First consultation: 150 \u0404 <\/strong><br \/>\n \t<strong style=\"color:#56698F;\">Follow up: 130 \u0404 <\/strong><\/p>\n","protected":false},"featured_media":14957,"comment_status":"closed","ping_status":"closed","template":"","meta":{"_acf_changed":false,"ep_exclude_from_search":false},"product_brand":[],"product_cat":[657],"product_tag":[1040,1036,1034,1032,1033,1035,695,1038,1039,1037],"class_list":{"0":"post-15360","1":"product","2":"type-product","3":"status-publish","4":"has-post-thumbnail","6":"product_cat-neurosurgery","7":"product_tag-brain-injuries","8":"product_tag-brain-tumor-operations","9":"product_tag-craniosynostosis","10":"product_tag-hydrocephalus-in-adults","11":"product_tag-individualized-cervical-intervertebral-disc-replacements","12":"product_tag-neonatal-neurosurgery","13":"product_tag-paediatric-hydrocephalus","14":"product_tag-personalized-spinal-neurosurgery","15":"product_tag-reconstructive-operations-of-complex-skull-defects","16":"product_tag-surgical-treatment-of-degenerated-cervical-and-lumbar-spine","18":"first","19":"instock","20":"virtual","21":"taxable","22":"purchasable","23":"product-type-appointment"},"exclude_global_add_ons":false,"addons":[{"name":"Service","type":"multiple_choice","position":0,"required":true,"title_format":"label","default":"","description_enable":false,"description":"","placeholder_enable":false,"placeholder":"","display":"select","restrictions_type":"any_text","adjust_price":false,"price":"","price_type":"flat_fee","restrictions":false,"min":"0","max":"0","options":[{"label":"Telephone consultation","price":"","price_type":"flat_fee","image":0,"visibility":true},{"label":"Elaboration of a written assessment","price":"","price_type":"flat_fee","image":0,"visibility":true}],"id":1723124148}],"acf":[],"yoast_head":"<!-- This site is optimized with the Yoast SEO plugin v25.1 - https:\/\/yoast.com\/wordpress\/plugins\/seo\/ -->\n<title>Prof. MUDr. Branislav Kolarovszki, PhD, MBA - Helpery<\/title>\n<meta name=\"robots\" content=\"index, follow, max-snippet:-1, max-image-preview:large, max-video-preview:-1\" \/>\n<link rel=\"canonical\" href=\"https:\/\/www.helpery.sk\/en\/konzultacie\/neurosurgery\/prof-mudr-branislav-kolarovszki-phd-mba\/\" \/>\n<meta property=\"og:locale\" content=\"en_US\" \/>\n<meta property=\"og:type\" content=\"article\" \/>\n<meta property=\"og:title\" content=\"Prof. MUDr. Branislav Kolarovszki, PhD, MBA - Helpery\" \/>\n<meta property=\"og:description\" content=\"Head of department (Martin, Slovakia)   24 years of experience  Professor Branislav Kolarovszki is a renowned neurosurgeon with more than 20 years of experience. His main expert focus is surgical treatment of degenerated cervical and lumbar spine, treatment of benign and malignant brain diseases, reconstruction of skull defects, treatment of hydrocephalus in adults, hydrocephalus and craniosynostosis in children.   First consultation: 150 \u0404   Follow up: 130 \u0404\" \/>\n<meta property=\"og:url\" content=\"https:\/\/www.helpery.sk\/en\/konzultacie\/neurosurgery\/prof-mudr-branislav-kolarovszki-phd-mba\/\" \/>\n<meta property=\"og:site_name\" content=\"Helpery\" \/>\n<meta property=\"article:modified_time\" content=\"2026-02-09T14:41:17+00:00\" \/>\n<meta property=\"og:image\" content=\"https:\/\/www.helpery.sk\/wp-content\/uploads\/2024\/06\/Branisla_Koralovszki_r-1.jpeg\" \/>\n\t<meta property=\"og:image:width\" content=\"400\" \/>\n\t<meta property=\"og:image:height\" content=\"600\" \/>\n\t<meta property=\"og:image:type\" content=\"image\/jpeg\" \/>\n<meta name=\"twitter:card\" content=\"summary_large_image\" \/>\n<meta name=\"twitter:label1\" content=\"Est. reading time\" \/>\n\t<meta name=\"twitter:data1\" content=\"1 minute\" \/>\n<script type=\"application\/ld+json\" class=\"yoast-schema-graph\">{\"@context\":\"https:\/\/schema.org\",\"@graph\":[{\"@type\":\"WebPage\",\"@id\":\"https:\/\/www.helpery.sk\/en\/konzultacie\/neurosurgery\/prof-mudr-branislav-kolarovszki-phd-mba\/\",\"url\":\"https:\/\/www.helpery.sk\/en\/konzultacie\/neurosurgery\/prof-mudr-branislav-kolarovszki-phd-mba\/\",\"name\":\"Prof. MUDr. Branislav Kolarovszki, PhD, MBA - Helpery\",\"isPartOf\":{\"@id\":\"https:\/\/www.helpery.sk\/en\/#website\"},\"primaryImageOfPage\":{\"@id\":\"https:\/\/www.helpery.sk\/en\/konzultacie\/neurosurgery\/prof-mudr-branislav-kolarovszki-phd-mba\/#primaryimage\"},\"image\":{\"@id\":\"https:\/\/www.helpery.sk\/en\/konzultacie\/neurosurgery\/prof-mudr-branislav-kolarovszki-phd-mba\/#primaryimage\"},\"thumbnailUrl\":\"https:\/\/www.helpery.sk\/wp-content\/uploads\/2024\/06\/Branisla_Koralovszki_r-1.jpeg\",\"datePublished\":\"2024-06-27T13:51:16+00:00\",\"dateModified\":\"2026-02-09T14:41:17+00:00\",\"breadcrumb\":{\"@id\":\"https:\/\/www.helpery.sk\/en\/konzultacie\/neurosurgery\/prof-mudr-branislav-kolarovszki-phd-mba\/#breadcrumb\"},\"inLanguage\":\"en-US\",\"potentialAction\":[{\"@type\":\"ReadAction\",\"target\":[\"https:\/\/www.helpery.sk\/en\/konzultacie\/neurosurgery\/prof-mudr-branislav-kolarovszki-phd-mba\/\"]}]},{\"@type\":\"ImageObject\",\"inLanguage\":\"en-US\",\"@id\":\"https:\/\/www.helpery.sk\/en\/konzultacie\/neurosurgery\/prof-mudr-branislav-kolarovszki-phd-mba\/#primaryimage\",\"url\":\"https:\/\/www.helpery.sk\/wp-content\/uploads\/2024\/06\/Branisla_Koralovszki_r-1.jpeg\",\"contentUrl\":\"https:\/\/www.helpery.sk\/wp-content\/uploads\/2024\/06\/Branisla_Koralovszki_r-1.jpeg\",\"width\":400,\"height\":600},{\"@type\":\"BreadcrumbList\",\"@id\":\"https:\/\/www.helpery.sk\/en\/konzultacie\/neurosurgery\/prof-mudr-branislav-kolarovszki-phd-mba\/#breadcrumb\",\"itemListElement\":[{\"@type\":\"ListItem\",\"position\":1,\"name\":\"Domovsk\u00e1 str\u00e1nka\",\"item\":\"https:\/\/www.helpery.sk\/en\/\"},{\"@type\":\"ListItem\",\"position\":2,\"name\":\"Consultations\",\"item\":\"https:\/\/www.helpery.sk\/konzultacie\/\"},{\"@type\":\"ListItem\",\"position\":3,\"name\":\"Prof. MUDr. Branislav Kolarovszki, PhD, MBA\"}]},{\"@type\":\"WebSite\",\"@id\":\"https:\/\/www.helpery.sk\/en\/#website\",\"url\":\"https:\/\/www.helpery.sk\/en\/\",\"name\":\"Helpery\",\"description\":\"\",\"potentialAction\":[{\"@type\":\"SearchAction\",\"target\":{\"@type\":\"EntryPoint\",\"urlTemplate\":\"https:\/\/www.helpery.sk\/en\/?s={search_term_string}\"},\"query-input\":{\"@type\":\"PropertyValueSpecification\",\"valueRequired\":true,\"valueName\":\"search_term_string\"}}],\"inLanguage\":\"en-US\"}]}<\/script>\n<!-- \/ Yoast SEO plugin. -->","yoast_head_json":{"title":"Prof. MUDr. Branislav Kolarovszki, PhD, MBA - Helpery","robots":{"index":"index","follow":"follow","max-snippet":"max-snippet:-1","max-image-preview":"max-image-preview:large","max-video-preview":"max-video-preview:-1"},"canonical":"https:\/\/www.helpery.sk\/en\/konzultacie\/neurosurgery\/prof-mudr-branislav-kolarovszki-phd-mba\/","og_locale":"en_US","og_type":"article","og_title":"Prof. MUDr. Branislav Kolarovszki, PhD, MBA - Helpery","og_description":"Head of department (Martin, Slovakia)   24 years of experience  Professor Branislav Kolarovszki is a renowned neurosurgeon with more than 20 years of experience. His main expert focus is surgical treatment of degenerated cervical and lumbar spine, treatment of benign and malignant brain diseases, reconstruction of skull defects, treatment of hydrocephalus in adults, hydrocephalus and craniosynostosis in children.   First consultation: 150 \u0404   Follow up: 130 \u0404","og_url":"https:\/\/www.helpery.sk\/en\/konzultacie\/neurosurgery\/prof-mudr-branislav-kolarovszki-phd-mba\/","og_site_name":"Helpery","article_modified_time":"2026-02-09T14:41:17+00:00","og_image":[{"width":400,"height":600,"url":"https:\/\/www.helpery.sk\/wp-content\/uploads\/2024\/06\/Branisla_Koralovszki_r-1.jpeg","type":"image\/jpeg"}],"twitter_card":"summary_large_image","twitter_misc":{"Est. reading time":"1 minute"},"schema":{"@context":"https:\/\/schema.org","@graph":[{"@type":"WebPage","@id":"https:\/\/www.helpery.sk\/en\/konzultacie\/neurosurgery\/prof-mudr-branislav-kolarovszki-phd-mba\/","url":"https:\/\/www.helpery.sk\/en\/konzultacie\/neurosurgery\/prof-mudr-branislav-kolarovszki-phd-mba\/","name":"Prof. MUDr. Branislav Kolarovszki, PhD, MBA - Helpery","isPartOf":{"@id":"https:\/\/www.helpery.sk\/en\/#website"},"primaryImageOfPage":{"@id":"https:\/\/www.helpery.sk\/en\/konzultacie\/neurosurgery\/prof-mudr-branislav-kolarovszki-phd-mba\/#primaryimage"},"image":{"@id":"https:\/\/www.helpery.sk\/en\/konzultacie\/neurosurgery\/prof-mudr-branislav-kolarovszki-phd-mba\/#primaryimage"},"thumbnailUrl":"https:\/\/www.helpery.sk\/wp-content\/uploads\/2024\/06\/Branisla_Koralovszki_r-1.jpeg","datePublished":"2024-06-27T13:51:16+00:00","dateModified":"2026-02-09T14:41:17+00:00","breadcrumb":{"@id":"https:\/\/www.helpery.sk\/en\/konzultacie\/neurosurgery\/prof-mudr-branislav-kolarovszki-phd-mba\/#breadcrumb"},"inLanguage":"en-US","potentialAction":[{"@type":"ReadAction","target":["https:\/\/www.helpery.sk\/en\/konzultacie\/neurosurgery\/prof-mudr-branislav-kolarovszki-phd-mba\/"]}]},{"@type":"ImageObject","inLanguage":"en-US","@id":"https:\/\/www.helpery.sk\/en\/konzultacie\/neurosurgery\/prof-mudr-branislav-kolarovszki-phd-mba\/#primaryimage","url":"https:\/\/www.helpery.sk\/wp-content\/uploads\/2024\/06\/Branisla_Koralovszki_r-1.jpeg","contentUrl":"https:\/\/www.helpery.sk\/wp-content\/uploads\/2024\/06\/Branisla_Koralovszki_r-1.jpeg","width":400,"height":600},{"@type":"BreadcrumbList","@id":"https:\/\/www.helpery.sk\/en\/konzultacie\/neurosurgery\/prof-mudr-branislav-kolarovszki-phd-mba\/#breadcrumb","itemListElement":[{"@type":"ListItem","position":1,"name":"Domovsk\u00e1 str\u00e1nka","item":"https:\/\/www.helpery.sk\/en\/"},{"@type":"ListItem","position":2,"name":"Consultations","item":"https:\/\/www.helpery.sk\/konzultacie\/"},{"@type":"ListItem","position":3,"name":"Prof. MUDr. Branislav Kolarovszki, PhD, MBA"}]},{"@type":"WebSite","@id":"https:\/\/www.helpery.sk\/en\/#website","url":"https:\/\/www.helpery.sk\/en\/","name":"Helpery","description":"","potentialAction":[{"@type":"SearchAction","target":{"@type":"EntryPoint","urlTemplate":"https:\/\/www.helpery.sk\/en\/?s={search_term_string}"},"query-input":{"@type":"PropertyValueSpecification","valueRequired":true,"valueName":"search_term_string"}}],"inLanguage":"en-US"}]}},"_links":{"self":[{"href":"https:\/\/www.helpery.sk\/en\/wp-json\/wp\/v2\/product\/15360","targetHints":{"allow":["GET"]}}],"collection":[{"href":"https:\/\/www.helpery.sk\/en\/wp-json\/wp\/v2\/product"}],"about":[{"href":"https:\/\/www.helpery.sk\/en\/wp-json\/wp\/v2\/types\/product"}],"replies":[{"embeddable":true,"href":"https:\/\/www.helpery.sk\/en\/wp-json\/wp\/v2\/comments?post=15360"}],"version-history":[{"count":6,"href":"https:\/\/www.helpery.sk\/en\/wp-json\/wp\/v2\/product\/15360\/revisions"}],"predecessor-version":[{"id":17487,"href":"https:\/\/www.helpery.sk\/en\/wp-json\/wp\/v2\/product\/15360\/revisions\/17487"}],"wp:featuredmedia":[{"embeddable":true,"href":"https:\/\/www.helpery.sk\/en\/wp-json\/wp\/v2\/media\/14957"}],"wp:attachment":[{"href":"https:\/\/www.helpery.sk\/en\/wp-json\/wp\/v2\/media?parent=15360"}],"wp:term":[{"taxonomy":"product_brand","embeddable":true,"href":"https:\/\/www.helpery.sk\/en\/wp-json\/wp\/v2\/product_brand?post=15360"},{"taxonomy":"product_cat","embeddable":true,"href":"https:\/\/www.helpery.sk\/en\/wp-json\/wp\/v2\/product_cat?post=15360"},{"taxonomy":"product_tag","embeddable":true,"href":"https:\/\/www.helpery.sk\/en\/wp-json\/wp\/v2\/product_tag?post=15360"}],"curies":[{"name":"wp","href":"https:\/\/api.w.org\/{rel}","templated":true}]}}