{"id":15365,"date":"2024-06-27T15:51:16","date_gmt":"2024-06-27T13:51:16","guid":{"rendered":"https:\/\/www.helpery.sk\/konzultacie\/uncategorized\/mudr-peter-mydla\/"},"modified":"2026-02-09T11:24:06","modified_gmt":"2026-02-09T10:24:06","slug":"mudr-peter-mydla","status":"publish","type":"product","link":"https:\/\/www.helpery.sk\/en\/konzultacie\/gynecology\/mudr-peter-mydla\/","title":{"rendered":"MUDr. Peter Mydla, MBA"},"content":{"rendered":"<h5>Professional profile<\/h5>\n<p>Doctor Peter Mydla is an erudite obstetrician, gynecologist and senologist. He acquired his professional education and specialization in gynecology and obstetrics at the Faculty of Specialized Studies of the Slovak Health University in Bratislava. He received his specialization accreditation in the field of Senologia (mammology) in gynecology at Onko-Zert in Germany. He started his professional career as a secondary doctor at the Hospital in Zlat\u00e9 Moravce. He also worked as a secondary doctor at the \u00dast\u00ed nad Labem hospital in the perinatology and oncology institute. He worked as a secondary doctor in the Hospitals in Litome\u0159ice, Jind\u0159ichovo Hradec, \u010cesk\u00e1 L\u00edpa and Rumburk, where he held the position of deputy mayor.<\/p>\n<p>In Germany, he worked as chief physician and deputy chief in several oncology and senology centers, as well as in urogynecology centers at the university hospitals in Adorf, Dresden, Ebersbach, Cham, M\u00fchldorf, Zwiesely, Kaufbeuren and Buchloe. Dr. Mydla currently works as the chief physician and primary care physician in the department of gynecology and obstetrics and in the department of senology at Kaufbeuren Hospital in Germany.<\/p>\n<p>He owns a private gynecology clinic, where he deals with prenatal diagnostics, urogynecology, oncogynecology and senology. The doctor operates regularly in the hospital and the Senology Center in Kaufbeuren, Buchloe and F\u00fcssen. He has extensive experience with the whole range of gynecological and senological diseases and also deals with the issue of cervical dysplasia and colposcopy.<\/p>\n<p>Doctor Peter Mydla is a member of Bayerische Landes\u00e4rztekammer (BL\u00c4K), Deutsche Gesellschaft f\u00fcr Ultraschall in Medizin (DEGUM), Berufsverband der Frauen\u00e4rzte (BVF), Fetal Medicine Foundation Deutschland (FMF Deutschland), Fetal Medicine Foundation London (FMF UK), \u00c4rztlicher Bezirksverband Schwaben and Association of Health Workers Abroad (AZPZ).<\/p>\n\n<h5>Work experience<\/h5>\n<p>Department of Gynecology and Obstetrics, Paracelsus Adorf, Mammology Center, Technical University, Dresden-Friedrichstadt, Dresden, Germany<\/p>\n<p>Obstetrics and Gynecology Clinic, Center for Pelvic Floor Pathology and Mother Center Oberlausitzer Bergland, Technisches Universit\u00e4t Dresden, Standort Ebersbach,<\/p>\n<p>Beckenbodenzentrum Ost Sachsen, Germany<\/p>\n<p>Obstetrics and Gynecology Clinic, Cham, Sana Kliniken<\/p>\n<p>Department of Gynecology and Obstetrics, Kliniken Muhldorf a.Inn, Bayern, Germany<\/p>\n<p>Department of Gynecology and Obstetrics, Viechtach-Zwiesel, KKH Zwiesel, Bayern, Germany<\/p>\n<p>Department of Gynecology and Obstetrics, Kaufbeuren, Brust Zentrum Allg\u00e4u, Beckenboden und Onkologisches Zentrum, Germany<\/p>\n<p>Department of Gynecology and Obstetrics, Perinatologisches Schwerpunkt, Kliniken Ost Allg\u00e4u, Germany<\/p>\n<p>Obstetrics and Gynecology Department, Zlate Moravce Hospital, Slovak Republic<\/p>\n<p>Obstetrics and Gynecology Clinic, Masaryk Hospital, \u00dast\u00ed nad Labem, Czech Republic<\/p>\n<p>Perinatological Center and Department of Gynecological Endoscopy, Litomerice Hospital, Czech Republic<\/p>\n<p>Gynecology and obstetrics department, \u010cesk\u00e1 L\u00edpa Hospital, Czech Republic<\/p>\n<p>Obstetrics and Gynecology Clinic, University Hospital Bratislava, Kram\u00e1re, Bratislava, Slovak Republic<\/p>\n<p>Obstetrics and Gynecology Department, Jind\u0159ich\u00fav Hradec Hospital, Czech Republic<\/p>\n<p>Obstetrics and Gynecology Department, Rumburk Hospital, Czech Republic<\/p>\n\n<h5>Education<\/h5>\n<p>2004 \u2013 Specialization \u2013 Gynecology and Obstetrics, 1. attestation<\/p>\n<p>2006 \u2013 Specialization \u2013 Gynecology and Obstetrics, 2. attestation<\/p>\n<p>1994 \u2013 Gymnasium, Nitra<\/p>\n<p>2000 \u2013 General medicine &#8220;<em>MUDr<\/em>&#8220;, Jesseni&#8217;s Faculty of Medicine, Charles University, Martin<\/p>\n\n<h5>Internship stays<\/h5>\n<p>2011 &#8211; Praenatal Diagnostic Center, MVZ N\u00fcrnberg, Germany<\/p>\n<p>2011 &#8211; Mammakarzin zentrum, Cham, Bayern, Germany<\/p>\n<p>2011 &#8211; AGUB I, Urogyn\u00e4kologie I, Munich, Germany<\/p>\n<p>2011 &#8211; AGUB I, Urogynecology II, Stuttgart, Germany<\/p>\n<p>2019 &#8211; Gyn\u00e4kologische Krebsvorsorge und Zervix Zytologie zentrum, Kaufbeuren, Germany<\/p>\n\n<h5>Membership in professional societies and councils<\/h5>\n<p>Bayerische Landes\u00e4rztekammer (BL\u00c4K)<\/p>\n<p>Deutsche Gesellschaft f\u00fcr Ultraschall in Medizin (DEGUM)<\/p>\n<p>Berufsverband der Frauen\u00e4rzte (BVF)<\/p>\n<p>Fetal Medicine Foundation Deutschland (FMF Deutschland)<\/p>\n<p>Fetal Medicine Foundation London (FMF UK)<\/p>\n<p>\u00c4rztlicher Bezirksverband Schwaben<\/p>\n<p>AZPZ (Association of Healthcare Workers Abroad)<\/p>\n\n<h5>Membership in editorial boards of magazines<\/h5>\n<p>No<\/p>\n\n<h5>Scientific research activity<\/h5>\n<p>No<\/p>\n\n<h5>Pedagogical activity<\/h5>\n<p>No<\/p>\n\n<h5>Language<\/h5>\n<p>Active: English, German, Slovak, Czech<\/p>\n<p>Passive: Russian, Polish<\/p>\n\n<h5>Web Links<\/h5>\n<p><a href=\"http:\/\/www.gynpraxis-mydla.de\">www.gynpraxis-mydla.de<\/a><\/p>\n\n","protected":false},"excerpt":{"rendered":"<p><img decoding=\"async\" class=\"\" src=\"https:\/\/www.helpery.sk\/wp-content\/uploads\/2023\/02\/Germany_Flag.png\" width=\"32\" height=\"32\" \/> <img decoding=\"async\" class=\"\" src=\"https:\/\/www.helpery.sk\/wp-content\/uploads\/2023\/02\/UK_Flag.png\" width=\"32\" height=\"32\" \/> <img decoding=\"async\" class=\"\" src=\"https:\/\/www.helpery.sk\/wp-content\/uploads\/2023\/02\/Austria_Flag.png\" width=\"32\" height=\"32\" \/> <img loading=\"lazy\" decoding=\"async\" class=\"\" src=\"https:\/\/www.helpery.sk\/wp-content\/uploads\/2023\/02\/Slovakia_Flag.png\" width=\"32\" height=\"32\" \/> <img loading=\"lazy\" decoding=\"async\" class=\"\" src=\"https:\/\/www.helpery.sk\/wp-content\/uploads\/2023\/02\/Czech_Flag.png\" width=\"32\" height=\"32\" \/><\/p>\n<p><b> Senior consultant (Kaufbeuren, Germany) and (Reutte, Austria)<\/b><\/p>\n<p>25 years of experience<\/p>\n<p>Dr. Peter Mydla is a renowned gynecologist, obstetrician and mammologist with more than 20 years of experience. His main expert focus is the diagnosis and treatment of benign and malignant diseases of female genital diseases and breast cancer, including plastic and aesthetic therapy of the external genitalia and breasts.<\/p>\n<p> \t<strong style=\"color:#56698F;\">First consultation: 150 \u0404 <\/strong><br \/>\n \t<strong style=\"color:#56698F;\">Follow up: 130 \u0404<\/strong><\/p>\n","protected":false},"featured_media":14954,"comment_status":"closed","ping_status":"closed","template":"","meta":{"_acf_changed":false,"ep_exclude_from_search":false},"product_brand":[],"product_cat":[643,655,669],"product_tag":[1060,1059,696,840,1063,1061,1062,920,804],"class_list":{"0":"post-15365","1":"product","2":"type-product","3":"status-publish","4":"has-post-thumbnail","6":"product_cat-gynecology","7":"product_cat-mammalogy","8":"product_cat-obstetrics","9":"product_tag-aesthetic-surgery-in-gynecology","10":"product_tag-cervical-precancers","11":"product_tag-diagnosis-and-surgical-treatment-of-breast-cancer","12":"product_tag-gynecology","13":"product_tag-high-risk-pregnancy","14":"product_tag-mammology","15":"product_tag-plastic-surgery","16":"product_tag-ultrasound-in-gynecology-and-obstetrics","17":"product_tag-urogynecology","19":"first","20":"instock","21":"virtual","22":"taxable","23":"purchasable","24":"product-type-appointment"},"exclude_global_add_ons":false,"addons":[{"name":"Service","type":"multiple_choice","position":0,"required":true,"title_format":"label","default":"","description_enable":false,"description":"","placeholder_enable":false,"placeholder":"","display":"select","restrictions_type":"any_text","adjust_price":false,"price":"","price_type":"flat_fee","restrictions":false,"min":"0","max":"0","options":[{"label":"Telephone consultation","price":"","price_type":"flat_fee","image":0,"visibility":true},{"label":"Elaboration of a written assessment","price":"","price_type":"flat_fee","image":0,"visibility":true}],"id":1723124800}],"acf":[],"yoast_head":"<!-- This site is optimized with the Yoast SEO plugin v25.1 - https:\/\/yoast.com\/wordpress\/plugins\/seo\/ -->\n<title>MUDr. Peter Mydla, MBA - Helpery<\/title>\n<meta name=\"robots\" content=\"index, follow, max-snippet:-1, max-image-preview:large, max-video-preview:-1\" \/>\n<link rel=\"canonical\" href=\"https:\/\/www.helpery.sk\/en\/konzultacie\/gynecology\/mudr-peter-mydla\/\" \/>\n<meta property=\"og:locale\" content=\"en_US\" \/>\n<meta property=\"og:type\" content=\"article\" \/>\n<meta property=\"og:title\" content=\"MUDr. Peter Mydla, MBA - Helpery\" \/>\n<meta property=\"og:description\" content=\"Senior consultant (Kaufbeuren, Germany) and (Reutte, Austria)  25 years of experience  Dr. Peter Mydla is a renowned gynecologist, obstetrician and mammologist with more than 20 years of experience. His main expert focus is the diagnosis and treatment of benign and malignant diseases of female genital diseases and breast cancer, including plastic and aesthetic therapy of the external genitalia and breasts.   First consultation: 150 \u0404   Follow up: 130 \u0404\" \/>\n<meta property=\"og:url\" content=\"https:\/\/www.helpery.sk\/en\/konzultacie\/gynecology\/mudr-peter-mydla\/\" \/>\n<meta property=\"og:site_name\" content=\"Helpery\" \/>\n<meta property=\"article:modified_time\" content=\"2026-02-09T10:24:06+00:00\" \/>\n<meta property=\"og:image\" content=\"https:\/\/www.helpery.sk\/wp-content\/uploads\/2024\/06\/MUDr.-Peter-Mydla-1.jpg\" \/>\n\t<meta property=\"og:image:width\" content=\"400\" \/>\n\t<meta property=\"og:image:height\" content=\"600\" \/>\n\t<meta property=\"og:image:type\" content=\"image\/jpeg\" \/>\n<meta name=\"twitter:card\" content=\"summary_large_image\" \/>\n<meta name=\"twitter:label1\" content=\"Est. reading time\" \/>\n\t<meta name=\"twitter:data1\" content=\"1 minute\" \/>\n<script type=\"application\/ld+json\" class=\"yoast-schema-graph\">{\"@context\":\"https:\/\/schema.org\",\"@graph\":[{\"@type\":\"WebPage\",\"@id\":\"https:\/\/www.helpery.sk\/en\/konzultacie\/gynecology\/mudr-peter-mydla\/\",\"url\":\"https:\/\/www.helpery.sk\/en\/konzultacie\/gynecology\/mudr-peter-mydla\/\",\"name\":\"MUDr. Peter Mydla, MBA - Helpery\",\"isPartOf\":{\"@id\":\"https:\/\/www.helpery.sk\/en\/#website\"},\"primaryImageOfPage\":{\"@id\":\"https:\/\/www.helpery.sk\/en\/konzultacie\/gynecology\/mudr-peter-mydla\/#primaryimage\"},\"image\":{\"@id\":\"https:\/\/www.helpery.sk\/en\/konzultacie\/gynecology\/mudr-peter-mydla\/#primaryimage\"},\"thumbnailUrl\":\"https:\/\/www.helpery.sk\/wp-content\/uploads\/2024\/06\/MUDr.-Peter-Mydla-1.jpg\",\"datePublished\":\"2024-06-27T13:51:16+00:00\",\"dateModified\":\"2026-02-09T10:24:06+00:00\",\"breadcrumb\":{\"@id\":\"https:\/\/www.helpery.sk\/en\/konzultacie\/gynecology\/mudr-peter-mydla\/#breadcrumb\"},\"inLanguage\":\"en-US\",\"potentialAction\":[{\"@type\":\"ReadAction\",\"target\":[\"https:\/\/www.helpery.sk\/en\/konzultacie\/gynecology\/mudr-peter-mydla\/\"]}]},{\"@type\":\"ImageObject\",\"inLanguage\":\"en-US\",\"@id\":\"https:\/\/www.helpery.sk\/en\/konzultacie\/gynecology\/mudr-peter-mydla\/#primaryimage\",\"url\":\"https:\/\/www.helpery.sk\/wp-content\/uploads\/2024\/06\/MUDr.-Peter-Mydla-1.jpg\",\"contentUrl\":\"https:\/\/www.helpery.sk\/wp-content\/uploads\/2024\/06\/MUDr.-Peter-Mydla-1.jpg\",\"width\":400,\"height\":600},{\"@type\":\"BreadcrumbList\",\"@id\":\"https:\/\/www.helpery.sk\/en\/konzultacie\/gynecology\/mudr-peter-mydla\/#breadcrumb\",\"itemListElement\":[{\"@type\":\"ListItem\",\"position\":1,\"name\":\"Domovsk\u00e1 str\u00e1nka\",\"item\":\"https:\/\/www.helpery.sk\/en\/\"},{\"@type\":\"ListItem\",\"position\":2,\"name\":\"Consultations\",\"item\":\"https:\/\/www.helpery.sk\/konzultacie\/\"},{\"@type\":\"ListItem\",\"position\":3,\"name\":\"MUDr. Peter Mydla, MBA\"}]},{\"@type\":\"WebSite\",\"@id\":\"https:\/\/www.helpery.sk\/en\/#website\",\"url\":\"https:\/\/www.helpery.sk\/en\/\",\"name\":\"Helpery\",\"description\":\"\",\"potentialAction\":[{\"@type\":\"SearchAction\",\"target\":{\"@type\":\"EntryPoint\",\"urlTemplate\":\"https:\/\/www.helpery.sk\/en\/?s={search_term_string}\"},\"query-input\":{\"@type\":\"PropertyValueSpecification\",\"valueRequired\":true,\"valueName\":\"search_term_string\"}}],\"inLanguage\":\"en-US\"}]}<\/script>\n<!-- \/ Yoast SEO plugin. -->","yoast_head_json":{"title":"MUDr. Peter Mydla, MBA - Helpery","robots":{"index":"index","follow":"follow","max-snippet":"max-snippet:-1","max-image-preview":"max-image-preview:large","max-video-preview":"max-video-preview:-1"},"canonical":"https:\/\/www.helpery.sk\/en\/konzultacie\/gynecology\/mudr-peter-mydla\/","og_locale":"en_US","og_type":"article","og_title":"MUDr. Peter Mydla, MBA - Helpery","og_description":"Senior consultant (Kaufbeuren, Germany) and (Reutte, Austria)  25 years of experience  Dr. Peter Mydla is a renowned gynecologist, obstetrician and mammologist with more than 20 years of experience. His main expert focus is the diagnosis and treatment of benign and malignant diseases of female genital diseases and breast cancer, including plastic and aesthetic therapy of the external genitalia and breasts.   First consultation: 150 \u0404   Follow up: 130 \u0404","og_url":"https:\/\/www.helpery.sk\/en\/konzultacie\/gynecology\/mudr-peter-mydla\/","og_site_name":"Helpery","article_modified_time":"2026-02-09T10:24:06+00:00","og_image":[{"width":400,"height":600,"url":"https:\/\/www.helpery.sk\/wp-content\/uploads\/2024\/06\/MUDr.-Peter-Mydla-1.jpg","type":"image\/jpeg"}],"twitter_card":"summary_large_image","twitter_misc":{"Est. reading time":"1 minute"},"schema":{"@context":"https:\/\/schema.org","@graph":[{"@type":"WebPage","@id":"https:\/\/www.helpery.sk\/en\/konzultacie\/gynecology\/mudr-peter-mydla\/","url":"https:\/\/www.helpery.sk\/en\/konzultacie\/gynecology\/mudr-peter-mydla\/","name":"MUDr. Peter Mydla, MBA - Helpery","isPartOf":{"@id":"https:\/\/www.helpery.sk\/en\/#website"},"primaryImageOfPage":{"@id":"https:\/\/www.helpery.sk\/en\/konzultacie\/gynecology\/mudr-peter-mydla\/#primaryimage"},"image":{"@id":"https:\/\/www.helpery.sk\/en\/konzultacie\/gynecology\/mudr-peter-mydla\/#primaryimage"},"thumbnailUrl":"https:\/\/www.helpery.sk\/wp-content\/uploads\/2024\/06\/MUDr.-Peter-Mydla-1.jpg","datePublished":"2024-06-27T13:51:16+00:00","dateModified":"2026-02-09T10:24:06+00:00","breadcrumb":{"@id":"https:\/\/www.helpery.sk\/en\/konzultacie\/gynecology\/mudr-peter-mydla\/#breadcrumb"},"inLanguage":"en-US","potentialAction":[{"@type":"ReadAction","target":["https:\/\/www.helpery.sk\/en\/konzultacie\/gynecology\/mudr-peter-mydla\/"]}]},{"@type":"ImageObject","inLanguage":"en-US","@id":"https:\/\/www.helpery.sk\/en\/konzultacie\/gynecology\/mudr-peter-mydla\/#primaryimage","url":"https:\/\/www.helpery.sk\/wp-content\/uploads\/2024\/06\/MUDr.-Peter-Mydla-1.jpg","contentUrl":"https:\/\/www.helpery.sk\/wp-content\/uploads\/2024\/06\/MUDr.-Peter-Mydla-1.jpg","width":400,"height":600},{"@type":"BreadcrumbList","@id":"https:\/\/www.helpery.sk\/en\/konzultacie\/gynecology\/mudr-peter-mydla\/#breadcrumb","itemListElement":[{"@type":"ListItem","position":1,"name":"Domovsk\u00e1 str\u00e1nka","item":"https:\/\/www.helpery.sk\/en\/"},{"@type":"ListItem","position":2,"name":"Consultations","item":"https:\/\/www.helpery.sk\/konzultacie\/"},{"@type":"ListItem","position":3,"name":"MUDr. Peter Mydla, MBA"}]},{"@type":"WebSite","@id":"https:\/\/www.helpery.sk\/en\/#website","url":"https:\/\/www.helpery.sk\/en\/","name":"Helpery","description":"","potentialAction":[{"@type":"SearchAction","target":{"@type":"EntryPoint","urlTemplate":"https:\/\/www.helpery.sk\/en\/?s={search_term_string}"},"query-input":{"@type":"PropertyValueSpecification","valueRequired":true,"valueName":"search_term_string"}}],"inLanguage":"en-US"}]}},"_links":{"self":[{"href":"https:\/\/www.helpery.sk\/en\/wp-json\/wp\/v2\/product\/15365","targetHints":{"allow":["GET"]}}],"collection":[{"href":"https:\/\/www.helpery.sk\/en\/wp-json\/wp\/v2\/product"}],"about":[{"href":"https:\/\/www.helpery.sk\/en\/wp-json\/wp\/v2\/types\/product"}],"replies":[{"embeddable":true,"href":"https:\/\/www.helpery.sk\/en\/wp-json\/wp\/v2\/comments?post=15365"}],"version-history":[{"count":6,"href":"https:\/\/www.helpery.sk\/en\/wp-json\/wp\/v2\/product\/15365\/revisions"}],"predecessor-version":[{"id":17479,"href":"https:\/\/www.helpery.sk\/en\/wp-json\/wp\/v2\/product\/15365\/revisions\/17479"}],"wp:featuredmedia":[{"embeddable":true,"href":"https:\/\/www.helpery.sk\/en\/wp-json\/wp\/v2\/media\/14954"}],"wp:attachment":[{"href":"https:\/\/www.helpery.sk\/en\/wp-json\/wp\/v2\/media?parent=15365"}],"wp:term":[{"taxonomy":"product_brand","embeddable":true,"href":"https:\/\/www.helpery.sk\/en\/wp-json\/wp\/v2\/product_brand?post=15365"},{"taxonomy":"product_cat","embeddable":true,"href":"https:\/\/www.helpery.sk\/en\/wp-json\/wp\/v2\/product_cat?post=15365"},{"taxonomy":"product_tag","embeddable":true,"href":"https:\/\/www.helpery.sk\/en\/wp-json\/wp\/v2\/product_tag?post=15365"}],"curies":[{"name":"wp","href":"https:\/\/api.w.org\/{rel}","templated":true}]}}