{"id":15366,"date":"2024-06-27T15:51:16","date_gmt":"2024-06-27T13:51:16","guid":{"rendered":"https:\/\/www.helpery.sk\/konzultacie\/uncategorized\/mudr-roman-fiolka-phd\/"},"modified":"2026-02-09T11:28:55","modified_gmt":"2026-02-09T10:28:55","slug":"mudr-roman-fiolka-phd","status":"publish","type":"product","link":"https:\/\/www.helpery.sk\/en\/konzultacie\/gynecology\/mudr-roman-fiolka-phd\/","title":{"rendered":"MUDr. Roman Fiolka, PhD"},"content":{"rendered":"<h5>Professional profile<\/h5>\n<p>Dr. Roman Fiolka is an experienced doctor, a specialist in the medical field of Gynecology and Obstetrics with several years of experience and certification.<br \/>\nAfter successfully completing his studies in general medicine at the Jessenius Faculty of Medicine of the Comenius University in Martin, he began full-time doctoral studies at the Gynecology and Obstetrics Clinic at the University Hospital in Martin. During his doctoral studies, he focused on the topic Hypermethylation of tumor suppressor genes in endometrial cancer. He worked in Martin for 11 years. Subsequently, he worked as the deputy head of the Gynecology and Obstetrics Department at the Dolnooravsk\u00e1 Hospital in Doln\u00fd Kub\u00edn, where he was mainly involved in high-risk obstetrics. He currently works as an outpatient doctor in \u017dilina, where he is in charge of outpatient care for pregnant women, annual prevention and acute conditions. His specialty is also expert colposcopy &#8211; examination of the cervix and specialized ultrasound examinations in pregnancy.<br \/>\nHe is the author of many scientific articles and professional lectures in the field of prevention of oncogynecological diseases and management of high-risk pregnancy.<\/p>\n\n<h5>Work experience<\/h5>\n<p>Gynecology and Obstetrics Clinic JLF UK and UNM, Martin<\/p>\n<p>Gynecology and Obstetrics Department, Lower Orava L. N. J\u00e9g\u00e9 Hospital, Doln\u00fd Kub\u00edn<\/p>\n<p>Gynpraktik s.r.o., Gynecological and obstetric clinic, \u017dilina<\/p>\n<p>Gynfull s.r.o., Gynecological and obstetric clinic, \u017dilina<\/p>\n\n<h5>Education<\/h5>\n<p>2020 \u2013 Specialization \u2013 Gynecology and Obstetrics<\/p>\n<p>2002 \u2013 Mikul\u00e1\u0161 Galand High School, Tur\u010dianske Teplice<\/p>\n<p>2008 \u2013 &#8220;<em>MUDr<\/em>&#8221; General Medicine, University of Applied Sciences in Bratislava, Jesseni&#8217;s Faculty of Medicine in Martin<\/p>\n<p>2012 &#8211; Scientific title &#8220;<em>PhD<\/em>&#8221; &#8211; Topic: <em>The use of molecular biology methods in the prevention and early detection of endometrial cancer in women<\/em><\/p>\n\n<h5>Internship stays<\/h5>\n<p>No<\/p>\n\n<h5>Membership in professional societies and councils<\/h5>\n<p>Slovak Medical Society (SLS)<\/p>\n<p>Slovak Medical Chamber (SLK)<\/p>\n\n<h5>Membership in editorial boards of magazines<\/h5>\n<p>No<\/p>\n\n<h5>Scientific research activity<\/h5>\n<p>Hirsh-Index: 4<\/p>\n<p>International publications: 6<br \/>\n(Pubmed Library, USA; <a href=\"https:\/\/pubmed.ncbi.nlm.nih.gov\/?term=Fiolka+R&amp;cauthor_id=30221668\" target=\"_blank\" rel=\"noopener\">https:\/\/pubmed.ncbi.nlm.nih.gov\/?term=Fiolka+R&amp;cauthor_id=30221668<\/a>)<\/p>\n<p>Number of citations: 71<br \/>\n(Scopus atabase: <a href=\"https:\/\/www.scopus.com\/authid\/detail.uri?authorId=36942302100\" target=\"_blank\" rel=\"noopener\">https:\/\/www.scopus.com\/authid\/detail.uri?authorId=36942302100<\/a>)<\/p>\n\n<h5>Pedagogical activity<\/h5>\n<p>2008 \u2013 2012, Gynecology and Obstetrics Clinic, Jessenius Faculty of Medicine, Charles University, Martin (doctoral student)<\/p>\n\n<h5>Language<\/h5>\n<p>Active: Slovak, English<\/p>\n<p>Passive: German, Polish<\/p>\n\n<h5>Web Links<\/h5>\n\n","protected":false},"excerpt":{"rendered":"<p><img decoding=\"async\" class=\"\" src=\"https:\/\/www.helpery.sk\/wp-content\/uploads\/2023\/02\/Slovakia_Flag.png\" width=\"32\" height=\"32\" \/> <img decoding=\"async\" class=\"\" src=\"https:\/\/www.helpery.sk\/wp-content\/uploads\/2023\/02\/UK_Flag.png\" width=\"32\" height=\"32\" \/><\/p>\n<p><b> Senior consultant (\u017dilina, Slovakia) <\/b><\/p>\n<p>17 years of experience<\/p>\n<p>Dr. Roman Fiolka is an experienced gynecologist and obstetrician with more than 15 years of experience. His main expert focus is the care of physiological and high-risk pregnancies and screening for malignant diseases of the cervix and uterine body.<\/p>\n<p> \t<strong style=\"color:#56698F;\">First consultation: 120 \u0404 <\/strong><br \/>\n \t<strong style=\"color:#56698F;\">Follow up: 100 \u0404 <\/strong><\/p>\n","protected":false},"featured_media":14953,"comment_status":"closed","ping_status":"closed","template":"","meta":{"_acf_changed":false,"ep_exclude_from_search":false},"product_brand":[],"product_cat":[643,669],"product_tag":[1068,1064,840,1065,1066,1067],"class_list":{"0":"post-15366","1":"product","2":"type-product","3":"status-publish","4":"has-post-thumbnail","6":"product_cat-gynecology","7":"product_cat-obstetrics","8":"product_tag-examination-of-the-cervix","9":"product_tag-expert-colposcopy","10":"product_tag-gynecology","11":"product_tag-obstetrics-physiological-and-high-risk","12":"product_tag-screening-of-premalignant-diseases","13":"product_tag-specialized-ultrasound-examinations","15":"first","16":"instock","17":"virtual","18":"taxable","19":"purchasable","20":"product-type-appointment"},"exclude_global_add_ons":false,"addons":[{"name":"Service","type":"multiple_choice","position":0,"required":true,"title_format":"label","default":"","description_enable":false,"description":"","placeholder_enable":false,"placeholder":"","display":"select","restrictions_type":"any_text","adjust_price":false,"price":"","price_type":"flat_fee","restrictions":false,"min":"0","max":"0","options":[{"label":"Telephone consultation","price":"","price_type":"flat_fee","image":0,"visibility":true},{"label":"Elaboration of a written assessment","price":"","price_type":"flat_fee","image":0,"visibility":true}],"id":1723124902}],"acf":[],"yoast_head":"<!-- This site is optimized with the Yoast SEO plugin v25.1 - https:\/\/yoast.com\/wordpress\/plugins\/seo\/ -->\n<title>MUDr. Roman Fiolka, PhD - Helpery<\/title>\n<meta name=\"robots\" content=\"index, follow, max-snippet:-1, max-image-preview:large, max-video-preview:-1\" \/>\n<link rel=\"canonical\" href=\"https:\/\/www.helpery.sk\/en\/konzultacie\/gynecology\/mudr-roman-fiolka-phd\/\" \/>\n<meta property=\"og:locale\" content=\"en_US\" \/>\n<meta property=\"og:type\" content=\"article\" \/>\n<meta property=\"og:title\" content=\"MUDr. Roman Fiolka, PhD - Helpery\" \/>\n<meta property=\"og:description\" content=\"Senior consultant (\u017dilina, Slovakia)   17 years of experience  Dr. Roman Fiolka is an experienced gynecologist and obstetrician with more than 15 years of experience. His main expert focus is the care of physiological and high-risk pregnancies and screening for malignant diseases of the cervix and uterine body.   First consultation: 120 \u0404   Follow up: 100 \u0404\" \/>\n<meta property=\"og:url\" content=\"https:\/\/www.helpery.sk\/en\/konzultacie\/gynecology\/mudr-roman-fiolka-phd\/\" \/>\n<meta property=\"og:site_name\" content=\"Helpery\" \/>\n<meta property=\"article:modified_time\" content=\"2026-02-09T10:28:55+00:00\" \/>\n<meta property=\"og:image\" content=\"https:\/\/www.helpery.sk\/wp-content\/uploads\/2024\/06\/MUDr.-Roman-Fiolka_r.jpg\" \/>\n\t<meta property=\"og:image:width\" content=\"400\" \/>\n\t<meta property=\"og:image:height\" content=\"600\" \/>\n\t<meta property=\"og:image:type\" content=\"image\/jpeg\" \/>\n<meta name=\"twitter:card\" content=\"summary_large_image\" \/>\n<meta name=\"twitter:label1\" content=\"Est. reading time\" \/>\n\t<meta name=\"twitter:data1\" content=\"1 minute\" \/>\n<script type=\"application\/ld+json\" class=\"yoast-schema-graph\">{\"@context\":\"https:\/\/schema.org\",\"@graph\":[{\"@type\":\"WebPage\",\"@id\":\"https:\/\/www.helpery.sk\/en\/konzultacie\/gynecology\/mudr-roman-fiolka-phd\/\",\"url\":\"https:\/\/www.helpery.sk\/en\/konzultacie\/gynecology\/mudr-roman-fiolka-phd\/\",\"name\":\"MUDr. Roman Fiolka, PhD - Helpery\",\"isPartOf\":{\"@id\":\"https:\/\/www.helpery.sk\/en\/#website\"},\"primaryImageOfPage\":{\"@id\":\"https:\/\/www.helpery.sk\/en\/konzultacie\/gynecology\/mudr-roman-fiolka-phd\/#primaryimage\"},\"image\":{\"@id\":\"https:\/\/www.helpery.sk\/en\/konzultacie\/gynecology\/mudr-roman-fiolka-phd\/#primaryimage\"},\"thumbnailUrl\":\"https:\/\/www.helpery.sk\/wp-content\/uploads\/2024\/06\/MUDr.-Roman-Fiolka_r.jpg\",\"datePublished\":\"2024-06-27T13:51:16+00:00\",\"dateModified\":\"2026-02-09T10:28:55+00:00\",\"breadcrumb\":{\"@id\":\"https:\/\/www.helpery.sk\/en\/konzultacie\/gynecology\/mudr-roman-fiolka-phd\/#breadcrumb\"},\"inLanguage\":\"en-US\",\"potentialAction\":[{\"@type\":\"ReadAction\",\"target\":[\"https:\/\/www.helpery.sk\/en\/konzultacie\/gynecology\/mudr-roman-fiolka-phd\/\"]}]},{\"@type\":\"ImageObject\",\"inLanguage\":\"en-US\",\"@id\":\"https:\/\/www.helpery.sk\/en\/konzultacie\/gynecology\/mudr-roman-fiolka-phd\/#primaryimage\",\"url\":\"https:\/\/www.helpery.sk\/wp-content\/uploads\/2024\/06\/MUDr.-Roman-Fiolka_r.jpg\",\"contentUrl\":\"https:\/\/www.helpery.sk\/wp-content\/uploads\/2024\/06\/MUDr.-Roman-Fiolka_r.jpg\",\"width\":400,\"height\":600},{\"@type\":\"BreadcrumbList\",\"@id\":\"https:\/\/www.helpery.sk\/en\/konzultacie\/gynecology\/mudr-roman-fiolka-phd\/#breadcrumb\",\"itemListElement\":[{\"@type\":\"ListItem\",\"position\":1,\"name\":\"Domovsk\u00e1 str\u00e1nka\",\"item\":\"https:\/\/www.helpery.sk\/en\/\"},{\"@type\":\"ListItem\",\"position\":2,\"name\":\"Consultations\",\"item\":\"https:\/\/www.helpery.sk\/konzultacie\/\"},{\"@type\":\"ListItem\",\"position\":3,\"name\":\"MUDr. Roman Fiolka, PhD\"}]},{\"@type\":\"WebSite\",\"@id\":\"https:\/\/www.helpery.sk\/en\/#website\",\"url\":\"https:\/\/www.helpery.sk\/en\/\",\"name\":\"Helpery\",\"description\":\"\",\"potentialAction\":[{\"@type\":\"SearchAction\",\"target\":{\"@type\":\"EntryPoint\",\"urlTemplate\":\"https:\/\/www.helpery.sk\/en\/?s={search_term_string}\"},\"query-input\":{\"@type\":\"PropertyValueSpecification\",\"valueRequired\":true,\"valueName\":\"search_term_string\"}}],\"inLanguage\":\"en-US\"}]}<\/script>\n<!-- \/ Yoast SEO plugin. -->","yoast_head_json":{"title":"MUDr. Roman Fiolka, PhD - Helpery","robots":{"index":"index","follow":"follow","max-snippet":"max-snippet:-1","max-image-preview":"max-image-preview:large","max-video-preview":"max-video-preview:-1"},"canonical":"https:\/\/www.helpery.sk\/en\/konzultacie\/gynecology\/mudr-roman-fiolka-phd\/","og_locale":"en_US","og_type":"article","og_title":"MUDr. Roman Fiolka, PhD - Helpery","og_description":"Senior consultant (\u017dilina, Slovakia)   17 years of experience  Dr. Roman Fiolka is an experienced gynecologist and obstetrician with more than 15 years of experience. His main expert focus is the care of physiological and high-risk pregnancies and screening for malignant diseases of the cervix and uterine body.   First consultation: 120 \u0404   Follow up: 100 \u0404","og_url":"https:\/\/www.helpery.sk\/en\/konzultacie\/gynecology\/mudr-roman-fiolka-phd\/","og_site_name":"Helpery","article_modified_time":"2026-02-09T10:28:55+00:00","og_image":[{"width":400,"height":600,"url":"https:\/\/www.helpery.sk\/wp-content\/uploads\/2024\/06\/MUDr.-Roman-Fiolka_r.jpg","type":"image\/jpeg"}],"twitter_card":"summary_large_image","twitter_misc":{"Est. reading time":"1 minute"},"schema":{"@context":"https:\/\/schema.org","@graph":[{"@type":"WebPage","@id":"https:\/\/www.helpery.sk\/en\/konzultacie\/gynecology\/mudr-roman-fiolka-phd\/","url":"https:\/\/www.helpery.sk\/en\/konzultacie\/gynecology\/mudr-roman-fiolka-phd\/","name":"MUDr. Roman Fiolka, PhD - Helpery","isPartOf":{"@id":"https:\/\/www.helpery.sk\/en\/#website"},"primaryImageOfPage":{"@id":"https:\/\/www.helpery.sk\/en\/konzultacie\/gynecology\/mudr-roman-fiolka-phd\/#primaryimage"},"image":{"@id":"https:\/\/www.helpery.sk\/en\/konzultacie\/gynecology\/mudr-roman-fiolka-phd\/#primaryimage"},"thumbnailUrl":"https:\/\/www.helpery.sk\/wp-content\/uploads\/2024\/06\/MUDr.-Roman-Fiolka_r.jpg","datePublished":"2024-06-27T13:51:16+00:00","dateModified":"2026-02-09T10:28:55+00:00","breadcrumb":{"@id":"https:\/\/www.helpery.sk\/en\/konzultacie\/gynecology\/mudr-roman-fiolka-phd\/#breadcrumb"},"inLanguage":"en-US","potentialAction":[{"@type":"ReadAction","target":["https:\/\/www.helpery.sk\/en\/konzultacie\/gynecology\/mudr-roman-fiolka-phd\/"]}]},{"@type":"ImageObject","inLanguage":"en-US","@id":"https:\/\/www.helpery.sk\/en\/konzultacie\/gynecology\/mudr-roman-fiolka-phd\/#primaryimage","url":"https:\/\/www.helpery.sk\/wp-content\/uploads\/2024\/06\/MUDr.-Roman-Fiolka_r.jpg","contentUrl":"https:\/\/www.helpery.sk\/wp-content\/uploads\/2024\/06\/MUDr.-Roman-Fiolka_r.jpg","width":400,"height":600},{"@type":"BreadcrumbList","@id":"https:\/\/www.helpery.sk\/en\/konzultacie\/gynecology\/mudr-roman-fiolka-phd\/#breadcrumb","itemListElement":[{"@type":"ListItem","position":1,"name":"Domovsk\u00e1 str\u00e1nka","item":"https:\/\/www.helpery.sk\/en\/"},{"@type":"ListItem","position":2,"name":"Consultations","item":"https:\/\/www.helpery.sk\/konzultacie\/"},{"@type":"ListItem","position":3,"name":"MUDr. Roman Fiolka, PhD"}]},{"@type":"WebSite","@id":"https:\/\/www.helpery.sk\/en\/#website","url":"https:\/\/www.helpery.sk\/en\/","name":"Helpery","description":"","potentialAction":[{"@type":"SearchAction","target":{"@type":"EntryPoint","urlTemplate":"https:\/\/www.helpery.sk\/en\/?s={search_term_string}"},"query-input":{"@type":"PropertyValueSpecification","valueRequired":true,"valueName":"search_term_string"}}],"inLanguage":"en-US"}]}},"_links":{"self":[{"href":"https:\/\/www.helpery.sk\/en\/wp-json\/wp\/v2\/product\/15366","targetHints":{"allow":["GET"]}}],"collection":[{"href":"https:\/\/www.helpery.sk\/en\/wp-json\/wp\/v2\/product"}],"about":[{"href":"https:\/\/www.helpery.sk\/en\/wp-json\/wp\/v2\/types\/product"}],"replies":[{"embeddable":true,"href":"https:\/\/www.helpery.sk\/en\/wp-json\/wp\/v2\/comments?post=15366"}],"version-history":[{"count":6,"href":"https:\/\/www.helpery.sk\/en\/wp-json\/wp\/v2\/product\/15366\/revisions"}],"predecessor-version":[{"id":17483,"href":"https:\/\/www.helpery.sk\/en\/wp-json\/wp\/v2\/product\/15366\/revisions\/17483"}],"wp:featuredmedia":[{"embeddable":true,"href":"https:\/\/www.helpery.sk\/en\/wp-json\/wp\/v2\/media\/14953"}],"wp:attachment":[{"href":"https:\/\/www.helpery.sk\/en\/wp-json\/wp\/v2\/media?parent=15366"}],"wp:term":[{"taxonomy":"product_brand","embeddable":true,"href":"https:\/\/www.helpery.sk\/en\/wp-json\/wp\/v2\/product_brand?post=15366"},{"taxonomy":"product_cat","embeddable":true,"href":"https:\/\/www.helpery.sk\/en\/wp-json\/wp\/v2\/product_cat?post=15366"},{"taxonomy":"product_tag","embeddable":true,"href":"https:\/\/www.helpery.sk\/en\/wp-json\/wp\/v2\/product_tag?post=15366"}],"curies":[{"name":"wp","href":"https:\/\/api.w.org\/{rel}","templated":true}]}}