{"id":15368,"date":"2024-06-27T15:51:15","date_gmt":"2024-06-27T13:51:15","guid":{"rendered":"https:\/\/www.helpery.sk\/konzultacie\/uncategorized\/mudr-katarina-fiolkova\/"},"modified":"2025-05-24T16:45:34","modified_gmt":"2025-05-24T14:45:34","slug":"mudr-katarina-fiolkova","status":"publish","type":"product","link":"https:\/\/www.helpery.sk\/en\/konzultacie\/internal-medicine\/mudr-katarina-fiolkova\/","title":{"rendered":"MUDr. Katar\u00edna Fiolkov\u00e1"},"content":{"rendered":"<h5>Professional profile<\/h5>\n<p>Dr. Katar\u00edna Fiolkov\u00e1 specializes in general medicine. She completed her studies in general medicine at the Jessenius Faculty of Medicine of the Comenius University in Martin. During her studies, she completed a number of internships, including the surgical clinic of the University Hospital in Martin, a summer internship in the subjects of surgery and internal medicine at St. Michael&#8217;s Hospital in Bratislava, a summer internship in the subject of pediatrics at the University Hospital in Martin, or a summer internship in the subject of gynecology and obstetrics at Semmelweis University University in Budapest.<\/p>\n<p>She began her professional career with full-time doctoral studies at the Gynecology and Obstetrics Clinic of the University Hospital in Martin. Subsequently, she worked as a secondary doctor at the Clinic of Occupational Medicine and Toxicology in this hospital. He is currently continuing his residency studies at the University Hospital in Martin in the field of general medicine.<\/p>\n<p>She develops her scientific activity through lecturing, participation in conferences and through scientific publication in the field of Slovak gynecology and obstetrics on the topic of Aquaporins, antidiuretic hormone in relation to fetal homeostasis and regulation of the volume of intra-amniotic fluid, and in the field of Czech gynecology on the topic of Celiac disease as a possible cause of some gynecological -obstetric diseases.<\/p>\n\n<h5>Work experience<\/h5>\n<p>Internal clinic JLF UK and UNM, Martin<\/p>\n<p>Gynecology and Obstetrics Clinic JLF UK and UNM, Martin<\/p>\n<p>Clinic of Occupational Medicine and Toxicology JLF UK and UNM, Martin<\/p>\n\n<h5>Education<\/h5>\n<p>2008 \u2013 V.Pauliny-T\u00f3th High School, Martin<\/p>\n<p>2014 \u2013 &#8220;<em>MUDr<\/em>&#8221; General Medicine, University of Bratislava, Jessenius Faculty of Medicine in Martin<\/p>\n\n<h5>Internship stays<\/h5>\n<p>2013 \u2013 Department of Gynecology and Obstetrics, Semmelweis University, Budapest, Hungary<\/p>\n<p>2013 \u2013 Children and Adolescent Clinic JLF UK and UNM, Martin, Slovakia<\/p>\n<p>2012 \u2013 Department of Surgery and Internal Medicine, St. Michael&#8217;s Hospital, Bratislava, Slovakia<\/p>\n<p>2011 \u2013 Surgical Clinic JLF UK and UNM, Martin, Slovakia<\/p>\n\n<h5>Membership in professional societies and councils<\/h5>\n<p>Slovak Medical Society (SLS)<\/p>\n<p>Slovak Medical Chamber (SLK)<\/p>\n\n<h5>Membership in editorial boards of magazines<\/h5>\n<p>No<\/p>\n\n<h5>Scientific research activity<\/h5>\n<p>Hirsh-Index: 0<\/p>\n<p>International publications: 2<\/p>\n<p>(Pubmed Library, USA; <a href=\"https:\/\/pubmed.ncbi.nlm.nih.gov\/?term=Fiolkov%C3%A1+K&amp;cauthor_id=27918167\" target=\"_blank\" rel=\"noopener\">https:\/\/pubmed.ncbi.nlm.nih.gov\/?term=Fiolkov%C3%A1+K&amp;cauthor_id=27918167<\/a>)<\/p>\n\n<h5>Pedagogical activity<\/h5>\n<p>2014 \u2013 2016, Department of Gynecology and Obstetrics, Jessenius Faculty of Medicine, Charles University, Martin (doctoral student)<\/p>\n<p>2018 \u2013 2019, Clinic of Occupational Medicine, Jessenius Faculty of Medicine, Charles University, Martin (assistant)<\/p>\n\n<h5>Language<\/h5>\n<p>Active: Slovak, English<\/p>\n<p>Passive: German<\/p>\n\n<h5>Delivery time<\/h5>\nElaboration of a professional opinion within 10 days of ordering\n<h5>Video consultation<\/h5>\nNeposkytuje\n<pre class=\"language-php\" tabindex=\"0\"><\/pre>\n","protected":false},"excerpt":{"rendered":"<p><img decoding=\"async\" class=\"\" src=\"https:\/\/www.helpery.sk\/wp-content\/uploads\/2023\/02\/Slovakia_Flag.png\" width=\"32\" height=\"32\" \/><\/p>\n<p><b> Consultant (Martin, Slovakia) <\/b><\/p>\n<p>10 years of experience<\/p>\n<p>Dr. Katar\u00edna Fiolkov\u00e1 is an experienced doctor with more than 10 years of experience. Her main expert focus is the diagnosis and treatment of functional disorders of the digestive system and changes in its microbiome.<\/p>\n<p>&nbsp;<\/p>\n<ul>\n \t<strong style=\"color:#56698F;\">First consultation: 100 \u0404 <\/strong><br \/>\n \t<strong style=\"color:#56698F;\">Follow up: 85 \u0404 <\/strong>\n<\/ul>\n","protected":false},"featured_media":14951,"comment_status":"closed","ping_status":"closed","template":"","meta":{"_acf_changed":false,"ep_exclude_from_search":false},"product_brand":[],"product_cat":[679],"product_tag":[1082,1078,1079,1080,1085,1083,1084,1081],"class_list":{"0":"post-15368","1":"product","2":"type-product","3":"status-publish","4":"has-post-thumbnail","6":"product_cat-internal-medicine","7":"product_tag-disorders-of-the-intestinal-microbiome","8":"product_tag-functional-disorders-of-the-gastrointestinal-tract","9":"product_tag-histamine-intolerance","10":"product_tag-hypercholesterolemia","11":"product_tag-lifestyle-change-in-the-case-of-civilizational-diseases","12":"product_tag-psychosomatics","13":"product_tag-the-influence-of-the-microbiome-on-the-organism","14":"product_tag-treatment-of-arterial-hypertension","16":"first","17":"instock","18":"virtual","19":"taxable","20":"purchasable","21":"product-type-appointment"},"exclude_global_add_ons":false,"addons":[{"name":"Service","type":"multiple_choice","position":0,"required":true,"title_format":"label","default":"","description_enable":false,"description":"","placeholder_enable":false,"placeholder":"","display":"select","restrictions_type":"any_text","adjust_price":false,"price":"","price_type":"flat_fee","restrictions":false,"min":"0","max":"0","options":[{"label":"Telephone consultation","price":"","price_type":"flat_fee","image":0,"visibility":true},{"label":"Elaboration of a written assessment","price":"","price_type":"flat_fee","image":0,"visibility":true}],"id":1723125093}],"acf":[],"yoast_head":"<!-- This site is optimized with the Yoast SEO plugin v25.1 - https:\/\/yoast.com\/wordpress\/plugins\/seo\/ -->\n<title>MUDr. Katar\u00edna Fiolkov\u00e1 - Helpery<\/title>\n<meta name=\"robots\" content=\"index, follow, max-snippet:-1, max-image-preview:large, max-video-preview:-1\" \/>\n<link rel=\"canonical\" href=\"https:\/\/www.helpery.sk\/konzultacie\/vnutorne-lekarstvo\/mudr-katarina-fiolkova\/\" \/>\n<meta property=\"og:locale\" content=\"en_US\" \/>\n<meta property=\"og:type\" content=\"article\" \/>\n<meta property=\"og:title\" content=\"MUDr. Katar\u00edna Fiolkov\u00e1 - Helpery\" \/>\n<meta property=\"og:description\" content=\"Consultant (Martin, Slovakia)   10 years of experience  Dr. Katar\u00edna Fiolkov\u00e1 is an experienced doctor with more than 10 years of experience. Her main expert focus is the diagnosis and treatment of functional disorders of the digestive system and changes in its microbiome.  &nbsp;   First consultation: 100 \u0404   Follow up: 85 \u0404\" \/>\n<meta property=\"og:url\" content=\"https:\/\/www.helpery.sk\/konzultacie\/vnutorne-lekarstvo\/mudr-katarina-fiolkova\/\" \/>\n<meta property=\"og:site_name\" content=\"Helpery\" \/>\n<meta property=\"article:modified_time\" content=\"2025-05-24T14:45:34+00:00\" \/>\n<meta property=\"og:image\" content=\"https:\/\/www.helpery.sk\/wp-content\/uploads\/2024\/06\/Katarina-Fiolkova-r.jpeg\" \/>\n\t<meta property=\"og:image:width\" content=\"400\" \/>\n\t<meta property=\"og:image:height\" content=\"600\" \/>\n\t<meta property=\"og:image:type\" content=\"image\/jpeg\" \/>\n<meta name=\"twitter:card\" content=\"summary_large_image\" \/>\n<meta name=\"twitter:label1\" content=\"Est. reading time\" \/>\n\t<meta name=\"twitter:data1\" content=\"1 minute\" \/>\n<script type=\"application\/ld+json\" class=\"yoast-schema-graph\">{\"@context\":\"https:\/\/schema.org\",\"@graph\":[{\"@type\":\"WebPage\",\"@id\":\"https:\/\/www.helpery.sk\/konzultacie\/vnutorne-lekarstvo\/mudr-katarina-fiolkova\/\",\"url\":\"https:\/\/www.helpery.sk\/konzultacie\/vnutorne-lekarstvo\/mudr-katarina-fiolkova\/\",\"name\":\"MUDr. Katar\u00edna Fiolkov\u00e1 - Helpery\",\"isPartOf\":{\"@id\":\"https:\/\/www.helpery.sk\/en\/#website\"},\"primaryImageOfPage\":{\"@id\":\"https:\/\/www.helpery.sk\/konzultacie\/vnutorne-lekarstvo\/mudr-katarina-fiolkova\/#primaryimage\"},\"image\":{\"@id\":\"https:\/\/www.helpery.sk\/konzultacie\/vnutorne-lekarstvo\/mudr-katarina-fiolkova\/#primaryimage\"},\"thumbnailUrl\":\"https:\/\/www.helpery.sk\/wp-content\/uploads\/2024\/06\/Katarina-Fiolkova-r.jpeg\",\"datePublished\":\"2024-06-27T13:51:15+00:00\",\"dateModified\":\"2025-05-24T14:45:34+00:00\",\"breadcrumb\":{\"@id\":\"https:\/\/www.helpery.sk\/konzultacie\/vnutorne-lekarstvo\/mudr-katarina-fiolkova\/#breadcrumb\"},\"inLanguage\":\"en-US\",\"potentialAction\":[{\"@type\":\"ReadAction\",\"target\":[\"https:\/\/www.helpery.sk\/konzultacie\/vnutorne-lekarstvo\/mudr-katarina-fiolkova\/\"]}]},{\"@type\":\"ImageObject\",\"inLanguage\":\"en-US\",\"@id\":\"https:\/\/www.helpery.sk\/konzultacie\/vnutorne-lekarstvo\/mudr-katarina-fiolkova\/#primaryimage\",\"url\":\"https:\/\/www.helpery.sk\/wp-content\/uploads\/2024\/06\/Katarina-Fiolkova-r.jpeg\",\"contentUrl\":\"https:\/\/www.helpery.sk\/wp-content\/uploads\/2024\/06\/Katarina-Fiolkova-r.jpeg\",\"width\":400,\"height\":600},{\"@type\":\"BreadcrumbList\",\"@id\":\"https:\/\/www.helpery.sk\/konzultacie\/vnutorne-lekarstvo\/mudr-katarina-fiolkova\/#breadcrumb\",\"itemListElement\":[{\"@type\":\"ListItem\",\"position\":1,\"name\":\"Domovsk\u00e1 str\u00e1nka\",\"item\":\"https:\/\/www.helpery.sk\/en\/\"},{\"@type\":\"ListItem\",\"position\":2,\"name\":\"Consultations\",\"item\":\"https:\/\/www.helpery.sk\/konzultacie\/\"},{\"@type\":\"ListItem\",\"position\":3,\"name\":\"MUDr. Katar\u00edna Fiolkov\u00e1\"}]},{\"@type\":\"WebSite\",\"@id\":\"https:\/\/www.helpery.sk\/en\/#website\",\"url\":\"https:\/\/www.helpery.sk\/en\/\",\"name\":\"Helpery\",\"description\":\"\",\"potentialAction\":[{\"@type\":\"SearchAction\",\"target\":{\"@type\":\"EntryPoint\",\"urlTemplate\":\"https:\/\/www.helpery.sk\/en\/?s={search_term_string}\"},\"query-input\":{\"@type\":\"PropertyValueSpecification\",\"valueRequired\":true,\"valueName\":\"search_term_string\"}}],\"inLanguage\":\"en-US\"}]}<\/script>\n<!-- \/ Yoast SEO plugin. -->","yoast_head_json":{"title":"MUDr. Katar\u00edna Fiolkov\u00e1 - Helpery","robots":{"index":"index","follow":"follow","max-snippet":"max-snippet:-1","max-image-preview":"max-image-preview:large","max-video-preview":"max-video-preview:-1"},"canonical":"https:\/\/www.helpery.sk\/konzultacie\/vnutorne-lekarstvo\/mudr-katarina-fiolkova\/","og_locale":"en_US","og_type":"article","og_title":"MUDr. Katar\u00edna Fiolkov\u00e1 - Helpery","og_description":"Consultant (Martin, Slovakia)   10 years of experience  Dr. Katar\u00edna Fiolkov\u00e1 is an experienced doctor with more than 10 years of experience. Her main expert focus is the diagnosis and treatment of functional disorders of the digestive system and changes in its microbiome.  &nbsp;   First consultation: 100 \u0404   Follow up: 85 \u0404","og_url":"https:\/\/www.helpery.sk\/konzultacie\/vnutorne-lekarstvo\/mudr-katarina-fiolkova\/","og_site_name":"Helpery","article_modified_time":"2025-05-24T14:45:34+00:00","og_image":[{"width":400,"height":600,"url":"https:\/\/www.helpery.sk\/wp-content\/uploads\/2024\/06\/Katarina-Fiolkova-r.jpeg","type":"image\/jpeg"}],"twitter_card":"summary_large_image","twitter_misc":{"Est. reading time":"1 minute"},"schema":{"@context":"https:\/\/schema.org","@graph":[{"@type":"WebPage","@id":"https:\/\/www.helpery.sk\/konzultacie\/vnutorne-lekarstvo\/mudr-katarina-fiolkova\/","url":"https:\/\/www.helpery.sk\/konzultacie\/vnutorne-lekarstvo\/mudr-katarina-fiolkova\/","name":"MUDr. Katar\u00edna Fiolkov\u00e1 - Helpery","isPartOf":{"@id":"https:\/\/www.helpery.sk\/en\/#website"},"primaryImageOfPage":{"@id":"https:\/\/www.helpery.sk\/konzultacie\/vnutorne-lekarstvo\/mudr-katarina-fiolkova\/#primaryimage"},"image":{"@id":"https:\/\/www.helpery.sk\/konzultacie\/vnutorne-lekarstvo\/mudr-katarina-fiolkova\/#primaryimage"},"thumbnailUrl":"https:\/\/www.helpery.sk\/wp-content\/uploads\/2024\/06\/Katarina-Fiolkova-r.jpeg","datePublished":"2024-06-27T13:51:15+00:00","dateModified":"2025-05-24T14:45:34+00:00","breadcrumb":{"@id":"https:\/\/www.helpery.sk\/konzultacie\/vnutorne-lekarstvo\/mudr-katarina-fiolkova\/#breadcrumb"},"inLanguage":"en-US","potentialAction":[{"@type":"ReadAction","target":["https:\/\/www.helpery.sk\/konzultacie\/vnutorne-lekarstvo\/mudr-katarina-fiolkova\/"]}]},{"@type":"ImageObject","inLanguage":"en-US","@id":"https:\/\/www.helpery.sk\/konzultacie\/vnutorne-lekarstvo\/mudr-katarina-fiolkova\/#primaryimage","url":"https:\/\/www.helpery.sk\/wp-content\/uploads\/2024\/06\/Katarina-Fiolkova-r.jpeg","contentUrl":"https:\/\/www.helpery.sk\/wp-content\/uploads\/2024\/06\/Katarina-Fiolkova-r.jpeg","width":400,"height":600},{"@type":"BreadcrumbList","@id":"https:\/\/www.helpery.sk\/konzultacie\/vnutorne-lekarstvo\/mudr-katarina-fiolkova\/#breadcrumb","itemListElement":[{"@type":"ListItem","position":1,"name":"Domovsk\u00e1 str\u00e1nka","item":"https:\/\/www.helpery.sk\/en\/"},{"@type":"ListItem","position":2,"name":"Consultations","item":"https:\/\/www.helpery.sk\/konzultacie\/"},{"@type":"ListItem","position":3,"name":"MUDr. Katar\u00edna Fiolkov\u00e1"}]},{"@type":"WebSite","@id":"https:\/\/www.helpery.sk\/en\/#website","url":"https:\/\/www.helpery.sk\/en\/","name":"Helpery","description":"","potentialAction":[{"@type":"SearchAction","target":{"@type":"EntryPoint","urlTemplate":"https:\/\/www.helpery.sk\/en\/?s={search_term_string}"},"query-input":{"@type":"PropertyValueSpecification","valueRequired":true,"valueName":"search_term_string"}}],"inLanguage":"en-US"}]}},"_links":{"self":[{"href":"https:\/\/www.helpery.sk\/en\/wp-json\/wp\/v2\/product\/15368","targetHints":{"allow":["GET"]}}],"collection":[{"href":"https:\/\/www.helpery.sk\/en\/wp-json\/wp\/v2\/product"}],"about":[{"href":"https:\/\/www.helpery.sk\/en\/wp-json\/wp\/v2\/types\/product"}],"replies":[{"embeddable":true,"href":"https:\/\/www.helpery.sk\/en\/wp-json\/wp\/v2\/comments?post=15368"}],"version-history":[{"count":4,"href":"https:\/\/www.helpery.sk\/en\/wp-json\/wp\/v2\/product\/15368\/revisions"}],"predecessor-version":[{"id":16609,"href":"https:\/\/www.helpery.sk\/en\/wp-json\/wp\/v2\/product\/15368\/revisions\/16609"}],"wp:featuredmedia":[{"embeddable":true,"href":"https:\/\/www.helpery.sk\/en\/wp-json\/wp\/v2\/media\/14951"}],"wp:attachment":[{"href":"https:\/\/www.helpery.sk\/en\/wp-json\/wp\/v2\/media?parent=15368"}],"wp:term":[{"taxonomy":"product_brand","embeddable":true,"href":"https:\/\/www.helpery.sk\/en\/wp-json\/wp\/v2\/product_brand?post=15368"},{"taxonomy":"product_cat","embeddable":true,"href":"https:\/\/www.helpery.sk\/en\/wp-json\/wp\/v2\/product_cat?post=15368"},{"taxonomy":"product_tag","embeddable":true,"href":"https:\/\/www.helpery.sk\/en\/wp-json\/wp\/v2\/product_tag?post=15368"}],"curies":[{"name":"wp","href":"https:\/\/api.w.org\/{rel}","templated":true}]}}