{"id":15370,"date":"2024-06-27T15:51:15","date_gmt":"2024-06-27T13:51:15","guid":{"rendered":"https:\/\/www.helpery.sk\/konzultacie\/uncategorized\/mudr-lubomir-skladany-phd\/"},"modified":"2026-02-09T10:44:48","modified_gmt":"2026-02-09T09:44:48","slug":"mudr-lubomir-skladany-phd","status":"publish","type":"product","link":"https:\/\/www.helpery.sk\/en\/konzultacie\/hepatology\/mudr-lubomir-skladany-phd\/","title":{"rendered":"MUDr. \u013dubom\u00edr Skladan\u00fd, PhD"},"content":{"rendered":"<h5>Professional profile<\/h5>\n<p>Dr. \u013dubom\u00edr Skladan\u00fd is one of the leading Slovak hepatologists and gastroenterologists. He is the leading hepatologist at the Transplantation Center in Bansk\u00e1 Bystrica. He was significantly involved in the launch of the liver transplant program, which is the most prestigious medical program of the F.D. Roosevelt University Hospital in Bansk\u00e1 Bystrica. He initiated the establishment of a separate hepatology-gastroenterology department and nephrology department (HEGITO), which provides care for patients before and after liver transplantation. He is the president of the Slovak Hepatological Society and a regional expert in hepatology.<\/p>\n<p>He completed his education at the Comenius University in Bratislava in the field of general medicine. His further education included a specialization in internal medicine 1. and 2nd degree, specialization in gastroenterology and hepatology and postgraduate studies at the Slovak Medical University in Bratislava. He developed his erudition in the field through many study stays at prestigious workplaces abroad, including the Transplantation Center in Brno, the IKEM Transplantation Center in Prague, the Surgical Clinic in Maastricht, the Liver Unit in Barcelona, \u200b\u200bthe Liver Unit Hospital Paul Brouse in Paris and the Gastroenterology Clinic of the University Hospital in Hanoverians.<br \/>\nDoctor \u013dubom\u00edr Skladan\u00fd works as the head of II. of the Internal Clinic of the SZU Faculty Hospital with F.D. Roosevelt Polyclinic in Bansk\u00e1 Bystrica and emeritus leading hepatologist of the Bansk\u00e1 Bystrica Transplantation Center. It develops its scientific activity through scientific publishing activities in domestic and foreign publishing houses, registered in the Scopus and WoS databases.<\/p>\n<p>Doctor \u013dubom\u00edr Skladan\u00fd is a member of several professional societies. He is the president of the Slovak Hepatological Society, a member of the Slovak Internal Medicine Society, a member of the Slovak Society of Parenteral and Enteral Nutrition, a member of the European Society for the Study of the Liver, and a member of the American Association for the Study of Liver Diseases. He is also a member of several editorial boards and the Scientific Board of the FZO\u0160 SZU Bansk\u00e1 Bystrica.<\/p>\n\n<h5>Work experience<\/h5>\n<p>Endoscopy Center, FNsP F. D. Roosevelt, Bansk\u00e1 Bystrica<\/p>\n<p>Center for the treatment of chronic hepatitis, FNsP F. D. Roosevelt, Bansk\u00e1 Bystrica<\/p>\n<p>HEGITO &#8211; Department of Hepatology, Gastroenterology and Transplantation, II. internal clinic of SZU, FNsP F. D. Roosevelt, Bansk\u00e1 Bystrica<\/p>\n\n<h5>Education<\/h5>\n<p>1992 \u2013 Specialist &#8211; Internal medicine I. degree<\/p>\n<p>1995 \u2013 Specialization &#8211; Internal Medicine II. degree<\/p>\n<p>1999 \u2013 Specialization &#8211; Gastroenterology<\/p>\n<p>2003 \u2013 Specialization &#8211; Hepatology<\/p>\n<p>1982 \u2013 Gymnasium, \u017diar nad Hronom<\/p>\n<p>1988 \u2013 General medicine &#8220;<em>MUDr<\/em>&#8220;, Faculty of Medicine, Comenius University, Bratislava<\/p>\n<p>2001 &#8211; Scientific title &#8220;<em>PhD<\/em>&#8221; &#8211; Topic: <em>Hepatitis C in hemodialysis patients in Slovakia<\/em><\/p>\n\n<h5>Internship stays<\/h5>\n<p>2003 \u2013 Center for nutritional treatment, Univ. Hosp. Maastricht, Netherlands<\/p>\n<p>2007 \u2013 Transplantation center, FNsP at St. Anna, Brno, Czech Republic<\/p>\n<p>2007 \u2013 Liver Unit Barcelona, \u200b\u200bBarcelona, \u200b\u200bSpain<\/p>\n<p>2009 \u2013 IKEM Transplant Center, Prague, Czech Republic<\/p>\n<p>2009 &#8211; Liver Unit Hospital Paul Brouse, Paris, France<\/p>\n<p>2013 \u2013 Gastroenterology Clinic Univ. Hannover Hospital, Germany<\/p>\n<p>2019 \u2013 Thomayer FNsP Prague, III. Internal clinic of the Faculty of Medicine, UK, Czech Republic<\/p>\n\n<h5>Membership in professional societies and councils<\/h5>\n<p>Slovak Medical Chamber (SLK)<\/p>\n<p>Slovak Medical Society (SLS) &#8211; member of the Presidium<\/p>\n<p>Slovak Hepatological Society (SHS) \u2013 (president)<\/p>\n<p>Slovak Internal Medicine Society (SIS) \u2013 member of the Committee<\/p>\n<p>Slovak Society of Parenteral and Enteral Nutrition (SSPEV)<\/p>\n<p>Slovak Transplantation Society (STS) \u2013 committee member<\/p>\n<p>European Society for the Study of the Liver (EASL)<\/p>\n<p>American Association for the Study of Liver Diseases (AASLD)<\/p>\n<p>Regional expert for Internal Medicine, Ministry of Health of the Slovak Republic<\/p>\n<p>Regional expert for hepatology, Ministry of Health of the Slovak Republic<\/p>\n\n<h5>Membership in editorial boards of magazines<\/h5>\n<p>Member of the editorial board: Trends in hepatology, Gastroenterology and hepatology, Gastroenterology for practice<\/p>\n\n<h5>Scientific research activity<\/h5>\n<p>Hirsh-Index: 7<\/p>\n<p>International publications: 36<br \/>\n(Pubmed Library, USA; <a href=\"https:\/\/pubmed.ncbi.nlm.nih.gov\/?term=skladan%C3%BD+l\" target=\"_blank\" rel=\"noopener\">https:\/\/pubmed.ncbi.nlm.nih.gov\/?term=skladan%C3%BD+l<\/a>)<\/p>\n<p>Citation response: 195<br \/>\n(Scopus database; <a href=\"https:\/\/www.scopus.com\/authid\/detail.uri?authorId=6602932178\" target=\"_blank\" rel=\"noopener\">https:\/\/www.scopus.com\/authid\/detail.uri?authorId=6602932178<\/a>)<\/p>\n\n<h5>Pedagogical activity<\/h5>\n<p>2002 \u2013 2020, SZU Bansk\u00e1 Bystrica<\/p>\n<p>2012 \u2013 continues, LF UK SZU Bratislava, II. Internal clinic<\/p>\n<p>2020 \u2013 continues, LF UPJ\u0160 Ko\u0161ice, Department of Internal Medicine<\/p>\n<p>2021 \u2013 continues, LF UK SZU Bratislava, sub-department of Internal Medicine<\/p>\n<p>2021 \u2013 continues, LF UK SZU Bratislava, sub-department of Hepatology<\/p>\n\n<h5>Language<\/h5>\n<p>Slovak, English<\/p>\n\n<h5>Web Links<\/h5>\n<p><a href=\"https:\/\/www.fnspfdr.sk\/profile\/mudr-lubomir-skladany\/\">https:\/\/www.fnspfdr.sk\/profile\/mudr-lubomir-skladany\/<\/a><\/p>\n<p><a href=\"https:\/\/www.transplantaciapecene.info\/\">https:\/\/www.transplantaciapecene.info\/<\/a><\/p>\n\n","protected":false},"excerpt":{"rendered":"<p><img decoding=\"async\" class=\"\" src=\"https:\/\/www.helpery.sk\/wp-content\/uploads\/2023\/02\/Slovakia_Flag.png\" width=\"32\" height=\"32\" \/> <img decoding=\"async\" class=\"\" src=\"https:\/\/www.helpery.sk\/wp-content\/uploads\/2023\/02\/UK_Flag.png\" width=\"32\" height=\"32\" \/><\/p>\n<p><b> Head of department (Bansk\u00e1 Bystrica, Slovakia) <\/b><\/p>\n<p>35 years of experience<\/p>\n<p>Primary Doctor \u013dubom\u00edr Skladan\u00fd is a renowned hepatologist and gastroenterologist with more than 35 years of experience. His main expert focus is the diagnosis and treatment of diseases of the liver, digestive system and kidneys, including the transplant program.<\/p>\n<p> \t<strong style=\"color:#56698F;\">First consultation: 200 \u0404 <\/strong><br \/>\n \t<strong style=\"color:#56698F;\">Follow up: 170 \u0404 <\/strong><\/p>\n","protected":false},"featured_media":14949,"comment_status":"closed","ping_status":"closed","template":"","meta":{"_acf_changed":false,"ep_exclude_from_search":false},"product_brand":[],"product_cat":[644,645,656],"product_tag":[1093,1094,1095,1096],"class_list":{"0":"post-15370","1":"product","2":"type-product","3":"status-publish","4":"has-post-thumbnail","6":"product_cat-hepatology","7":"product_cat-hepatology-and-gastroenterology","8":"product_cat-nephrology","9":"product_tag-gastroenterology","10":"product_tag-hepatology","11":"product_tag-kidney-transplant","12":"product_tag-liver-transplantation","14":"first","15":"instock","16":"virtual","17":"taxable","18":"purchasable","19":"product-type-appointment"},"exclude_global_add_ons":false,"addons":[{"name":"Service","type":"multiple_choice","position":0,"required":true,"title_format":"label","default":"","description_enable":false,"description":"","placeholder_enable":false,"placeholder":"","display":"select","restrictions_type":"any_text","adjust_price":false,"price":"","price_type":"flat_fee","restrictions":false,"min":"0","max":"0","options":[{"label":"Telephone consultation","price":"","price_type":"flat_fee","image":0,"visibility":true},{"label":"Elaboration of a written assessment","price":"","price_type":"flat_fee","image":0,"visibility":true}],"id":1723125486}],"acf":[],"yoast_head":"<!-- This site is optimized with the Yoast SEO plugin v25.1 - https:\/\/yoast.com\/wordpress\/plugins\/seo\/ -->\n<title>MUDr. \u013dubom\u00edr Skladan\u00fd, PhD - Helpery<\/title>\n<meta name=\"robots\" content=\"index, follow, max-snippet:-1, max-image-preview:large, max-video-preview:-1\" \/>\n<link rel=\"canonical\" href=\"https:\/\/www.helpery.sk\/en\/konzultacie\/hepatology\/mudr-lubomir-skladany-phd\/\" \/>\n<meta property=\"og:locale\" content=\"en_US\" \/>\n<meta property=\"og:type\" content=\"article\" \/>\n<meta property=\"og:title\" content=\"MUDr. \u013dubom\u00edr Skladan\u00fd, PhD - Helpery\" \/>\n<meta property=\"og:description\" content=\"Head of department (Bansk\u00e1 Bystrica, Slovakia)   35 years of experience  Primary Doctor \u013dubom\u00edr Skladan\u00fd is a renowned hepatologist and gastroenterologist with more than 35 years of experience. His main expert focus is the diagnosis and treatment of diseases of the liver, digestive system and kidneys, including the transplant program.    First consultation: 200 \u0404   Follow up: 170 \u0404\" \/>\n<meta property=\"og:url\" content=\"https:\/\/www.helpery.sk\/en\/konzultacie\/hepatology\/mudr-lubomir-skladany-phd\/\" \/>\n<meta property=\"og:site_name\" content=\"Helpery\" \/>\n<meta property=\"article:modified_time\" content=\"2026-02-09T09:44:48+00:00\" \/>\n<meta property=\"og:image\" content=\"https:\/\/www.helpery.sk\/wp-content\/uploads\/2024\/06\/Lubomir-Skladany_r.jpeg\" \/>\n\t<meta property=\"og:image:width\" content=\"400\" \/>\n\t<meta property=\"og:image:height\" content=\"600\" \/>\n\t<meta property=\"og:image:type\" content=\"image\/jpeg\" \/>\n<meta name=\"twitter:card\" content=\"summary_large_image\" \/>\n<meta name=\"twitter:label1\" content=\"Est. reading time\" \/>\n\t<meta name=\"twitter:data1\" content=\"1 minute\" \/>\n<script type=\"application\/ld+json\" class=\"yoast-schema-graph\">{\"@context\":\"https:\/\/schema.org\",\"@graph\":[{\"@type\":\"WebPage\",\"@id\":\"https:\/\/www.helpery.sk\/en\/konzultacie\/hepatology\/mudr-lubomir-skladany-phd\/\",\"url\":\"https:\/\/www.helpery.sk\/en\/konzultacie\/hepatology\/mudr-lubomir-skladany-phd\/\",\"name\":\"MUDr. \u013dubom\u00edr Skladan\u00fd, PhD - Helpery\",\"isPartOf\":{\"@id\":\"https:\/\/www.helpery.sk\/en\/#website\"},\"primaryImageOfPage\":{\"@id\":\"https:\/\/www.helpery.sk\/en\/konzultacie\/hepatology\/mudr-lubomir-skladany-phd\/#primaryimage\"},\"image\":{\"@id\":\"https:\/\/www.helpery.sk\/en\/konzultacie\/hepatology\/mudr-lubomir-skladany-phd\/#primaryimage\"},\"thumbnailUrl\":\"https:\/\/www.helpery.sk\/wp-content\/uploads\/2024\/06\/Lubomir-Skladany_r.jpeg\",\"datePublished\":\"2024-06-27T13:51:15+00:00\",\"dateModified\":\"2026-02-09T09:44:48+00:00\",\"breadcrumb\":{\"@id\":\"https:\/\/www.helpery.sk\/en\/konzultacie\/hepatology\/mudr-lubomir-skladany-phd\/#breadcrumb\"},\"inLanguage\":\"en-US\",\"potentialAction\":[{\"@type\":\"ReadAction\",\"target\":[\"https:\/\/www.helpery.sk\/en\/konzultacie\/hepatology\/mudr-lubomir-skladany-phd\/\"]}]},{\"@type\":\"ImageObject\",\"inLanguage\":\"en-US\",\"@id\":\"https:\/\/www.helpery.sk\/en\/konzultacie\/hepatology\/mudr-lubomir-skladany-phd\/#primaryimage\",\"url\":\"https:\/\/www.helpery.sk\/wp-content\/uploads\/2024\/06\/Lubomir-Skladany_r.jpeg\",\"contentUrl\":\"https:\/\/www.helpery.sk\/wp-content\/uploads\/2024\/06\/Lubomir-Skladany_r.jpeg\",\"width\":400,\"height\":600},{\"@type\":\"BreadcrumbList\",\"@id\":\"https:\/\/www.helpery.sk\/en\/konzultacie\/hepatology\/mudr-lubomir-skladany-phd\/#breadcrumb\",\"itemListElement\":[{\"@type\":\"ListItem\",\"position\":1,\"name\":\"Domovsk\u00e1 str\u00e1nka\",\"item\":\"https:\/\/www.helpery.sk\/en\/\"},{\"@type\":\"ListItem\",\"position\":2,\"name\":\"Consultations\",\"item\":\"https:\/\/www.helpery.sk\/konzultacie\/\"},{\"@type\":\"ListItem\",\"position\":3,\"name\":\"MUDr. \u013dubom\u00edr Skladan\u00fd, PhD\"}]},{\"@type\":\"WebSite\",\"@id\":\"https:\/\/www.helpery.sk\/en\/#website\",\"url\":\"https:\/\/www.helpery.sk\/en\/\",\"name\":\"Helpery\",\"description\":\"\",\"potentialAction\":[{\"@type\":\"SearchAction\",\"target\":{\"@type\":\"EntryPoint\",\"urlTemplate\":\"https:\/\/www.helpery.sk\/en\/?s={search_term_string}\"},\"query-input\":{\"@type\":\"PropertyValueSpecification\",\"valueRequired\":true,\"valueName\":\"search_term_string\"}}],\"inLanguage\":\"en-US\"}]}<\/script>\n<!-- \/ Yoast SEO plugin. -->","yoast_head_json":{"title":"MUDr. \u013dubom\u00edr Skladan\u00fd, PhD - Helpery","robots":{"index":"index","follow":"follow","max-snippet":"max-snippet:-1","max-image-preview":"max-image-preview:large","max-video-preview":"max-video-preview:-1"},"canonical":"https:\/\/www.helpery.sk\/en\/konzultacie\/hepatology\/mudr-lubomir-skladany-phd\/","og_locale":"en_US","og_type":"article","og_title":"MUDr. \u013dubom\u00edr Skladan\u00fd, PhD - Helpery","og_description":"Head of department (Bansk\u00e1 Bystrica, Slovakia)   35 years of experience  Primary Doctor \u013dubom\u00edr Skladan\u00fd is a renowned hepatologist and gastroenterologist with more than 35 years of experience. His main expert focus is the diagnosis and treatment of diseases of the liver, digestive system and kidneys, including the transplant program.    First consultation: 200 \u0404   Follow up: 170 \u0404","og_url":"https:\/\/www.helpery.sk\/en\/konzultacie\/hepatology\/mudr-lubomir-skladany-phd\/","og_site_name":"Helpery","article_modified_time":"2026-02-09T09:44:48+00:00","og_image":[{"width":400,"height":600,"url":"https:\/\/www.helpery.sk\/wp-content\/uploads\/2024\/06\/Lubomir-Skladany_r.jpeg","type":"image\/jpeg"}],"twitter_card":"summary_large_image","twitter_misc":{"Est. reading time":"1 minute"},"schema":{"@context":"https:\/\/schema.org","@graph":[{"@type":"WebPage","@id":"https:\/\/www.helpery.sk\/en\/konzultacie\/hepatology\/mudr-lubomir-skladany-phd\/","url":"https:\/\/www.helpery.sk\/en\/konzultacie\/hepatology\/mudr-lubomir-skladany-phd\/","name":"MUDr. \u013dubom\u00edr Skladan\u00fd, PhD - Helpery","isPartOf":{"@id":"https:\/\/www.helpery.sk\/en\/#website"},"primaryImageOfPage":{"@id":"https:\/\/www.helpery.sk\/en\/konzultacie\/hepatology\/mudr-lubomir-skladany-phd\/#primaryimage"},"image":{"@id":"https:\/\/www.helpery.sk\/en\/konzultacie\/hepatology\/mudr-lubomir-skladany-phd\/#primaryimage"},"thumbnailUrl":"https:\/\/www.helpery.sk\/wp-content\/uploads\/2024\/06\/Lubomir-Skladany_r.jpeg","datePublished":"2024-06-27T13:51:15+00:00","dateModified":"2026-02-09T09:44:48+00:00","breadcrumb":{"@id":"https:\/\/www.helpery.sk\/en\/konzultacie\/hepatology\/mudr-lubomir-skladany-phd\/#breadcrumb"},"inLanguage":"en-US","potentialAction":[{"@type":"ReadAction","target":["https:\/\/www.helpery.sk\/en\/konzultacie\/hepatology\/mudr-lubomir-skladany-phd\/"]}]},{"@type":"ImageObject","inLanguage":"en-US","@id":"https:\/\/www.helpery.sk\/en\/konzultacie\/hepatology\/mudr-lubomir-skladany-phd\/#primaryimage","url":"https:\/\/www.helpery.sk\/wp-content\/uploads\/2024\/06\/Lubomir-Skladany_r.jpeg","contentUrl":"https:\/\/www.helpery.sk\/wp-content\/uploads\/2024\/06\/Lubomir-Skladany_r.jpeg","width":400,"height":600},{"@type":"BreadcrumbList","@id":"https:\/\/www.helpery.sk\/en\/konzultacie\/hepatology\/mudr-lubomir-skladany-phd\/#breadcrumb","itemListElement":[{"@type":"ListItem","position":1,"name":"Domovsk\u00e1 str\u00e1nka","item":"https:\/\/www.helpery.sk\/en\/"},{"@type":"ListItem","position":2,"name":"Consultations","item":"https:\/\/www.helpery.sk\/konzultacie\/"},{"@type":"ListItem","position":3,"name":"MUDr. \u013dubom\u00edr Skladan\u00fd, PhD"}]},{"@type":"WebSite","@id":"https:\/\/www.helpery.sk\/en\/#website","url":"https:\/\/www.helpery.sk\/en\/","name":"Helpery","description":"","potentialAction":[{"@type":"SearchAction","target":{"@type":"EntryPoint","urlTemplate":"https:\/\/www.helpery.sk\/en\/?s={search_term_string}"},"query-input":{"@type":"PropertyValueSpecification","valueRequired":true,"valueName":"search_term_string"}}],"inLanguage":"en-US"}]}},"_links":{"self":[{"href":"https:\/\/www.helpery.sk\/en\/wp-json\/wp\/v2\/product\/15370","targetHints":{"allow":["GET"]}}],"collection":[{"href":"https:\/\/www.helpery.sk\/en\/wp-json\/wp\/v2\/product"}],"about":[{"href":"https:\/\/www.helpery.sk\/en\/wp-json\/wp\/v2\/types\/product"}],"replies":[{"embeddable":true,"href":"https:\/\/www.helpery.sk\/en\/wp-json\/wp\/v2\/comments?post=15370"}],"version-history":[{"count":6,"href":"https:\/\/www.helpery.sk\/en\/wp-json\/wp\/v2\/product\/15370\/revisions"}],"predecessor-version":[{"id":17471,"href":"https:\/\/www.helpery.sk\/en\/wp-json\/wp\/v2\/product\/15370\/revisions\/17471"}],"wp:featuredmedia":[{"embeddable":true,"href":"https:\/\/www.helpery.sk\/en\/wp-json\/wp\/v2\/media\/14949"}],"wp:attachment":[{"href":"https:\/\/www.helpery.sk\/en\/wp-json\/wp\/v2\/media?parent=15370"}],"wp:term":[{"taxonomy":"product_brand","embeddable":true,"href":"https:\/\/www.helpery.sk\/en\/wp-json\/wp\/v2\/product_brand?post=15370"},{"taxonomy":"product_cat","embeddable":true,"href":"https:\/\/www.helpery.sk\/en\/wp-json\/wp\/v2\/product_cat?post=15370"},{"taxonomy":"product_tag","embeddable":true,"href":"https:\/\/www.helpery.sk\/en\/wp-json\/wp\/v2\/product_tag?post=15370"}],"curies":[{"name":"wp","href":"https:\/\/api.w.org\/{rel}","templated":true}]}}