{"id":15390,"date":"2024-06-27T15:51:15","date_gmt":"2024-06-27T13:51:15","guid":{"rendered":"https:\/\/www.helpery.sk\/konzultacie\/uncategorized\/prof-mudr-milos-mlyncek-csc\/"},"modified":"2026-02-09T15:42:27","modified_gmt":"2026-02-09T14:42:27","slug":"prof-mudr-milos-mlyncek-csc","status":"publish","type":"product","link":"https:\/\/www.helpery.sk\/en\/konzultacie\/gynecology\/prof-mudr-milos-mlyncek-csc\/","title":{"rendered":"Prof. MUDr. Milo\u0161 Mlyn\u010dek, CSc"},"content":{"rendered":"<h5>Professional profile<\/h5>\n<p>Professor Milo\u0161 Mlyn\u010dek is a renowned obstetrician, gynecologist and oncogynecologist. He studied general medicine at the Jessenius Faculty of Medicine in Martin and at the Faculty of Medicine of Charles University in Prague. He developed his erudition in the field with many study stays at prestigious workplaces abroad, including the Institute for Mother and Child Care in Prague, Gyn.-l\u0151r. clinics of the University of P\u00e9cs in Hungary, L\u00b4 H\u00f4pital Antoine Becl\u00e8re in Paris, Herlev Hospital in Copenhagen, the oncology department of the Mayo Clinic in Rochester, USA and the Univesit\u00e4tsfrauenklinik in Leipzig, Germany.<\/p>\n<p>Professor Mlyn\u010dek specializes in gynecological oncology, centralization of oncogynecological care, training of operators and safety of surgical procedures for female patients. He is constantly developing his scientific activity, which is evidenced by his high publication activity in domestic and foreign journals with a lot of citation responses. He actively participates in prestigious conferences in the world and in domestic events. Professor Mlyn\u010dek holds the position of regional expert for gynecology and obstetrics of the Nitra self-governing region. He works as a consultant to the Office for Health Care Supervision and is a member of the Scientific Council of the Faculty of Social Work and Health Sciences of the University of Kon\u0161tatnt\u00edn Filozofa in Nitra.<\/p>\n<p>Professor Milo\u0161 Mlyn\u010dek worked for 32 years as the head of the Obstetrics and Gynecology Clinic of the Faculty Hospital in Nitra and the University of Konstantin Filozof in Nitra. He currently works as a specialist doctor at the Gynecology and Obstetrics Clinic of the Faculty Hospital in Trnava and at the Gynecology and Obstetrics Department at the Svet zdravia hospital in Topo\u013e\u010dany.<\/p>\n<p>Professor Mlyn\u010dek is a member of the committee of the Slovak Gynecological and Obstetrical Society, a member of the European Society of Gynecologic Oncology, chairman of the Gynecological Oncology Section of Slov. gyn. p\u00f4r. society and an honorary member of the Czech Gynecologist. por. society. He is also a member of several editorial boards of domestic and foreign professional journals.<\/p>\n\n<h5>Work experience<\/h5>\n<p>Gynecology and Obstetrics Clinic of the Faculty Hospital in Nitra and the University of Konstantin Filozof in Nitra<\/p>\n<p>Gynecology and Obstetrics Clinic, Jessenius Faculty of Medicine, Comenius University, Martin University Hospital<\/p>\n<p>Gynecology and obstetrics department, Topo\u013e\u010dany Svet zdravia Hospital<\/p>\n<p>Obstetrics and Gynecology Clinic, Trnava Faculty Hospital<\/p>\n\n<h5>Education<\/h5>\n<p>1979 \u2013 1. certification \u2013 Gynecology and obstetrics<\/p>\n<p>1983 \u2013 2. certification \u2013 Gynecology and obstetrics<\/p>\n<p>2000 &#8211; Certification &#8211; Clinical oncology<\/p>\n<p>2006 \u2013 Specialization \u2013 Oncology in gynecology<\/p>\n<p>1976 \u2013 General Medicine &#8220;<em>MUDr<\/em>&#8220;, Faculty of Medicine, Charles University, Prague<\/p>\n<p>1983 &#8211; Scientific title &#8220;<em>CSc<\/em>&#8221; &#8211; Topic: <em>Participation of amniotic fluid in protecting the fetus from infection<\/em><\/p>\n<p>1987 \u2013 Appointed docent by the Ministry of Health<\/p>\n<p>2006 \u2013 Scientific and pedagogical title &#8220;<em>Docen<\/em>t&#8221; in the field of Gynecology and Obstetrics<\/p>\n<p>2008 \u2013 Scientific and pedagogical title &#8220;<em>Professor<\/em>&#8221; in the field of Gynecology and Obstetrics<\/p>\n\n<h5>Internship stays<\/h5>\n<p>1980 &#8211; Institute for Mother and Child Care, Prague-Podol\u00ed, Czech Republic<\/p>\n<p>1983 &#8211; Gyn.-Lt. clinic, University of P\u00e9cs, Hungary<\/p>\n<p>1985 &#8211; Gyn.-Lt. clinic, L\u00b4 H\u00f4pital Antoine Becl\u00e8re, Paris, France<\/p>\n<p>1990 &#8211; Herlev Hospital, Copenhage<em>n, D<\/em>e<em>nmark<\/em><\/p>\n<p>1991 &#8211; University Hospital Link\u0151ping, Link\u0151ping, Sweden<\/p>\n<p>1995 &#8211; Gynecologic surgery, Mayo Clinic, Rochester, USA<\/p>\n<p>1998 &#8211; Gynecologic surgery, Mayo Clinic, Rochester, USA<\/p>\n<p>2002 &#8211; Univesit\u00e4tsfrauenklinik, Leipzig, Germany<\/p>\n\n<h5>Membership in professional societies and councils<\/h5>\n<p>Slovak Gynecological and Obstetrical Society (SGPS committee member)<\/p>\n<p>Section of gynecological oncology Slov. gynecologist company (chairman)<\/p>\n<p>Czech Gynecological and Obstetrical Society (\u010cGPS honorary member)<\/p>\n<p>European Society of Gynecologic Oncology (ESGO)<\/p>\n\n<h5>Membership in editorial boards of magazines<\/h5>\n<p>Gynecology for practice<\/p>\n<p>Czech Gynecology<\/p>\n<p>Gynecology and Obstetrics<\/p>\n<p>Slovak Gynecology and Obstetrics<\/p>\n<p>&nbsp;<\/p>\n<p><em>Expert reviewer for foreign scientific journals:<\/em><\/p>\n<p>International Journal of Gynecological Cancer<\/p>\n\n<h5>Scientific research activity<\/h5>\n<p>Hirsh-Index: 12<br \/>\nInternational publications: 67<\/p>\n<p>251 scientific publications, of which 25 in quarantined journals, 67 in the PubMed database<\/p>\n<p>(Pubmed Library, USA; <a href=\"https:\/\/pubmed.ncbi.nlm.nih.gov\/?term=mlyncek+m\" target=\"_blank\" rel=\"noopener\">https:\/\/pubmed.ncbi.nlm.nih.gov\/?term=mlyncek+m<\/a>)<\/p>\n<p>Number of citations: 672<br \/>\n(Scopus database: <a href=\"https:\/\/www.scopus.com\/authid\/detail.uri?authorId=57207582024\" target=\"_blank\" rel=\"noopener\">https:\/\/www.scopus.com\/authid\/detail.uri?authorId=57207582024<\/a>)<\/p>\n\n<h5>Pedagogical activity<\/h5>\n<p>1976 &#8211; 1989 Jessenius Faculty of Medicine, Charles University, Martin (assistant, assistant professor, docent)<\/p>\n<p>2000 &#8211; 2008 Department of Nursing, Social Work and Health, UKF in Nitra (docent)<\/p>\n<p>2008 &#8211; until now, Department of Nursing, Social Work and Health, UKF in Nitra (professor)<\/p>\n<p>Number of trained doctoral students: 5 + (3 in ongoing doctoral studies)<\/p>\n<p>30 doctors specializing in gynecology and obstetrics<\/p>\n\n<h5>Language<\/h5>\n<p>Active: Slovak, English<\/p>\n<p>Passive: German, French, Russian<\/p>\n\n<h5>Web Links<\/h5>\n\n","protected":false},"excerpt":{"rendered":"<p><img decoding=\"async\" class=\"\" src=\"https:\/\/www.helpery.sk\/wp-content\/uploads\/2023\/02\/Slovakia_Flag.png\" width=\"32\" height=\"32\" \/><\/p>\n<p><b> Senior consultant (Bratislava, Slovakia) <\/b><\/p>\n<p>49 years of experience<\/p>\n<p>Professor Milo\u0161 Mlyn\u010dek is a renowned obstetrician, gynecologist and oncogynecologist with more than 49 years of experience. His main expert focus is primarily the diagnosis, management and surgical treatment of oncogynecological diseases (cancer of the vulva, vagina, cervix and body of the uterus, fallopian tubes and ovaries).<\/p>\n<p> \t<strong style=\"color:#56698F;\">First consultation: 150 \u0404 <\/strong><br \/>\n \t<strong style=\"color:#56698F;\">Follow up: 130 \u0404 <\/strong><\/p>\n","protected":false},"featured_media":14988,"comment_status":"closed","ping_status":"closed","template":"","meta":{"_acf_changed":false,"ep_exclude_from_search":false},"product_brand":[],"product_cat":[643,662],"product_tag":[1103,1097,1098,839,1104,1042,1105],"class_list":{"0":"post-15390","1":"product","2":"type-product","3":"status-publish","4":"has-post-thumbnail","6":"product_cat-gynecology","7":"product_cat-oncogynecology","8":"product_tag-diagnosis-and-surgical-treatment-of-cancer-of-the-female-reproductive-organs","9":"product_tag-diagnosis-and-surgical-treatment-of-cervical-and-uterine-body-cancer","10":"product_tag-diagnosis-and-surgical-treatment-of-ovarian-and-fallopian-tube-cancer","11":"product_tag-general-gynecology","12":"product_tag-hpv-vaccination","13":"product_tag-oncology-patient-management","14":"product_tag-screening-programs","16":"first","17":"instock","18":"virtual","19":"taxable","20":"purchasable","21":"product-type-appointment"},"exclude_global_add_ons":false,"addons":[{"name":"Service","type":"multiple_choice","position":0,"required":true,"title_format":"label","default":"","description_enable":false,"description":"","placeholder_enable":false,"placeholder":"","display":"select","restrictions_type":"any_text","adjust_price":false,"price":"","price_type":"flat_fee","restrictions":false,"min":"0","max":"0","options":[{"label":"Telephone consultation","price":"","price_type":"flat_fee","image":0,"visibility":true},{"label":"Video consultation","price":"","price_type":"flat_fee","image":0,"visibility":true},{"label":"Elaboration of a written assessment","price":"","price_type":"flat_fee","image":0,"visibility":true}],"id":1723126044}],"acf":[],"yoast_head":"<!-- This site is optimized with the Yoast SEO plugin v25.1 - https:\/\/yoast.com\/wordpress\/plugins\/seo\/ -->\n<title>Prof. MUDr. Milo\u0161 Mlyn\u010dek, CSc - Helpery<\/title>\n<meta name=\"robots\" content=\"index, follow, max-snippet:-1, max-image-preview:large, max-video-preview:-1\" \/>\n<link rel=\"canonical\" href=\"https:\/\/www.helpery.sk\/en\/konzultacie\/gynecology\/prof-mudr-milos-mlyncek-csc\/\" \/>\n<meta property=\"og:locale\" content=\"en_US\" \/>\n<meta property=\"og:type\" content=\"article\" \/>\n<meta property=\"og:title\" content=\"Prof. MUDr. Milo\u0161 Mlyn\u010dek, CSc - Helpery\" \/>\n<meta property=\"og:description\" content=\"Senior consultant (Bratislava, Slovakia)   49 years of experience  Professor Milo\u0161 Mlyn\u010dek is a renowned obstetrician, gynecologist and oncogynecologist with more than 49 years of experience. His main expert focus is primarily the diagnosis, management and surgical treatment of oncogynecological diseases (cancer of the vulva, vagina, cervix and body of the uterus, fallopian tubes and ovaries).   First consultation: 150 \u0404   Follow up: 130 \u0404\" \/>\n<meta property=\"og:url\" content=\"https:\/\/www.helpery.sk\/en\/konzultacie\/gynecology\/prof-mudr-milos-mlyncek-csc\/\" \/>\n<meta property=\"og:site_name\" content=\"Helpery\" \/>\n<meta property=\"article:modified_time\" content=\"2026-02-09T14:42:27+00:00\" \/>\n<meta property=\"og:image\" content=\"https:\/\/www.helpery.sk\/wp-content\/uploads\/2024\/06\/Milos-Mlyncek_r.jpeg\" \/>\n\t<meta property=\"og:image:width\" content=\"400\" \/>\n\t<meta property=\"og:image:height\" content=\"600\" \/>\n\t<meta property=\"og:image:type\" content=\"image\/jpeg\" \/>\n<meta name=\"twitter:card\" content=\"summary_large_image\" \/>\n<meta name=\"twitter:label1\" content=\"Est. reading time\" \/>\n\t<meta name=\"twitter:data1\" content=\"1 minute\" \/>\n<script type=\"application\/ld+json\" class=\"yoast-schema-graph\">{\"@context\":\"https:\/\/schema.org\",\"@graph\":[{\"@type\":\"WebPage\",\"@id\":\"https:\/\/www.helpery.sk\/en\/konzultacie\/gynecology\/prof-mudr-milos-mlyncek-csc\/\",\"url\":\"https:\/\/www.helpery.sk\/en\/konzultacie\/gynecology\/prof-mudr-milos-mlyncek-csc\/\",\"name\":\"Prof. MUDr. Milo\u0161 Mlyn\u010dek, CSc - Helpery\",\"isPartOf\":{\"@id\":\"https:\/\/www.helpery.sk\/en\/#website\"},\"primaryImageOfPage\":{\"@id\":\"https:\/\/www.helpery.sk\/en\/konzultacie\/gynecology\/prof-mudr-milos-mlyncek-csc\/#primaryimage\"},\"image\":{\"@id\":\"https:\/\/www.helpery.sk\/en\/konzultacie\/gynecology\/prof-mudr-milos-mlyncek-csc\/#primaryimage\"},\"thumbnailUrl\":\"https:\/\/www.helpery.sk\/wp-content\/uploads\/2024\/06\/Milos-Mlyncek_r.jpeg\",\"datePublished\":\"2024-06-27T13:51:15+00:00\",\"dateModified\":\"2026-02-09T14:42:27+00:00\",\"breadcrumb\":{\"@id\":\"https:\/\/www.helpery.sk\/en\/konzultacie\/gynecology\/prof-mudr-milos-mlyncek-csc\/#breadcrumb\"},\"inLanguage\":\"en-US\",\"potentialAction\":[{\"@type\":\"ReadAction\",\"target\":[\"https:\/\/www.helpery.sk\/en\/konzultacie\/gynecology\/prof-mudr-milos-mlyncek-csc\/\"]}]},{\"@type\":\"ImageObject\",\"inLanguage\":\"en-US\",\"@id\":\"https:\/\/www.helpery.sk\/en\/konzultacie\/gynecology\/prof-mudr-milos-mlyncek-csc\/#primaryimage\",\"url\":\"https:\/\/www.helpery.sk\/wp-content\/uploads\/2024\/06\/Milos-Mlyncek_r.jpeg\",\"contentUrl\":\"https:\/\/www.helpery.sk\/wp-content\/uploads\/2024\/06\/Milos-Mlyncek_r.jpeg\",\"width\":400,\"height\":600},{\"@type\":\"BreadcrumbList\",\"@id\":\"https:\/\/www.helpery.sk\/en\/konzultacie\/gynecology\/prof-mudr-milos-mlyncek-csc\/#breadcrumb\",\"itemListElement\":[{\"@type\":\"ListItem\",\"position\":1,\"name\":\"Domovsk\u00e1 str\u00e1nka\",\"item\":\"https:\/\/www.helpery.sk\/en\/\"},{\"@type\":\"ListItem\",\"position\":2,\"name\":\"Consultations\",\"item\":\"https:\/\/www.helpery.sk\/konzultacie\/\"},{\"@type\":\"ListItem\",\"position\":3,\"name\":\"Prof. MUDr. Milo\u0161 Mlyn\u010dek, CSc\"}]},{\"@type\":\"WebSite\",\"@id\":\"https:\/\/www.helpery.sk\/en\/#website\",\"url\":\"https:\/\/www.helpery.sk\/en\/\",\"name\":\"Helpery\",\"description\":\"\",\"potentialAction\":[{\"@type\":\"SearchAction\",\"target\":{\"@type\":\"EntryPoint\",\"urlTemplate\":\"https:\/\/www.helpery.sk\/en\/?s={search_term_string}\"},\"query-input\":{\"@type\":\"PropertyValueSpecification\",\"valueRequired\":true,\"valueName\":\"search_term_string\"}}],\"inLanguage\":\"en-US\"}]}<\/script>\n<!-- \/ Yoast SEO plugin. -->","yoast_head_json":{"title":"Prof. MUDr. Milo\u0161 Mlyn\u010dek, CSc - Helpery","robots":{"index":"index","follow":"follow","max-snippet":"max-snippet:-1","max-image-preview":"max-image-preview:large","max-video-preview":"max-video-preview:-1"},"canonical":"https:\/\/www.helpery.sk\/en\/konzultacie\/gynecology\/prof-mudr-milos-mlyncek-csc\/","og_locale":"en_US","og_type":"article","og_title":"Prof. MUDr. Milo\u0161 Mlyn\u010dek, CSc - Helpery","og_description":"Senior consultant (Bratislava, Slovakia)   49 years of experience  Professor Milo\u0161 Mlyn\u010dek is a renowned obstetrician, gynecologist and oncogynecologist with more than 49 years of experience. His main expert focus is primarily the diagnosis, management and surgical treatment of oncogynecological diseases (cancer of the vulva, vagina, cervix and body of the uterus, fallopian tubes and ovaries).   First consultation: 150 \u0404   Follow up: 130 \u0404","og_url":"https:\/\/www.helpery.sk\/en\/konzultacie\/gynecology\/prof-mudr-milos-mlyncek-csc\/","og_site_name":"Helpery","article_modified_time":"2026-02-09T14:42:27+00:00","og_image":[{"width":400,"height":600,"url":"https:\/\/www.helpery.sk\/wp-content\/uploads\/2024\/06\/Milos-Mlyncek_r.jpeg","type":"image\/jpeg"}],"twitter_card":"summary_large_image","twitter_misc":{"Est. reading time":"1 minute"},"schema":{"@context":"https:\/\/schema.org","@graph":[{"@type":"WebPage","@id":"https:\/\/www.helpery.sk\/en\/konzultacie\/gynecology\/prof-mudr-milos-mlyncek-csc\/","url":"https:\/\/www.helpery.sk\/en\/konzultacie\/gynecology\/prof-mudr-milos-mlyncek-csc\/","name":"Prof. MUDr. Milo\u0161 Mlyn\u010dek, CSc - Helpery","isPartOf":{"@id":"https:\/\/www.helpery.sk\/en\/#website"},"primaryImageOfPage":{"@id":"https:\/\/www.helpery.sk\/en\/konzultacie\/gynecology\/prof-mudr-milos-mlyncek-csc\/#primaryimage"},"image":{"@id":"https:\/\/www.helpery.sk\/en\/konzultacie\/gynecology\/prof-mudr-milos-mlyncek-csc\/#primaryimage"},"thumbnailUrl":"https:\/\/www.helpery.sk\/wp-content\/uploads\/2024\/06\/Milos-Mlyncek_r.jpeg","datePublished":"2024-06-27T13:51:15+00:00","dateModified":"2026-02-09T14:42:27+00:00","breadcrumb":{"@id":"https:\/\/www.helpery.sk\/en\/konzultacie\/gynecology\/prof-mudr-milos-mlyncek-csc\/#breadcrumb"},"inLanguage":"en-US","potentialAction":[{"@type":"ReadAction","target":["https:\/\/www.helpery.sk\/en\/konzultacie\/gynecology\/prof-mudr-milos-mlyncek-csc\/"]}]},{"@type":"ImageObject","inLanguage":"en-US","@id":"https:\/\/www.helpery.sk\/en\/konzultacie\/gynecology\/prof-mudr-milos-mlyncek-csc\/#primaryimage","url":"https:\/\/www.helpery.sk\/wp-content\/uploads\/2024\/06\/Milos-Mlyncek_r.jpeg","contentUrl":"https:\/\/www.helpery.sk\/wp-content\/uploads\/2024\/06\/Milos-Mlyncek_r.jpeg","width":400,"height":600},{"@type":"BreadcrumbList","@id":"https:\/\/www.helpery.sk\/en\/konzultacie\/gynecology\/prof-mudr-milos-mlyncek-csc\/#breadcrumb","itemListElement":[{"@type":"ListItem","position":1,"name":"Domovsk\u00e1 str\u00e1nka","item":"https:\/\/www.helpery.sk\/en\/"},{"@type":"ListItem","position":2,"name":"Consultations","item":"https:\/\/www.helpery.sk\/konzultacie\/"},{"@type":"ListItem","position":3,"name":"Prof. MUDr. Milo\u0161 Mlyn\u010dek, CSc"}]},{"@type":"WebSite","@id":"https:\/\/www.helpery.sk\/en\/#website","url":"https:\/\/www.helpery.sk\/en\/","name":"Helpery","description":"","potentialAction":[{"@type":"SearchAction","target":{"@type":"EntryPoint","urlTemplate":"https:\/\/www.helpery.sk\/en\/?s={search_term_string}"},"query-input":{"@type":"PropertyValueSpecification","valueRequired":true,"valueName":"search_term_string"}}],"inLanguage":"en-US"}]}},"_links":{"self":[{"href":"https:\/\/www.helpery.sk\/en\/wp-json\/wp\/v2\/product\/15390","targetHints":{"allow":["GET"]}}],"collection":[{"href":"https:\/\/www.helpery.sk\/en\/wp-json\/wp\/v2\/product"}],"about":[{"href":"https:\/\/www.helpery.sk\/en\/wp-json\/wp\/v2\/types\/product"}],"replies":[{"embeddable":true,"href":"https:\/\/www.helpery.sk\/en\/wp-json\/wp\/v2\/comments?post=15390"}],"version-history":[{"count":5,"href":"https:\/\/www.helpery.sk\/en\/wp-json\/wp\/v2\/product\/15390\/revisions"}],"predecessor-version":[{"id":17488,"href":"https:\/\/www.helpery.sk\/en\/wp-json\/wp\/v2\/product\/15390\/revisions\/17488"}],"wp:featuredmedia":[{"embeddable":true,"href":"https:\/\/www.helpery.sk\/en\/wp-json\/wp\/v2\/media\/14988"}],"wp:attachment":[{"href":"https:\/\/www.helpery.sk\/en\/wp-json\/wp\/v2\/media?parent=15390"}],"wp:term":[{"taxonomy":"product_brand","embeddable":true,"href":"https:\/\/www.helpery.sk\/en\/wp-json\/wp\/v2\/product_brand?post=15390"},{"taxonomy":"product_cat","embeddable":true,"href":"https:\/\/www.helpery.sk\/en\/wp-json\/wp\/v2\/product_cat?post=15390"},{"taxonomy":"product_tag","embeddable":true,"href":"https:\/\/www.helpery.sk\/en\/wp-json\/wp\/v2\/product_tag?post=15390"}],"curies":[{"name":"wp","href":"https:\/\/api.w.org\/{rel}","templated":true}]}}