{"id":15826,"date":"2024-11-10T17:06:36","date_gmt":"2024-11-10T16:06:36","guid":{"rendered":"https:\/\/www.helpery.sk\/konzultacie\/uncategorized\/mudr-martina-vravcova-phd\/"},"modified":"2026-02-09T10:55:15","modified_gmt":"2026-02-09T09:55:15","slug":"mudr-martina-vravcova-phd","status":"publish","type":"product","link":"https:\/\/www.helpery.sk\/en\/konzultacie\/endocrinology\/mudr-martina-vravcova-phd\/","title":{"rendered":"MUDr. Martina Vravcov\u00e1, PhD"},"content":{"rendered":"<h5>Professional profile<\/h5>\n<p>Doctor Martina Vravcov\u00e1 is an erudite endocrinologist. She completed her medical studies at the 1st Faculty of Medicine in Prague. She began her professional practice in 2006 as a secondary physician at the Internal Medicine Clinic of the Faculty Hospital in Trnava and at the same time as an assistant professor at the Faculty of Social Work and Public Health of the University of Trnava, where she also worked after passing the specialization exam in the field of Endocrinology. Furthermore, she put her professional experience to good use by working in the Endocrinological Outpatient Clinic at the \u017delezni\u010dn\u00e1 Nemocnica Bratislava. He currently works as an endocrinologist at the Bory Hospital, where he deals with complicated endocrinological conditions. In addition, he works at the private Medante Clinic. Together with the team of doctors in this clinic, he focuses on a holistic approach to the patient, using a complex bio-psychosocial approach. Since the beginning of her professional practice, she has also devoted herself to humanitarian work in various developing countries, therefore she also devoted her postgraduate studies to the topic of HIV in pediatric patients, monitoring immunological and clinical parameters during HAART treatment in HIV-positive children in Ethiopia. In her work, respectful communication, an individual approach to the patient, high expertise, the ability to provide the patient with the best health care without distinction, as well as effective cooperation with other specialists are important.<\/p>\n\n<h5>Work experience<\/h5>\n<p>Endocrinology clinic, Medante Clinic, Bratislava Endocrinology clinic, Bory Hospital, Bratislava Endocrinology clinic, Railway Hospital, Bratislava Endocrinology clinic, Faculty hospital, Trnava Emergency service clinic, Faculty hospital, Trnava Department of Internal Medicine, Faculty hospital, Trnava Endocrinology clinic, Faculty hospital, Trnava Department of Clinical Disciplines, Faculty of Public Health and Social Work, Faculty Hospital, Trnava Clinic of Internal Medicine, Trnava University and St. Elizabeth&#8217;s University, Bratislava<\/p>\n\n<h5>Education<\/h5>\n<p>2013 \u2013 Specialization\u2013 Endocrinology<\/p>\n<p>2013 \u2013 Scientific title \u201c<em>PhD<\/em>\u201d \u2013 Topic: HIV in pediatric patients, monitoring of immunological, clinical parameters during HAART treatment in HIV positive children in Ethiopia.<\/p>\n<p>2006 \u2013 Certificate from an intensive course in tropical medicine\/infectious diseases<\/p>\n<p>2006 \u2013 \u201c<em>MUDr<\/em>\u201d, General Medicine, Charles University, Prague<\/p>\n\n<h5>Internship stays<\/h5>\n<p>2006 Mary Immaculate Clinic, Nairobi, Kenya 2007 St. Bakhita, Nairobi, Kenya 2007 Missionary of Charity of Mother Teresa, Ethiopia<\/p>\n<ul>\n<li>House of sick, Kibremengist, Ethiopia<\/li>\n<li>Orphanage for HIV positive children, Addis Ababa, Ethiopia<\/li>\n<\/ul>\n<p>2008 Center de Sant\u00e9, Mole Saint Nicolas, Haiti 2010 Mary Immaculate Hospital, Mapuordit, South Sudan<\/p>\n\n<h5>Membership in professional societies and councils<\/h5>\n\n<h5>Membership in editorial boards of magazines<\/h5>\n\n<h5>Scientific research activity<\/h5>\n\n<h5>Pedagogical activity<\/h5>\n\n<h5>Language<\/h5>\n<p>Active: Slovak, Czech, English<\/p>\n<p>Passive: French, Polish, Russian, German<\/p>\n\n<h5>Web Links<\/h5>\n\n","protected":false},"excerpt":{"rendered":"<p><img decoding=\"async\" class=\"\" src=\"https:\/\/www.helpery.sk\/wp-content\/uploads\/2023\/02\/Slovakia_Flag.png\" width=\"32\" height=\"32\" \/> <img decoding=\"async\" class=\"\" src=\"https:\/\/www.helpery.sk\/wp-content\/uploads\/2023\/02\/Czech_Flag.png\" width=\"32\" height=\"32\" \/> <img decoding=\"async\" class=\"\" src=\"https:\/\/www.helpery.sk\/wp-content\/uploads\/2023\/02\/UK_Flag.png\" width=\"32\" height=\"32\" \/><\/p>\n<p><b> Senior consultant (Bratislava, Slovakia)<\/b><\/p>\n<p>19 years of experience<\/p>\n<p>&nbsp;<\/p>\n<p>Dr. Martina Vravcov\u00e1 is an experienced endocrinologist with more than 15 years of experience. He has been dealing with diseases of glands with internal secretion for a long time. Her main clinical interests are diseases of the thyroid gland, parathyroid glands, adrenal glands, pituitary gland, as well as fertility disorders of endocrinological origin, which include, for example, the frequently occurring Polycystic Ovary Syndrome.<\/p>\n<p><strong style=\"color: #56698f;\">First consultation: 130 \u0404 <\/strong><br \/>\n<strong style=\"color: #56698f;\">Follow up: 110 \u0404 <\/strong><\/p>\n","protected":false},"featured_media":15821,"comment_status":"closed","ping_status":"closed","template":"","meta":{"_acf_changed":false,"ep_exclude_from_search":false},"product_brand":[],"product_cat":[1148],"product_tag":[1157,1153,1156,1149,1152,1158,991,1150,1155,825,1151,1154,1159],"class_list":{"0":"post-15826","1":"product","2":"type-product","3":"status-publish","4":"has-post-thumbnail","6":"product_cat-endocrinology","7":"product_tag-andropause","8":"product_tag-diseases-of-the-parathyroid-glands","9":"product_tag-diseases-of-the-pituitary-gland","10":"product_tag-diseases-of-the-thyroid-gland","11":"product_tag-functional-disorders","12":"product_tag-increased-blood-pressure-from-an-endocrine-cause","13":"product_tag-infertility","14":"product_tag-inflammations","15":"product_tag-lack-of-vit-d","16":"product_tag-menopause","17":"product_tag-nodes","18":"product_tag-osteoporosis-and-disorders-of-bone-metabolism","19":"product_tag-polycystic-ovary-syndrome","21":"first","22":"instock","23":"taxable","24":"shipping-taxable","25":"purchasable","26":"product-type-appointment"},"exclude_global_add_ons":false,"addons":[{"name":"Service","type":"multiple_choice","position":0,"required":true,"title_format":"label","default":"","description_enable":false,"description":"","placeholder_enable":false,"placeholder":"","display":"select","restrictions_type":"any_text","adjust_price":false,"price":"","price_type":"flat_fee","restrictions":false,"min":"0","max":"0","options":[{"label":"Telephone consultation","price":"","price_type":"flat_fee","image":0,"visibility":true},{"label":"Elaboration of a written assessment","price":"","price_type":"flat_fee","image":0,"visibility":true}],"id":1758101428}],"acf":[],"yoast_head":"<!-- This site is optimized with the Yoast SEO plugin v25.1 - https:\/\/yoast.com\/wordpress\/plugins\/seo\/ -->\n<title>MUDr. Martina Vravcov\u00e1, PhD - Helpery<\/title>\n<meta name=\"robots\" content=\"index, follow, max-snippet:-1, max-image-preview:large, max-video-preview:-1\" \/>\n<link rel=\"canonical\" href=\"https:\/\/www.helpery.sk\/en\/konzultacie\/endocrinology\/mudr-martina-vravcova-phd\/\" \/>\n<meta property=\"og:locale\" content=\"en_US\" \/>\n<meta property=\"og:type\" content=\"article\" \/>\n<meta property=\"og:title\" content=\"MUDr. Martina Vravcov\u00e1, PhD - Helpery\" \/>\n<meta property=\"og:description\" content=\"Senior consultant (Bratislava, Slovakia)  19 years of experience  &nbsp;  Dr. Martina Vravcov\u00e1 is an experienced endocrinologist with more than 15 years of experience. He has been dealing with diseases of glands with internal secretion for a long time. Her main clinical interests are diseases of the thyroid gland, parathyroid glands, adrenal glands, pituitary gland, as well as fertility disorders of endocrinological origin, which include, for example, the frequently occurring Polycystic Ovary Syndrome.  First consultation: 130 \u0404  Follow up: 110 \u0404\" \/>\n<meta property=\"og:url\" content=\"https:\/\/www.helpery.sk\/en\/konzultacie\/endocrinology\/mudr-martina-vravcova-phd\/\" \/>\n<meta property=\"og:site_name\" content=\"Helpery\" \/>\n<meta property=\"article:modified_time\" content=\"2026-02-09T09:55:15+00:00\" \/>\n<meta property=\"og:image\" content=\"https:\/\/www.helpery.sk\/wp-content\/uploads\/2024\/11\/foto.jpg\" \/>\n\t<meta property=\"og:image:width\" content=\"483\" \/>\n\t<meta property=\"og:image:height\" content=\"542\" \/>\n\t<meta property=\"og:image:type\" content=\"image\/jpeg\" \/>\n<meta name=\"twitter:card\" content=\"summary_large_image\" \/>\n<meta name=\"twitter:label1\" content=\"Est. reading time\" \/>\n\t<meta name=\"twitter:data1\" content=\"1 minute\" \/>\n<script type=\"application\/ld+json\" class=\"yoast-schema-graph\">{\"@context\":\"https:\/\/schema.org\",\"@graph\":[{\"@type\":\"WebPage\",\"@id\":\"https:\/\/www.helpery.sk\/en\/konzultacie\/endocrinology\/mudr-martina-vravcova-phd\/\",\"url\":\"https:\/\/www.helpery.sk\/en\/konzultacie\/endocrinology\/mudr-martina-vravcova-phd\/\",\"name\":\"MUDr. Martina Vravcov\u00e1, PhD - Helpery\",\"isPartOf\":{\"@id\":\"https:\/\/www.helpery.sk\/en\/#website\"},\"primaryImageOfPage\":{\"@id\":\"https:\/\/www.helpery.sk\/en\/konzultacie\/endocrinology\/mudr-martina-vravcova-phd\/#primaryimage\"},\"image\":{\"@id\":\"https:\/\/www.helpery.sk\/en\/konzultacie\/endocrinology\/mudr-martina-vravcova-phd\/#primaryimage\"},\"thumbnailUrl\":\"https:\/\/www.helpery.sk\/wp-content\/uploads\/2024\/11\/foto.jpg\",\"datePublished\":\"2024-11-10T16:06:36+00:00\",\"dateModified\":\"2026-02-09T09:55:15+00:00\",\"breadcrumb\":{\"@id\":\"https:\/\/www.helpery.sk\/en\/konzultacie\/endocrinology\/mudr-martina-vravcova-phd\/#breadcrumb\"},\"inLanguage\":\"en-US\",\"potentialAction\":[{\"@type\":\"ReadAction\",\"target\":[\"https:\/\/www.helpery.sk\/en\/konzultacie\/endocrinology\/mudr-martina-vravcova-phd\/\"]}]},{\"@type\":\"ImageObject\",\"inLanguage\":\"en-US\",\"@id\":\"https:\/\/www.helpery.sk\/en\/konzultacie\/endocrinology\/mudr-martina-vravcova-phd\/#primaryimage\",\"url\":\"https:\/\/www.helpery.sk\/wp-content\/uploads\/2024\/11\/foto.jpg\",\"contentUrl\":\"https:\/\/www.helpery.sk\/wp-content\/uploads\/2024\/11\/foto.jpg\",\"width\":483,\"height\":542},{\"@type\":\"BreadcrumbList\",\"@id\":\"https:\/\/www.helpery.sk\/en\/konzultacie\/endocrinology\/mudr-martina-vravcova-phd\/#breadcrumb\",\"itemListElement\":[{\"@type\":\"ListItem\",\"position\":1,\"name\":\"Domovsk\u00e1 str\u00e1nka\",\"item\":\"https:\/\/www.helpery.sk\/en\/\"},{\"@type\":\"ListItem\",\"position\":2,\"name\":\"Consultations\",\"item\":\"https:\/\/www.helpery.sk\/konzultacie\/\"},{\"@type\":\"ListItem\",\"position\":3,\"name\":\"MUDr. Martina Vravcov\u00e1, PhD\"}]},{\"@type\":\"WebSite\",\"@id\":\"https:\/\/www.helpery.sk\/en\/#website\",\"url\":\"https:\/\/www.helpery.sk\/en\/\",\"name\":\"Helpery\",\"description\":\"\",\"potentialAction\":[{\"@type\":\"SearchAction\",\"target\":{\"@type\":\"EntryPoint\",\"urlTemplate\":\"https:\/\/www.helpery.sk\/en\/?s={search_term_string}\"},\"query-input\":{\"@type\":\"PropertyValueSpecification\",\"valueRequired\":true,\"valueName\":\"search_term_string\"}}],\"inLanguage\":\"en-US\"}]}<\/script>\n<!-- \/ Yoast SEO plugin. -->","yoast_head_json":{"title":"MUDr. Martina Vravcov\u00e1, PhD - Helpery","robots":{"index":"index","follow":"follow","max-snippet":"max-snippet:-1","max-image-preview":"max-image-preview:large","max-video-preview":"max-video-preview:-1"},"canonical":"https:\/\/www.helpery.sk\/en\/konzultacie\/endocrinology\/mudr-martina-vravcova-phd\/","og_locale":"en_US","og_type":"article","og_title":"MUDr. Martina Vravcov\u00e1, PhD - Helpery","og_description":"Senior consultant (Bratislava, Slovakia)  19 years of experience  &nbsp;  Dr. Martina Vravcov\u00e1 is an experienced endocrinologist with more than 15 years of experience. He has been dealing with diseases of glands with internal secretion for a long time. Her main clinical interests are diseases of the thyroid gland, parathyroid glands, adrenal glands, pituitary gland, as well as fertility disorders of endocrinological origin, which include, for example, the frequently occurring Polycystic Ovary Syndrome.  First consultation: 130 \u0404  Follow up: 110 \u0404","og_url":"https:\/\/www.helpery.sk\/en\/konzultacie\/endocrinology\/mudr-martina-vravcova-phd\/","og_site_name":"Helpery","article_modified_time":"2026-02-09T09:55:15+00:00","og_image":[{"width":483,"height":542,"url":"https:\/\/www.helpery.sk\/wp-content\/uploads\/2024\/11\/foto.jpg","type":"image\/jpeg"}],"twitter_card":"summary_large_image","twitter_misc":{"Est. reading time":"1 minute"},"schema":{"@context":"https:\/\/schema.org","@graph":[{"@type":"WebPage","@id":"https:\/\/www.helpery.sk\/en\/konzultacie\/endocrinology\/mudr-martina-vravcova-phd\/","url":"https:\/\/www.helpery.sk\/en\/konzultacie\/endocrinology\/mudr-martina-vravcova-phd\/","name":"MUDr. Martina Vravcov\u00e1, PhD - Helpery","isPartOf":{"@id":"https:\/\/www.helpery.sk\/en\/#website"},"primaryImageOfPage":{"@id":"https:\/\/www.helpery.sk\/en\/konzultacie\/endocrinology\/mudr-martina-vravcova-phd\/#primaryimage"},"image":{"@id":"https:\/\/www.helpery.sk\/en\/konzultacie\/endocrinology\/mudr-martina-vravcova-phd\/#primaryimage"},"thumbnailUrl":"https:\/\/www.helpery.sk\/wp-content\/uploads\/2024\/11\/foto.jpg","datePublished":"2024-11-10T16:06:36+00:00","dateModified":"2026-02-09T09:55:15+00:00","breadcrumb":{"@id":"https:\/\/www.helpery.sk\/en\/konzultacie\/endocrinology\/mudr-martina-vravcova-phd\/#breadcrumb"},"inLanguage":"en-US","potentialAction":[{"@type":"ReadAction","target":["https:\/\/www.helpery.sk\/en\/konzultacie\/endocrinology\/mudr-martina-vravcova-phd\/"]}]},{"@type":"ImageObject","inLanguage":"en-US","@id":"https:\/\/www.helpery.sk\/en\/konzultacie\/endocrinology\/mudr-martina-vravcova-phd\/#primaryimage","url":"https:\/\/www.helpery.sk\/wp-content\/uploads\/2024\/11\/foto.jpg","contentUrl":"https:\/\/www.helpery.sk\/wp-content\/uploads\/2024\/11\/foto.jpg","width":483,"height":542},{"@type":"BreadcrumbList","@id":"https:\/\/www.helpery.sk\/en\/konzultacie\/endocrinology\/mudr-martina-vravcova-phd\/#breadcrumb","itemListElement":[{"@type":"ListItem","position":1,"name":"Domovsk\u00e1 str\u00e1nka","item":"https:\/\/www.helpery.sk\/en\/"},{"@type":"ListItem","position":2,"name":"Consultations","item":"https:\/\/www.helpery.sk\/konzultacie\/"},{"@type":"ListItem","position":3,"name":"MUDr. Martina Vravcov\u00e1, PhD"}]},{"@type":"WebSite","@id":"https:\/\/www.helpery.sk\/en\/#website","url":"https:\/\/www.helpery.sk\/en\/","name":"Helpery","description":"","potentialAction":[{"@type":"SearchAction","target":{"@type":"EntryPoint","urlTemplate":"https:\/\/www.helpery.sk\/en\/?s={search_term_string}"},"query-input":{"@type":"PropertyValueSpecification","valueRequired":true,"valueName":"search_term_string"}}],"inLanguage":"en-US"}]}},"_links":{"self":[{"href":"https:\/\/www.helpery.sk\/en\/wp-json\/wp\/v2\/product\/15826","targetHints":{"allow":["GET"]}}],"collection":[{"href":"https:\/\/www.helpery.sk\/en\/wp-json\/wp\/v2\/product"}],"about":[{"href":"https:\/\/www.helpery.sk\/en\/wp-json\/wp\/v2\/types\/product"}],"replies":[{"embeddable":true,"href":"https:\/\/www.helpery.sk\/en\/wp-json\/wp\/v2\/comments?post=15826"}],"version-history":[{"count":6,"href":"https:\/\/www.helpery.sk\/en\/wp-json\/wp\/v2\/product\/15826\/revisions"}],"predecessor-version":[{"id":17476,"href":"https:\/\/www.helpery.sk\/en\/wp-json\/wp\/v2\/product\/15826\/revisions\/17476"}],"wp:featuredmedia":[{"embeddable":true,"href":"https:\/\/www.helpery.sk\/en\/wp-json\/wp\/v2\/media\/15821"}],"wp:attachment":[{"href":"https:\/\/www.helpery.sk\/en\/wp-json\/wp\/v2\/media?parent=15826"}],"wp:term":[{"taxonomy":"product_brand","embeddable":true,"href":"https:\/\/www.helpery.sk\/en\/wp-json\/wp\/v2\/product_brand?post=15826"},{"taxonomy":"product_cat","embeddable":true,"href":"https:\/\/www.helpery.sk\/en\/wp-json\/wp\/v2\/product_cat?post=15826"},{"taxonomy":"product_tag","embeddable":true,"href":"https:\/\/www.helpery.sk\/en\/wp-json\/wp\/v2\/product_tag?post=15826"}],"curies":[{"name":"wp","href":"https:\/\/api.w.org\/{rel}","templated":true}]}}