{"id":16928,"date":"2025-06-30T14:23:32","date_gmt":"2025-06-30T12:23:32","guid":{"rendered":"https:\/\/www.helpery.sk\/konzultacie\/uncategorized\/doc-mudr-tomas-bolek-phd\/"},"modified":"2026-02-09T10:37:30","modified_gmt":"2026-02-09T09:37:30","slug":"doc-mudr-tomas-bolek-phd","status":"publish","type":"product","link":"https:\/\/www.helpery.sk\/en\/konzultacie\/cardiology\/doc-mudr-tomas-bolek-phd\/","title":{"rendered":"doc. MUDr. Tom\u00e1\u0161 Bolek, PhD"},"content":{"rendered":"<h5>Professional profile<\/h5>\n<div>\n<p>Doc. MUDr. Tom\u00e1\u0161 Bolek, PhD. is an internist, an obesitologist with experience in the field of cardiology. He currently works as an associate professor at the 1st Internal Medicine Clinic of the Jessenius Faculty of Medicine (JLF) in Martin, Comenius University in Bratislava (UK), as well as a physician at the 1st Internal Medicine Clinic of the JLF UK and UNM in Martin. He actively participates in both clinical and scientific activities at the clinic.<\/p>\n<\/div>\n<div>\n<p>Associate Professor T. Bolek began his medical career by obtaining the title of MUDr. at the Jessenius Faculty of Medicine in Martin, Comenius University in Bratislava. During his studies, he showed an interest in internal medicine and cardiology, which determined his future specialization. He began his professional practice as a secondary physician at the 1st Internal Medicine Clinic of the Faculty of Medicine in Martin, where he was engaged in treatment and prevention activities and gained valuable experience in the field of care for patients with a wide range of internal diseases.<\/p>\n<\/div>\n<div>\n<p>He received his philosophiedoctor (PhD) degree in the field from the JLF UK in 2020. He received his specialization in the field of internal medicine from the JLF UK in 2020. He was awarded the title of associate professor in 2024 after defending his habilitation thesis entitled &#8220;Factors influencing the effectiveness of direct oral anticoagulants&#8221;. Since 2024, he has been working in the position of associate professor, where he is engaged in scientific and research activities, is a supervisor of 5 doctoral students, is engaged in research in the field of obesitology and cardiology, and is also engaged in the treatment and prevention area, especially in the field of obesitology and cardiology. In addition to clinical practice, doc. Bolek is also dedicated to the education of future doctors and specialists in the field of internal medicine. He pays special attention to the comprehensive treatment of obesity, including pharmacological, behavioral and interventional approaches, as well as its close links to endocrinological diseases, especially polycystic ovary syndrome (PCOS). Doc. Bolek is a proponent of consistent preventive medicine and an individualized approach to the patient. In the field of diagnostics, he uses advanced imaging methods, including left atrial strain assessment (LA strain) and global longitudinal strain (GLS). He is the author of several scientific publications, a participant in professional conferences, and a member of research teams focused on personalized cardiology and obesity.<\/p>\n<\/div>\n<p>The associate professor is a member of the Slovak Cardiological Society, the Slovak Obesity Association, the Slovak Society of Internal Medicine, and the Slovak Society of Hemostasis and Thrombosis.<\/p>\n\n<h5>Work experience<\/h5>\n<p style=\"font-weight: 400\">1st Internal Medicine Clinic, JMF Comenius University in Bratislava<\/p>\n<p style=\"font-weight: 400\">Faculty Hospital Tren\u010d\u00edn Cardiology Department<\/p>\n<p style=\"font-weight: 400\">Central Slovak Institute of Heart and Vascular Diseases<\/p>\n\n<h5>Education<\/h5>\n<p style=\"font-weight: 400\">2020 \u2013 Specialization \u2013 Internal Medicine<\/p>\n<p style=\"font-weight: 400\">2009 \u2013 Anton Bernol\u00e1k High School, N\u00e1mestovo<\/p>\n<p style=\"font-weight: 400\">2015 \u2013 General Medicine &#8220;<em>MUDr<\/em>&#8220;, Jessenius Faculty of Medicine in Martin, Comenius University, Bratislava<\/p>\n<p style=\"font-weight: 400\">2020 \u2013 Scientific degree \u201c<em>PhD<\/em>\u201d \u2013 Topic: <em>The impact of proton pump inhibition on the effectiveness of antithrombotic therapy in patients with cardiovascular diseases<\/em><\/p>\n<p style=\"font-weight: 400\">2021 \u2013 Healthcare Management and Financing<\/p>\n<p style=\"font-weight: 400\">2024 \u2013 Scientific title &#8220;<em>doc<\/em>&#8221; Topic: <em>Factors influencing the effectiveness of direct oral anticoagulants.<\/em><\/p>\n\n<h5>Internship stays<\/h5>\n<p>No<\/p>\n\n<h5>Membership in professional societies and councils<\/h5>\n<p style=\"font-weight: 400\">Slovak Cardiological Society<\/p>\n<p style=\"font-weight: 400\">Slovak Obesity Association<\/p>\n<p style=\"font-weight: 400\">Slovak Society of Internal Medicine<\/p>\n<p style=\"font-weight: 400\">Slovak Society of Hemostasis and Thrombosis<\/p>\n<p style=\"font-weight: 400\">European Obesity Association<\/p>\n\n<h5>Membership in editorial boards of magazines<\/h5>\n<p>No<\/p>\n\n<h5>Scientific research activity<\/h5>\n<p style=\"font-weight: 400\">Hirsh-Index: 11<\/p>\n<p style=\"font-weight: 400\">International publications: 75<br \/>\n(PubmedLibrary, USA; <a href=\"https:\/\/pubmed.ncbi.nlm.nih.gov\/?term=Bolek%20T&amp;cauthor_id=37765005\">https:\/\/pubmed.ncbi.nlm.nih.gov\/?term=Bolek%20T&amp;cauthor_id=37765005<\/a>)<\/p>\n<p style=\"font-weight: 400\">Number of citations: 391<br \/>\n(Scopus database: <a href=\"https:\/\/www.scopus.com\/authid\/detail.uri?authorId=56515369000\">https:\/\/www.scopus.com\/authid\/detail.uri?authorId=56515369000<\/a>)<\/p>\n\n<h5>Pedagogical activity<\/h5>\n<p style=\"font-weight: 400\">2020 \u2013 1st Internal Medicine Clinic of the Faculty of Medicine in Martin, Comenius University in Bratislava<\/p>\n\n<h5>Language<\/h5>\n<p style=\"font-weight: 400\">Active: Slovak, English<\/p>\n\n<h5>Web Links<\/h5>\n\n","protected":false},"excerpt":{"rendered":"<p><img decoding=\"async\" class=\"\" src=\"https:\/\/www.helpery.sk\/wp-content\/uploads\/2023\/02\/Slovakia_Flag.png\" width=\"32\" height=\"32\" \/> <img decoding=\"async\" class=\"\" src=\"https:\/\/www.helpery.sk\/wp-content\/uploads\/2023\/02\/UK_Flag.png\" width=\"32\" height=\"32\" \/><\/p>\n<p><b> Senior consultant (Martin, Slovakia)<\/b><\/p>\n<p>10 years of experience<\/p>\n<p style=\"font-weight: 400;\">Doc. MUDr. Tom\u00e1\u0161 Bolek, PhD. is a renowned specialist in the field of cardiology, internal medicine and obesity with more than 10 years of clinical and academic experience. His professional work is focused on modern and personalized diagnostics and treatment of heart failure, atrial fibrillation, ischemic heart disease and cardiometabolic diseases. He pays special attention to the comprehensive treatment of obesity, including pharmacological, behavioral and interventional approaches, as well as its close links to endocrinological diseases, especially polycystic ovary syndrome (PCOS). He is a proponent of consistent preventive medicine and an individualized approach to the patient. In the field of diagnostics, he uses advanced imaging methods, including left atrial strain assessment (LA strain) and global longitudinal strain (GLS).<\/p>\n<p>\n<strong style=\"color: #56698f;\">First consultation: 150 \u0404<\/strong><\/p>\n<p><strong style=\"color: #56698f;\">Follow up: 130 \u0404 <\/strong><\/p>\n","protected":false},"featured_media":16926,"comment_status":"closed","ping_status":"closed","template":"","meta":{"_acf_changed":false,"ep_exclude_from_search":false},"product_brand":[],"product_cat":[653,679],"product_tag":[1229,1221,1223,1227,882,1222,1224,1228,1226,1225,881],"class_list":{"0":"post-16928","1":"product","2":"type-product","3":"status-publish","4":"has-post-thumbnail","6":"product_cat-cardiology","7":"product_cat-internal-medicine","8":"product_tag-advanced-echocardiography","9":"product_tag-atrial-fibrillation","10":"product_tag-cardiometabolic-syndrome","11":"product_tag-endoscopic-gastroplasty","12":"product_tag-heart-failure","13":"product_tag-ischemic-heart-disease","14":"product_tag-obesity-and-cardiovascular-risk","15":"product_tag-personalized-cardiology","16":"product_tag-pharmacological-treatment-of-obesity","17":"product_tag-polycystic-ovary-syndrome-pcos","18":"product_tag-preventive-cardiology","20":"first","21":"instock","22":"virtual","23":"taxable","24":"purchasable","25":"product-type-appointment"},"exclude_global_add_ons":false,"addons":[{"name":"Service","type":"multiple_choice","position":0,"required":true,"title_format":"label","default":"","description_enable":false,"description":"","placeholder_enable":false,"placeholder":"","display":"select","restrictions_type":"any_text","adjust_price":false,"price":"","price_type":"flat_fee","restrictions":false,"min":"0","max":"0","options":[{"label":"Telephone consultation","price":"","price_type":"flat_fee","image":0,"visibility":true},{"label":"Elaboration of a written assessment","price":"","price_type":"flat_fee","image":0,"visibility":true}],"id":1758102141}],"acf":[],"yoast_head":"<!-- This site is optimized with the Yoast SEO plugin v25.1 - https:\/\/yoast.com\/wordpress\/plugins\/seo\/ -->\n<title>doc. MUDr. Tom\u00e1\u0161 Bolek, PhD - Helpery<\/title>\n<meta name=\"robots\" content=\"index, follow, max-snippet:-1, max-image-preview:large, max-video-preview:-1\" \/>\n<link rel=\"canonical\" href=\"https:\/\/www.helpery.sk\/en\/konzultacie\/cardiology\/doc-mudr-tomas-bolek-phd\/\" \/>\n<meta property=\"og:locale\" content=\"en_US\" \/>\n<meta property=\"og:type\" content=\"article\" \/>\n<meta property=\"og:title\" content=\"doc. MUDr. Tom\u00e1\u0161 Bolek, PhD - Helpery\" \/>\n<meta property=\"og:description\" content=\"Senior consultant (Martin, Slovakia)  10 years of experience Doc. MUDr. Tom\u00e1\u0161 Bolek, PhD. is a renowned specialist in the field of cardiology, internal medicine and obesity with more than 10 years of clinical and academic experience. His professional work is focused on modern and personalized diagnostics and treatment of heart failure, atrial fibrillation, ischemic heart disease and cardiometabolic diseases. He pays special attention to the comprehensive treatment of obesity, including pharmacological, behavioral and interventional approaches, as well as its close links to endocrinological diseases, especially polycystic ovary syndrome (PCOS). He is a proponent of consistent preventive medicine and an individualized approach to the patient. In the field of diagnostics, he uses advanced imaging methods, including left atrial strain assessment (LA strain) and global longitudinal strain (GLS). First consultation: 150 \u0404  Follow up: 130 \u0404\" \/>\n<meta property=\"og:url\" content=\"https:\/\/www.helpery.sk\/en\/konzultacie\/cardiology\/doc-mudr-tomas-bolek-phd\/\" \/>\n<meta property=\"og:site_name\" content=\"Helpery\" \/>\n<meta property=\"article:modified_time\" content=\"2026-02-09T09:37:30+00:00\" \/>\n<meta property=\"og:image\" content=\"https:\/\/www.helpery.sk\/wp-content\/uploads\/2025\/06\/Tomas-Bolek-foto.jpg\" \/>\n\t<meta property=\"og:image:width\" content=\"1512\" \/>\n\t<meta property=\"og:image:height\" content=\"2016\" \/>\n\t<meta property=\"og:image:type\" content=\"image\/jpeg\" \/>\n<meta name=\"twitter:card\" content=\"summary_large_image\" \/>\n<meta name=\"twitter:label1\" content=\"Est. reading time\" \/>\n\t<meta name=\"twitter:data1\" content=\"1 minute\" \/>\n<script type=\"application\/ld+json\" class=\"yoast-schema-graph\">{\"@context\":\"https:\/\/schema.org\",\"@graph\":[{\"@type\":\"WebPage\",\"@id\":\"https:\/\/www.helpery.sk\/en\/konzultacie\/cardiology\/doc-mudr-tomas-bolek-phd\/\",\"url\":\"https:\/\/www.helpery.sk\/en\/konzultacie\/cardiology\/doc-mudr-tomas-bolek-phd\/\",\"name\":\"doc. MUDr. Tom\u00e1\u0161 Bolek, PhD - Helpery\",\"isPartOf\":{\"@id\":\"https:\/\/www.helpery.sk\/en\/#website\"},\"primaryImageOfPage\":{\"@id\":\"https:\/\/www.helpery.sk\/en\/konzultacie\/cardiology\/doc-mudr-tomas-bolek-phd\/#primaryimage\"},\"image\":{\"@id\":\"https:\/\/www.helpery.sk\/en\/konzultacie\/cardiology\/doc-mudr-tomas-bolek-phd\/#primaryimage\"},\"thumbnailUrl\":\"https:\/\/www.helpery.sk\/wp-content\/uploads\/2025\/06\/Tomas-Bolek-foto.jpg\",\"datePublished\":\"2025-06-30T12:23:32+00:00\",\"dateModified\":\"2026-02-09T09:37:30+00:00\",\"breadcrumb\":{\"@id\":\"https:\/\/www.helpery.sk\/en\/konzultacie\/cardiology\/doc-mudr-tomas-bolek-phd\/#breadcrumb\"},\"inLanguage\":\"en-US\",\"potentialAction\":[{\"@type\":\"ReadAction\",\"target\":[\"https:\/\/www.helpery.sk\/en\/konzultacie\/cardiology\/doc-mudr-tomas-bolek-phd\/\"]}]},{\"@type\":\"ImageObject\",\"inLanguage\":\"en-US\",\"@id\":\"https:\/\/www.helpery.sk\/en\/konzultacie\/cardiology\/doc-mudr-tomas-bolek-phd\/#primaryimage\",\"url\":\"https:\/\/www.helpery.sk\/wp-content\/uploads\/2025\/06\/Tomas-Bolek-foto.jpg\",\"contentUrl\":\"https:\/\/www.helpery.sk\/wp-content\/uploads\/2025\/06\/Tomas-Bolek-foto.jpg\",\"width\":1512,\"height\":2016},{\"@type\":\"BreadcrumbList\",\"@id\":\"https:\/\/www.helpery.sk\/en\/konzultacie\/cardiology\/doc-mudr-tomas-bolek-phd\/#breadcrumb\",\"itemListElement\":[{\"@type\":\"ListItem\",\"position\":1,\"name\":\"Domovsk\u00e1 str\u00e1nka\",\"item\":\"https:\/\/www.helpery.sk\/en\/\"},{\"@type\":\"ListItem\",\"position\":2,\"name\":\"Consultations\",\"item\":\"https:\/\/www.helpery.sk\/konzultacie\/\"},{\"@type\":\"ListItem\",\"position\":3,\"name\":\"doc. MUDr. Tom\u00e1\u0161 Bolek, PhD\"}]},{\"@type\":\"WebSite\",\"@id\":\"https:\/\/www.helpery.sk\/en\/#website\",\"url\":\"https:\/\/www.helpery.sk\/en\/\",\"name\":\"Helpery\",\"description\":\"\",\"potentialAction\":[{\"@type\":\"SearchAction\",\"target\":{\"@type\":\"EntryPoint\",\"urlTemplate\":\"https:\/\/www.helpery.sk\/en\/?s={search_term_string}\"},\"query-input\":{\"@type\":\"PropertyValueSpecification\",\"valueRequired\":true,\"valueName\":\"search_term_string\"}}],\"inLanguage\":\"en-US\"}]}<\/script>\n<!-- \/ Yoast SEO plugin. -->","yoast_head_json":{"title":"doc. MUDr. Tom\u00e1\u0161 Bolek, PhD - Helpery","robots":{"index":"index","follow":"follow","max-snippet":"max-snippet:-1","max-image-preview":"max-image-preview:large","max-video-preview":"max-video-preview:-1"},"canonical":"https:\/\/www.helpery.sk\/en\/konzultacie\/cardiology\/doc-mudr-tomas-bolek-phd\/","og_locale":"en_US","og_type":"article","og_title":"doc. MUDr. Tom\u00e1\u0161 Bolek, PhD - Helpery","og_description":"Senior consultant (Martin, Slovakia)  10 years of experience Doc. MUDr. Tom\u00e1\u0161 Bolek, PhD. is a renowned specialist in the field of cardiology, internal medicine and obesity with more than 10 years of clinical and academic experience. His professional work is focused on modern and personalized diagnostics and treatment of heart failure, atrial fibrillation, ischemic heart disease and cardiometabolic diseases. He pays special attention to the comprehensive treatment of obesity, including pharmacological, behavioral and interventional approaches, as well as its close links to endocrinological diseases, especially polycystic ovary syndrome (PCOS). He is a proponent of consistent preventive medicine and an individualized approach to the patient. In the field of diagnostics, he uses advanced imaging methods, including left atrial strain assessment (LA strain) and global longitudinal strain (GLS). First consultation: 150 \u0404  Follow up: 130 \u0404","og_url":"https:\/\/www.helpery.sk\/en\/konzultacie\/cardiology\/doc-mudr-tomas-bolek-phd\/","og_site_name":"Helpery","article_modified_time":"2026-02-09T09:37:30+00:00","og_image":[{"width":1512,"height":2016,"url":"https:\/\/www.helpery.sk\/wp-content\/uploads\/2025\/06\/Tomas-Bolek-foto.jpg","type":"image\/jpeg"}],"twitter_card":"summary_large_image","twitter_misc":{"Est. reading time":"1 minute"},"schema":{"@context":"https:\/\/schema.org","@graph":[{"@type":"WebPage","@id":"https:\/\/www.helpery.sk\/en\/konzultacie\/cardiology\/doc-mudr-tomas-bolek-phd\/","url":"https:\/\/www.helpery.sk\/en\/konzultacie\/cardiology\/doc-mudr-tomas-bolek-phd\/","name":"doc. MUDr. Tom\u00e1\u0161 Bolek, PhD - Helpery","isPartOf":{"@id":"https:\/\/www.helpery.sk\/en\/#website"},"primaryImageOfPage":{"@id":"https:\/\/www.helpery.sk\/en\/konzultacie\/cardiology\/doc-mudr-tomas-bolek-phd\/#primaryimage"},"image":{"@id":"https:\/\/www.helpery.sk\/en\/konzultacie\/cardiology\/doc-mudr-tomas-bolek-phd\/#primaryimage"},"thumbnailUrl":"https:\/\/www.helpery.sk\/wp-content\/uploads\/2025\/06\/Tomas-Bolek-foto.jpg","datePublished":"2025-06-30T12:23:32+00:00","dateModified":"2026-02-09T09:37:30+00:00","breadcrumb":{"@id":"https:\/\/www.helpery.sk\/en\/konzultacie\/cardiology\/doc-mudr-tomas-bolek-phd\/#breadcrumb"},"inLanguage":"en-US","potentialAction":[{"@type":"ReadAction","target":["https:\/\/www.helpery.sk\/en\/konzultacie\/cardiology\/doc-mudr-tomas-bolek-phd\/"]}]},{"@type":"ImageObject","inLanguage":"en-US","@id":"https:\/\/www.helpery.sk\/en\/konzultacie\/cardiology\/doc-mudr-tomas-bolek-phd\/#primaryimage","url":"https:\/\/www.helpery.sk\/wp-content\/uploads\/2025\/06\/Tomas-Bolek-foto.jpg","contentUrl":"https:\/\/www.helpery.sk\/wp-content\/uploads\/2025\/06\/Tomas-Bolek-foto.jpg","width":1512,"height":2016},{"@type":"BreadcrumbList","@id":"https:\/\/www.helpery.sk\/en\/konzultacie\/cardiology\/doc-mudr-tomas-bolek-phd\/#breadcrumb","itemListElement":[{"@type":"ListItem","position":1,"name":"Domovsk\u00e1 str\u00e1nka","item":"https:\/\/www.helpery.sk\/en\/"},{"@type":"ListItem","position":2,"name":"Consultations","item":"https:\/\/www.helpery.sk\/konzultacie\/"},{"@type":"ListItem","position":3,"name":"doc. MUDr. Tom\u00e1\u0161 Bolek, PhD"}]},{"@type":"WebSite","@id":"https:\/\/www.helpery.sk\/en\/#website","url":"https:\/\/www.helpery.sk\/en\/","name":"Helpery","description":"","potentialAction":[{"@type":"SearchAction","target":{"@type":"EntryPoint","urlTemplate":"https:\/\/www.helpery.sk\/en\/?s={search_term_string}"},"query-input":{"@type":"PropertyValueSpecification","valueRequired":true,"valueName":"search_term_string"}}],"inLanguage":"en-US"}]}},"_links":{"self":[{"href":"https:\/\/www.helpery.sk\/en\/wp-json\/wp\/v2\/product\/16928","targetHints":{"allow":["GET"]}}],"collection":[{"href":"https:\/\/www.helpery.sk\/en\/wp-json\/wp\/v2\/product"}],"about":[{"href":"https:\/\/www.helpery.sk\/en\/wp-json\/wp\/v2\/types\/product"}],"replies":[{"embeddable":true,"href":"https:\/\/www.helpery.sk\/en\/wp-json\/wp\/v2\/comments?post=16928"}],"version-history":[{"count":4,"href":"https:\/\/www.helpery.sk\/en\/wp-json\/wp\/v2\/product\/16928\/revisions"}],"predecessor-version":[{"id":17465,"href":"https:\/\/www.helpery.sk\/en\/wp-json\/wp\/v2\/product\/16928\/revisions\/17465"}],"wp:featuredmedia":[{"embeddable":true,"href":"https:\/\/www.helpery.sk\/en\/wp-json\/wp\/v2\/media\/16926"}],"wp:attachment":[{"href":"https:\/\/www.helpery.sk\/en\/wp-json\/wp\/v2\/media?parent=16928"}],"wp:term":[{"taxonomy":"product_brand","embeddable":true,"href":"https:\/\/www.helpery.sk\/en\/wp-json\/wp\/v2\/product_brand?post=16928"},{"taxonomy":"product_cat","embeddable":true,"href":"https:\/\/www.helpery.sk\/en\/wp-json\/wp\/v2\/product_cat?post=16928"},{"taxonomy":"product_tag","embeddable":true,"href":"https:\/\/www.helpery.sk\/en\/wp-json\/wp\/v2\/product_tag?post=16928"}],"curies":[{"name":"wp","href":"https:\/\/api.w.org\/{rel}","templated":true}]}}