{"id":16955,"date":"2025-07-04T14:49:36","date_gmt":"2025-07-04T12:49:36","guid":{"rendered":"https:\/\/www.helpery.sk\/konzultacie\/uncategorized\/mudr-lukas-valkovic-phd\/"},"modified":"2026-02-09T10:45:46","modified_gmt":"2026-02-09T09:45:46","slug":"mudr-lukas-valkovic-phd","status":"publish","type":"product","link":"https:\/\/www.helpery.sk\/en\/konzultacie\/radiology\/mudr-lukas-valkovic-phd\/","title":{"rendered":"MUDr. Lukas Valkovic, PhD."},"content":{"rendered":"<h5>Professional profile<\/h5>\n<p style=\"font-weight: 400\">MUDr. Luk\u00e1\u0161 Valkovi\u010d, PhD., is a specialist in the field of radiology. He completed his medical studies at the Faculty of Medicine of Comenius University (LFUK) in Bratislava, where he later received a PhD. in radiology. During his clinical practice, he gained extensive experience in the field of imaging methods including MR, CT, PET\/CT, USG and X-ray, including diagnostic interventions and periradicular therapeutic procedures (PRT).<\/p>\n<p style=\"font-weight: 400\">He began his professional career at the St. Elizabeth Oncology Institute at the 2nd Radiology Clinic of the Faculty of Medicine, UK, where he has been working as a radiologist since 2007 and has been heading the CT\/MR department since 2020. He also works as an assistant professor at the Faculty of Medicine, UK. In addition to his main employment, he also works as an external collaborator and consultant for several healthcare facilities.<\/p>\n<p style=\"font-weight: 400\">He is the author of several professional publications in the field of radiology and actively participates in professional congresses.<\/p>\n\n<h5>Work experience<\/h5>\n<p style=\"font-weight: 400\">2nd Department of Radiology, Faculty of Medicine, University of Bratislava, St. Elizabeth&#8217;s Institute of Oncology, Bratislava<\/p>\n<p><em>Physician &#8211; radiologist<\/em> (2007 \u2013 present), <em>Head of CT\/MR Department<\/em> (since 2020)<\/p>\n<p style=\"font-weight: 400\">Faculty of Medicine, Comenius University (LFUK), Bratislava<br \/>\n<em>Assistant Professor \u2013 Teaching Medical Students<\/em><\/p>\n<p style=\"font-weight: 400\">BRC, a.s., Brothers of Mercy Hospital, Bratislava, <em>CT department \u2013 \u200b\u200bexternal descriptions<\/em><\/p>\n<p style=\"font-weight: 400\">Medic\u00edna Nov\u00e9 Z\u00e1mky, s.r.o., <em>MRI department \u2013 \u200b\u200bexternal descriptions<\/em><\/p>\n<p style=\"font-weight: 400\">Agel, s.r.o., Levice, <em>CT \u2013 external descriptions<\/em><\/p>\n<p style=\"font-weight: 400\">Agel, s.r.o., St. Cyril and Methodius Hospital, <em>MR \u2013 external descriptions<\/em><\/p>\n\n<h5>Education<\/h5>\n<p style=\"font-weight: 400\">2001 \u2013 Federico Garcia Lorca High School, Bratislava<br \/>\n2007 \u2013 General Medicine \u201c<em>MUDr<\/em>\u201d, Faculty of Medicine, Comenius University (LFUK), Bratislava<\/p>\n<p style=\"font-weight: 400\">2012 \u2013 Scientific degree \u201c<em>PhD<\/em>\u201d \u2013 Topic: Digitalization in radiology<\/p>\n<p style=\"font-weight: 400\">2013 \u2013 Specialization \u2013 Radiology<\/p>\n\n<h5>Internship stays<\/h5>\n<p style=\"font-weight: 400\">They were not foreign.<\/p>\n\n<h5>Membership in professional societies and councils<\/h5>\n<p style=\"font-weight: 400\">Slovak Medical Society (SLS)<\/p>\n<p style=\"font-weight: 400\">Slovak Medical Chamber (SLK)<\/p>\n\n<h5>Membership in editorial boards of magazines<\/h5>\n<p>No<\/p>\n\n<h5>Scientific research activity<\/h5>\n<p style=\"font-weight: 400\">Hirsh-Index: 1<\/p>\n<p style=\"font-weight: 400\">International publications: 4<\/p>\n<p style=\"font-weight: 400\">(Pubmed Library, USA; <a href=\"https:\/\/pubmed.ncbi.nlm.nih.gov\/?term=Valkovic+L&amp;cauthor_id=18837247\">https:\/\/pubmed.ncbi.nlm.nih.gov\/?term=Valkovic+L&amp;cauthor_id=18837247<\/a>)<\/p>\n<p style=\"font-weight: 400\">Number of citations: 3<br \/>\n(Google scholar: database: <a href=\"https:\/\/scholar.google.com\/scholar?hl=sk&amp;as_sdt=0%2C5&amp;q=lukas+valkovic+Bratisl+Lek+Listy&amp;btnG=\">https:\/\/scholar.google.com\/scholar?hl=sk&amp;as_sdt=0%2C5&amp;q=lukas+valkovic+Bratisl+Lek+Listy&amp;btnG=<\/a>)<\/p>\n\n<h5>Pedagogical activity<\/h5>\n<p style=\"font-weight: 400\">from 2020 &#8211; Faculty of Medicine, Comenius University, Bratislava, <em>Assistant Professor in Medical Education<\/em><\/p>\n\n<h5>Language<\/h5>\n<p style=\"font-weight: 400\"><strong>Active: <\/strong>English, German<\/p>\n\n<h5>Web Links<\/h5>\n\n","protected":false},"excerpt":{"rendered":"<p><img decoding=\"async\" class=\"\" src=\"https:\/\/www.helpery.sk\/wp-content\/uploads\/2023\/02\/Slovakia_Flag.png\" width=\"32\" height=\"32\" \/> <img decoding=\"async\" class=\"\" src=\"https:\/\/www.helpery.sk\/wp-content\/uploads\/2023\/02\/UK_Flag.png\" width=\"32\" height=\"32\" \/> <img decoding=\"async\" class=\"\" src=\"https:\/\/www.helpery.sk\/wp-content\/uploads\/2023\/02\/Germany_Flag.png\" width=\"32\" height=\"32\" \/><\/p>\n<p><b>Senior consultant (Bratislava, Slovakia)<\/b><\/p>\n<p>18 years of experience<\/p>\n<p style=\"font-weight: 400;\">MUDr. Luk\u00e1\u0161 Valkovi\u010d, PhD. is a specialist in radiology with over 18 years of experience. In his clinical practice, he uses his extensive experience in imaging methods including MRI, CT, PET\/CT, USG and X-ray examinations, including many invasive diagnostic interventions and periradicular therapeutic procedures (PRT).<\/p>\n<p>\n<strong style=\"color: #56698f;\">First consultation: 150 \u0404 <\/strong><\/p>\n<p><strong style=\"color: #56698f;\">Follow up: 130 \u0404<\/strong><\/p>\n","protected":false},"featured_media":16952,"comment_status":"closed","ping_status":"closed","template":"","meta":{"_acf_changed":false,"ep_exclude_from_search":false},"product_brand":[],"product_cat":[1235],"product_tag":[1236,1237,1239,1238],"class_list":{"0":"post-16955","1":"product","2":"type-product","3":"status-publish","4":"has-post-thumbnail","6":"product_cat-radiology","7":"product_tag-ct-en","8":"product_tag-mri","9":"product_tag-oncological-diagnostics","10":"product_tag-pet-ct-en","12":"first","13":"instock","14":"virtual","15":"taxable","16":"purchasable","17":"product-type-appointment"},"exclude_global_add_ons":false,"addons":[{"name":"Service","type":"multiple_choice","position":0,"required":true,"title_format":"label","default":"","description_enable":false,"description":"","placeholder_enable":false,"placeholder":"","display":"select","restrictions_type":"any_text","adjust_price":false,"price":"","price_type":"flat_fee","restrictions":false,"min":"0","max":"0","options":[{"label":"Telephone consultation","price":"","price_type":"flat_fee","image":0,"visibility":true},{"label":"Elaboration of a written assessment","price":"","price_type":"flat_fee","image":0,"visibility":true}],"id":1758102264}],"acf":[],"yoast_head":"<!-- This site is optimized with the Yoast SEO plugin v25.1 - https:\/\/yoast.com\/wordpress\/plugins\/seo\/ -->\n<title>MUDr. Lukas Valkovic, PhD. - Helpery<\/title>\n<meta name=\"robots\" content=\"index, follow, max-snippet:-1, max-image-preview:large, max-video-preview:-1\" \/>\n<link rel=\"canonical\" href=\"https:\/\/www.helpery.sk\/en\/konzultacie\/radiology\/mudr-lukas-valkovic-phd\/\" \/>\n<meta property=\"og:locale\" content=\"en_US\" \/>\n<meta property=\"og:type\" content=\"article\" \/>\n<meta property=\"og:title\" content=\"MUDr. Lukas Valkovic, PhD. - Helpery\" \/>\n<meta property=\"og:description\" content=\"Senior consultant (Bratislava, Slovakia)  18 years of experience MUDr. Luk\u00e1\u0161 Valkovi\u010d, PhD. is a specialist in radiology with over 18 years of experience. In his clinical practice, he uses his extensive experience in imaging methods including MRI, CT, PET\/CT, USG and X-ray examinations, including many invasive diagnostic interventions and periradicular therapeutic procedures (PRT). First consultation: 150 \u0404   Follow up: 130 \u0404\" \/>\n<meta property=\"og:url\" content=\"https:\/\/www.helpery.sk\/en\/konzultacie\/radiology\/mudr-lukas-valkovic-phd\/\" \/>\n<meta property=\"og:site_name\" content=\"Helpery\" \/>\n<meta property=\"article:modified_time\" content=\"2026-02-09T09:45:46+00:00\" \/>\n<meta property=\"og:image\" content=\"https:\/\/www.helpery.sk\/wp-content\/uploads\/2025\/07\/Foto-Dr.Valkovic.jpg\" \/>\n\t<meta property=\"og:image:width\" content=\"640\" \/>\n\t<meta property=\"og:image:height\" content=\"960\" \/>\n\t<meta property=\"og:image:type\" content=\"image\/jpeg\" \/>\n<meta name=\"twitter:card\" content=\"summary_large_image\" \/>\n<meta name=\"twitter:label1\" content=\"Est. reading time\" \/>\n\t<meta name=\"twitter:data1\" content=\"1 minute\" \/>\n<script type=\"application\/ld+json\" class=\"yoast-schema-graph\">{\"@context\":\"https:\/\/schema.org\",\"@graph\":[{\"@type\":\"WebPage\",\"@id\":\"https:\/\/www.helpery.sk\/en\/konzultacie\/radiology\/mudr-lukas-valkovic-phd\/\",\"url\":\"https:\/\/www.helpery.sk\/en\/konzultacie\/radiology\/mudr-lukas-valkovic-phd\/\",\"name\":\"MUDr. Lukas Valkovic, PhD. - Helpery\",\"isPartOf\":{\"@id\":\"https:\/\/www.helpery.sk\/en\/#website\"},\"primaryImageOfPage\":{\"@id\":\"https:\/\/www.helpery.sk\/en\/konzultacie\/radiology\/mudr-lukas-valkovic-phd\/#primaryimage\"},\"image\":{\"@id\":\"https:\/\/www.helpery.sk\/en\/konzultacie\/radiology\/mudr-lukas-valkovic-phd\/#primaryimage\"},\"thumbnailUrl\":\"https:\/\/www.helpery.sk\/wp-content\/uploads\/2025\/07\/Foto-Dr.Valkovic.jpg\",\"datePublished\":\"2025-07-04T12:49:36+00:00\",\"dateModified\":\"2026-02-09T09:45:46+00:00\",\"breadcrumb\":{\"@id\":\"https:\/\/www.helpery.sk\/en\/konzultacie\/radiology\/mudr-lukas-valkovic-phd\/#breadcrumb\"},\"inLanguage\":\"en-US\",\"potentialAction\":[{\"@type\":\"ReadAction\",\"target\":[\"https:\/\/www.helpery.sk\/en\/konzultacie\/radiology\/mudr-lukas-valkovic-phd\/\"]}]},{\"@type\":\"ImageObject\",\"inLanguage\":\"en-US\",\"@id\":\"https:\/\/www.helpery.sk\/en\/konzultacie\/radiology\/mudr-lukas-valkovic-phd\/#primaryimage\",\"url\":\"https:\/\/www.helpery.sk\/wp-content\/uploads\/2025\/07\/Foto-Dr.Valkovic.jpg\",\"contentUrl\":\"https:\/\/www.helpery.sk\/wp-content\/uploads\/2025\/07\/Foto-Dr.Valkovic.jpg\",\"width\":640,\"height\":960},{\"@type\":\"BreadcrumbList\",\"@id\":\"https:\/\/www.helpery.sk\/en\/konzultacie\/radiology\/mudr-lukas-valkovic-phd\/#breadcrumb\",\"itemListElement\":[{\"@type\":\"ListItem\",\"position\":1,\"name\":\"Domovsk\u00e1 str\u00e1nka\",\"item\":\"https:\/\/www.helpery.sk\/en\/\"},{\"@type\":\"ListItem\",\"position\":2,\"name\":\"Consultations\",\"item\":\"https:\/\/www.helpery.sk\/konzultacie\/\"},{\"@type\":\"ListItem\",\"position\":3,\"name\":\"MUDr. Lukas Valkovic, PhD.\"}]},{\"@type\":\"WebSite\",\"@id\":\"https:\/\/www.helpery.sk\/en\/#website\",\"url\":\"https:\/\/www.helpery.sk\/en\/\",\"name\":\"Helpery\",\"description\":\"\",\"potentialAction\":[{\"@type\":\"SearchAction\",\"target\":{\"@type\":\"EntryPoint\",\"urlTemplate\":\"https:\/\/www.helpery.sk\/en\/?s={search_term_string}\"},\"query-input\":{\"@type\":\"PropertyValueSpecification\",\"valueRequired\":true,\"valueName\":\"search_term_string\"}}],\"inLanguage\":\"en-US\"}]}<\/script>\n<!-- \/ Yoast SEO plugin. -->","yoast_head_json":{"title":"MUDr. Lukas Valkovic, PhD. - Helpery","robots":{"index":"index","follow":"follow","max-snippet":"max-snippet:-1","max-image-preview":"max-image-preview:large","max-video-preview":"max-video-preview:-1"},"canonical":"https:\/\/www.helpery.sk\/en\/konzultacie\/radiology\/mudr-lukas-valkovic-phd\/","og_locale":"en_US","og_type":"article","og_title":"MUDr. Lukas Valkovic, PhD. - Helpery","og_description":"Senior consultant (Bratislava, Slovakia)  18 years of experience MUDr. Luk\u00e1\u0161 Valkovi\u010d, PhD. is a specialist in radiology with over 18 years of experience. In his clinical practice, he uses his extensive experience in imaging methods including MRI, CT, PET\/CT, USG and X-ray examinations, including many invasive diagnostic interventions and periradicular therapeutic procedures (PRT). First consultation: 150 \u0404   Follow up: 130 \u0404","og_url":"https:\/\/www.helpery.sk\/en\/konzultacie\/radiology\/mudr-lukas-valkovic-phd\/","og_site_name":"Helpery","article_modified_time":"2026-02-09T09:45:46+00:00","og_image":[{"width":640,"height":960,"url":"https:\/\/www.helpery.sk\/wp-content\/uploads\/2025\/07\/Foto-Dr.Valkovic.jpg","type":"image\/jpeg"}],"twitter_card":"summary_large_image","twitter_misc":{"Est. reading time":"1 minute"},"schema":{"@context":"https:\/\/schema.org","@graph":[{"@type":"WebPage","@id":"https:\/\/www.helpery.sk\/en\/konzultacie\/radiology\/mudr-lukas-valkovic-phd\/","url":"https:\/\/www.helpery.sk\/en\/konzultacie\/radiology\/mudr-lukas-valkovic-phd\/","name":"MUDr. Lukas Valkovic, PhD. - Helpery","isPartOf":{"@id":"https:\/\/www.helpery.sk\/en\/#website"},"primaryImageOfPage":{"@id":"https:\/\/www.helpery.sk\/en\/konzultacie\/radiology\/mudr-lukas-valkovic-phd\/#primaryimage"},"image":{"@id":"https:\/\/www.helpery.sk\/en\/konzultacie\/radiology\/mudr-lukas-valkovic-phd\/#primaryimage"},"thumbnailUrl":"https:\/\/www.helpery.sk\/wp-content\/uploads\/2025\/07\/Foto-Dr.Valkovic.jpg","datePublished":"2025-07-04T12:49:36+00:00","dateModified":"2026-02-09T09:45:46+00:00","breadcrumb":{"@id":"https:\/\/www.helpery.sk\/en\/konzultacie\/radiology\/mudr-lukas-valkovic-phd\/#breadcrumb"},"inLanguage":"en-US","potentialAction":[{"@type":"ReadAction","target":["https:\/\/www.helpery.sk\/en\/konzultacie\/radiology\/mudr-lukas-valkovic-phd\/"]}]},{"@type":"ImageObject","inLanguage":"en-US","@id":"https:\/\/www.helpery.sk\/en\/konzultacie\/radiology\/mudr-lukas-valkovic-phd\/#primaryimage","url":"https:\/\/www.helpery.sk\/wp-content\/uploads\/2025\/07\/Foto-Dr.Valkovic.jpg","contentUrl":"https:\/\/www.helpery.sk\/wp-content\/uploads\/2025\/07\/Foto-Dr.Valkovic.jpg","width":640,"height":960},{"@type":"BreadcrumbList","@id":"https:\/\/www.helpery.sk\/en\/konzultacie\/radiology\/mudr-lukas-valkovic-phd\/#breadcrumb","itemListElement":[{"@type":"ListItem","position":1,"name":"Domovsk\u00e1 str\u00e1nka","item":"https:\/\/www.helpery.sk\/en\/"},{"@type":"ListItem","position":2,"name":"Consultations","item":"https:\/\/www.helpery.sk\/konzultacie\/"},{"@type":"ListItem","position":3,"name":"MUDr. Lukas Valkovic, PhD."}]},{"@type":"WebSite","@id":"https:\/\/www.helpery.sk\/en\/#website","url":"https:\/\/www.helpery.sk\/en\/","name":"Helpery","description":"","potentialAction":[{"@type":"SearchAction","target":{"@type":"EntryPoint","urlTemplate":"https:\/\/www.helpery.sk\/en\/?s={search_term_string}"},"query-input":{"@type":"PropertyValueSpecification","valueRequired":true,"valueName":"search_term_string"}}],"inLanguage":"en-US"}]}},"_links":{"self":[{"href":"https:\/\/www.helpery.sk\/en\/wp-json\/wp\/v2\/product\/16955","targetHints":{"allow":["GET"]}}],"collection":[{"href":"https:\/\/www.helpery.sk\/en\/wp-json\/wp\/v2\/product"}],"about":[{"href":"https:\/\/www.helpery.sk\/en\/wp-json\/wp\/v2\/types\/product"}],"replies":[{"embeddable":true,"href":"https:\/\/www.helpery.sk\/en\/wp-json\/wp\/v2\/comments?post=16955"}],"version-history":[{"count":2,"href":"https:\/\/www.helpery.sk\/en\/wp-json\/wp\/v2\/product\/16955\/revisions"}],"predecessor-version":[{"id":17472,"href":"https:\/\/www.helpery.sk\/en\/wp-json\/wp\/v2\/product\/16955\/revisions\/17472"}],"wp:featuredmedia":[{"embeddable":true,"href":"https:\/\/www.helpery.sk\/en\/wp-json\/wp\/v2\/media\/16952"}],"wp:attachment":[{"href":"https:\/\/www.helpery.sk\/en\/wp-json\/wp\/v2\/media?parent=16955"}],"wp:term":[{"taxonomy":"product_brand","embeddable":true,"href":"https:\/\/www.helpery.sk\/en\/wp-json\/wp\/v2\/product_brand?post=16955"},{"taxonomy":"product_cat","embeddable":true,"href":"https:\/\/www.helpery.sk\/en\/wp-json\/wp\/v2\/product_cat?post=16955"},{"taxonomy":"product_tag","embeddable":true,"href":"https:\/\/www.helpery.sk\/en\/wp-json\/wp\/v2\/product_tag?post=16955"}],"curies":[{"name":"wp","href":"https:\/\/api.w.org\/{rel}","templated":true}]}}