{"id":17044,"date":"2025-08-11T14:42:48","date_gmt":"2025-08-11T12:42:48","guid":{"rendered":"https:\/\/www.helpery.sk\/?post_type=product&#038;p=17044"},"modified":"2026-02-09T15:23:51","modified_gmt":"2026-02-09T14:23:51","slug":"mudr-silvia-turanyiova","status":"publish","type":"product","link":"https:\/\/www.helpery.sk\/en\/konzultacie\/general-medicine\/mudr-silvia-turanyiova\/","title":{"rendered":"MUDr. Silvia Tur\u00e1nyiov\u00e1"},"content":{"rendered":"<h5>Professional profile<\/h5>\n<p style=\"font-weight: 400\">MUDr. Silvia Tur\u00e1nyiov\u00e1 is a general practitioner with experience in the field of general adult medicine and emergency medicine. She currently works in a private general adult outpatient clinic in Bratislava. MUDr. Tur\u00e1nyiov\u00e1 began her medical career by obtaining the title of Doctor of Medicine at the Faculty of Medicine of Comenius University in Bratislava. During her studies, she showed an interest in general and emergency medicine, as well as oncology, which determined her future specialization. She began her professional medical practice as a secondary physician at the Clinic of Pneumo-Oncology at the University Hospital in Bratislava, then worked as an internal medicine physician at the Central Admission Department of the Akad. L. D\u00e9rer Hospital of the University Hospital in Bratislava, where she gained several years of practice and valuable experience in the field of care and rapid management of patients in life-threatening conditions. She supplemented her practice with experience at the emergency service clinic for children and adults in Pezinok. In pre-certification preparation, she began her practice in a private clinic for adults in Bratislava.<\/p>\n<p style=\"font-weight: 400\">In her private practice, she is currently dedicated to ensuring and providing comprehensive and continuous health care for adult residents. Her competence includes the diagnosis and treatment of chronic conditions, indication of consultation services, differential diagnosis and treatment of conditions threatening basic life functions, provision of first aid, initiation of emergency cardiopulmonary resuscitation leading to the restoration or support of basic life functions.<\/p>\n<p style=\"font-weight: 400\">It pays special attention to consistent primary prevention of cardiovascular and oncological diseases, as well as vaccination of adults. MUDr. Tur\u00e1nyiov\u00e1 Silvia is an advocate of modern and innovative practical medicine for adults, which is in line with the latest medical and scientific knowledge.<\/p>\n<p style=\"font-weight: 400\">MUDr. Tur\u00e1nyiov\u00e1 also performs forensic activities and is a professional consultant for the Health Care Supervision Authority. She is a member of the Society of General Practitioners of Slovakia and the Alliance of General Practitioners of Slovakia.<\/p>\n\n<h5>Work experience<\/h5>\n<p>General practice PLUS s.r.o., Bratislava, General practitioner for adults<\/p>\n<p>Health Care Supervision Authority, Specialist Consultant in General Medicine<\/p>\n<p>Ministry of Justice of the Slovak Republic, Court Expert in the field of Healthcare and Pharmacy, General Medicine Sector<\/p>\n<p>University Hospital Bratislava \u2013 Akad. L. D\u00e9rer Hospital, Central Admissions Department, Internal Medicine Clinic Doctor<\/p>\n<p>HEDAK a.s., Occupational Health Service, Bratislava, General Practitioner for Adults<\/p>\n<p style=\"font-weight: 400\">Emergency medical service for children and adults<\/p>\n<p style=\"font-weight: 400\">Cura urgentis n.o., Pezinok, Emergency service doctor for children and adults<\/p>\n<p style=\"font-weight: 400\">University Hospital Bratislava \u2013 Ru\u017einov, Department of Clinical Oncology, Inpatient Physician<\/p>\n<p>Tittus spol. s r.o., Bratislava, product and sales manager<\/p>\n\n<h5>Education<\/h5>\n<p style=\"font-weight: 400\">2017 \u2013 Specialization \u2013 General Medicine<\/p>\n<p style=\"font-weight: 400\">2001 \u2013 High School, P\u00e1rovsk\u00e1 1, Nitra<\/p>\n<p style=\"font-weight: 400\">2007 \u2013 General Medicine, Faculty of Medicine, Comenius University, Bratislava<\/p>\n\n<h5>Internship stays<\/h5>\n<p style=\"font-weight: 400\">1999 \u2013 2000 Highland High School, Albuquerque, New Mexico, USA<\/p>\n\n<h5>Membership in professional societies and councils<\/h5>\n<p style=\"font-weight: 400\">Slovak Society of General Practitioners<\/p>\n<p style=\"font-weight: 400\">Alliance of General Practitioners of Slovakia<\/p>\n\n<h5>Membership in editorial boards of magazines<\/h5>\n<p>No<\/p>\n\n<h5>Scientific research activity<\/h5>\n<p>No<\/p>\n\n<h5>Pedagogical activity<\/h5>\n<p>No<\/p>\n\n<h5>Language<\/h5>\n<p style=\"font-weight: 400\">Active: Slovak, English<\/p>\n\n<h5>Web Links<\/h5>\n<p><a href=\"https:\/\/turanyiova.sk\/\">https:\/\/turanyiova.sk\/<\/a><\/p>\n\n","protected":false},"excerpt":{"rendered":"<p><img decoding=\"async\" class=\"\" src=\"https:\/\/www.helpery.sk\/wp-content\/uploads\/2023\/02\/UK_Flag.png\" width=\"32\" height=\"32\" \/> <img decoding=\"async\" class=\"\" src=\"https:\/\/www.helpery.sk\/wp-content\/uploads\/2023\/02\/Slovakia_Flag.png\" width=\"32\" height=\"32\" \/><\/p>\n<p><b>Senior consultant (Bratislava, Slovensko)<\/b><\/p>\n<p>18 years of experience<\/p>\n<div>\n<p style=\"font-weight: 400;\">MUDr. Silvia Tur\u00e1nyiov\u00e1 is a specialist in the field of general medicine with more than 18 years of clinical experience. Her professional work is focused on modern and personalized diagnostics and treatment in order to ensure the provision of comprehensive and continuous health care for adult residents. Her competence includes the diagnosis and treatment of chronic conditions, the indication of consultation services, differential diagnosis and treatment of conditions threatening basic life functions, the provision of first aid, the initiation of urgent cardiopulmonary resuscitation leading to the restoration or support of basic life functions. The doctor pays special attention to the consistent primary prevention of cardiovascular and oncological diseases, as well as the vaccination of adults.<\/p>\n<\/div>\n<p>\n<strong style=\"color: #56698f;\">First consultation: 130 \u0404 <\/strong><\/p>\n<p><strong style=\"color: #56698f;\">Follow up: 110 \u0404<\/strong><\/p>\n","protected":false},"featured_media":17046,"comment_status":"closed","ping_status":"closed","template":"","meta":{"_acf_changed":false,"ep_exclude_from_search":false},"product_brand":[],"product_cat":[680],"product_tag":[1339,1338,1343,1340,1341,1337,753,1342],"class_list":{"0":"post-17044","1":"product","2":"type-product","3":"status-publish","4":"has-post-thumbnail","6":"product_cat-general-medicine","7":"product_tag-cardiovascular-diseases","8":"product_tag-chronic-diseases","9":"product_tag-internal-preoperative-examinations","10":"product_tag-oncological-diseases","11":"product_tag-overall-health-status","12":"product_tag-preventive-check-ups","13":"product_tag-vaccination","14":"product_tag-work-related-health-checks","16":"first","17":"instock","18":"virtual","19":"taxable","20":"purchasable","21":"product-type-appointment"},"exclude_global_add_ons":false,"addons":[{"name":"Service","type":"multiple_choice","position":0,"required":true,"title_format":"label","default":"","description_enable":false,"description":"","placeholder_enable":false,"placeholder":"","display":"select","restrictions_type":"any_text","adjust_price":false,"price":"","price_type":"flat_fee","restrictions":false,"min":"0","max":"0","options":[{"label":"Telephone consultation","price":"","price_type":"flat_fee","image":0,"visibility":true},{"label":"Elaboration of a written assessment","price":"","price_type":"flat_fee","image":0,"visibility":true}],"id":1758108266}],"acf":[],"yoast_head":"<!-- This site is optimized with the Yoast SEO plugin v25.1 - https:\/\/yoast.com\/wordpress\/plugins\/seo\/ -->\n<title>MUDr. Silvia Tur\u00e1nyiov\u00e1 - Helpery<\/title>\n<meta name=\"robots\" content=\"index, follow, max-snippet:-1, max-image-preview:large, max-video-preview:-1\" \/>\n<link rel=\"canonical\" href=\"https:\/\/www.helpery.sk\/en\/konzultacie\/general-medicine\/mudr-silvia-turanyiova\/\" \/>\n<meta property=\"og:locale\" content=\"en_US\" \/>\n<meta property=\"og:type\" content=\"article\" \/>\n<meta property=\"og:title\" content=\"MUDr. Silvia Tur\u00e1nyiov\u00e1 - Helpery\" \/>\n<meta property=\"og:description\" content=\"Senior consultant (Bratislava, Slovensko)  18 years of experience  MUDr. Silvia Tur\u00e1nyiov\u00e1 is a specialist in the field of general medicine with more than 18 years of clinical experience. Her professional work is focused on modern and personalized diagnostics and treatment in order to ensure the provision of comprehensive and continuous health care for adult residents. Her competence includes the diagnosis and treatment of chronic conditions, the indication of consultation services, differential diagnosis and treatment of conditions threatening basic life functions, the provision of first aid, the initiation of urgent cardiopulmonary resuscitation leading to the restoration or support of basic life functions. The doctor pays special attention to the consistent primary prevention of cardiovascular and oncological diseases, as well as the vaccination of adults.   First consultation: 130 \u0404   Follow up: 110 \u0404\" \/>\n<meta property=\"og:url\" content=\"https:\/\/www.helpery.sk\/en\/konzultacie\/general-medicine\/mudr-silvia-turanyiova\/\" \/>\n<meta property=\"og:site_name\" content=\"Helpery\" \/>\n<meta property=\"article:modified_time\" content=\"2026-02-09T14:23:51+00:00\" \/>\n<meta property=\"og:image\" content=\"https:\/\/www.helpery.sk\/wp-content\/uploads\/2025\/08\/photo-helpery--683x1024.jpg\" \/>\n\t<meta property=\"og:image:width\" content=\"683\" \/>\n\t<meta property=\"og:image:height\" content=\"1024\" \/>\n\t<meta property=\"og:image:type\" content=\"image\/jpeg\" \/>\n<meta name=\"twitter:card\" content=\"summary_large_image\" \/>\n<meta name=\"twitter:label1\" content=\"Est. reading time\" \/>\n\t<meta name=\"twitter:data1\" content=\"1 minute\" \/>\n<script type=\"application\/ld+json\" class=\"yoast-schema-graph\">{\"@context\":\"https:\/\/schema.org\",\"@graph\":[{\"@type\":\"WebPage\",\"@id\":\"https:\/\/www.helpery.sk\/en\/konzultacie\/general-medicine\/mudr-silvia-turanyiova\/\",\"url\":\"https:\/\/www.helpery.sk\/en\/konzultacie\/general-medicine\/mudr-silvia-turanyiova\/\",\"name\":\"MUDr. Silvia Tur\u00e1nyiov\u00e1 - Helpery\",\"isPartOf\":{\"@id\":\"https:\/\/www.helpery.sk\/en\/#website\"},\"primaryImageOfPage\":{\"@id\":\"https:\/\/www.helpery.sk\/en\/konzultacie\/general-medicine\/mudr-silvia-turanyiova\/#primaryimage\"},\"image\":{\"@id\":\"https:\/\/www.helpery.sk\/en\/konzultacie\/general-medicine\/mudr-silvia-turanyiova\/#primaryimage\"},\"thumbnailUrl\":\"https:\/\/www.helpery.sk\/wp-content\/uploads\/2025\/08\/photo-helpery-.jpg\",\"datePublished\":\"2025-08-11T12:42:48+00:00\",\"dateModified\":\"2026-02-09T14:23:51+00:00\",\"breadcrumb\":{\"@id\":\"https:\/\/www.helpery.sk\/en\/konzultacie\/general-medicine\/mudr-silvia-turanyiova\/#breadcrumb\"},\"inLanguage\":\"en-US\",\"potentialAction\":[{\"@type\":\"ReadAction\",\"target\":[\"https:\/\/www.helpery.sk\/en\/konzultacie\/general-medicine\/mudr-silvia-turanyiova\/\"]}]},{\"@type\":\"ImageObject\",\"inLanguage\":\"en-US\",\"@id\":\"https:\/\/www.helpery.sk\/en\/konzultacie\/general-medicine\/mudr-silvia-turanyiova\/#primaryimage\",\"url\":\"https:\/\/www.helpery.sk\/wp-content\/uploads\/2025\/08\/photo-helpery-.jpg\",\"contentUrl\":\"https:\/\/www.helpery.sk\/wp-content\/uploads\/2025\/08\/photo-helpery-.jpg\",\"width\":3744,\"height\":5616},{\"@type\":\"BreadcrumbList\",\"@id\":\"https:\/\/www.helpery.sk\/en\/konzultacie\/general-medicine\/mudr-silvia-turanyiova\/#breadcrumb\",\"itemListElement\":[{\"@type\":\"ListItem\",\"position\":1,\"name\":\"Domovsk\u00e1 str\u00e1nka\",\"item\":\"https:\/\/www.helpery.sk\/en\/\"},{\"@type\":\"ListItem\",\"position\":2,\"name\":\"Consultations\",\"item\":\"https:\/\/www.helpery.sk\/konzultacie\/\"},{\"@type\":\"ListItem\",\"position\":3,\"name\":\"MUDr. Silvia Tur\u00e1nyiov\u00e1\"}]},{\"@type\":\"WebSite\",\"@id\":\"https:\/\/www.helpery.sk\/en\/#website\",\"url\":\"https:\/\/www.helpery.sk\/en\/\",\"name\":\"Helpery\",\"description\":\"\",\"potentialAction\":[{\"@type\":\"SearchAction\",\"target\":{\"@type\":\"EntryPoint\",\"urlTemplate\":\"https:\/\/www.helpery.sk\/en\/?s={search_term_string}\"},\"query-input\":{\"@type\":\"PropertyValueSpecification\",\"valueRequired\":true,\"valueName\":\"search_term_string\"}}],\"inLanguage\":\"en-US\"}]}<\/script>\n<!-- \/ Yoast SEO plugin. -->","yoast_head_json":{"title":"MUDr. Silvia Tur\u00e1nyiov\u00e1 - Helpery","robots":{"index":"index","follow":"follow","max-snippet":"max-snippet:-1","max-image-preview":"max-image-preview:large","max-video-preview":"max-video-preview:-1"},"canonical":"https:\/\/www.helpery.sk\/en\/konzultacie\/general-medicine\/mudr-silvia-turanyiova\/","og_locale":"en_US","og_type":"article","og_title":"MUDr. Silvia Tur\u00e1nyiov\u00e1 - Helpery","og_description":"Senior consultant (Bratislava, Slovensko)  18 years of experience  MUDr. Silvia Tur\u00e1nyiov\u00e1 is a specialist in the field of general medicine with more than 18 years of clinical experience. Her professional work is focused on modern and personalized diagnostics and treatment in order to ensure the provision of comprehensive and continuous health care for adult residents. Her competence includes the diagnosis and treatment of chronic conditions, the indication of consultation services, differential diagnosis and treatment of conditions threatening basic life functions, the provision of first aid, the initiation of urgent cardiopulmonary resuscitation leading to the restoration or support of basic life functions. The doctor pays special attention to the consistent primary prevention of cardiovascular and oncological diseases, as well as the vaccination of adults.   First consultation: 130 \u0404   Follow up: 110 \u0404","og_url":"https:\/\/www.helpery.sk\/en\/konzultacie\/general-medicine\/mudr-silvia-turanyiova\/","og_site_name":"Helpery","article_modified_time":"2026-02-09T14:23:51+00:00","og_image":[{"width":683,"height":1024,"url":"https:\/\/www.helpery.sk\/wp-content\/uploads\/2025\/08\/photo-helpery--683x1024.jpg","type":"image\/jpeg"}],"twitter_card":"summary_large_image","twitter_misc":{"Est. reading time":"1 minute"},"schema":{"@context":"https:\/\/schema.org","@graph":[{"@type":"WebPage","@id":"https:\/\/www.helpery.sk\/en\/konzultacie\/general-medicine\/mudr-silvia-turanyiova\/","url":"https:\/\/www.helpery.sk\/en\/konzultacie\/general-medicine\/mudr-silvia-turanyiova\/","name":"MUDr. Silvia Tur\u00e1nyiov\u00e1 - Helpery","isPartOf":{"@id":"https:\/\/www.helpery.sk\/en\/#website"},"primaryImageOfPage":{"@id":"https:\/\/www.helpery.sk\/en\/konzultacie\/general-medicine\/mudr-silvia-turanyiova\/#primaryimage"},"image":{"@id":"https:\/\/www.helpery.sk\/en\/konzultacie\/general-medicine\/mudr-silvia-turanyiova\/#primaryimage"},"thumbnailUrl":"https:\/\/www.helpery.sk\/wp-content\/uploads\/2025\/08\/photo-helpery-.jpg","datePublished":"2025-08-11T12:42:48+00:00","dateModified":"2026-02-09T14:23:51+00:00","breadcrumb":{"@id":"https:\/\/www.helpery.sk\/en\/konzultacie\/general-medicine\/mudr-silvia-turanyiova\/#breadcrumb"},"inLanguage":"en-US","potentialAction":[{"@type":"ReadAction","target":["https:\/\/www.helpery.sk\/en\/konzultacie\/general-medicine\/mudr-silvia-turanyiova\/"]}]},{"@type":"ImageObject","inLanguage":"en-US","@id":"https:\/\/www.helpery.sk\/en\/konzultacie\/general-medicine\/mudr-silvia-turanyiova\/#primaryimage","url":"https:\/\/www.helpery.sk\/wp-content\/uploads\/2025\/08\/photo-helpery-.jpg","contentUrl":"https:\/\/www.helpery.sk\/wp-content\/uploads\/2025\/08\/photo-helpery-.jpg","width":3744,"height":5616},{"@type":"BreadcrumbList","@id":"https:\/\/www.helpery.sk\/en\/konzultacie\/general-medicine\/mudr-silvia-turanyiova\/#breadcrumb","itemListElement":[{"@type":"ListItem","position":1,"name":"Domovsk\u00e1 str\u00e1nka","item":"https:\/\/www.helpery.sk\/en\/"},{"@type":"ListItem","position":2,"name":"Consultations","item":"https:\/\/www.helpery.sk\/konzultacie\/"},{"@type":"ListItem","position":3,"name":"MUDr. Silvia Tur\u00e1nyiov\u00e1"}]},{"@type":"WebSite","@id":"https:\/\/www.helpery.sk\/en\/#website","url":"https:\/\/www.helpery.sk\/en\/","name":"Helpery","description":"","potentialAction":[{"@type":"SearchAction","target":{"@type":"EntryPoint","urlTemplate":"https:\/\/www.helpery.sk\/en\/?s={search_term_string}"},"query-input":{"@type":"PropertyValueSpecification","valueRequired":true,"valueName":"search_term_string"}}],"inLanguage":"en-US"}]}},"_links":{"self":[{"href":"https:\/\/www.helpery.sk\/en\/wp-json\/wp\/v2\/product\/17044","targetHints":{"allow":["GET"]}}],"collection":[{"href":"https:\/\/www.helpery.sk\/en\/wp-json\/wp\/v2\/product"}],"about":[{"href":"https:\/\/www.helpery.sk\/en\/wp-json\/wp\/v2\/types\/product"}],"replies":[{"embeddable":true,"href":"https:\/\/www.helpery.sk\/en\/wp-json\/wp\/v2\/comments?post=17044"}],"version-history":[{"count":4,"href":"https:\/\/www.helpery.sk\/en\/wp-json\/wp\/v2\/product\/17044\/revisions"}],"predecessor-version":[{"id":17485,"href":"https:\/\/www.helpery.sk\/en\/wp-json\/wp\/v2\/product\/17044\/revisions\/17485"}],"wp:featuredmedia":[{"embeddable":true,"href":"https:\/\/www.helpery.sk\/en\/wp-json\/wp\/v2\/media\/17046"}],"wp:attachment":[{"href":"https:\/\/www.helpery.sk\/en\/wp-json\/wp\/v2\/media?parent=17044"}],"wp:term":[{"taxonomy":"product_brand","embeddable":true,"href":"https:\/\/www.helpery.sk\/en\/wp-json\/wp\/v2\/product_brand?post=17044"},{"taxonomy":"product_cat","embeddable":true,"href":"https:\/\/www.helpery.sk\/en\/wp-json\/wp\/v2\/product_cat?post=17044"},{"taxonomy":"product_tag","embeddable":true,"href":"https:\/\/www.helpery.sk\/en\/wp-json\/wp\/v2\/product_tag?post=17044"}],"curies":[{"name":"wp","href":"https:\/\/api.w.org\/{rel}","templated":true}]}}