{"id":17502,"date":"2026-02-11T00:05:16","date_gmt":"2026-02-10T23:05:16","guid":{"rendered":"https:\/\/www.helpery.sk\/konzultacie\/uncategorized\/mudr-ivan-turcan-phd\/"},"modified":"2026-02-12T23:43:56","modified_gmt":"2026-02-12T22:43:56","slug":"mudr-ivan-turcan-phd","status":"publish","type":"product","link":"https:\/\/www.helpery.sk\/en\/konzultacie\/surgery\/mudr-ivan-turcan-phd\/","title":{"rendered":"MUDr. Ivan Tur\u010dan, PhD"},"content":{"rendered":"<h5>Professional profile<\/h5>\n<p style=\"font-weight: 400\">MUDr. Ivan Tur\u010dan, PhD, completed his studies in general medicine at the Faculty of Medicine of the Comenius University in Martin in 2011. 1987. In August 1987, he joined the Department of Pathology of the Roosevelt Hospital in Bansk\u00e1 Bystrica as a secondary physician. Since 1988, he has worked at the II. Surgical Clinic of the Roosevelt Hospital in Bansk\u00e1 Bystrica in the Department of Oncosurgery. In 1990, he received a 1st-level certification in surgery, in 1995 a 2nd-level certification in surgery. In 1999, he received a specialization in clinical oncology. He worked at the surgical clinic as an independent physician, focusing on surgery of digestive tract and breast tumors. In 2006, he completed a work-study stay at the Hammelburg Hospital, Germany. Since 2010, he has been working as the head of the Surgical Department of the St. Agatha&#8217;s Breast Center in Bansk\u00e1 Bystrica. In In 2011, he graduated from the European Academy of Senology in Salzburg and D\u00fcsseldorf, obtaining the EAoS certificate under the professional guarantee of Prof. Umberto Veronesi. In 2013, he defended his dissertation at the Slovak University of Health Sciences in Bratislava on the topic: &#8220;Surgical treatment of palpable breast lesions&#8221; with the award of the title &#8220;PhD&#8221;. In 2016, he obtained a certificate in the certified professional activity &#8220;Breast surgery&#8221;.<\/p>\n<p style=\"font-weight: 400\">He is the medical author and implementer of the project of the first specialized hospital for the diagnosis and treatment of breast tumors in the Slovak Republic &#8211; Mammacentrum sv. Ag\u00e1ta in Bansk\u00e1 Bystrica. He has been its medical guarantor since its launch in December 2009. In 2019, he was awarded the title &#8220;Top Doctor&#8221; in the field of &#8220;Surgery&#8221; awarded based on a survey of experts and readers of Zdravotn\u00edcke noviny and the title &#8220;My Doctor&#8221; awarded by the Minister of Health based on the recommendation of the Association for the Protection of Patients&#8217; Rights of the Slovak Republic. Chief of Staff Tur\u010dan has 38 years of clinical experience with more than 3,000 breast cancer surgeries.<\/p>\n\n<h5>Work experience<\/h5>\n<p style=\"font-weight: 400\">Department of Pathology, Roosevelt Hospital Bansk\u00e1 Bystrica<\/p>\n<p style=\"font-weight: 400\">1. Department of Surgery, University of Applied Sciences, Roosevelt Hospital, Bansk\u00e1 Bystrica<\/p>\n<p style=\"font-weight: 400\">Department of Surgery, Hammelburg Hospital, Germany<\/p>\n<p style=\"font-weight: 400\">St. Agatha&#8217;s Breast Center, Bansk\u00e1 Bystrica<\/p>\n\n<h5>Education<\/h5>\n<p style=\"font-weight: 400\">1990 &#8211; Specialization &#8211; Surgery, 1st degree<\/p>\n<p style=\"font-weight: 400\">1995 &#8211; Specialization &#8211; Surgery II. degree<\/p>\n<p style=\"font-weight: 400\">1999 &#8211; Specialization &#8211; Clinical Oncology<\/p>\n<p style=\"font-weight: 400\">2011 &#8211; EAoS Certificate, European Academy of Senology, Salzburg-D\u00fcsseldorf.<\/p>\n<p style=\"font-weight: 400\">2016 &#8211; Certificate &#8211; Breast Surgery<\/p>\n<p style=\"font-weight: 400\">1987 \u2013 General Medicine \u201cMUDr.\u201d Jessenius Faculty of Medicine, Comenius University, Martin<\/p>\n<p style=\"font-weight: 400\">2013 &#8211; Scientific degree &#8220;PhD&#8221; &#8211; Topic: <em>&#8220;Surgery of non-palpable breast lesions&#8221;<\/em><\/p>\n\n<h5>Internship stays<\/h5>\n<p style=\"font-weight: 400\">2016 &#8211; Brustzentrum, Krankenhaus der Barmherzigen Schwestern Linz, Austria.<\/p>\n<p style=\"font-weight: 400\">2014 &#8211; Department of Breast and Reconstructive Surgery, University Hospital Ljubljana, Slovenia.<\/p>\n<p style=\"font-weight: 400\">2012 &#8211; Regina Helena Hospital, Rome, Italy.<\/p>\n<p style=\"font-weight: 400\">2011 &#8211; European Academy of Senology, Sazlburg-D\u00fcsseldorf, Austria and Germany.<\/p>\n<p style=\"font-weight: 400\">2010 &#8211; Brustzentrum Luisien-Krankenhaus, D\u00fcsseldorf, Germany.<\/p>\n<p style=\"font-weight: 400\">2002 &#8211; IKEM, Clinic of Hepatobiliary and Transplantation Surgery Prague, Czech Republic<\/p>\n\n<h5>Membership in professional societies and councils<\/h5>\n<p style=\"font-weight: 400\">Slovak Medical Society (SLS)<\/p>\n<p style=\"font-weight: 400\">Slovak Surgical Society (SCHS)<\/p>\n<p style=\"font-weight: 400\">Slovak Oncological Society (SOS)<\/p>\n<p style=\"font-weight: 400\">European Society of Mastology (EUSOMA)<\/p>\n\n<h5>Membership in editorial boards of magazines<\/h5>\n<p>No<\/p>\n\n<h5>Scientific research activity<\/h5>\n<p><a href=\"https:\/\/pubmed.ncbi.nlm.nih.gov\/23869833\/\">https:\/\/pubmed.ncbi.nlm.nih.gov\/23869833\/<\/a><\/p>\n\n<h5>Pedagogical activity<\/h5>\n<p style=\"font-weight: 400\">No<\/p>\n<p style=\"font-weight: 400\">2019 &#8211; &#8220;TOP Doctor&#8221; Award in the field of Surgery<\/p>\n<p style=\"font-weight: 400\">2019 &#8211; &#8220;My Doctor&#8221; Award<\/p>\n\n<h5>Language<\/h5>\n<p style=\"font-weight: 400\">Active: Slovak, German, English<\/p>\n\n<h5>Web Links<\/h5>\n<p><a href=\"https:\/\/mammacentrum.agel.sk\/zamestnanci-centra\/lozkove-oddelenie\/ivan-turcan.html\">https:\/\/mammacentrum.agel.sk\/zamestnanci-centra\/lozkove-oddelenie\/ivan-turcan.html<\/a><\/p>\n<p><a href=\"https:\/\/pentahospitals.sk\/blog\/primar-banskobystrickeho-mammacentra-sa-stal-top-lekarom\/\">https:\/\/pentahospitals.sk\/blog\/primar-banskobystrickeho-mammacentra-sa-stal-top-lekarom\/<\/a><\/p>\n<p><a href=\"https:\/\/mediweb.hnonline.sk\/zdn\/rozhovory\/2217489-top-lekar-nikto-nesmie-zostat-s-chorobou-sam\">https:\/\/mediweb.hnonline.sk\/zdn\/rozhovory\/2217489-top-lekar-nikto-nesmie-zostat-s-chorobou-sam<\/a><\/p>\n\n","protected":false},"excerpt":{"rendered":"<p><img decoding=\"async\" class=\"\" src=\"https:\/\/www.helpery.sk\/wp-content\/uploads\/2023\/02\/Slovakia_Flag.png\" width=\"32\" height=\"32\" \/> <img decoding=\"async\" class=\"\" src=\"https:\/\/www.helpery.sk\/wp-content\/uploads\/2023\/02\/UK_Flag.png\" width=\"32\" height=\"32\" \/> <img decoding=\"async\" class=\"\" src=\"https:\/\/www.helpery.sk\/wp-content\/uploads\/2023\/02\/Germany_Flag.png\" width=\"32\" height=\"32\" \/><\/p>\n<p><b>Senior consultant (Bansk\u00e1 Bystrica, Slovakia)<\/b><\/p>\n<p>38 years of experience<\/p>\n<div>\n<p style=\"font-weight: 400;\">Chief of Staff Ivan Tur\u010dan is a renowned mammologist and surgeon with over 38 years of experience. His main expertise is in the diagnosis, management, complex surgical and subsequent treatment of malignant and benign breast diseases.<\/p>\n<\/div>\n<p><strong style=\"color: #56698f;\">First consultation: 150 \u0404 <\/strong><br \/>\n<strong style=\"color: #56698f;\">Follow up: 130 \u0404<\/strong><\/p>\n","protected":false},"featured_media":17500,"comment_status":"closed","ping_status":"closed","template":"","meta":{"_acf_changed":false,"ep_exclude_from_search":false},"product_brand":[],"product_cat":[1467,655,642],"product_tag":[1473,1468,741,1484,1482,1480,1483,1471,1475,1472,1481,1470,1474,1479,1477,1469,1476,1478],"class_list":{"0":"post-17502","1":"product","2":"type-product","3":"status-publish","4":"has-post-thumbnail","6":"product_cat-clinical-oncology","7":"product_cat-mammalogy","8":"product_cat-surgery","9":"product_tag-axillary-surgery","10":"product_tag-benign-breast-tumor","11":"product_tag-breast-cancer","12":"product_tag-breast-cancer-risk-modeling","13":"product_tag-gynecomastia","14":"product_tag-hereditary-breast-cancer","15":"product_tag-management-of-a-patient-with-breast-cancer","16":"product_tag-mastectomy","17":"product_tag-non-palpable-tumor","18":"product_tag-oncoplastic-surgery","19":"product_tag-prophylactic-mastectomy","20":"product_tag-quadrantectomy","21":"product_tag-sentinel-node-biopsy","22":"product_tag-sirius-en","23":"product_tag-snoll-en","24":"product_tag-surgical-treatment","25":"product_tag-tumor-localization-using-the-roll-method","26":"product_tag-wgl-en","28":"first","29":"instock","30":"virtual","31":"taxable","32":"purchasable","33":"product-type-appointment"},"exclude_global_add_ons":[],"addons":[],"acf":[],"yoast_head":"<!-- This site is optimized with the Yoast SEO plugin v25.1 - https:\/\/yoast.com\/wordpress\/plugins\/seo\/ -->\n<title>MUDr. Ivan Tur\u010dan, PhD - Helpery<\/title>\n<meta name=\"robots\" content=\"index, follow, max-snippet:-1, max-image-preview:large, max-video-preview:-1\" \/>\n<link rel=\"canonical\" href=\"https:\/\/www.helpery.sk\/en\/konzultacie\/surgery\/mudr-ivan-turcan-phd\/\" \/>\n<meta property=\"og:locale\" content=\"en_US\" \/>\n<meta property=\"og:type\" content=\"article\" \/>\n<meta property=\"og:title\" content=\"MUDr. Ivan Tur\u010dan, PhD - Helpery\" \/>\n<meta property=\"og:description\" content=\"Senior consultant (Bansk\u00e1 Bystrica, Slovakia)  38 years of experience  Chief of Staff Ivan Tur\u010dan is a renowned mammologist and surgeon with over 38 years of experience. His main expertise is in the diagnosis, management, complex surgical and subsequent treatment of malignant and benign breast diseases.   First consultation: 150 \u0404  Follow up: 130 \u0404\" \/>\n<meta property=\"og:url\" content=\"https:\/\/www.helpery.sk\/en\/konzultacie\/surgery\/mudr-ivan-turcan-phd\/\" \/>\n<meta property=\"og:site_name\" content=\"Helpery\" \/>\n<meta property=\"article:modified_time\" content=\"2026-02-12T22:43:56+00:00\" \/>\n<meta property=\"og:image\" content=\"https:\/\/www.helpery.sk\/wp-content\/uploads\/2026\/02\/Mammacentrum20Turcan.webp\" \/>\n\t<meta property=\"og:image:width\" content=\"3710\" \/>\n\t<meta property=\"og:image:height\" content=\"5564\" \/>\n\t<meta property=\"og:image:type\" content=\"image\/webp\" \/>\n<meta name=\"twitter:card\" content=\"summary_large_image\" \/>\n<meta name=\"twitter:label1\" content=\"Est. reading time\" \/>\n\t<meta name=\"twitter:data1\" content=\"1 minute\" \/>\n<script type=\"application\/ld+json\" class=\"yoast-schema-graph\">{\"@context\":\"https:\/\/schema.org\",\"@graph\":[{\"@type\":\"WebPage\",\"@id\":\"https:\/\/www.helpery.sk\/en\/konzultacie\/surgery\/mudr-ivan-turcan-phd\/\",\"url\":\"https:\/\/www.helpery.sk\/en\/konzultacie\/surgery\/mudr-ivan-turcan-phd\/\",\"name\":\"MUDr. Ivan Tur\u010dan, PhD - Helpery\",\"isPartOf\":{\"@id\":\"https:\/\/www.helpery.sk\/en\/#website\"},\"primaryImageOfPage\":{\"@id\":\"https:\/\/www.helpery.sk\/en\/konzultacie\/surgery\/mudr-ivan-turcan-phd\/#primaryimage\"},\"image\":{\"@id\":\"https:\/\/www.helpery.sk\/en\/konzultacie\/surgery\/mudr-ivan-turcan-phd\/#primaryimage\"},\"thumbnailUrl\":\"https:\/\/www.helpery.sk\/wp-content\/uploads\/2026\/02\/Mammacentrum20Turcan.webp\",\"datePublished\":\"2026-02-10T23:05:16+00:00\",\"dateModified\":\"2026-02-12T22:43:56+00:00\",\"breadcrumb\":{\"@id\":\"https:\/\/www.helpery.sk\/en\/konzultacie\/surgery\/mudr-ivan-turcan-phd\/#breadcrumb\"},\"inLanguage\":\"en-US\",\"potentialAction\":[{\"@type\":\"ReadAction\",\"target\":[\"https:\/\/www.helpery.sk\/en\/konzultacie\/surgery\/mudr-ivan-turcan-phd\/\"]}]},{\"@type\":\"ImageObject\",\"inLanguage\":\"en-US\",\"@id\":\"https:\/\/www.helpery.sk\/en\/konzultacie\/surgery\/mudr-ivan-turcan-phd\/#primaryimage\",\"url\":\"https:\/\/www.helpery.sk\/wp-content\/uploads\/2026\/02\/Mammacentrum20Turcan.webp\",\"contentUrl\":\"https:\/\/www.helpery.sk\/wp-content\/uploads\/2026\/02\/Mammacentrum20Turcan.webp\",\"width\":3710,\"height\":5564},{\"@type\":\"BreadcrumbList\",\"@id\":\"https:\/\/www.helpery.sk\/en\/konzultacie\/surgery\/mudr-ivan-turcan-phd\/#breadcrumb\",\"itemListElement\":[{\"@type\":\"ListItem\",\"position\":1,\"name\":\"Domovsk\u00e1 str\u00e1nka\",\"item\":\"https:\/\/www.helpery.sk\/en\/\"},{\"@type\":\"ListItem\",\"position\":2,\"name\":\"Consultations\",\"item\":\"https:\/\/www.helpery.sk\/konzultacie\/\"},{\"@type\":\"ListItem\",\"position\":3,\"name\":\"MUDr. Ivan Tur\u010dan, PhD\"}]},{\"@type\":\"WebSite\",\"@id\":\"https:\/\/www.helpery.sk\/en\/#website\",\"url\":\"https:\/\/www.helpery.sk\/en\/\",\"name\":\"Helpery\",\"description\":\"\",\"potentialAction\":[{\"@type\":\"SearchAction\",\"target\":{\"@type\":\"EntryPoint\",\"urlTemplate\":\"https:\/\/www.helpery.sk\/en\/?s={search_term_string}\"},\"query-input\":{\"@type\":\"PropertyValueSpecification\",\"valueRequired\":true,\"valueName\":\"search_term_string\"}}],\"inLanguage\":\"en-US\"}]}<\/script>\n<!-- \/ Yoast SEO plugin. -->","yoast_head_json":{"title":"MUDr. Ivan Tur\u010dan, PhD - Helpery","robots":{"index":"index","follow":"follow","max-snippet":"max-snippet:-1","max-image-preview":"max-image-preview:large","max-video-preview":"max-video-preview:-1"},"canonical":"https:\/\/www.helpery.sk\/en\/konzultacie\/surgery\/mudr-ivan-turcan-phd\/","og_locale":"en_US","og_type":"article","og_title":"MUDr. Ivan Tur\u010dan, PhD - Helpery","og_description":"Senior consultant (Bansk\u00e1 Bystrica, Slovakia)  38 years of experience  Chief of Staff Ivan Tur\u010dan is a renowned mammologist and surgeon with over 38 years of experience. His main expertise is in the diagnosis, management, complex surgical and subsequent treatment of malignant and benign breast diseases.   First consultation: 150 \u0404  Follow up: 130 \u0404","og_url":"https:\/\/www.helpery.sk\/en\/konzultacie\/surgery\/mudr-ivan-turcan-phd\/","og_site_name":"Helpery","article_modified_time":"2026-02-12T22:43:56+00:00","og_image":[{"width":3710,"height":5564,"url":"https:\/\/www.helpery.sk\/wp-content\/uploads\/2026\/02\/Mammacentrum20Turcan.webp","type":"image\/webp"}],"twitter_card":"summary_large_image","twitter_misc":{"Est. reading time":"1 minute"},"schema":{"@context":"https:\/\/schema.org","@graph":[{"@type":"WebPage","@id":"https:\/\/www.helpery.sk\/en\/konzultacie\/surgery\/mudr-ivan-turcan-phd\/","url":"https:\/\/www.helpery.sk\/en\/konzultacie\/surgery\/mudr-ivan-turcan-phd\/","name":"MUDr. Ivan Tur\u010dan, PhD - Helpery","isPartOf":{"@id":"https:\/\/www.helpery.sk\/en\/#website"},"primaryImageOfPage":{"@id":"https:\/\/www.helpery.sk\/en\/konzultacie\/surgery\/mudr-ivan-turcan-phd\/#primaryimage"},"image":{"@id":"https:\/\/www.helpery.sk\/en\/konzultacie\/surgery\/mudr-ivan-turcan-phd\/#primaryimage"},"thumbnailUrl":"https:\/\/www.helpery.sk\/wp-content\/uploads\/2026\/02\/Mammacentrum20Turcan.webp","datePublished":"2026-02-10T23:05:16+00:00","dateModified":"2026-02-12T22:43:56+00:00","breadcrumb":{"@id":"https:\/\/www.helpery.sk\/en\/konzultacie\/surgery\/mudr-ivan-turcan-phd\/#breadcrumb"},"inLanguage":"en-US","potentialAction":[{"@type":"ReadAction","target":["https:\/\/www.helpery.sk\/en\/konzultacie\/surgery\/mudr-ivan-turcan-phd\/"]}]},{"@type":"ImageObject","inLanguage":"en-US","@id":"https:\/\/www.helpery.sk\/en\/konzultacie\/surgery\/mudr-ivan-turcan-phd\/#primaryimage","url":"https:\/\/www.helpery.sk\/wp-content\/uploads\/2026\/02\/Mammacentrum20Turcan.webp","contentUrl":"https:\/\/www.helpery.sk\/wp-content\/uploads\/2026\/02\/Mammacentrum20Turcan.webp","width":3710,"height":5564},{"@type":"BreadcrumbList","@id":"https:\/\/www.helpery.sk\/en\/konzultacie\/surgery\/mudr-ivan-turcan-phd\/#breadcrumb","itemListElement":[{"@type":"ListItem","position":1,"name":"Domovsk\u00e1 str\u00e1nka","item":"https:\/\/www.helpery.sk\/en\/"},{"@type":"ListItem","position":2,"name":"Consultations","item":"https:\/\/www.helpery.sk\/konzultacie\/"},{"@type":"ListItem","position":3,"name":"MUDr. Ivan Tur\u010dan, PhD"}]},{"@type":"WebSite","@id":"https:\/\/www.helpery.sk\/en\/#website","url":"https:\/\/www.helpery.sk\/en\/","name":"Helpery","description":"","potentialAction":[{"@type":"SearchAction","target":{"@type":"EntryPoint","urlTemplate":"https:\/\/www.helpery.sk\/en\/?s={search_term_string}"},"query-input":{"@type":"PropertyValueSpecification","valueRequired":true,"valueName":"search_term_string"}}],"inLanguage":"en-US"}]}},"_links":{"self":[{"href":"https:\/\/www.helpery.sk\/en\/wp-json\/wp\/v2\/product\/17502","targetHints":{"allow":["GET"]}}],"collection":[{"href":"https:\/\/www.helpery.sk\/en\/wp-json\/wp\/v2\/product"}],"about":[{"href":"https:\/\/www.helpery.sk\/en\/wp-json\/wp\/v2\/types\/product"}],"replies":[{"embeddable":true,"href":"https:\/\/www.helpery.sk\/en\/wp-json\/wp\/v2\/comments?post=17502"}],"version-history":[{"count":1,"href":"https:\/\/www.helpery.sk\/en\/wp-json\/wp\/v2\/product\/17502\/revisions"}],"predecessor-version":[{"id":17506,"href":"https:\/\/www.helpery.sk\/en\/wp-json\/wp\/v2\/product\/17502\/revisions\/17506"}],"wp:featuredmedia":[{"embeddable":true,"href":"https:\/\/www.helpery.sk\/en\/wp-json\/wp\/v2\/media\/17500"}],"wp:attachment":[{"href":"https:\/\/www.helpery.sk\/en\/wp-json\/wp\/v2\/media?parent=17502"}],"wp:term":[{"taxonomy":"product_brand","embeddable":true,"href":"https:\/\/www.helpery.sk\/en\/wp-json\/wp\/v2\/product_brand?post=17502"},{"taxonomy":"product_cat","embeddable":true,"href":"https:\/\/www.helpery.sk\/en\/wp-json\/wp\/v2\/product_cat?post=17502"},{"taxonomy":"product_tag","embeddable":true,"href":"https:\/\/www.helpery.sk\/en\/wp-json\/wp\/v2\/product_tag?post=17502"}],"curies":[{"name":"wp","href":"https:\/\/api.w.org\/{rel}","templated":true}]}}