{"id":17644,"date":"2026-03-25T16:05:55","date_gmt":"2026-03-25T15:05:55","guid":{"rendered":"https:\/\/www.helpery.sk\/konzultacie\/uncategorized\/mudr-katarina-lackovicova\/"},"modified":"2026-03-25T16:15:45","modified_gmt":"2026-03-25T15:15:45","slug":"mudr-katarina-lackovicova","status":"publish","type":"product","link":"https:\/\/www.helpery.sk\/en\/konzultacie\/ophthalmology\/mudr-katarina-lackovicova\/","title":{"rendered":"MUDr. Katar\u00edna Lackovi\u010dov\u00e1"},"content":{"rendered":"<h5>Professional profile<\/h5>\n<p style=\"font-weight: 400\">MUDr. Katar\u00edna Lackovi\u010dov\u00e1 is a specialist, doctor in the field of ophthalmology with more than 7 years of clinical experience. Since the beginning of his professional career, he has been working at a private eye clinic in Prague. In In 2022, she successfully passed the 1st part of the specialization final exam at the 3rd Faculty of Medicine of the Charles University in Prague and in In 2024, by passing the attestation exam at the Faculty of Medicine of the Palack\u00fd University in Olomouc, she obtained a specialization in the field of ophthalmology and is continuing her continuous education in her field.<\/p>\n<p style=\"font-weight: 400\">She studied medicine at the Faculty of Medicine of Masaryk University in Brno. Already during her studies, she showed a deep interest in ophthalmology by completing many foreign internships.<\/p>\n<p style=\"font-weight: 400\">The doctor mainly deals with diagnostics and therapy in general ophthalmology, pediatric ophthalmology, cataract and refractive procedures and, last but not least, the aesthetic part of ophthalmology such as blepharoplasty and rejuvenating procedures in the eye area. Because ophthalmology is broadly related to the condition of the entire body and organs Dr. Lackovi\u010dov\u00e1 relies on complex diagnostics, an individual approach and proper communication with an emphasis on the latest medical knowledge and procedures.<\/p>\n<p style=\"font-weight: 400\">dr. Lackovi\u010dov\u00e1 is a member of the Czech Medical Chamber, the Czech Medical Society JEP and the Czech Society of Refractive and Cataract Surgery.<\/p>\n\n<h5>Work experience<\/h5>\n<p style=\"font-weight: 400\">Eye clinic Horn\u00ed Po\u010dernice<\/p>\n\n<h5>Education<\/h5>\n<p style=\"font-weight: 400\">2013 \u2013 M.R. Gymnasium \u0160tef\u00e1nika, Nov\u00e9 Mesto nad V\u00e1hom<\/p>\n<p style=\"font-weight: 400\">2019 \u2013 General Medicine <em>&#8220;MUDr&#8221;<\/em>, Faculty of Medicine, Masaryk University, Brno<\/p>\n<p style=\"font-weight: 400\">2024 \u2013 Specialization \u2013 Ophthalmology<\/p>\n\n<h5>Internship stays<\/h5>\n<p style=\"font-weight: 400\">06-11\/2021 Eye Clinic 3.LF UK, Faculty Hospital Kr\u00e1lovsk\u00e9 Vinohrady<\/p>\n<p style=\"font-weight: 400\">07\/2019 Eye Clinic, Sao Jao Hospital, Porto, Portugal<\/p>\n<p style=\"font-weight: 400\">07\/2018 Eye Clinic Helios Klinikum, Aue Germany<\/p>\n<p style=\"font-weight: 400\">08\/2017 Eye Clinic FN Klinicki Bolnicki Centar, Split, Croatia<\/p>\n\n<h5>Membership in professional societies and councils<\/h5>\n<p style=\"font-weight: 400\">Czech Medical Chamber (\u010cLK)<\/p>\n<p style=\"font-weight: 400\">Czech Medical Society (\u010cLS JEP)<\/p>\n<p style=\"font-weight: 400\">Czech Society of Refractive and Cataract Surgery (\u010cSKRCH)<\/p>\n\n<h5>Membership in editorial boards of magazines<\/h5>\n<p>No<\/p>\n\n<h5>Scientific research activity<\/h5>\n<p>No<\/p>\n\n<h5>Pedagogical activity<\/h5>\n<p style=\"font-weight: 400\">No<\/p>\n\n<h5>Language<\/h5>\n<p style=\"font-weight: 400\">Active: Slovak, Czech, English<\/p>\n\n<h5>Web Links<\/h5>\n\n","protected":false},"excerpt":{"rendered":"<p><img decoding=\"async\" class=\"\" src=\"https:\/\/www.helpery.sk\/wp-content\/uploads\/2023\/02\/Slovakia_Flag.png\" width=\"32\" height=\"32\" \/> <img decoding=\"async\" class=\"\" src=\"https:\/\/www.helpery.sk\/wp-content\/uploads\/2023\/02\/Czech_Flag.png\" width=\"32\" height=\"32\" \/> <img decoding=\"async\" class=\"\" src=\"https:\/\/www.helpery.sk\/wp-content\/uploads\/2023\/02\/UK_Flag.png\" width=\"32\" height=\"32\" \/><\/p>\n<p style=\"font-weight: 400;\"><strong>(Consultant, Prague, Czech Republic)<\/strong><\/p>\n<p>7 years of experience<\/p>\n<div>\n<p style=\"font-weight: 400;\">MUDr. Katar\u00edna Lackovi\u010dov\u00e1 is a specialist in the field of ophthalmology with more than 7 years of clinical experience. In his practice, he focuses on complex diagnosis and treatment of eye diseases, including general and pediatric ophthalmology, as well as cataract and refractive procedures. Part of her expertise is also aesthetic ophthalmology, especially blepharoplasty and rejuvenating procedures in the eye area. In his work, he emphasizes an individual approach to the patient, precise diagnosis and the use of the latest medical knowledge in order to achieve optimal functional and aesthetic results.<\/p>\n<\/div>\n<p><strong style=\"color: #56698f;\">First consultation: 150 \u0404 <\/strong><br \/>\n<strong style=\"color: #56698f;\">Follow up: 130 \u0404<\/strong><\/p>\n","protected":false},"featured_media":17640,"comment_status":"closed","ping_status":"closed","template":"","meta":{"_acf_changed":false,"ep_exclude_from_search":false},"product_brand":[],"product_cat":[1493],"product_tag":[1497,1494,1498,1495,1496,1499],"class_list":{"0":"post-17644","1":"product","2":"type-product","3":"status-publish","4":"has-post-thumbnail","6":"product_cat-ophthalmology","7":"product_tag-cornea","8":"product_tag-general-ophthalmology","9":"product_tag-glaucoma","10":"product_tag-pediatric-ophthalmology","11":"product_tag-refractive-and-cataract-surgeons","12":"product_tag-retina","14":"first","15":"instock","16":"virtual","17":"taxable","18":"purchasable","19":"product-type-appointment"},"exclude_global_add_ons":[],"addons":[],"acf":[],"yoast_head":"<!-- This site is optimized with the Yoast SEO plugin v25.1 - https:\/\/yoast.com\/wordpress\/plugins\/seo\/ -->\n<title>MUDr. Katar\u00edna Lackovi\u010dov\u00e1 - Helpery<\/title>\n<meta name=\"robots\" content=\"index, follow, max-snippet:-1, max-image-preview:large, max-video-preview:-1\" \/>\n<link rel=\"canonical\" href=\"https:\/\/www.helpery.sk\/en\/konzultacie\/ophthalmology\/mudr-katarina-lackovicova\/\" \/>\n<meta property=\"og:locale\" content=\"en_US\" \/>\n<meta property=\"og:type\" content=\"article\" \/>\n<meta property=\"og:title\" content=\"MUDr. Katar\u00edna Lackovi\u010dov\u00e1 - Helpery\" \/>\n<meta property=\"og:description\" content=\"(Consultant, Prague, Czech Republic) 7 years of experience  MUDr. Katar\u00edna Lackovi\u010dov\u00e1 is a specialist in the field of ophthalmology with more than 7 years of clinical experience. In his practice, he focuses on complex diagnosis and treatment of eye diseases, including general and pediatric ophthalmology, as well as cataract and refractive procedures. Part of her expertise is also aesthetic ophthalmology, especially blepharoplasty and rejuvenating procedures in the eye area. In his work, he emphasizes an individual approach to the patient, precise diagnosis and the use of the latest medical knowledge in order to achieve optimal functional and aesthetic results.   First consultation: 150 \u0404  Follow up: 130 \u0404\" \/>\n<meta property=\"og:url\" content=\"https:\/\/www.helpery.sk\/en\/konzultacie\/ophthalmology\/mudr-katarina-lackovicova\/\" \/>\n<meta property=\"og:site_name\" content=\"Helpery\" \/>\n<meta property=\"article:modified_time\" content=\"2026-03-25T15:15:45+00:00\" \/>\n<meta property=\"og:image\" content=\"https:\/\/www.helpery.sk\/wp-content\/uploads\/2026\/03\/Dr.Lackovicova-foto.jpg\" \/>\n\t<meta property=\"og:image:width\" content=\"1024\" \/>\n\t<meta property=\"og:image:height\" content=\"1536\" \/>\n\t<meta property=\"og:image:type\" content=\"image\/jpeg\" \/>\n<meta name=\"twitter:card\" content=\"summary_large_image\" \/>\n<meta name=\"twitter:label1\" content=\"Est. reading time\" \/>\n\t<meta name=\"twitter:data1\" content=\"1 minute\" \/>\n<script type=\"application\/ld+json\" class=\"yoast-schema-graph\">{\"@context\":\"https:\/\/schema.org\",\"@graph\":[{\"@type\":\"WebPage\",\"@id\":\"https:\/\/www.helpery.sk\/en\/konzultacie\/ophthalmology\/mudr-katarina-lackovicova\/\",\"url\":\"https:\/\/www.helpery.sk\/en\/konzultacie\/ophthalmology\/mudr-katarina-lackovicova\/\",\"name\":\"MUDr. Katar\u00edna Lackovi\u010dov\u00e1 - Helpery\",\"isPartOf\":{\"@id\":\"https:\/\/www.helpery.sk\/en\/#website\"},\"primaryImageOfPage\":{\"@id\":\"https:\/\/www.helpery.sk\/en\/konzultacie\/ophthalmology\/mudr-katarina-lackovicova\/#primaryimage\"},\"image\":{\"@id\":\"https:\/\/www.helpery.sk\/en\/konzultacie\/ophthalmology\/mudr-katarina-lackovicova\/#primaryimage\"},\"thumbnailUrl\":\"https:\/\/www.helpery.sk\/wp-content\/uploads\/2026\/03\/Dr.Lackovicova-foto.jpg\",\"datePublished\":\"2026-03-25T15:05:55+00:00\",\"dateModified\":\"2026-03-25T15:15:45+00:00\",\"breadcrumb\":{\"@id\":\"https:\/\/www.helpery.sk\/en\/konzultacie\/ophthalmology\/mudr-katarina-lackovicova\/#breadcrumb\"},\"inLanguage\":\"en-US\",\"potentialAction\":[{\"@type\":\"ReadAction\",\"target\":[\"https:\/\/www.helpery.sk\/en\/konzultacie\/ophthalmology\/mudr-katarina-lackovicova\/\"]}]},{\"@type\":\"ImageObject\",\"inLanguage\":\"en-US\",\"@id\":\"https:\/\/www.helpery.sk\/en\/konzultacie\/ophthalmology\/mudr-katarina-lackovicova\/#primaryimage\",\"url\":\"https:\/\/www.helpery.sk\/wp-content\/uploads\/2026\/03\/Dr.Lackovicova-foto.jpg\",\"contentUrl\":\"https:\/\/www.helpery.sk\/wp-content\/uploads\/2026\/03\/Dr.Lackovicova-foto.jpg\",\"width\":1024,\"height\":1536},{\"@type\":\"BreadcrumbList\",\"@id\":\"https:\/\/www.helpery.sk\/en\/konzultacie\/ophthalmology\/mudr-katarina-lackovicova\/#breadcrumb\",\"itemListElement\":[{\"@type\":\"ListItem\",\"position\":1,\"name\":\"Domovsk\u00e1 str\u00e1nka\",\"item\":\"https:\/\/www.helpery.sk\/en\/\"},{\"@type\":\"ListItem\",\"position\":2,\"name\":\"Consultations\",\"item\":\"https:\/\/www.helpery.sk\/konzultacie\/\"},{\"@type\":\"ListItem\",\"position\":3,\"name\":\"MUDr. Katar\u00edna Lackovi\u010dov\u00e1\"}]},{\"@type\":\"WebSite\",\"@id\":\"https:\/\/www.helpery.sk\/en\/#website\",\"url\":\"https:\/\/www.helpery.sk\/en\/\",\"name\":\"Helpery\",\"description\":\"\",\"potentialAction\":[{\"@type\":\"SearchAction\",\"target\":{\"@type\":\"EntryPoint\",\"urlTemplate\":\"https:\/\/www.helpery.sk\/en\/?s={search_term_string}\"},\"query-input\":{\"@type\":\"PropertyValueSpecification\",\"valueRequired\":true,\"valueName\":\"search_term_string\"}}],\"inLanguage\":\"en-US\"}]}<\/script>\n<!-- \/ Yoast SEO plugin. -->","yoast_head_json":{"title":"MUDr. Katar\u00edna Lackovi\u010dov\u00e1 - Helpery","robots":{"index":"index","follow":"follow","max-snippet":"max-snippet:-1","max-image-preview":"max-image-preview:large","max-video-preview":"max-video-preview:-1"},"canonical":"https:\/\/www.helpery.sk\/en\/konzultacie\/ophthalmology\/mudr-katarina-lackovicova\/","og_locale":"en_US","og_type":"article","og_title":"MUDr. Katar\u00edna Lackovi\u010dov\u00e1 - Helpery","og_description":"(Consultant, Prague, Czech Republic) 7 years of experience  MUDr. Katar\u00edna Lackovi\u010dov\u00e1 is a specialist in the field of ophthalmology with more than 7 years of clinical experience. In his practice, he focuses on complex diagnosis and treatment of eye diseases, including general and pediatric ophthalmology, as well as cataract and refractive procedures. Part of her expertise is also aesthetic ophthalmology, especially blepharoplasty and rejuvenating procedures in the eye area. In his work, he emphasizes an individual approach to the patient, precise diagnosis and the use of the latest medical knowledge in order to achieve optimal functional and aesthetic results.   First consultation: 150 \u0404  Follow up: 130 \u0404","og_url":"https:\/\/www.helpery.sk\/en\/konzultacie\/ophthalmology\/mudr-katarina-lackovicova\/","og_site_name":"Helpery","article_modified_time":"2026-03-25T15:15:45+00:00","og_image":[{"width":1024,"height":1536,"url":"https:\/\/www.helpery.sk\/wp-content\/uploads\/2026\/03\/Dr.Lackovicova-foto.jpg","type":"image\/jpeg"}],"twitter_card":"summary_large_image","twitter_misc":{"Est. reading time":"1 minute"},"schema":{"@context":"https:\/\/schema.org","@graph":[{"@type":"WebPage","@id":"https:\/\/www.helpery.sk\/en\/konzultacie\/ophthalmology\/mudr-katarina-lackovicova\/","url":"https:\/\/www.helpery.sk\/en\/konzultacie\/ophthalmology\/mudr-katarina-lackovicova\/","name":"MUDr. Katar\u00edna Lackovi\u010dov\u00e1 - Helpery","isPartOf":{"@id":"https:\/\/www.helpery.sk\/en\/#website"},"primaryImageOfPage":{"@id":"https:\/\/www.helpery.sk\/en\/konzultacie\/ophthalmology\/mudr-katarina-lackovicova\/#primaryimage"},"image":{"@id":"https:\/\/www.helpery.sk\/en\/konzultacie\/ophthalmology\/mudr-katarina-lackovicova\/#primaryimage"},"thumbnailUrl":"https:\/\/www.helpery.sk\/wp-content\/uploads\/2026\/03\/Dr.Lackovicova-foto.jpg","datePublished":"2026-03-25T15:05:55+00:00","dateModified":"2026-03-25T15:15:45+00:00","breadcrumb":{"@id":"https:\/\/www.helpery.sk\/en\/konzultacie\/ophthalmology\/mudr-katarina-lackovicova\/#breadcrumb"},"inLanguage":"en-US","potentialAction":[{"@type":"ReadAction","target":["https:\/\/www.helpery.sk\/en\/konzultacie\/ophthalmology\/mudr-katarina-lackovicova\/"]}]},{"@type":"ImageObject","inLanguage":"en-US","@id":"https:\/\/www.helpery.sk\/en\/konzultacie\/ophthalmology\/mudr-katarina-lackovicova\/#primaryimage","url":"https:\/\/www.helpery.sk\/wp-content\/uploads\/2026\/03\/Dr.Lackovicova-foto.jpg","contentUrl":"https:\/\/www.helpery.sk\/wp-content\/uploads\/2026\/03\/Dr.Lackovicova-foto.jpg","width":1024,"height":1536},{"@type":"BreadcrumbList","@id":"https:\/\/www.helpery.sk\/en\/konzultacie\/ophthalmology\/mudr-katarina-lackovicova\/#breadcrumb","itemListElement":[{"@type":"ListItem","position":1,"name":"Domovsk\u00e1 str\u00e1nka","item":"https:\/\/www.helpery.sk\/en\/"},{"@type":"ListItem","position":2,"name":"Consultations","item":"https:\/\/www.helpery.sk\/konzultacie\/"},{"@type":"ListItem","position":3,"name":"MUDr. Katar\u00edna Lackovi\u010dov\u00e1"}]},{"@type":"WebSite","@id":"https:\/\/www.helpery.sk\/en\/#website","url":"https:\/\/www.helpery.sk\/en\/","name":"Helpery","description":"","potentialAction":[{"@type":"SearchAction","target":{"@type":"EntryPoint","urlTemplate":"https:\/\/www.helpery.sk\/en\/?s={search_term_string}"},"query-input":{"@type":"PropertyValueSpecification","valueRequired":true,"valueName":"search_term_string"}}],"inLanguage":"en-US"}]}},"_links":{"self":[{"href":"https:\/\/www.helpery.sk\/en\/wp-json\/wp\/v2\/product\/17644","targetHints":{"allow":["GET"]}}],"collection":[{"href":"https:\/\/www.helpery.sk\/en\/wp-json\/wp\/v2\/product"}],"about":[{"href":"https:\/\/www.helpery.sk\/en\/wp-json\/wp\/v2\/types\/product"}],"replies":[{"embeddable":true,"href":"https:\/\/www.helpery.sk\/en\/wp-json\/wp\/v2\/comments?post=17644"}],"version-history":[{"count":1,"href":"https:\/\/www.helpery.sk\/en\/wp-json\/wp\/v2\/product\/17644\/revisions"}],"predecessor-version":[{"id":17645,"href":"https:\/\/www.helpery.sk\/en\/wp-json\/wp\/v2\/product\/17644\/revisions\/17645"}],"wp:featuredmedia":[{"embeddable":true,"href":"https:\/\/www.helpery.sk\/en\/wp-json\/wp\/v2\/media\/17640"}],"wp:attachment":[{"href":"https:\/\/www.helpery.sk\/en\/wp-json\/wp\/v2\/media?parent=17644"}],"wp:term":[{"taxonomy":"product_brand","embeddable":true,"href":"https:\/\/www.helpery.sk\/en\/wp-json\/wp\/v2\/product_brand?post=17644"},{"taxonomy":"product_cat","embeddable":true,"href":"https:\/\/www.helpery.sk\/en\/wp-json\/wp\/v2\/product_cat?post=17644"},{"taxonomy":"product_tag","embeddable":true,"href":"https:\/\/www.helpery.sk\/en\/wp-json\/wp\/v2\/product_tag?post=17644"}],"curies":[{"name":"wp","href":"https:\/\/api.w.org\/{rel}","templated":true}]}}